{"id":995,"date":"2022-05-19T15:35:00","date_gmt":"2022-05-19T13:35:00","guid":{"rendered":"https:\/\/milieuxdumonde.com\/?post_type=product&#038;p=995"},"modified":"2022-07-29T16:47:14","modified_gmt":"2022-07-29T14:47:14","slug":"carte-le-moyen-orient-lieu-de-tensions-et-de-luttes-dinfluence-entre-les-puissances-regionales","status":"publish","type":"product","link":"https:\/\/milieuxdumonde.com\/es\/producto\/carte-le-moyen-orient-lieu-de-tensions-et-de-luttes-dinfluence-entre-les-puissances-regionales\/","title":{"rendered":"Carte Le Moyen-Orient, lieu de tensions et de luttes d&rsquo;influence entre les puissances r\u00e9gionales"},"content":{"rendered":"<p>Le Moyen-Orient est un territoire charni\u00e8re o\u00f9 les puissances r\u00e9gionales s&rsquo;affrontent sur les plans \u00e9conomiques, politiques, voire m\u00eame militaires. Le Golfe Persique est au centre de ces tensions puisqu&rsquo;il contient la plus grande potentialit\u00e9 en termes d&rsquo;hydrocarbure, tout en agissant en tant que fronti\u00e8re naturelle entre les ennemis saoudiens et iraniens.<\/p>","protected":false},"excerpt":{"rendered":"<p>Carte des enjeux au Moyen-Orient<\/p>","protected":false},"featured_media":998,"template":"","meta":[],"product_brand":[],"product_cat":[57,28],"product_tag":[],"class_list":{"0":"post-995","1":"product","2":"type-product","3":"status-publish","4":"has-post-thumbnail","6":"product_cat-asie","7":"product_cat-cartes","8":"product_shipping_class-livraison-gratuite","10":"first","11":"instock","12":"taxable","13":"shipping-taxable","14":"purchasable","15":"product-type-variable"},"yoast_head":"<!-- This site is optimized with the Yoast SEO plugin v27.2 - https:\/\/yoast.com\/product\/yoast-seo-wordpress\/ -->\n<title>Carte Le Moyen-Orient, lieu de tensions et de luttes d&#039;influence entre les puissances r\u00e9gionales - MILIEUX DU MONDE<\/title>\n<meta name=\"robots\" content=\"index, follow, max-snippet:-1, max-image-preview:large, max-video-preview:-1\" \/>\n<link rel=\"canonical\" href=\"https:\/\/milieuxdumonde.com\/es\/producto\/carte-le-moyen-orient-lieu-de-tensions-et-de-luttes-dinfluence-entre-les-puissances-regionales\/\" \/>\n<meta property=\"og:locale\" content=\"es_ES\" \/>\n<meta property=\"og:type\" content=\"article\" \/>\n<meta property=\"og:title\" content=\"Carte Le Moyen-Orient, lieu de tensions et de luttes d&#039;influence entre les puissances r\u00e9gionales - MILIEUX DU MONDE\" \/>\n<meta property=\"og:description\" content=\"Carte des enjeux au Moyen-Orient\" \/>\n<meta property=\"og:url\" content=\"https:\/\/milieuxdumonde.com\/es\/producto\/carte-le-moyen-orient-lieu-de-tensions-et-de-luttes-dinfluence-entre-les-puissances-regionales\/\" \/>\n<meta property=\"og:site_name\" content=\"MILIEUX DU MONDE\" \/>\n<meta property=\"article:modified_time\" content=\"2022-07-29T14:47:14+00:00\" \/>\n<meta property=\"og:image\" content=\"https:\/\/milieuxdumonde.com\/wp-content\/uploads\/2022\/05\/Carte-Golfe-Persique-avec-watermark.png\" \/>\n\t<meta property=\"og:image:width\" content=\"1192\" \/>\n\t<meta property=\"og:image:height\" content=\"843\" \/>\n\t<meta property=\"og:image:type\" content=\"image\/png\" \/>\n<meta name=\"twitter:card\" content=\"summary_large_image\" \/>\n<script type=\"application\/ld+json\" class=\"yoast-schema-graph\">{\"@context\":\"https:\/\/schema.org\",\"@graph\":[{\"@type\":\"WebPage\",\"@id\":\"https:\/\/milieuxdumonde.com\/produit\/carte-le-moyen-orient-lieu-de-tensions-et-de-luttes-dinfluence-entre-les-puissances-regionales\/\",\"url\":\"https:\/\/milieuxdumonde.com\/produit\/carte-le-moyen-orient-lieu-de-tensions-et-de-luttes-dinfluence-entre-les-puissances-regionales\/\",\"name\":\"Carte Le Moyen-Orient, lieu de tensions et de luttes d'influence entre les puissances r\u00e9gionales - MILIEUX DU MONDE\",\"isPartOf\":{\"@id\":\"https:\/\/milieuxdumonde.com\/#website\"},\"primaryImageOfPage\":{\"@id\":\"https:\/\/milieuxdumonde.com\/produit\/carte-le-moyen-orient-lieu-de-tensions-et-de-luttes-dinfluence-entre-les-puissances-regionales\/#primaryimage\"},\"image\":{\"@id\":\"https:\/\/milieuxdumonde.com\/produit\/carte-le-moyen-orient-lieu-de-tensions-et-de-luttes-dinfluence-entre-les-puissances-regionales\/#primaryimage\"},\"thumbnailUrl\":\"https:\/\/milieuxdumonde.com\/wp-content\/uploads\/2022\/05\/Carte-Golfe-Persique-avec-watermark.png\",\"datePublished\":\"2022-05-19T13:35:00+00:00\",\"dateModified\":\"2022-07-29T14:47:14+00:00\",\"breadcrumb\":{\"@id\":\"https:\/\/milieuxdumonde.com\/produit\/carte-le-moyen-orient-lieu-de-tensions-et-de-luttes-dinfluence-entre-les-puissances-regionales\/#breadcrumb\"},\"inLanguage\":\"es\",\"potentialAction\":[{\"@type\":\"ReadAction\",\"target\":[\"https:\/\/milieuxdumonde.com\/produit\/carte-le-moyen-orient-lieu-de-tensions-et-de-luttes-dinfluence-entre-les-puissances-regionales\/\"]}]},{\"@type\":\"ImageObject\",\"inLanguage\":\"es\",\"@id\":\"https:\/\/milieuxdumonde.com\/produit\/carte-le-moyen-orient-lieu-de-tensions-et-de-luttes-dinfluence-entre-les-puissances-regionales\/#primaryimage\",\"url\":\"https:\/\/milieuxdumonde.com\/wp-content\/uploads\/2022\/05\/Carte-Golfe-Persique-avec-watermark.png\",\"contentUrl\":\"https:\/\/milieuxdumonde.com\/wp-content\/uploads\/2022\/05\/Carte-Golfe-Persique-avec-watermark.png\",\"width\":1192,\"height\":843},{\"@type\":\"BreadcrumbList\",\"@id\":\"https:\/\/milieuxdumonde.com\/produit\/carte-le-moyen-orient-lieu-de-tensions-et-de-luttes-dinfluence-entre-les-puissances-regionales\/#breadcrumb\",\"itemListElement\":[{\"@type\":\"ListItem\",\"position\":1,\"name\":\"Accueil\",\"item\":\"https:\/\/milieuxdumonde.com\/\"},{\"@type\":\"ListItem\",\"position\":2,\"name\":\"Shop\",\"item\":\"https:\/\/milieuxdumonde.com\/en\/shop\/\"},{\"@type\":\"ListItem\",\"position\":3,\"name\":\"Carte Le Moyen-Orient, lieu de tensions et de luttes d&rsquo;influence entre les puissances r\u00e9gionales\"}]},{\"@type\":\"WebSite\",\"@id\":\"https:\/\/milieuxdumonde.com\/#website\",\"url\":\"https:\/\/milieuxdumonde.com\/\",\"name\":\"MILIEUX DU MONDE\",\"description\":\"Maison d\u2019\u00e9dition sp\u00e9cialis\u00e9e sur l\u2019Asie et les espaces maritimes\",\"publisher\":{\"@id\":\"https:\/\/milieuxdumonde.com\/#organization\"},\"potentialAction\":[{\"@type\":\"SearchAction\",\"target\":{\"@type\":\"EntryPoint\",\"urlTemplate\":\"https:\/\/milieuxdumonde.com\/?s={search_term_string}\"},\"query-input\":{\"@type\":\"PropertyValueSpecification\",\"valueRequired\":true,\"valueName\":\"search_term_string\"}}],\"inLanguage\":\"es\"},{\"@type\":\"Organization\",\"@id\":\"https:\/\/milieuxdumonde.com\/#organization\",\"name\":\"MILIEUX DU MONDE\",\"url\":\"https:\/\/milieuxdumonde.com\/\",\"logo\":{\"@type\":\"ImageObject\",\"inLanguage\":\"es\",\"@id\":\"https:\/\/milieuxdumonde.com\/#\/schema\/logo\/image\/\",\"url\":\"https:\/\/milieuxdumonde.com\/wp-content\/uploads\/2025\/11\/MM-Editions-recadre-linkedin.jpg\",\"contentUrl\":\"https:\/\/milieuxdumonde.com\/wp-content\/uploads\/2025\/11\/MM-Editions-recadre-linkedin.jpg\",\"width\":1664,\"height\":1664,\"caption\":\"MILIEUX DU MONDE\"},\"image\":{\"@id\":\"https:\/\/milieuxdumonde.com\/#\/schema\/logo\/image\/\"}}]}<\/script>\n<!-- \/ Yoast SEO plugin. -->","yoast_head_json":{"title":"Carte Le Moyen-Orient, lieu de tensions et de luttes d'influence entre les puissances r\u00e9gionales - MILIEUX DU MONDE","robots":{"index":"index","follow":"follow","max-snippet":"max-snippet:-1","max-image-preview":"max-image-preview:large","max-video-preview":"max-video-preview:-1"},"canonical":"https:\/\/milieuxdumonde.com\/es\/producto\/carte-le-moyen-orient-lieu-de-tensions-et-de-luttes-dinfluence-entre-les-puissances-regionales\/","og_locale":"es_ES","og_type":"article","og_title":"Carte Le Moyen-Orient, lieu de tensions et de luttes d'influence entre les puissances r\u00e9gionales - MILIEUX DU MONDE","og_description":"Carte des enjeux au Moyen-Orient","og_url":"https:\/\/milieuxdumonde.com\/es\/producto\/carte-le-moyen-orient-lieu-de-tensions-et-de-luttes-dinfluence-entre-les-puissances-regionales\/","og_site_name":"MILIEUX DU MONDE","article_modified_time":"2022-07-29T14:47:14+00:00","og_image":[{"width":1192,"height":843,"url":"https:\/\/milieuxdumonde.com\/wp-content\/uploads\/2022\/05\/Carte-Golfe-Persique-avec-watermark.png","type":"image\/png"}],"twitter_card":"summary_large_image","schema":{"@context":"https:\/\/schema.org","@graph":[{"@type":"WebPage","@id":"https:\/\/milieuxdumonde.com\/produit\/carte-le-moyen-orient-lieu-de-tensions-et-de-luttes-dinfluence-entre-les-puissances-regionales\/","url":"https:\/\/milieuxdumonde.com\/produit\/carte-le-moyen-orient-lieu-de-tensions-et-de-luttes-dinfluence-entre-les-puissances-regionales\/","name":"Carte Le Moyen-Orient, lieu de tensions et de luttes d'influence entre les puissances r\u00e9gionales - MILIEUX DU MONDE","isPartOf":{"@id":"https:\/\/milieuxdumonde.com\/#website"},"primaryImageOfPage":{"@id":"https:\/\/milieuxdumonde.com\/produit\/carte-le-moyen-orient-lieu-de-tensions-et-de-luttes-dinfluence-entre-les-puissances-regionales\/#primaryimage"},"image":{"@id":"https:\/\/milieuxdumonde.com\/produit\/carte-le-moyen-orient-lieu-de-tensions-et-de-luttes-dinfluence-entre-les-puissances-regionales\/#primaryimage"},"thumbnailUrl":"https:\/\/milieuxdumonde.com\/wp-content\/uploads\/2022\/05\/Carte-Golfe-Persique-avec-watermark.png","datePublished":"2022-05-19T13:35:00+00:00","dateModified":"2022-07-29T14:47:14+00:00","breadcrumb":{"@id":"https:\/\/milieuxdumonde.com\/produit\/carte-le-moyen-orient-lieu-de-tensions-et-de-luttes-dinfluence-entre-les-puissances-regionales\/#breadcrumb"},"inLanguage":"es","potentialAction":[{"@type":"ReadAction","target":["https:\/\/milieuxdumonde.com\/produit\/carte-le-moyen-orient-lieu-de-tensions-et-de-luttes-dinfluence-entre-les-puissances-regionales\/"]}]},{"@type":"ImageObject","inLanguage":"es","@id":"https:\/\/milieuxdumonde.com\/produit\/carte-le-moyen-orient-lieu-de-tensions-et-de-luttes-dinfluence-entre-les-puissances-regionales\/#primaryimage","url":"https:\/\/milieuxdumonde.com\/wp-content\/uploads\/2022\/05\/Carte-Golfe-Persique-avec-watermark.png","contentUrl":"https:\/\/milieuxdumonde.com\/wp-content\/uploads\/2022\/05\/Carte-Golfe-Persique-avec-watermark.png","width":1192,"height":843},{"@type":"BreadcrumbList","@id":"https:\/\/milieuxdumonde.com\/produit\/carte-le-moyen-orient-lieu-de-tensions-et-de-luttes-dinfluence-entre-les-puissances-regionales\/#breadcrumb","itemListElement":[{"@type":"ListItem","position":1,"name":"Accueil","item":"https:\/\/milieuxdumonde.com\/"},{"@type":"ListItem","position":2,"name":"Shop","item":"https:\/\/milieuxdumonde.com\/en\/shop\/"},{"@type":"ListItem","position":3,"name":"Carte Le Moyen-Orient, lieu de tensions et de luttes d&rsquo;influence entre les puissances r\u00e9gionales"}]},{"@type":"WebSite","@id":"https:\/\/milieuxdumonde.com\/#website","url":"https:\/\/milieuxdumonde.com\/","name":"MILIEUX DU MONDE","description":"Maison d\u2019\u00e9dition sp\u00e9cialis\u00e9e sur l\u2019Asie et les espaces maritimes","publisher":{"@id":"https:\/\/milieuxdumonde.com\/#organization"},"potentialAction":[{"@type":"SearchAction","target":{"@type":"EntryPoint","urlTemplate":"https:\/\/milieuxdumonde.com\/?s={search_term_string}"},"query-input":{"@type":"PropertyValueSpecification","valueRequired":true,"valueName":"search_term_string"}}],"inLanguage":"es"},{"@type":"Organization","@id":"https:\/\/milieuxdumonde.com\/#organization","name":"MILIEUX DU MONDE","url":"https:\/\/milieuxdumonde.com\/","logo":{"@type":"ImageObject","inLanguage":"es","@id":"https:\/\/milieuxdumonde.com\/#\/schema\/logo\/image\/","url":"https:\/\/milieuxdumonde.com\/wp-content\/uploads\/2025\/11\/MM-Editions-recadre-linkedin.jpg","contentUrl":"https:\/\/milieuxdumonde.com\/wp-content\/uploads\/2025\/11\/MM-Editions-recadre-linkedin.jpg","width":1664,"height":1664,"caption":"MILIEUX DU MONDE"},"image":{"@id":"https:\/\/milieuxdumonde.com\/#\/schema\/logo\/image\/"}}]}},"_links":{"self":[{"href":"https:\/\/milieuxdumonde.com\/es\/wp-json\/wp\/v2\/product\/995","targetHints":{"allow":["GET"]}}],"collection":[{"href":"https:\/\/milieuxdumonde.com\/es\/wp-json\/wp\/v2\/product"}],"about":[{"href":"https:\/\/milieuxdumonde.com\/es\/wp-json\/wp\/v2\/types\/product"}],"wp:featuredmedia":[{"embeddable":true,"href":"https:\/\/milieuxdumonde.com\/es\/wp-json\/wp\/v2\/media\/998"}],"wp:attachment":[{"href":"https:\/\/milieuxdumonde.com\/es\/wp-json\/wp\/v2\/media?parent=995"}],"wp:term":[{"taxonomy":"product_brand","embeddable":true,"href":"https:\/\/milieuxdumonde.com\/es\/wp-json\/wp\/v2\/product_brand?post=995"},{"taxonomy":"product_cat","embeddable":true,"href":"https:\/\/milieuxdumonde.com\/es\/wp-json\/wp\/v2\/product_cat?post=995"},{"taxonomy":"product_tag","embeddable":true,"href":"https:\/\/milieuxdumonde.com\/es\/wp-json\/wp\/v2\/product_tag?post=995"}],"curies":[{"name":"wp","href":"https:\/\/api.w.org\/{rel}","templated":true}]}}