{"id":947,"date":"2023-07-09T18:55:24","date_gmt":"2023-07-09T16:55:24","guid":{"rendered":"https:\/\/milieuxdumonde.com\/?post_type=product&#038;p=947"},"modified":"2025-12-19T13:51:28","modified_gmt":"2025-12-19T12:51:28","slug":"toulon-au-fil-des-textes","status":"publish","type":"product","link":"https:\/\/milieuxdumonde.com\/es\/producto\/toulon-au-fil-des-textes\/","title":{"rendered":"Toulon au fil des textes"},"content":{"rendered":"<div class=\"page\" title=\"Page 1\">\n<div class=\"section\">\n<div class=\"layoutArea\">\n<div class=\"column\">\n<p>Son port de guerre, la \u00abRoyale\u00bb, les marins, la rade, le Mont-Faron, le cours Lafayette, le stade Mayol, le Rugby club toulonnais&#8230; et c\u2019est Toulon, ville unique en son genre. Ville de contrastes. Ville tout entie\u0300re de\u0301die\u0301e a\u0300 l\u2019Etat, a\u0300 sa marine, royale puis re\u0301publicaine. Mais aussi ville de la poli- tisation pre\u0301coce, de la critique sociale. Ville de charmes aussi ! D\u2019ou\u0300 qu\u2019on la contemple, du haut du Mont-Faron, muraille de la cite\u0301 pleine de \u00abbruits militaires\u00bb, a\u0300 sa vaste rade, du Cap Sicie\u0301 a\u0300 la presqu\u2019i\u0302le de Giens, cette rade souvent loue\u0301e comme \u00abla merveille du monde\u00bb, the\u0301a\u0302tre de tant de combats navals jadis, et depuis toujours \u00abPort Royal\u00bb de la flotte, on ressent l\u2019e\u0301motion d\u2019y voir une destine\u0301e nationale, peu provinciale finalement. Mais Toulon ville de la douceur de vivre aussi, au climat ame\u0300ne, a\u0300 la sociabilite\u0301 e\u0301prouve\u0301e, propice a\u0300 la fla\u0302ne- rie, aux charmes discrets de ses quartiers, sans pre\u0301tention et snobisme, et surmontant son passe\u0301 traumatique, se rehaussant pour devenir de\u0301sormais attractive. Promenade dans cette ville singulie\u0300re en compagnie de Vauban, Schopenhauer, Victor Hugo, Stendhal, Jules Michelet, Pierre Loti, Paul Morand, Le\u0301on Ve\u0301rane, Django Reinhardt, Georges Bernanos, Gilbert Be\u0301caud, et bien d\u2019autres.<\/p>\n<div class=\"page\" title=\"Page 1\">\n<div class=\"layoutArea\">\n<div class=\"column\">\n<p><strong>L\u2019 auteur :<br \/>\n<\/strong><em>Pre\u0301fet honoraire, ancien commissaire de la Marine, <strong>Marc Bayle<\/strong> est diplo\u0302me\u0301 de Science-Po Paris, docteur en droit public et docteur e\u0300s lettres et sciences humaines. Il a e\u0301te\u0301 conseiller ge\u0301ne\u0301ral de Toulon de 1994 a\u0300 2001.<\/em><\/p>\n<\/div>\n<\/div>\n<\/div>\n<\/div>\n<\/div>\n<\/div>\n<\/div>","protected":false},"excerpt":{"rendered":"<p>Broch\u00e9 11 x 18 cm<\/p>\n<p>264 pages N&amp;B (imprim\u00e9 en France)<\/p>\n<p>ISBN 978-2-9569838-4-2<\/p>","protected":false},"featured_media":1069,"template":"","meta":[],"product_brand":[],"product_cat":[40],"product_tag":[],"class_list":{"0":"post-947","1":"product","2":"type-product","3":"status-publish","4":"has-post-thumbnail","6":"product_cat-livres","7":"product_shipping_class-lettre-verte","9":"first","10":"instock","11":"taxable","12":"shipping-taxable","13":"purchasable","14":"product-type-variable"},"yoast_head":"<!-- This site is optimized with the Yoast SEO plugin v27.2 - https:\/\/yoast.com\/product\/yoast-seo-wordpress\/ -->\n<title>Toulon au fil des textes - MILIEUX DU MONDE<\/title>\n<meta name=\"robots\" content=\"index, follow, max-snippet:-1, max-image-preview:large, max-video-preview:-1\" \/>\n<link rel=\"canonical\" href=\"https:\/\/milieuxdumonde.com\/es\/product\/toulon-au-fil-des-textes\/\" \/>\n<meta property=\"og:locale\" content=\"es_ES\" \/>\n<meta property=\"og:type\" content=\"article\" \/>\n<meta property=\"og:title\" content=\"Toulon au fil des textes - MILIEUX DU MONDE\" \/>\n<meta property=\"og:description\" content=\"Broch\u00e9 11 x 18 cm  264 pages N&amp;B (imprim\u00e9 en France)  ISBN 978-2-9569838-4-2\" \/>\n<meta property=\"og:url\" content=\"https:\/\/milieuxdumonde.com\/es\/product\/toulon-au-fil-des-textes\/\" \/>\n<meta property=\"og:site_name\" content=\"MILIEUX DU MONDE\" \/>\n<meta property=\"article:modified_time\" content=\"2025-12-19T12:51:28+00:00\" \/>\n<meta property=\"og:image\" content=\"https:\/\/milieuxdumonde.com\/wp-content\/uploads\/2022\/05\/couverture-toulonaufildestextes-prix-bravo-zulu.jpg\" \/>\n\t<meta property=\"og:image:width\" content=\"1418\" \/>\n\t<meta property=\"og:image:height\" content=\"2239\" \/>\n\t<meta property=\"og:image:type\" content=\"image\/jpeg\" \/>\n<meta name=\"twitter:card\" content=\"summary_large_image\" \/>\n<meta name=\"twitter:label1\" content=\"Tiempo de lectura\" \/>\n\t<meta name=\"twitter:data1\" content=\"1 minuto\" \/>\n<script type=\"application\/ld+json\" class=\"yoast-schema-graph\">{\"@context\":\"https:\/\/schema.org\",\"@graph\":[{\"@type\":\"WebPage\",\"@id\":\"https:\/\/milieuxdumonde.com\/en\/product\/toulon-au-fil-des-textes\/\",\"url\":\"https:\/\/milieuxdumonde.com\/en\/product\/toulon-au-fil-des-textes\/\",\"name\":\"Toulon au fil des textes - MILIEUX DU MONDE\",\"isPartOf\":{\"@id\":\"https:\/\/milieuxdumonde.com\/#website\"},\"primaryImageOfPage\":{\"@id\":\"https:\/\/milieuxdumonde.com\/en\/product\/toulon-au-fil-des-textes\/#primaryimage\"},\"image\":{\"@id\":\"https:\/\/milieuxdumonde.com\/en\/product\/toulon-au-fil-des-textes\/#primaryimage\"},\"thumbnailUrl\":\"https:\/\/milieuxdumonde.com\/wp-content\/uploads\/2022\/05\/couverture-toulonaufildestextes-prix-bravo-zulu.jpg\",\"datePublished\":\"2023-07-09T16:55:24+00:00\",\"dateModified\":\"2025-12-19T12:51:28+00:00\",\"breadcrumb\":{\"@id\":\"https:\/\/milieuxdumonde.com\/en\/product\/toulon-au-fil-des-textes\/#breadcrumb\"},\"inLanguage\":\"es\",\"potentialAction\":[{\"@type\":\"ReadAction\",\"target\":[\"https:\/\/milieuxdumonde.com\/en\/product\/toulon-au-fil-des-textes\/\"]}]},{\"@type\":\"ImageObject\",\"inLanguage\":\"es\",\"@id\":\"https:\/\/milieuxdumonde.com\/en\/product\/toulon-au-fil-des-textes\/#primaryimage\",\"url\":\"https:\/\/milieuxdumonde.com\/wp-content\/uploads\/2022\/05\/couverture-toulonaufildestextes-prix-bravo-zulu.jpg\",\"contentUrl\":\"https:\/\/milieuxdumonde.com\/wp-content\/uploads\/2022\/05\/couverture-toulonaufildestextes-prix-bravo-zulu.jpg\",\"width\":1418,\"height\":2239},{\"@type\":\"BreadcrumbList\",\"@id\":\"https:\/\/milieuxdumonde.com\/en\/product\/toulon-au-fil-des-textes\/#breadcrumb\",\"itemListElement\":[{\"@type\":\"ListItem\",\"position\":1,\"name\":\"Accueil\",\"item\":\"https:\/\/milieuxdumonde.com\/\"},{\"@type\":\"ListItem\",\"position\":2,\"name\":\"Shop\",\"item\":\"https:\/\/milieuxdumonde.com\/en\/shop\/\"},{\"@type\":\"ListItem\",\"position\":3,\"name\":\"Toulon au fil des textes\"}]},{\"@type\":\"WebSite\",\"@id\":\"https:\/\/milieuxdumonde.com\/#website\",\"url\":\"https:\/\/milieuxdumonde.com\/\",\"name\":\"MILIEUX DU MONDE\",\"description\":\"Maison d\u2019\u00e9dition sp\u00e9cialis\u00e9e sur l\u2019Asie et les espaces maritimes\",\"publisher\":{\"@id\":\"https:\/\/milieuxdumonde.com\/#organization\"},\"potentialAction\":[{\"@type\":\"SearchAction\",\"target\":{\"@type\":\"EntryPoint\",\"urlTemplate\":\"https:\/\/milieuxdumonde.com\/?s={search_term_string}\"},\"query-input\":{\"@type\":\"PropertyValueSpecification\",\"valueRequired\":true,\"valueName\":\"search_term_string\"}}],\"inLanguage\":\"es\"},{\"@type\":\"Organization\",\"@id\":\"https:\/\/milieuxdumonde.com\/#organization\",\"name\":\"MILIEUX DU MONDE\",\"url\":\"https:\/\/milieuxdumonde.com\/\",\"logo\":{\"@type\":\"ImageObject\",\"inLanguage\":\"es\",\"@id\":\"https:\/\/milieuxdumonde.com\/#\/schema\/logo\/image\/\",\"url\":\"https:\/\/milieuxdumonde.com\/wp-content\/uploads\/2025\/11\/MM-Editions-recadre-linkedin.jpg\",\"contentUrl\":\"https:\/\/milieuxdumonde.com\/wp-content\/uploads\/2025\/11\/MM-Editions-recadre-linkedin.jpg\",\"width\":1664,\"height\":1664,\"caption\":\"MILIEUX DU MONDE\"},\"image\":{\"@id\":\"https:\/\/milieuxdumonde.com\/#\/schema\/logo\/image\/\"}}]}<\/script>\n<!-- \/ Yoast SEO plugin. -->","yoast_head_json":{"title":"Toulon au fil des textes - MILIEUX DU MONDE","robots":{"index":"index","follow":"follow","max-snippet":"max-snippet:-1","max-image-preview":"max-image-preview:large","max-video-preview":"max-video-preview:-1"},"canonical":"https:\/\/milieuxdumonde.com\/es\/product\/toulon-au-fil-des-textes\/","og_locale":"es_ES","og_type":"article","og_title":"Toulon au fil des textes - MILIEUX DU MONDE","og_description":"Broch\u00e9 11 x 18 cm  264 pages N&amp;B (imprim\u00e9 en France)  ISBN 978-2-9569838-4-2","og_url":"https:\/\/milieuxdumonde.com\/es\/product\/toulon-au-fil-des-textes\/","og_site_name":"MILIEUX DU MONDE","article_modified_time":"2025-12-19T12:51:28+00:00","og_image":[{"width":1418,"height":2239,"url":"https:\/\/milieuxdumonde.com\/wp-content\/uploads\/2022\/05\/couverture-toulonaufildestextes-prix-bravo-zulu.jpg","type":"image\/jpeg"}],"twitter_card":"summary_large_image","twitter_misc":{"Tiempo de lectura":"1 minuto"},"schema":{"@context":"https:\/\/schema.org","@graph":[{"@type":"WebPage","@id":"https:\/\/milieuxdumonde.com\/en\/product\/toulon-au-fil-des-textes\/","url":"https:\/\/milieuxdumonde.com\/en\/product\/toulon-au-fil-des-textes\/","name":"Toulon au fil des textes - MILIEUX DU MONDE","isPartOf":{"@id":"https:\/\/milieuxdumonde.com\/#website"},"primaryImageOfPage":{"@id":"https:\/\/milieuxdumonde.com\/en\/product\/toulon-au-fil-des-textes\/#primaryimage"},"image":{"@id":"https:\/\/milieuxdumonde.com\/en\/product\/toulon-au-fil-des-textes\/#primaryimage"},"thumbnailUrl":"https:\/\/milieuxdumonde.com\/wp-content\/uploads\/2022\/05\/couverture-toulonaufildestextes-prix-bravo-zulu.jpg","datePublished":"2023-07-09T16:55:24+00:00","dateModified":"2025-12-19T12:51:28+00:00","breadcrumb":{"@id":"https:\/\/milieuxdumonde.com\/en\/product\/toulon-au-fil-des-textes\/#breadcrumb"},"inLanguage":"es","potentialAction":[{"@type":"ReadAction","target":["https:\/\/milieuxdumonde.com\/en\/product\/toulon-au-fil-des-textes\/"]}]},{"@type":"ImageObject","inLanguage":"es","@id":"https:\/\/milieuxdumonde.com\/en\/product\/toulon-au-fil-des-textes\/#primaryimage","url":"https:\/\/milieuxdumonde.com\/wp-content\/uploads\/2022\/05\/couverture-toulonaufildestextes-prix-bravo-zulu.jpg","contentUrl":"https:\/\/milieuxdumonde.com\/wp-content\/uploads\/2022\/05\/couverture-toulonaufildestextes-prix-bravo-zulu.jpg","width":1418,"height":2239},{"@type":"BreadcrumbList","@id":"https:\/\/milieuxdumonde.com\/en\/product\/toulon-au-fil-des-textes\/#breadcrumb","itemListElement":[{"@type":"ListItem","position":1,"name":"Accueil","item":"https:\/\/milieuxdumonde.com\/"},{"@type":"ListItem","position":2,"name":"Shop","item":"https:\/\/milieuxdumonde.com\/en\/shop\/"},{"@type":"ListItem","position":3,"name":"Toulon au fil des textes"}]},{"@type":"WebSite","@id":"https:\/\/milieuxdumonde.com\/#website","url":"https:\/\/milieuxdumonde.com\/","name":"MILIEUX DU MONDE","description":"Maison d\u2019\u00e9dition sp\u00e9cialis\u00e9e sur l\u2019Asie et les espaces maritimes","publisher":{"@id":"https:\/\/milieuxdumonde.com\/#organization"},"potentialAction":[{"@type":"SearchAction","target":{"@type":"EntryPoint","urlTemplate":"https:\/\/milieuxdumonde.com\/?s={search_term_string}"},"query-input":{"@type":"PropertyValueSpecification","valueRequired":true,"valueName":"search_term_string"}}],"inLanguage":"es"},{"@type":"Organization","@id":"https:\/\/milieuxdumonde.com\/#organization","name":"MILIEUX DU MONDE","url":"https:\/\/milieuxdumonde.com\/","logo":{"@type":"ImageObject","inLanguage":"es","@id":"https:\/\/milieuxdumonde.com\/#\/schema\/logo\/image\/","url":"https:\/\/milieuxdumonde.com\/wp-content\/uploads\/2025\/11\/MM-Editions-recadre-linkedin.jpg","contentUrl":"https:\/\/milieuxdumonde.com\/wp-content\/uploads\/2025\/11\/MM-Editions-recadre-linkedin.jpg","width":1664,"height":1664,"caption":"MILIEUX DU MONDE"},"image":{"@id":"https:\/\/milieuxdumonde.com\/#\/schema\/logo\/image\/"}}]}},"_links":{"self":[{"href":"https:\/\/milieuxdumonde.com\/es\/wp-json\/wp\/v2\/product\/947","targetHints":{"allow":["GET"]}}],"collection":[{"href":"https:\/\/milieuxdumonde.com\/es\/wp-json\/wp\/v2\/product"}],"about":[{"href":"https:\/\/milieuxdumonde.com\/es\/wp-json\/wp\/v2\/types\/product"}],"wp:featuredmedia":[{"embeddable":true,"href":"https:\/\/milieuxdumonde.com\/es\/wp-json\/wp\/v2\/media\/1069"}],"wp:attachment":[{"href":"https:\/\/milieuxdumonde.com\/es\/wp-json\/wp\/v2\/media?parent=947"}],"wp:term":[{"taxonomy":"product_brand","embeddable":true,"href":"https:\/\/milieuxdumonde.com\/es\/wp-json\/wp\/v2\/product_brand?post=947"},{"taxonomy":"product_cat","embeddable":true,"href":"https:\/\/milieuxdumonde.com\/es\/wp-json\/wp\/v2\/product_cat?post=947"},{"taxonomy":"product_tag","embeddable":true,"href":"https:\/\/milieuxdumonde.com\/es\/wp-json\/wp\/v2\/product_tag?post=947"}],"curies":[{"name":"wp","href":"https:\/\/api.w.org\/{rel}","templated":true}]}}