{"id":942,"date":"2022-05-03T14:41:43","date_gmt":"2022-05-03T12:41:43","guid":{"rendered":"https:\/\/milieuxdumonde.com\/?post_type=product&#038;p=942"},"modified":"2022-07-29T16:48:47","modified_gmt":"2022-07-29T14:48:47","slug":"carte-la-mediterranee-orientale-entre-conflictualites-et-potentialites","status":"publish","type":"product","link":"https:\/\/milieuxdumonde.com\/es\/producto\/carte-la-mediterranee-orientale-entre-conflictualites-et-potentialites\/","title":{"rendered":"Carte La M\u00e9diterran\u00e9e orientale, entre conflictualit\u00e9s et potentialit\u00e9s"},"content":{"rendered":"<p>A la recherche de nouveaux champs gaziers, la Turquie a envoy\u00e9 un navire sillonner les eaux m\u00e9diterran\u00e9ennes, parfois hors des fronti\u00e8res maritimes turques, au risque de causer des tensions avec la communaut\u00e9 internationale. L&rsquo;\u00eele de Kastellorizo cristallise les tensions car cet \u00eelot grec de 9 m\u00b2 prive la Turquie d&rsquo;une plus grande Zone Economique Exclusive, et de ses potentialit\u00e9s \u00e9conomiques. Ces enjeux croisent les tensions pr\u00e9existantes autour des gazoducs, de la crise migratoire ou d&rsquo;autre conflits au Proche-Orient.<\/p>","protected":false},"excerpt":{"rendered":"<p>Carte repr\u00e9sentant la situation g\u00e9opolitique et \u00e9conomique en M\u00e9diterran\u00e9e Orientale.<\/p>","protected":false},"featured_media":944,"template":"","meta":[],"product_brand":[],"product_cat":[57,28,60],"product_tag":[],"class_list":{"0":"post-942","1":"product","2":"type-product","3":"status-publish","4":"has-post-thumbnail","6":"product_cat-asie","7":"product_cat-cartes","8":"product_cat-europe","9":"product_shipping_class-livraison-gratuite","11":"first","12":"instock","13":"taxable","14":"shipping-taxable","15":"purchasable","16":"product-type-variable"},"yoast_head":"<!-- This site is optimized with the Yoast SEO plugin v27.2 - https:\/\/yoast.com\/product\/yoast-seo-wordpress\/ -->\n<title>Carte La M\u00e9diterran\u00e9e orientale, entre conflictualit\u00e9s et potentialit\u00e9s - MILIEUX DU MONDE<\/title>\n<meta name=\"robots\" content=\"index, follow, max-snippet:-1, max-image-preview:large, max-video-preview:-1\" \/>\n<link rel=\"canonical\" href=\"https:\/\/milieuxdumonde.com\/es\/producto\/carte-la-mediterranee-orientale-entre-conflictualites-et-potentialites\/\" \/>\n<meta property=\"og:locale\" content=\"es_ES\" \/>\n<meta property=\"og:type\" content=\"article\" \/>\n<meta property=\"og:title\" content=\"Carte La M\u00e9diterran\u00e9e orientale, entre conflictualit\u00e9s et potentialit\u00e9s - MILIEUX DU MONDE\" \/>\n<meta property=\"og:description\" content=\"Carte repr\u00e9sentant la situation g\u00e9opolitique et \u00e9conomique en M\u00e9diterran\u00e9e Orientale.\" \/>\n<meta property=\"og:url\" content=\"https:\/\/milieuxdumonde.com\/es\/producto\/carte-la-mediterranee-orientale-entre-conflictualites-et-potentialites\/\" \/>\n<meta property=\"og:site_name\" content=\"MILIEUX DU MONDE\" \/>\n<meta property=\"article:modified_time\" content=\"2022-07-29T14:48:47+00:00\" \/>\n<meta property=\"og:image\" content=\"https:\/\/milieuxdumonde.com\/wp-content\/uploads\/2022\/05\/Carte-MEDOR-finale-watermark.png\" \/>\n\t<meta property=\"og:image:width\" content=\"1192\" \/>\n\t<meta property=\"og:image:height\" content=\"843\" \/>\n\t<meta property=\"og:image:type\" content=\"image\/png\" \/>\n<meta name=\"twitter:card\" content=\"summary_large_image\" \/>\n<script type=\"application\/ld+json\" class=\"yoast-schema-graph\">{\"@context\":\"https:\/\/schema.org\",\"@graph\":[{\"@type\":\"WebPage\",\"@id\":\"https:\/\/milieuxdumonde.com\/produit\/carte-la-mediterranee-orientale-entre-conflictualites-et-potentialites\/\",\"url\":\"https:\/\/milieuxdumonde.com\/produit\/carte-la-mediterranee-orientale-entre-conflictualites-et-potentialites\/\",\"name\":\"Carte La M\u00e9diterran\u00e9e orientale, entre conflictualit\u00e9s et potentialit\u00e9s - MILIEUX DU MONDE\",\"isPartOf\":{\"@id\":\"https:\/\/milieuxdumonde.com\/#website\"},\"primaryImageOfPage\":{\"@id\":\"https:\/\/milieuxdumonde.com\/produit\/carte-la-mediterranee-orientale-entre-conflictualites-et-potentialites\/#primaryimage\"},\"image\":{\"@id\":\"https:\/\/milieuxdumonde.com\/produit\/carte-la-mediterranee-orientale-entre-conflictualites-et-potentialites\/#primaryimage\"},\"thumbnailUrl\":\"https:\/\/milieuxdumonde.com\/wp-content\/uploads\/2022\/05\/Carte-MEDOR-finale-watermark.png\",\"datePublished\":\"2022-05-03T12:41:43+00:00\",\"dateModified\":\"2022-07-29T14:48:47+00:00\",\"breadcrumb\":{\"@id\":\"https:\/\/milieuxdumonde.com\/produit\/carte-la-mediterranee-orientale-entre-conflictualites-et-potentialites\/#breadcrumb\"},\"inLanguage\":\"es\",\"potentialAction\":[{\"@type\":\"ReadAction\",\"target\":[\"https:\/\/milieuxdumonde.com\/produit\/carte-la-mediterranee-orientale-entre-conflictualites-et-potentialites\/\"]}]},{\"@type\":\"ImageObject\",\"inLanguage\":\"es\",\"@id\":\"https:\/\/milieuxdumonde.com\/produit\/carte-la-mediterranee-orientale-entre-conflictualites-et-potentialites\/#primaryimage\",\"url\":\"https:\/\/milieuxdumonde.com\/wp-content\/uploads\/2022\/05\/Carte-MEDOR-finale-watermark.png\",\"contentUrl\":\"https:\/\/milieuxdumonde.com\/wp-content\/uploads\/2022\/05\/Carte-MEDOR-finale-watermark.png\",\"width\":1192,\"height\":843},{\"@type\":\"BreadcrumbList\",\"@id\":\"https:\/\/milieuxdumonde.com\/produit\/carte-la-mediterranee-orientale-entre-conflictualites-et-potentialites\/#breadcrumb\",\"itemListElement\":[{\"@type\":\"ListItem\",\"position\":1,\"name\":\"Accueil\",\"item\":\"https:\/\/milieuxdumonde.com\/\"},{\"@type\":\"ListItem\",\"position\":2,\"name\":\"Shop\",\"item\":\"https:\/\/milieuxdumonde.com\/en\/shop\/\"},{\"@type\":\"ListItem\",\"position\":3,\"name\":\"Carte La M\u00e9diterran\u00e9e orientale, entre conflictualit\u00e9s et potentialit\u00e9s\"}]},{\"@type\":\"WebSite\",\"@id\":\"https:\/\/milieuxdumonde.com\/#website\",\"url\":\"https:\/\/milieuxdumonde.com\/\",\"name\":\"MILIEUX DU MONDE\",\"description\":\"Maison d\u2019\u00e9dition sp\u00e9cialis\u00e9e sur l\u2019Asie et les espaces maritimes\",\"publisher\":{\"@id\":\"https:\/\/milieuxdumonde.com\/#organization\"},\"potentialAction\":[{\"@type\":\"SearchAction\",\"target\":{\"@type\":\"EntryPoint\",\"urlTemplate\":\"https:\/\/milieuxdumonde.com\/?s={search_term_string}\"},\"query-input\":{\"@type\":\"PropertyValueSpecification\",\"valueRequired\":true,\"valueName\":\"search_term_string\"}}],\"inLanguage\":\"es\"},{\"@type\":\"Organization\",\"@id\":\"https:\/\/milieuxdumonde.com\/#organization\",\"name\":\"MILIEUX DU MONDE\",\"url\":\"https:\/\/milieuxdumonde.com\/\",\"logo\":{\"@type\":\"ImageObject\",\"inLanguage\":\"es\",\"@id\":\"https:\/\/milieuxdumonde.com\/#\/schema\/logo\/image\/\",\"url\":\"https:\/\/milieuxdumonde.com\/wp-content\/uploads\/2025\/11\/MM-Editions-recadre-linkedin.jpg\",\"contentUrl\":\"https:\/\/milieuxdumonde.com\/wp-content\/uploads\/2025\/11\/MM-Editions-recadre-linkedin.jpg\",\"width\":1664,\"height\":1664,\"caption\":\"MILIEUX DU MONDE\"},\"image\":{\"@id\":\"https:\/\/milieuxdumonde.com\/#\/schema\/logo\/image\/\"}}]}<\/script>\n<!-- \/ Yoast SEO plugin. -->","yoast_head_json":{"title":"Carte La M\u00e9diterran\u00e9e orientale, entre conflictualit\u00e9s et potentialit\u00e9s - MILIEUX DU MONDE","robots":{"index":"index","follow":"follow","max-snippet":"max-snippet:-1","max-image-preview":"max-image-preview:large","max-video-preview":"max-video-preview:-1"},"canonical":"https:\/\/milieuxdumonde.com\/es\/producto\/carte-la-mediterranee-orientale-entre-conflictualites-et-potentialites\/","og_locale":"es_ES","og_type":"article","og_title":"Carte La M\u00e9diterran\u00e9e orientale, entre conflictualit\u00e9s et potentialit\u00e9s - MILIEUX DU MONDE","og_description":"Carte repr\u00e9sentant la situation g\u00e9opolitique et \u00e9conomique en M\u00e9diterran\u00e9e Orientale.","og_url":"https:\/\/milieuxdumonde.com\/es\/producto\/carte-la-mediterranee-orientale-entre-conflictualites-et-potentialites\/","og_site_name":"MILIEUX DU MONDE","article_modified_time":"2022-07-29T14:48:47+00:00","og_image":[{"width":1192,"height":843,"url":"https:\/\/milieuxdumonde.com\/wp-content\/uploads\/2022\/05\/Carte-MEDOR-finale-watermark.png","type":"image\/png"}],"twitter_card":"summary_large_image","schema":{"@context":"https:\/\/schema.org","@graph":[{"@type":"WebPage","@id":"https:\/\/milieuxdumonde.com\/produit\/carte-la-mediterranee-orientale-entre-conflictualites-et-potentialites\/","url":"https:\/\/milieuxdumonde.com\/produit\/carte-la-mediterranee-orientale-entre-conflictualites-et-potentialites\/","name":"Carte La M\u00e9diterran\u00e9e orientale, entre conflictualit\u00e9s et potentialit\u00e9s - MILIEUX DU MONDE","isPartOf":{"@id":"https:\/\/milieuxdumonde.com\/#website"},"primaryImageOfPage":{"@id":"https:\/\/milieuxdumonde.com\/produit\/carte-la-mediterranee-orientale-entre-conflictualites-et-potentialites\/#primaryimage"},"image":{"@id":"https:\/\/milieuxdumonde.com\/produit\/carte-la-mediterranee-orientale-entre-conflictualites-et-potentialites\/#primaryimage"},"thumbnailUrl":"https:\/\/milieuxdumonde.com\/wp-content\/uploads\/2022\/05\/Carte-MEDOR-finale-watermark.png","datePublished":"2022-05-03T12:41:43+00:00","dateModified":"2022-07-29T14:48:47+00:00","breadcrumb":{"@id":"https:\/\/milieuxdumonde.com\/produit\/carte-la-mediterranee-orientale-entre-conflictualites-et-potentialites\/#breadcrumb"},"inLanguage":"es","potentialAction":[{"@type":"ReadAction","target":["https:\/\/milieuxdumonde.com\/produit\/carte-la-mediterranee-orientale-entre-conflictualites-et-potentialites\/"]}]},{"@type":"ImageObject","inLanguage":"es","@id":"https:\/\/milieuxdumonde.com\/produit\/carte-la-mediterranee-orientale-entre-conflictualites-et-potentialites\/#primaryimage","url":"https:\/\/milieuxdumonde.com\/wp-content\/uploads\/2022\/05\/Carte-MEDOR-finale-watermark.png","contentUrl":"https:\/\/milieuxdumonde.com\/wp-content\/uploads\/2022\/05\/Carte-MEDOR-finale-watermark.png","width":1192,"height":843},{"@type":"BreadcrumbList","@id":"https:\/\/milieuxdumonde.com\/produit\/carte-la-mediterranee-orientale-entre-conflictualites-et-potentialites\/#breadcrumb","itemListElement":[{"@type":"ListItem","position":1,"name":"Accueil","item":"https:\/\/milieuxdumonde.com\/"},{"@type":"ListItem","position":2,"name":"Shop","item":"https:\/\/milieuxdumonde.com\/en\/shop\/"},{"@type":"ListItem","position":3,"name":"Carte La M\u00e9diterran\u00e9e orientale, entre conflictualit\u00e9s et potentialit\u00e9s"}]},{"@type":"WebSite","@id":"https:\/\/milieuxdumonde.com\/#website","url":"https:\/\/milieuxdumonde.com\/","name":"MILIEUX DU MONDE","description":"Maison d\u2019\u00e9dition sp\u00e9cialis\u00e9e sur l\u2019Asie et les espaces maritimes","publisher":{"@id":"https:\/\/milieuxdumonde.com\/#organization"},"potentialAction":[{"@type":"SearchAction","target":{"@type":"EntryPoint","urlTemplate":"https:\/\/milieuxdumonde.com\/?s={search_term_string}"},"query-input":{"@type":"PropertyValueSpecification","valueRequired":true,"valueName":"search_term_string"}}],"inLanguage":"es"},{"@type":"Organization","@id":"https:\/\/milieuxdumonde.com\/#organization","name":"MILIEUX DU MONDE","url":"https:\/\/milieuxdumonde.com\/","logo":{"@type":"ImageObject","inLanguage":"es","@id":"https:\/\/milieuxdumonde.com\/#\/schema\/logo\/image\/","url":"https:\/\/milieuxdumonde.com\/wp-content\/uploads\/2025\/11\/MM-Editions-recadre-linkedin.jpg","contentUrl":"https:\/\/milieuxdumonde.com\/wp-content\/uploads\/2025\/11\/MM-Editions-recadre-linkedin.jpg","width":1664,"height":1664,"caption":"MILIEUX DU MONDE"},"image":{"@id":"https:\/\/milieuxdumonde.com\/#\/schema\/logo\/image\/"}}]}},"_links":{"self":[{"href":"https:\/\/milieuxdumonde.com\/es\/wp-json\/wp\/v2\/product\/942","targetHints":{"allow":["GET"]}}],"collection":[{"href":"https:\/\/milieuxdumonde.com\/es\/wp-json\/wp\/v2\/product"}],"about":[{"href":"https:\/\/milieuxdumonde.com\/es\/wp-json\/wp\/v2\/types\/product"}],"wp:featuredmedia":[{"embeddable":true,"href":"https:\/\/milieuxdumonde.com\/es\/wp-json\/wp\/v2\/media\/944"}],"wp:attachment":[{"href":"https:\/\/milieuxdumonde.com\/es\/wp-json\/wp\/v2\/media?parent=942"}],"wp:term":[{"taxonomy":"product_brand","embeddable":true,"href":"https:\/\/milieuxdumonde.com\/es\/wp-json\/wp\/v2\/product_brand?post=942"},{"taxonomy":"product_cat","embeddable":true,"href":"https:\/\/milieuxdumonde.com\/es\/wp-json\/wp\/v2\/product_cat?post=942"},{"taxonomy":"product_tag","embeddable":true,"href":"https:\/\/milieuxdumonde.com\/es\/wp-json\/wp\/v2\/product_tag?post=942"}],"curies":[{"name":"wp","href":"https:\/\/api.w.org\/{rel}","templated":true}]}}