{"id":929,"date":"2022-04-12T17:08:35","date_gmt":"2022-04-12T15:08:35","guid":{"rendered":"https:\/\/milieuxdumonde.com\/?post_type=product&#038;p=929"},"modified":"2022-07-29T16:49:33","modified_gmt":"2022-07-29T14:49:33","slug":"carte-chronologie-de-la-formation-de-letat-ukrainien","status":"publish","type":"product","link":"https:\/\/milieuxdumonde.com\/es\/producto\/carte-chronologie-de-la-formation-de-letat-ukrainien\/","title":{"rendered":"Carte Chronologie de la formation de l&rsquo;Etat ukrainien"},"content":{"rendered":"<p>Le conflit russo-ukrainien a soulev\u00e9 de nombreuses questions sur l&rsquo;Ukraine en temps qu&rsquo;Etat ; sa cr\u00e9ation, son pass\u00e9 en temps que R\u00e9publique Sovi\u00e9tique Socialiste, sa formation finale. Ses fronti\u00e8res d&rsquo;avant cette guerre sont le fruit de longues ann\u00e9es et celles-ci sont donc remises en question par l&rsquo;invasion russe.<\/p>","protected":false},"excerpt":{"rendered":"<p>Carte repr\u00e9sentant l&rsquo;histoire de la formation de l&rsquo;Etat ukrainien.<\/p>","protected":false},"featured_media":930,"template":"","meta":[],"product_brand":[],"product_cat":[28,60],"product_tag":[],"class_list":{"0":"post-929","1":"product","2":"type-product","3":"status-publish","4":"has-post-thumbnail","6":"product_cat-cartes","7":"product_cat-europe","8":"product_shipping_class-livraison-gratuite","10":"first","11":"instock","12":"taxable","13":"shipping-taxable","14":"purchasable","15":"product-type-variable"},"yoast_head":"<!-- This site is optimized with the Yoast SEO plugin v27.2 - https:\/\/yoast.com\/product\/yoast-seo-wordpress\/ -->\n<title>Carte Chronologie de la formation de l&#039;Etat ukrainien - MILIEUX DU MONDE<\/title>\n<meta name=\"robots\" content=\"index, follow, max-snippet:-1, max-image-preview:large, max-video-preview:-1\" \/>\n<link rel=\"canonical\" href=\"https:\/\/milieuxdumonde.com\/es\/producto\/carte-chronologie-de-la-formation-de-letat-ukrainien\/\" \/>\n<meta property=\"og:locale\" content=\"es_ES\" \/>\n<meta property=\"og:type\" content=\"article\" \/>\n<meta property=\"og:title\" content=\"Carte Chronologie de la formation de l&#039;Etat ukrainien - MILIEUX DU MONDE\" \/>\n<meta property=\"og:description\" content=\"Carte repr\u00e9sentant l&#039;histoire de la formation de l&#039;Etat ukrainien.\" \/>\n<meta property=\"og:url\" content=\"https:\/\/milieuxdumonde.com\/es\/producto\/carte-chronologie-de-la-formation-de-letat-ukrainien\/\" \/>\n<meta property=\"og:site_name\" content=\"MILIEUX DU MONDE\" \/>\n<meta property=\"article:modified_time\" content=\"2022-07-29T14:49:33+00:00\" \/>\n<meta property=\"og:image\" content=\"https:\/\/milieuxdumonde.com\/wp-content\/uploads\/2022\/04\/Carte_Ukraine_avec_watermark.png\" \/>\n\t<meta property=\"og:image:width\" content=\"1191\" \/>\n\t<meta property=\"og:image:height\" content=\"792\" \/>\n\t<meta property=\"og:image:type\" content=\"image\/png\" \/>\n<meta name=\"twitter:card\" content=\"summary_large_image\" \/>\n<script type=\"application\/ld+json\" class=\"yoast-schema-graph\">{\"@context\":\"https:\/\/schema.org\",\"@graph\":[{\"@type\":\"WebPage\",\"@id\":\"https:\/\/milieuxdumonde.com\/produit\/carte-chronologie-de-la-formation-de-letat-ukrainien\/\",\"url\":\"https:\/\/milieuxdumonde.com\/produit\/carte-chronologie-de-la-formation-de-letat-ukrainien\/\",\"name\":\"Carte Chronologie de la formation de l'Etat ukrainien - MILIEUX DU MONDE\",\"isPartOf\":{\"@id\":\"https:\/\/milieuxdumonde.com\/#website\"},\"primaryImageOfPage\":{\"@id\":\"https:\/\/milieuxdumonde.com\/produit\/carte-chronologie-de-la-formation-de-letat-ukrainien\/#primaryimage\"},\"image\":{\"@id\":\"https:\/\/milieuxdumonde.com\/produit\/carte-chronologie-de-la-formation-de-letat-ukrainien\/#primaryimage\"},\"thumbnailUrl\":\"https:\/\/milieuxdumonde.com\/wp-content\/uploads\/2022\/04\/Carte_Ukraine_avec_watermark.png\",\"datePublished\":\"2022-04-12T15:08:35+00:00\",\"dateModified\":\"2022-07-29T14:49:33+00:00\",\"breadcrumb\":{\"@id\":\"https:\/\/milieuxdumonde.com\/produit\/carte-chronologie-de-la-formation-de-letat-ukrainien\/#breadcrumb\"},\"inLanguage\":\"es\",\"potentialAction\":[{\"@type\":\"ReadAction\",\"target\":[\"https:\/\/milieuxdumonde.com\/produit\/carte-chronologie-de-la-formation-de-letat-ukrainien\/\"]}]},{\"@type\":\"ImageObject\",\"inLanguage\":\"es\",\"@id\":\"https:\/\/milieuxdumonde.com\/produit\/carte-chronologie-de-la-formation-de-letat-ukrainien\/#primaryimage\",\"url\":\"https:\/\/milieuxdumonde.com\/wp-content\/uploads\/2022\/04\/Carte_Ukraine_avec_watermark.png\",\"contentUrl\":\"https:\/\/milieuxdumonde.com\/wp-content\/uploads\/2022\/04\/Carte_Ukraine_avec_watermark.png\",\"width\":1191,\"height\":792},{\"@type\":\"BreadcrumbList\",\"@id\":\"https:\/\/milieuxdumonde.com\/produit\/carte-chronologie-de-la-formation-de-letat-ukrainien\/#breadcrumb\",\"itemListElement\":[{\"@type\":\"ListItem\",\"position\":1,\"name\":\"Accueil\",\"item\":\"https:\/\/milieuxdumonde.com\/\"},{\"@type\":\"ListItem\",\"position\":2,\"name\":\"Shop\",\"item\":\"https:\/\/milieuxdumonde.com\/en\/shop\/\"},{\"@type\":\"ListItem\",\"position\":3,\"name\":\"Carte Chronologie de la formation de l&rsquo;Etat ukrainien\"}]},{\"@type\":\"WebSite\",\"@id\":\"https:\/\/milieuxdumonde.com\/#website\",\"url\":\"https:\/\/milieuxdumonde.com\/\",\"name\":\"MILIEUX DU MONDE\",\"description\":\"Maison d\u2019\u00e9dition sp\u00e9cialis\u00e9e sur l\u2019Asie et les espaces maritimes\",\"publisher\":{\"@id\":\"https:\/\/milieuxdumonde.com\/#organization\"},\"potentialAction\":[{\"@type\":\"SearchAction\",\"target\":{\"@type\":\"EntryPoint\",\"urlTemplate\":\"https:\/\/milieuxdumonde.com\/?s={search_term_string}\"},\"query-input\":{\"@type\":\"PropertyValueSpecification\",\"valueRequired\":true,\"valueName\":\"search_term_string\"}}],\"inLanguage\":\"es\"},{\"@type\":\"Organization\",\"@id\":\"https:\/\/milieuxdumonde.com\/#organization\",\"name\":\"MILIEUX DU MONDE\",\"url\":\"https:\/\/milieuxdumonde.com\/\",\"logo\":{\"@type\":\"ImageObject\",\"inLanguage\":\"es\",\"@id\":\"https:\/\/milieuxdumonde.com\/#\/schema\/logo\/image\/\",\"url\":\"https:\/\/milieuxdumonde.com\/wp-content\/uploads\/2025\/11\/MM-Editions-recadre-linkedin.jpg\",\"contentUrl\":\"https:\/\/milieuxdumonde.com\/wp-content\/uploads\/2025\/11\/MM-Editions-recadre-linkedin.jpg\",\"width\":1664,\"height\":1664,\"caption\":\"MILIEUX DU MONDE\"},\"image\":{\"@id\":\"https:\/\/milieuxdumonde.com\/#\/schema\/logo\/image\/\"}}]}<\/script>\n<!-- \/ Yoast SEO plugin. -->","yoast_head_json":{"title":"Carte Chronologie de la formation de l'Etat ukrainien - MILIEUX DU MONDE","robots":{"index":"index","follow":"follow","max-snippet":"max-snippet:-1","max-image-preview":"max-image-preview:large","max-video-preview":"max-video-preview:-1"},"canonical":"https:\/\/milieuxdumonde.com\/es\/producto\/carte-chronologie-de-la-formation-de-letat-ukrainien\/","og_locale":"es_ES","og_type":"article","og_title":"Carte Chronologie de la formation de l'Etat ukrainien - MILIEUX DU MONDE","og_description":"Carte repr\u00e9sentant l'histoire de la formation de l'Etat ukrainien.","og_url":"https:\/\/milieuxdumonde.com\/es\/producto\/carte-chronologie-de-la-formation-de-letat-ukrainien\/","og_site_name":"MILIEUX DU MONDE","article_modified_time":"2022-07-29T14:49:33+00:00","og_image":[{"width":1191,"height":792,"url":"https:\/\/milieuxdumonde.com\/wp-content\/uploads\/2022\/04\/Carte_Ukraine_avec_watermark.png","type":"image\/png"}],"twitter_card":"summary_large_image","schema":{"@context":"https:\/\/schema.org","@graph":[{"@type":"WebPage","@id":"https:\/\/milieuxdumonde.com\/produit\/carte-chronologie-de-la-formation-de-letat-ukrainien\/","url":"https:\/\/milieuxdumonde.com\/produit\/carte-chronologie-de-la-formation-de-letat-ukrainien\/","name":"Carte Chronologie de la formation de l'Etat ukrainien - MILIEUX DU MONDE","isPartOf":{"@id":"https:\/\/milieuxdumonde.com\/#website"},"primaryImageOfPage":{"@id":"https:\/\/milieuxdumonde.com\/produit\/carte-chronologie-de-la-formation-de-letat-ukrainien\/#primaryimage"},"image":{"@id":"https:\/\/milieuxdumonde.com\/produit\/carte-chronologie-de-la-formation-de-letat-ukrainien\/#primaryimage"},"thumbnailUrl":"https:\/\/milieuxdumonde.com\/wp-content\/uploads\/2022\/04\/Carte_Ukraine_avec_watermark.png","datePublished":"2022-04-12T15:08:35+00:00","dateModified":"2022-07-29T14:49:33+00:00","breadcrumb":{"@id":"https:\/\/milieuxdumonde.com\/produit\/carte-chronologie-de-la-formation-de-letat-ukrainien\/#breadcrumb"},"inLanguage":"es","potentialAction":[{"@type":"ReadAction","target":["https:\/\/milieuxdumonde.com\/produit\/carte-chronologie-de-la-formation-de-letat-ukrainien\/"]}]},{"@type":"ImageObject","inLanguage":"es","@id":"https:\/\/milieuxdumonde.com\/produit\/carte-chronologie-de-la-formation-de-letat-ukrainien\/#primaryimage","url":"https:\/\/milieuxdumonde.com\/wp-content\/uploads\/2022\/04\/Carte_Ukraine_avec_watermark.png","contentUrl":"https:\/\/milieuxdumonde.com\/wp-content\/uploads\/2022\/04\/Carte_Ukraine_avec_watermark.png","width":1191,"height":792},{"@type":"BreadcrumbList","@id":"https:\/\/milieuxdumonde.com\/produit\/carte-chronologie-de-la-formation-de-letat-ukrainien\/#breadcrumb","itemListElement":[{"@type":"ListItem","position":1,"name":"Accueil","item":"https:\/\/milieuxdumonde.com\/"},{"@type":"ListItem","position":2,"name":"Shop","item":"https:\/\/milieuxdumonde.com\/en\/shop\/"},{"@type":"ListItem","position":3,"name":"Carte Chronologie de la formation de l&rsquo;Etat ukrainien"}]},{"@type":"WebSite","@id":"https:\/\/milieuxdumonde.com\/#website","url":"https:\/\/milieuxdumonde.com\/","name":"MILIEUX DU MONDE","description":"Maison d\u2019\u00e9dition sp\u00e9cialis\u00e9e sur l\u2019Asie et les espaces maritimes","publisher":{"@id":"https:\/\/milieuxdumonde.com\/#organization"},"potentialAction":[{"@type":"SearchAction","target":{"@type":"EntryPoint","urlTemplate":"https:\/\/milieuxdumonde.com\/?s={search_term_string}"},"query-input":{"@type":"PropertyValueSpecification","valueRequired":true,"valueName":"search_term_string"}}],"inLanguage":"es"},{"@type":"Organization","@id":"https:\/\/milieuxdumonde.com\/#organization","name":"MILIEUX DU MONDE","url":"https:\/\/milieuxdumonde.com\/","logo":{"@type":"ImageObject","inLanguage":"es","@id":"https:\/\/milieuxdumonde.com\/#\/schema\/logo\/image\/","url":"https:\/\/milieuxdumonde.com\/wp-content\/uploads\/2025\/11\/MM-Editions-recadre-linkedin.jpg","contentUrl":"https:\/\/milieuxdumonde.com\/wp-content\/uploads\/2025\/11\/MM-Editions-recadre-linkedin.jpg","width":1664,"height":1664,"caption":"MILIEUX DU MONDE"},"image":{"@id":"https:\/\/milieuxdumonde.com\/#\/schema\/logo\/image\/"}}]}},"_links":{"self":[{"href":"https:\/\/milieuxdumonde.com\/es\/wp-json\/wp\/v2\/product\/929","targetHints":{"allow":["GET"]}}],"collection":[{"href":"https:\/\/milieuxdumonde.com\/es\/wp-json\/wp\/v2\/product"}],"about":[{"href":"https:\/\/milieuxdumonde.com\/es\/wp-json\/wp\/v2\/types\/product"}],"wp:featuredmedia":[{"embeddable":true,"href":"https:\/\/milieuxdumonde.com\/es\/wp-json\/wp\/v2\/media\/930"}],"wp:attachment":[{"href":"https:\/\/milieuxdumonde.com\/es\/wp-json\/wp\/v2\/media?parent=929"}],"wp:term":[{"taxonomy":"product_brand","embeddable":true,"href":"https:\/\/milieuxdumonde.com\/es\/wp-json\/wp\/v2\/product_brand?post=929"},{"taxonomy":"product_cat","embeddable":true,"href":"https:\/\/milieuxdumonde.com\/es\/wp-json\/wp\/v2\/product_cat?post=929"},{"taxonomy":"product_tag","embeddable":true,"href":"https:\/\/milieuxdumonde.com\/es\/wp-json\/wp\/v2\/product_tag?post=929"}],"curies":[{"name":"wp","href":"https:\/\/api.w.org\/{rel}","templated":true}]}}