{"id":560,"date":"2021-09-01T21:15:10","date_gmt":"2021-09-01T21:15:10","guid":{"rendered":"https:\/\/www.cap.partaj.co\/?post_type=product&#038;p=560"},"modified":"2025-12-09T09:39:57","modified_gmt":"2025-12-09T08:39:57","slug":"vol-au-dessus-d-un-nid-de-covid","status":"publish","type":"product","link":"https:\/\/milieuxdumonde.com\/es\/producto\/vol-au-dessus-d-un-nid-de-covid\/","title":{"rendered":"Vol au-dessus d&rsquo;un nid de Covid"},"content":{"rendered":"<p><strong>\u00c0 propos de l&rsquo;ouvrage<\/strong><\/p>\n<p>Il est rare de vivre de l&rsquo;int\u00e9rieur un \u00e9v\u00e8nement majeur de l&rsquo;histoire de l&rsquo;humanit\u00e9. Il est encore plus rare que le monde en ait instantan\u00e9ment le conscience claire et \u00e9vidente. La crise de la Covid-19 est \u00e0 cet \u00e9gard une occasion unique d&rsquo;ausculter les faits et d&rsquo;en deviner les futures cons\u00e9quences sociales, \u00e9conomiques et politiques.<br \/>\nAu fil de la premi\u00e8re ann\u00e9e de la pand\u00e9mie, Pierre Brousse chemine \u00e0 la recherche d&rsquo;angles et d&rsquo;indices de possibles futures mutations. La grande peste a presque tu\u00e9 le servage en Europe, quels effets aura cette pand\u00e9mie sur notre monde num\u00e9rique menace par la guerre ?<\/p>\n<p><strong>L&rsquo;auteur<\/strong><\/p>\n<p><em><b>Pierre Brousse\u00a0<\/b>est n\u00e9 en 1951, issu d&rsquo;une famille de grands serviteurs de l&rsquo;\u00c9tat. Il choisit en 1975 le service Public en int\u00e9grant le Commissariat de la Marine Nationale et sert comme Haut fonctionnaire au sein de l&rsquo;administration territoriale et centrale. En 1986, il rejoint le comit\u00e9 de direction du groupe Ciments Fran\u00e7ais, dont il dirige les activit\u00e9s en Europe du Sud et en Am\u00e9rique latine ; \u00e0 partir de 1988, il pr\u00e9side le groupe Financiera y Minera c\u00f4t\u00e9 \u00e0 Madrid. En 1991, il fonde la Compagnie Financi\u00e8re dell&rsquo;Aquila qui, apr\u00e8s des investissements en Europe, participa \u00e0 l&rsquo;acquisition du groupe Bonna Sabla et \u00e0 la cr\u00e9ation du groupe Consolis. Il dirige celui-ci pendant 10 ans et en copr\u00e9side le conseil de surveillance depuis 2017. Parall\u00e8lement il a \u00e9t\u00e9 Pr\u00e9sident de l&rsquo;Alliance Fran\u00e7aise d&rsquo;Espagne pendant dix ans et Pr\u00e9sident de f\u00e9d\u00e9rations professionnelles fran\u00e7aises et europ\u00e9ennes (FIB et BIBM). Il est pr\u00e9sident du Fonds de dotation Brousse dell&rsquo;Aquila, dont les activit\u00e9s de m\u00e9c\u00e9nat sont orient\u00e9es vers l&rsquo;Asie et les espaces maritimes.<\/em><\/p>","protected":false},"excerpt":{"rendered":"<p>Chronique d\u2019un monde confin\u00e9 : entre absurdit\u00e9 bureaucratique et po\u00e9sie du quotidien, l\u2019auteur vole au-dessus du chaos sanitaire, avec humour, r\u00e9volte et humanit\u00e9.<\/p>\n<p>Essai paru en ao\u00fbt 2021.<\/p>\n<p>Broch\u00e9<br \/>\n160 pages<\/p>\n<p>ISBN 978-2-9569838-1-1<\/p>","protected":false},"featured_media":711,"template":"","meta":[],"product_brand":[],"product_cat":[40],"product_tag":[],"class_list":{"0":"post-560","1":"product","2":"type-product","3":"status-publish","4":"has-post-thumbnail","6":"product_cat-livres","7":"product_shipping_class-lettre-verte","9":"first","10":"instock","11":"taxable","12":"shipping-taxable","13":"purchasable","14":"product-type-variable"},"yoast_head":"<!-- This site is optimized with the Yoast SEO plugin v27.2 - https:\/\/yoast.com\/product\/yoast-seo-wordpress\/ -->\n<title>Vol au-dessus d&#039;un nid de Covid - MILIEUX DU MONDE<\/title>\n<meta name=\"robots\" content=\"index, follow, max-snippet:-1, max-image-preview:large, max-video-preview:-1\" \/>\n<link rel=\"canonical\" href=\"https:\/\/milieuxdumonde.com\/es\/producto\/vol-au-dessus-d-un-nid-de-covid\/\" \/>\n<meta property=\"og:locale\" content=\"es_ES\" \/>\n<meta property=\"og:type\" content=\"article\" \/>\n<meta property=\"og:title\" content=\"Vol au-dessus d&#039;un nid de Covid - MILIEUX DU MONDE\" \/>\n<meta property=\"og:description\" content=\"Chronique d\u2019un monde confin\u00e9 : entre absurdit\u00e9 bureaucratique et po\u00e9sie du quotidien, l\u2019auteur vole au-dessus du chaos sanitaire, avec humour, r\u00e9volte et humanit\u00e9.  Essai paru en ao\u00fbt 2021.  Broch\u00e9 160 pages  ISBN 978-2-9569838-1-1\" \/>\n<meta property=\"og:url\" content=\"https:\/\/milieuxdumonde.com\/es\/producto\/vol-au-dessus-d-un-nid-de-covid\/\" \/>\n<meta property=\"og:site_name\" content=\"MILIEUX DU MONDE\" \/>\n<meta property=\"article:modified_time\" content=\"2025-12-09T08:39:57+00:00\" \/>\n<meta property=\"og:image\" content=\"https:\/\/milieuxdumonde.com\/wp-content\/uploads\/2021\/09\/VolAuDessusdunNiddeCovid-couverture.jpg\" \/>\n\t<meta property=\"og:image:width\" content=\"1327\" \/>\n\t<meta property=\"og:image:height\" content=\"2126\" \/>\n\t<meta property=\"og:image:type\" content=\"image\/jpeg\" \/>\n<meta name=\"twitter:card\" content=\"summary_large_image\" \/>\n<meta name=\"twitter:label1\" content=\"Tiempo de lectura\" \/>\n\t<meta name=\"twitter:data1\" content=\"1 minuto\" \/>\n<script type=\"application\/ld+json\" class=\"yoast-schema-graph\">{\"@context\":\"https:\/\/schema.org\",\"@graph\":[{\"@type\":\"WebPage\",\"@id\":\"https:\/\/milieuxdumonde.com\/produit\/vol-au-dessus-d-un-nid-de-covid\/\",\"url\":\"https:\/\/milieuxdumonde.com\/produit\/vol-au-dessus-d-un-nid-de-covid\/\",\"name\":\"Vol au-dessus d'un nid de Covid - MILIEUX DU MONDE\",\"isPartOf\":{\"@id\":\"https:\/\/milieuxdumonde.com\/#website\"},\"primaryImageOfPage\":{\"@id\":\"https:\/\/milieuxdumonde.com\/produit\/vol-au-dessus-d-un-nid-de-covid\/#primaryimage\"},\"image\":{\"@id\":\"https:\/\/milieuxdumonde.com\/produit\/vol-au-dessus-d-un-nid-de-covid\/#primaryimage\"},\"thumbnailUrl\":\"https:\/\/milieuxdumonde.com\/wp-content\/uploads\/2021\/09\/VolAuDessusdunNiddeCovid-couverture.jpg\",\"datePublished\":\"2021-09-01T21:15:10+00:00\",\"dateModified\":\"2025-12-09T08:39:57+00:00\",\"breadcrumb\":{\"@id\":\"https:\/\/milieuxdumonde.com\/produit\/vol-au-dessus-d-un-nid-de-covid\/#breadcrumb\"},\"inLanguage\":\"es\",\"potentialAction\":[{\"@type\":\"ReadAction\",\"target\":[\"https:\/\/milieuxdumonde.com\/produit\/vol-au-dessus-d-un-nid-de-covid\/\"]}]},{\"@type\":\"ImageObject\",\"inLanguage\":\"es\",\"@id\":\"https:\/\/milieuxdumonde.com\/produit\/vol-au-dessus-d-un-nid-de-covid\/#primaryimage\",\"url\":\"https:\/\/milieuxdumonde.com\/wp-content\/uploads\/2021\/09\/VolAuDessusdunNiddeCovid-couverture.jpg\",\"contentUrl\":\"https:\/\/milieuxdumonde.com\/wp-content\/uploads\/2021\/09\/VolAuDessusdunNiddeCovid-couverture.jpg\",\"width\":1327,\"height\":2126},{\"@type\":\"BreadcrumbList\",\"@id\":\"https:\/\/milieuxdumonde.com\/produit\/vol-au-dessus-d-un-nid-de-covid\/#breadcrumb\",\"itemListElement\":[{\"@type\":\"ListItem\",\"position\":1,\"name\":\"Accueil\",\"item\":\"https:\/\/milieuxdumonde.com\/\"},{\"@type\":\"ListItem\",\"position\":2,\"name\":\"Shop\",\"item\":\"https:\/\/milieuxdumonde.com\/en\/shop\/\"},{\"@type\":\"ListItem\",\"position\":3,\"name\":\"Vol au-dessus d&rsquo;un nid de Covid\"}]},{\"@type\":\"WebSite\",\"@id\":\"https:\/\/milieuxdumonde.com\/#website\",\"url\":\"https:\/\/milieuxdumonde.com\/\",\"name\":\"MILIEUX DU MONDE\",\"description\":\"Maison d\u2019\u00e9dition sp\u00e9cialis\u00e9e sur l\u2019Asie et les espaces maritimes\",\"publisher\":{\"@id\":\"https:\/\/milieuxdumonde.com\/#organization\"},\"potentialAction\":[{\"@type\":\"SearchAction\",\"target\":{\"@type\":\"EntryPoint\",\"urlTemplate\":\"https:\/\/milieuxdumonde.com\/?s={search_term_string}\"},\"query-input\":{\"@type\":\"PropertyValueSpecification\",\"valueRequired\":true,\"valueName\":\"search_term_string\"}}],\"inLanguage\":\"es\"},{\"@type\":\"Organization\",\"@id\":\"https:\/\/milieuxdumonde.com\/#organization\",\"name\":\"MILIEUX DU MONDE\",\"url\":\"https:\/\/milieuxdumonde.com\/\",\"logo\":{\"@type\":\"ImageObject\",\"inLanguage\":\"es\",\"@id\":\"https:\/\/milieuxdumonde.com\/#\/schema\/logo\/image\/\",\"url\":\"https:\/\/milieuxdumonde.com\/wp-content\/uploads\/2025\/11\/MM-Editions-recadre-linkedin.jpg\",\"contentUrl\":\"https:\/\/milieuxdumonde.com\/wp-content\/uploads\/2025\/11\/MM-Editions-recadre-linkedin.jpg\",\"width\":1664,\"height\":1664,\"caption\":\"MILIEUX DU MONDE\"},\"image\":{\"@id\":\"https:\/\/milieuxdumonde.com\/#\/schema\/logo\/image\/\"}}]}<\/script>\n<!-- \/ Yoast SEO plugin. -->","yoast_head_json":{"title":"Vol au-dessus d'un nid de Covid - MILIEUX DU MONDE","robots":{"index":"index","follow":"follow","max-snippet":"max-snippet:-1","max-image-preview":"max-image-preview:large","max-video-preview":"max-video-preview:-1"},"canonical":"https:\/\/milieuxdumonde.com\/es\/producto\/vol-au-dessus-d-un-nid-de-covid\/","og_locale":"es_ES","og_type":"article","og_title":"Vol au-dessus d'un nid de Covid - MILIEUX DU MONDE","og_description":"Chronique d\u2019un monde confin\u00e9 : entre absurdit\u00e9 bureaucratique et po\u00e9sie du quotidien, l\u2019auteur vole au-dessus du chaos sanitaire, avec humour, r\u00e9volte et humanit\u00e9.  Essai paru en ao\u00fbt 2021.  Broch\u00e9 160 pages  ISBN 978-2-9569838-1-1","og_url":"https:\/\/milieuxdumonde.com\/es\/producto\/vol-au-dessus-d-un-nid-de-covid\/","og_site_name":"MILIEUX DU MONDE","article_modified_time":"2025-12-09T08:39:57+00:00","og_image":[{"width":1327,"height":2126,"url":"https:\/\/milieuxdumonde.com\/wp-content\/uploads\/2021\/09\/VolAuDessusdunNiddeCovid-couverture.jpg","type":"image\/jpeg"}],"twitter_card":"summary_large_image","twitter_misc":{"Tiempo de lectura":"1 minuto"},"schema":{"@context":"https:\/\/schema.org","@graph":[{"@type":"WebPage","@id":"https:\/\/milieuxdumonde.com\/produit\/vol-au-dessus-d-un-nid-de-covid\/","url":"https:\/\/milieuxdumonde.com\/produit\/vol-au-dessus-d-un-nid-de-covid\/","name":"Vol au-dessus d'un nid de Covid - MILIEUX DU MONDE","isPartOf":{"@id":"https:\/\/milieuxdumonde.com\/#website"},"primaryImageOfPage":{"@id":"https:\/\/milieuxdumonde.com\/produit\/vol-au-dessus-d-un-nid-de-covid\/#primaryimage"},"image":{"@id":"https:\/\/milieuxdumonde.com\/produit\/vol-au-dessus-d-un-nid-de-covid\/#primaryimage"},"thumbnailUrl":"https:\/\/milieuxdumonde.com\/wp-content\/uploads\/2021\/09\/VolAuDessusdunNiddeCovid-couverture.jpg","datePublished":"2021-09-01T21:15:10+00:00","dateModified":"2025-12-09T08:39:57+00:00","breadcrumb":{"@id":"https:\/\/milieuxdumonde.com\/produit\/vol-au-dessus-d-un-nid-de-covid\/#breadcrumb"},"inLanguage":"es","potentialAction":[{"@type":"ReadAction","target":["https:\/\/milieuxdumonde.com\/produit\/vol-au-dessus-d-un-nid-de-covid\/"]}]},{"@type":"ImageObject","inLanguage":"es","@id":"https:\/\/milieuxdumonde.com\/produit\/vol-au-dessus-d-un-nid-de-covid\/#primaryimage","url":"https:\/\/milieuxdumonde.com\/wp-content\/uploads\/2021\/09\/VolAuDessusdunNiddeCovid-couverture.jpg","contentUrl":"https:\/\/milieuxdumonde.com\/wp-content\/uploads\/2021\/09\/VolAuDessusdunNiddeCovid-couverture.jpg","width":1327,"height":2126},{"@type":"BreadcrumbList","@id":"https:\/\/milieuxdumonde.com\/produit\/vol-au-dessus-d-un-nid-de-covid\/#breadcrumb","itemListElement":[{"@type":"ListItem","position":1,"name":"Accueil","item":"https:\/\/milieuxdumonde.com\/"},{"@type":"ListItem","position":2,"name":"Shop","item":"https:\/\/milieuxdumonde.com\/en\/shop\/"},{"@type":"ListItem","position":3,"name":"Vol au-dessus d&rsquo;un nid de Covid"}]},{"@type":"WebSite","@id":"https:\/\/milieuxdumonde.com\/#website","url":"https:\/\/milieuxdumonde.com\/","name":"MILIEUX DU MONDE","description":"Maison d\u2019\u00e9dition sp\u00e9cialis\u00e9e sur l\u2019Asie et les espaces maritimes","publisher":{"@id":"https:\/\/milieuxdumonde.com\/#organization"},"potentialAction":[{"@type":"SearchAction","target":{"@type":"EntryPoint","urlTemplate":"https:\/\/milieuxdumonde.com\/?s={search_term_string}"},"query-input":{"@type":"PropertyValueSpecification","valueRequired":true,"valueName":"search_term_string"}}],"inLanguage":"es"},{"@type":"Organization","@id":"https:\/\/milieuxdumonde.com\/#organization","name":"MILIEUX DU MONDE","url":"https:\/\/milieuxdumonde.com\/","logo":{"@type":"ImageObject","inLanguage":"es","@id":"https:\/\/milieuxdumonde.com\/#\/schema\/logo\/image\/","url":"https:\/\/milieuxdumonde.com\/wp-content\/uploads\/2025\/11\/MM-Editions-recadre-linkedin.jpg","contentUrl":"https:\/\/milieuxdumonde.com\/wp-content\/uploads\/2025\/11\/MM-Editions-recadre-linkedin.jpg","width":1664,"height":1664,"caption":"MILIEUX DU MONDE"},"image":{"@id":"https:\/\/milieuxdumonde.com\/#\/schema\/logo\/image\/"}}]}},"_links":{"self":[{"href":"https:\/\/milieuxdumonde.com\/es\/wp-json\/wp\/v2\/product\/560","targetHints":{"allow":["GET"]}}],"collection":[{"href":"https:\/\/milieuxdumonde.com\/es\/wp-json\/wp\/v2\/product"}],"about":[{"href":"https:\/\/milieuxdumonde.com\/es\/wp-json\/wp\/v2\/types\/product"}],"wp:featuredmedia":[{"embeddable":true,"href":"https:\/\/milieuxdumonde.com\/es\/wp-json\/wp\/v2\/media\/711"}],"wp:attachment":[{"href":"https:\/\/milieuxdumonde.com\/es\/wp-json\/wp\/v2\/media?parent=560"}],"wp:term":[{"taxonomy":"product_brand","embeddable":true,"href":"https:\/\/milieuxdumonde.com\/es\/wp-json\/wp\/v2\/product_brand?post=560"},{"taxonomy":"product_cat","embeddable":true,"href":"https:\/\/milieuxdumonde.com\/es\/wp-json\/wp\/v2\/product_cat?post=560"},{"taxonomy":"product_tag","embeddable":true,"href":"https:\/\/milieuxdumonde.com\/es\/wp-json\/wp\/v2\/product_tag?post=560"}],"curies":[{"name":"wp","href":"https:\/\/api.w.org\/{rel}","templated":true}]}}