{"id":543,"date":"2021-09-01T19:28:15","date_gmt":"2021-09-01T19:28:15","guid":{"rendered":"https:\/\/www.cap.partaj.co\/?post_type=product&#038;p=543"},"modified":"2025-12-09T09:39:40","modified_gmt":"2025-12-09T08:39:40","slug":"la-chine-face-au-monde-une-puissance-resistible","status":"publish","type":"product","link":"https:\/\/milieuxdumonde.com\/es\/producto\/la-chine-face-au-monde-une-puissance-resistible\/","title":{"rendered":"La Chine face au monde : une puissance r\u00e9sistible"},"content":{"rendered":"<p><strong>\u00c0 propos de l&rsquo;ouvrage<\/strong><\/p>\n<p>Puissance hors normes, la Chine a d\u00e9jou\u00e9 tous les pronostics occidentaux. Son d\u00e9veloppement \u00e9conomique ne s\u2019est pas accompagn\u00e9 d\u2019une d\u00e9mocratisation et son isolement diplomatique doit \u00eatre relativis\u00e9. De plus en plus oppos\u00e9e \u00e0 l\u2019Occident qu\u2019elle met au d\u00e9fi, elle trouve en revanche des relais importants dans les pays du sud qu\u2019elle s\u00e9duit depuis longtemps. Pour combien de temps encore ? L\u2019Inde fait le choix d\u2019un rapprochement avec Washington et ses alli\u00e9s dans une strat\u00e9gie d\u2019endiguement, l\u2019Indo-Pacifique, dont la viabilit\u00e9 n\u2019en reste pas moins incertaine. L\u2019\u00e9tat \u00e9conomique mondial, la crise environnementale ou le terrorisme montrent que la Chine reste davantage une force de proposition et beaucoup moins un partenaire fiable. Incontournable, elle n\u2019engage pas moins notre avenir et ce <em>vade-mecum <\/em>accompagnera d\u00e9cideurs et les opinions de toutes g\u00e9n\u00e9rations dans leurs propres r\u00e9flexions.<\/p>\n<p><strong>Les auteurs<\/strong><\/p>\n<p><strong><em>Emmanuel Lincot <\/em><\/strong><em>est Professeur \u00e0 la Facult\u00e9 des Lettres de l\u2019Institut catholique (ICP). Historien, sinologue, il est \u00e9galement chercheur-associ\u00e9 \u00e0 l\u2019Institut des Relations internationales et strat\u00e9giques (IRIS) o\u00f9 il dirige la revue <\/em>Asia Focus<em>. Il a cr\u00e9\u00e9 le Master <\/em>Strat\u00e9gies mus\u00e9ales et gestion de projet &#8211; Asie <em>et a r\u00e9alis\u00e9 le premier MOOC sur la g\u00e9opolitique de la Chine, en partenariat avec France Universit\u00e9 Num\u00e9rique.<\/em><\/p>\n<p><strong><em>Emmanuel V\u00e9ron <\/em><\/strong><em>est docteur en g\u00e9ographie et sp\u00e9cialiste de la Chine contemporaine et de relations internationales. Il a enseign\u00e9 la g\u00e9ographie et la g\u00e9opolitique de la Chine \u00e0 l\u2019INALCO. Il est enseignant-chercheur associ\u00e9 \u00e0 l\u2019UMR IFRAE (Inalco) et \u00e0 l\u2019Ecole navale. Il est d\u00e9l\u00e9gu\u00e9 g\u00e9n\u00e9ral du Fonds de Dotation Brousse dell\u2019Aquila (FDBDA).<\/em><\/p>","protected":false},"excerpt":{"rendered":"<p>Empire ancien, puissance nouvelle : la Chine avance masqu\u00e9e, entre traditions mill\u00e9naires et ambitions globales. Le monde observe, inquiet, fascin\u00e9, ce retour d\u2019un g\u00e9ant au centre du jeu.<\/p>\n<p>Parution le 8 septembre 2021<\/p>\n<p>Broch\u00e9 11 x 18 cm<br \/>\n144 pages N&amp;B (imprim\u00e9 en France)<\/p>\n<p>ISBN 978-2-95698-383-5<\/p>","protected":false},"featured_media":707,"template":"","meta":[],"product_brand":[],"product_cat":[40],"product_tag":[],"class_list":{"0":"post-543","1":"product","2":"type-product","3":"status-publish","4":"has-post-thumbnail","6":"product_cat-livres","7":"product_shipping_class-lettre-verte","9":"first","10":"instock","11":"taxable","12":"shipping-taxable","13":"purchasable","14":"product-type-variable"},"yoast_head":"<!-- This site is optimized with the Yoast SEO plugin v27.2 - https:\/\/yoast.com\/product\/yoast-seo-wordpress\/ -->\n<title>La Chine face au monde : une puissance r\u00e9sistible - MILIEUX DU MONDE<\/title>\n<meta name=\"robots\" content=\"index, follow, max-snippet:-1, max-image-preview:large, max-video-preview:-1\" \/>\n<link rel=\"canonical\" href=\"https:\/\/milieuxdumonde.com\/es\/producto\/la-chine-face-au-monde-une-puissance-resistible\/\" \/>\n<meta property=\"og:locale\" content=\"es_ES\" \/>\n<meta property=\"og:type\" content=\"article\" \/>\n<meta property=\"og:title\" content=\"La Chine face au monde : une puissance r\u00e9sistible - MILIEUX DU MONDE\" \/>\n<meta property=\"og:description\" content=\"Empire ancien, puissance nouvelle : la Chine avance masqu\u00e9e, entre traditions mill\u00e9naires et ambitions globales. Le monde observe, inquiet, fascin\u00e9, ce retour d\u2019un g\u00e9ant au centre du jeu.  Parution le 8 septembre 2021  Broch\u00e9 11 x 18 cm 144 pages N&amp;B (imprim\u00e9 en France)  ISBN 978-2-95698-383-5\" \/>\n<meta property=\"og:url\" content=\"https:\/\/milieuxdumonde.com\/es\/producto\/la-chine-face-au-monde-une-puissance-resistible\/\" \/>\n<meta property=\"og:site_name\" content=\"MILIEUX DU MONDE\" \/>\n<meta property=\"article:modified_time\" content=\"2025-12-09T08:39:40+00:00\" \/>\n<meta property=\"og:image\" content=\"https:\/\/milieuxdumonde.com\/wp-content\/uploads\/2021\/09\/LaChineFaceAuMonde-couverture.jpg\" \/>\n\t<meta property=\"og:image:width\" content=\"709\" \/>\n\t<meta property=\"og:image:height\" content=\"1135\" \/>\n\t<meta property=\"og:image:type\" content=\"image\/jpeg\" \/>\n<meta name=\"twitter:card\" content=\"summary_large_image\" \/>\n<meta name=\"twitter:label1\" content=\"Tiempo de lectura\" \/>\n\t<meta name=\"twitter:data1\" content=\"1 minuto\" \/>\n<script type=\"application\/ld+json\" class=\"yoast-schema-graph\">{\"@context\":\"https:\/\/schema.org\",\"@graph\":[{\"@type\":\"WebPage\",\"@id\":\"https:\/\/milieuxdumonde.com\/produit\/la-chine-face-au-monde-une-puissance-resistible\/\",\"url\":\"https:\/\/milieuxdumonde.com\/produit\/la-chine-face-au-monde-une-puissance-resistible\/\",\"name\":\"La Chine face au monde : une puissance r\u00e9sistible - MILIEUX DU MONDE\",\"isPartOf\":{\"@id\":\"https:\/\/milieuxdumonde.com\/#website\"},\"primaryImageOfPage\":{\"@id\":\"https:\/\/milieuxdumonde.com\/produit\/la-chine-face-au-monde-une-puissance-resistible\/#primaryimage\"},\"image\":{\"@id\":\"https:\/\/milieuxdumonde.com\/produit\/la-chine-face-au-monde-une-puissance-resistible\/#primaryimage\"},\"thumbnailUrl\":\"https:\/\/milieuxdumonde.com\/wp-content\/uploads\/2021\/09\/LaChineFaceAuMonde-couverture.jpg\",\"datePublished\":\"2021-09-01T19:28:15+00:00\",\"dateModified\":\"2025-12-09T08:39:40+00:00\",\"breadcrumb\":{\"@id\":\"https:\/\/milieuxdumonde.com\/produit\/la-chine-face-au-monde-une-puissance-resistible\/#breadcrumb\"},\"inLanguage\":\"es\",\"potentialAction\":[{\"@type\":\"ReadAction\",\"target\":[\"https:\/\/milieuxdumonde.com\/produit\/la-chine-face-au-monde-une-puissance-resistible\/\"]}]},{\"@type\":\"ImageObject\",\"inLanguage\":\"es\",\"@id\":\"https:\/\/milieuxdumonde.com\/produit\/la-chine-face-au-monde-une-puissance-resistible\/#primaryimage\",\"url\":\"https:\/\/milieuxdumonde.com\/wp-content\/uploads\/2021\/09\/LaChineFaceAuMonde-couverture.jpg\",\"contentUrl\":\"https:\/\/milieuxdumonde.com\/wp-content\/uploads\/2021\/09\/LaChineFaceAuMonde-couverture.jpg\",\"width\":709,\"height\":1135},{\"@type\":\"BreadcrumbList\",\"@id\":\"https:\/\/milieuxdumonde.com\/produit\/la-chine-face-au-monde-une-puissance-resistible\/#breadcrumb\",\"itemListElement\":[{\"@type\":\"ListItem\",\"position\":1,\"name\":\"Accueil\",\"item\":\"https:\/\/milieuxdumonde.com\/\"},{\"@type\":\"ListItem\",\"position\":2,\"name\":\"Shop\",\"item\":\"https:\/\/milieuxdumonde.com\/en\/shop\/\"},{\"@type\":\"ListItem\",\"position\":3,\"name\":\"La Chine face au monde : une puissance r\u00e9sistible\"}]},{\"@type\":\"WebSite\",\"@id\":\"https:\/\/milieuxdumonde.com\/#website\",\"url\":\"https:\/\/milieuxdumonde.com\/\",\"name\":\"MILIEUX DU MONDE\",\"description\":\"Maison d\u2019\u00e9dition sp\u00e9cialis\u00e9e sur l\u2019Asie et les espaces maritimes\",\"publisher\":{\"@id\":\"https:\/\/milieuxdumonde.com\/#organization\"},\"potentialAction\":[{\"@type\":\"SearchAction\",\"target\":{\"@type\":\"EntryPoint\",\"urlTemplate\":\"https:\/\/milieuxdumonde.com\/?s={search_term_string}\"},\"query-input\":{\"@type\":\"PropertyValueSpecification\",\"valueRequired\":true,\"valueName\":\"search_term_string\"}}],\"inLanguage\":\"es\"},{\"@type\":\"Organization\",\"@id\":\"https:\/\/milieuxdumonde.com\/#organization\",\"name\":\"MILIEUX DU MONDE\",\"url\":\"https:\/\/milieuxdumonde.com\/\",\"logo\":{\"@type\":\"ImageObject\",\"inLanguage\":\"es\",\"@id\":\"https:\/\/milieuxdumonde.com\/#\/schema\/logo\/image\/\",\"url\":\"https:\/\/milieuxdumonde.com\/wp-content\/uploads\/2025\/11\/MM-Editions-recadre-linkedin.jpg\",\"contentUrl\":\"https:\/\/milieuxdumonde.com\/wp-content\/uploads\/2025\/11\/MM-Editions-recadre-linkedin.jpg\",\"width\":1664,\"height\":1664,\"caption\":\"MILIEUX DU MONDE\"},\"image\":{\"@id\":\"https:\/\/milieuxdumonde.com\/#\/schema\/logo\/image\/\"}}]}<\/script>\n<!-- \/ Yoast SEO plugin. -->","yoast_head_json":{"title":"La Chine face au monde : une puissance r\u00e9sistible - MILIEUX DU MONDE","robots":{"index":"index","follow":"follow","max-snippet":"max-snippet:-1","max-image-preview":"max-image-preview:large","max-video-preview":"max-video-preview:-1"},"canonical":"https:\/\/milieuxdumonde.com\/es\/producto\/la-chine-face-au-monde-une-puissance-resistible\/","og_locale":"es_ES","og_type":"article","og_title":"La Chine face au monde : une puissance r\u00e9sistible - MILIEUX DU MONDE","og_description":"Empire ancien, puissance nouvelle : la Chine avance masqu\u00e9e, entre traditions mill\u00e9naires et ambitions globales. Le monde observe, inquiet, fascin\u00e9, ce retour d\u2019un g\u00e9ant au centre du jeu.  Parution le 8 septembre 2021  Broch\u00e9 11 x 18 cm 144 pages N&amp;B (imprim\u00e9 en France)  ISBN 978-2-95698-383-5","og_url":"https:\/\/milieuxdumonde.com\/es\/producto\/la-chine-face-au-monde-une-puissance-resistible\/","og_site_name":"MILIEUX DU MONDE","article_modified_time":"2025-12-09T08:39:40+00:00","og_image":[{"width":709,"height":1135,"url":"https:\/\/milieuxdumonde.com\/wp-content\/uploads\/2021\/09\/LaChineFaceAuMonde-couverture.jpg","type":"image\/jpeg"}],"twitter_card":"summary_large_image","twitter_misc":{"Tiempo de lectura":"1 minuto"},"schema":{"@context":"https:\/\/schema.org","@graph":[{"@type":"WebPage","@id":"https:\/\/milieuxdumonde.com\/produit\/la-chine-face-au-monde-une-puissance-resistible\/","url":"https:\/\/milieuxdumonde.com\/produit\/la-chine-face-au-monde-une-puissance-resistible\/","name":"La Chine face au monde : une puissance r\u00e9sistible - MILIEUX DU MONDE","isPartOf":{"@id":"https:\/\/milieuxdumonde.com\/#website"},"primaryImageOfPage":{"@id":"https:\/\/milieuxdumonde.com\/produit\/la-chine-face-au-monde-une-puissance-resistible\/#primaryimage"},"image":{"@id":"https:\/\/milieuxdumonde.com\/produit\/la-chine-face-au-monde-une-puissance-resistible\/#primaryimage"},"thumbnailUrl":"https:\/\/milieuxdumonde.com\/wp-content\/uploads\/2021\/09\/LaChineFaceAuMonde-couverture.jpg","datePublished":"2021-09-01T19:28:15+00:00","dateModified":"2025-12-09T08:39:40+00:00","breadcrumb":{"@id":"https:\/\/milieuxdumonde.com\/produit\/la-chine-face-au-monde-une-puissance-resistible\/#breadcrumb"},"inLanguage":"es","potentialAction":[{"@type":"ReadAction","target":["https:\/\/milieuxdumonde.com\/produit\/la-chine-face-au-monde-une-puissance-resistible\/"]}]},{"@type":"ImageObject","inLanguage":"es","@id":"https:\/\/milieuxdumonde.com\/produit\/la-chine-face-au-monde-une-puissance-resistible\/#primaryimage","url":"https:\/\/milieuxdumonde.com\/wp-content\/uploads\/2021\/09\/LaChineFaceAuMonde-couverture.jpg","contentUrl":"https:\/\/milieuxdumonde.com\/wp-content\/uploads\/2021\/09\/LaChineFaceAuMonde-couverture.jpg","width":709,"height":1135},{"@type":"BreadcrumbList","@id":"https:\/\/milieuxdumonde.com\/produit\/la-chine-face-au-monde-une-puissance-resistible\/#breadcrumb","itemListElement":[{"@type":"ListItem","position":1,"name":"Accueil","item":"https:\/\/milieuxdumonde.com\/"},{"@type":"ListItem","position":2,"name":"Shop","item":"https:\/\/milieuxdumonde.com\/en\/shop\/"},{"@type":"ListItem","position":3,"name":"La Chine face au monde : une puissance r\u00e9sistible"}]},{"@type":"WebSite","@id":"https:\/\/milieuxdumonde.com\/#website","url":"https:\/\/milieuxdumonde.com\/","name":"MILIEUX DU MONDE","description":"Maison d\u2019\u00e9dition sp\u00e9cialis\u00e9e sur l\u2019Asie et les espaces maritimes","publisher":{"@id":"https:\/\/milieuxdumonde.com\/#organization"},"potentialAction":[{"@type":"SearchAction","target":{"@type":"EntryPoint","urlTemplate":"https:\/\/milieuxdumonde.com\/?s={search_term_string}"},"query-input":{"@type":"PropertyValueSpecification","valueRequired":true,"valueName":"search_term_string"}}],"inLanguage":"es"},{"@type":"Organization","@id":"https:\/\/milieuxdumonde.com\/#organization","name":"MILIEUX DU MONDE","url":"https:\/\/milieuxdumonde.com\/","logo":{"@type":"ImageObject","inLanguage":"es","@id":"https:\/\/milieuxdumonde.com\/#\/schema\/logo\/image\/","url":"https:\/\/milieuxdumonde.com\/wp-content\/uploads\/2025\/11\/MM-Editions-recadre-linkedin.jpg","contentUrl":"https:\/\/milieuxdumonde.com\/wp-content\/uploads\/2025\/11\/MM-Editions-recadre-linkedin.jpg","width":1664,"height":1664,"caption":"MILIEUX DU MONDE"},"image":{"@id":"https:\/\/milieuxdumonde.com\/#\/schema\/logo\/image\/"}}]}},"_links":{"self":[{"href":"https:\/\/milieuxdumonde.com\/es\/wp-json\/wp\/v2\/product\/543","targetHints":{"allow":["GET"]}}],"collection":[{"href":"https:\/\/milieuxdumonde.com\/es\/wp-json\/wp\/v2\/product"}],"about":[{"href":"https:\/\/milieuxdumonde.com\/es\/wp-json\/wp\/v2\/types\/product"}],"wp:featuredmedia":[{"embeddable":true,"href":"https:\/\/milieuxdumonde.com\/es\/wp-json\/wp\/v2\/media\/707"}],"wp:attachment":[{"href":"https:\/\/milieuxdumonde.com\/es\/wp-json\/wp\/v2\/media?parent=543"}],"wp:term":[{"taxonomy":"product_brand","embeddable":true,"href":"https:\/\/milieuxdumonde.com\/es\/wp-json\/wp\/v2\/product_brand?post=543"},{"taxonomy":"product_cat","embeddable":true,"href":"https:\/\/milieuxdumonde.com\/es\/wp-json\/wp\/v2\/product_cat?post=543"},{"taxonomy":"product_tag","embeddable":true,"href":"https:\/\/milieuxdumonde.com\/es\/wp-json\/wp\/v2\/product_tag?post=543"}],"curies":[{"name":"wp","href":"https:\/\/api.w.org\/{rel}","templated":true}]}}