{"id":517,"date":"2021-06-03T00:28:37","date_gmt":"2021-06-03T00:28:37","guid":{"rendered":"https:\/\/www.cap.partaj.co\/?post_type=product&#038;p=517"},"modified":"2022-07-29T16:51:56","modified_gmt":"2022-07-29T14:51:56","slug":"carte-des-espaces-maritimes-indo-pacifiques","status":"publish","type":"product","link":"https:\/\/milieuxdumonde.com\/es\/producto\/carte-des-espaces-maritimes-indo-pacifiques\/","title":{"rendered":"Carte des espaces maritimes indo-pacifiques"},"content":{"rendered":"<p>Carte des enjeux maritimes en Indo-Pacifique.<\/p>","protected":false},"excerpt":{"rendered":"<p>Carte des enjeux maritimes en Indo-Pacifique.<\/p>","protected":false},"featured_media":726,"template":"","meta":[],"product_brand":[],"product_cat":[57,28],"product_tag":[],"class_list":{"0":"post-517","1":"product","2":"type-product","3":"status-publish","4":"has-post-thumbnail","6":"product_cat-asie","7":"product_cat-cartes","8":"product_shipping_class-livraison-gratuite","10":"first","11":"instock","12":"taxable","13":"shipping-taxable","14":"purchasable","15":"product-type-variable"},"yoast_head":"<!-- This site is optimized with the Yoast SEO plugin v27.2 - https:\/\/yoast.com\/product\/yoast-seo-wordpress\/ -->\n<title>Carte des espaces maritimes indo-pacifiques - MILIEUX DU MONDE<\/title>\n<meta name=\"robots\" content=\"index, follow, max-snippet:-1, max-image-preview:large, max-video-preview:-1\" \/>\n<link rel=\"canonical\" href=\"https:\/\/milieuxdumonde.com\/es\/producto\/carte-des-espaces-maritimes-indo-pacifiques\/\" \/>\n<meta property=\"og:locale\" content=\"es_ES\" \/>\n<meta property=\"og:type\" content=\"article\" \/>\n<meta property=\"og:title\" content=\"Carte des espaces maritimes indo-pacifiques - MILIEUX DU MONDE\" \/>\n<meta property=\"og:description\" content=\"Carte des enjeux maritimes en Indo-Pacifique.\" \/>\n<meta property=\"og:url\" content=\"https:\/\/milieuxdumonde.com\/es\/producto\/carte-des-espaces-maritimes-indo-pacifiques\/\" \/>\n<meta property=\"og:site_name\" content=\"MILIEUX DU MONDE\" \/>\n<meta property=\"article:modified_time\" content=\"2022-07-29T14:51:56+00:00\" \/>\n<meta property=\"og:image\" content=\"https:\/\/milieuxdumonde.com\/wp-content\/uploads\/2021\/06\/Carte-des-espaces-maritimes-indo-pacifiques.jpeg\" \/>\n\t<meta property=\"og:image:width\" content=\"1237\" \/>\n\t<meta property=\"og:image:height\" content=\"973\" \/>\n\t<meta property=\"og:image:type\" content=\"image\/jpeg\" \/>\n<meta name=\"twitter:card\" content=\"summary_large_image\" \/>\n<script type=\"application\/ld+json\" class=\"yoast-schema-graph\">{\"@context\":\"https:\/\/schema.org\",\"@graph\":[{\"@type\":\"WebPage\",\"@id\":\"https:\/\/milieuxdumonde.com\/produit\/carte-des-espaces-maritimes-indo-pacifiques\/\",\"url\":\"https:\/\/milieuxdumonde.com\/produit\/carte-des-espaces-maritimes-indo-pacifiques\/\",\"name\":\"Carte des espaces maritimes indo-pacifiques - MILIEUX DU MONDE\",\"isPartOf\":{\"@id\":\"https:\/\/milieuxdumonde.com\/#website\"},\"primaryImageOfPage\":{\"@id\":\"https:\/\/milieuxdumonde.com\/produit\/carte-des-espaces-maritimes-indo-pacifiques\/#primaryimage\"},\"image\":{\"@id\":\"https:\/\/milieuxdumonde.com\/produit\/carte-des-espaces-maritimes-indo-pacifiques\/#primaryimage\"},\"thumbnailUrl\":\"https:\/\/milieuxdumonde.com\/wp-content\/uploads\/2021\/06\/Carte-des-espaces-maritimes-indo-pacifiques.jpeg\",\"datePublished\":\"2021-06-03T00:28:37+00:00\",\"dateModified\":\"2022-07-29T14:51:56+00:00\",\"breadcrumb\":{\"@id\":\"https:\/\/milieuxdumonde.com\/produit\/carte-des-espaces-maritimes-indo-pacifiques\/#breadcrumb\"},\"inLanguage\":\"es\",\"potentialAction\":[{\"@type\":\"ReadAction\",\"target\":[\"https:\/\/milieuxdumonde.com\/produit\/carte-des-espaces-maritimes-indo-pacifiques\/\"]}]},{\"@type\":\"ImageObject\",\"inLanguage\":\"es\",\"@id\":\"https:\/\/milieuxdumonde.com\/produit\/carte-des-espaces-maritimes-indo-pacifiques\/#primaryimage\",\"url\":\"https:\/\/milieuxdumonde.com\/wp-content\/uploads\/2021\/06\/Carte-des-espaces-maritimes-indo-pacifiques.jpeg\",\"contentUrl\":\"https:\/\/milieuxdumonde.com\/wp-content\/uploads\/2021\/06\/Carte-des-espaces-maritimes-indo-pacifiques.jpeg\",\"width\":1237,\"height\":973},{\"@type\":\"BreadcrumbList\",\"@id\":\"https:\/\/milieuxdumonde.com\/produit\/carte-des-espaces-maritimes-indo-pacifiques\/#breadcrumb\",\"itemListElement\":[{\"@type\":\"ListItem\",\"position\":1,\"name\":\"Accueil\",\"item\":\"https:\/\/milieuxdumonde.com\/\"},{\"@type\":\"ListItem\",\"position\":2,\"name\":\"Shop\",\"item\":\"https:\/\/milieuxdumonde.com\/en\/shop\/\"},{\"@type\":\"ListItem\",\"position\":3,\"name\":\"Carte des espaces maritimes indo-pacifiques\"}]},{\"@type\":\"WebSite\",\"@id\":\"https:\/\/milieuxdumonde.com\/#website\",\"url\":\"https:\/\/milieuxdumonde.com\/\",\"name\":\"MILIEUX DU MONDE\",\"description\":\"Maison d\u2019\u00e9dition sp\u00e9cialis\u00e9e sur l\u2019Asie et les espaces maritimes\",\"publisher\":{\"@id\":\"https:\/\/milieuxdumonde.com\/#organization\"},\"potentialAction\":[{\"@type\":\"SearchAction\",\"target\":{\"@type\":\"EntryPoint\",\"urlTemplate\":\"https:\/\/milieuxdumonde.com\/?s={search_term_string}\"},\"query-input\":{\"@type\":\"PropertyValueSpecification\",\"valueRequired\":true,\"valueName\":\"search_term_string\"}}],\"inLanguage\":\"es\"},{\"@type\":\"Organization\",\"@id\":\"https:\/\/milieuxdumonde.com\/#organization\",\"name\":\"MILIEUX DU MONDE\",\"url\":\"https:\/\/milieuxdumonde.com\/\",\"logo\":{\"@type\":\"ImageObject\",\"inLanguage\":\"es\",\"@id\":\"https:\/\/milieuxdumonde.com\/#\/schema\/logo\/image\/\",\"url\":\"https:\/\/milieuxdumonde.com\/wp-content\/uploads\/2025\/11\/MM-Editions-recadre-linkedin.jpg\",\"contentUrl\":\"https:\/\/milieuxdumonde.com\/wp-content\/uploads\/2025\/11\/MM-Editions-recadre-linkedin.jpg\",\"width\":1664,\"height\":1664,\"caption\":\"MILIEUX DU MONDE\"},\"image\":{\"@id\":\"https:\/\/milieuxdumonde.com\/#\/schema\/logo\/image\/\"}}]}<\/script>\n<!-- \/ Yoast SEO plugin. -->","yoast_head_json":{"title":"Carte des espaces maritimes indo-pacifiques - MILIEUX DU MONDE","robots":{"index":"index","follow":"follow","max-snippet":"max-snippet:-1","max-image-preview":"max-image-preview:large","max-video-preview":"max-video-preview:-1"},"canonical":"https:\/\/milieuxdumonde.com\/es\/producto\/carte-des-espaces-maritimes-indo-pacifiques\/","og_locale":"es_ES","og_type":"article","og_title":"Carte des espaces maritimes indo-pacifiques - MILIEUX DU MONDE","og_description":"Carte des enjeux maritimes en Indo-Pacifique.","og_url":"https:\/\/milieuxdumonde.com\/es\/producto\/carte-des-espaces-maritimes-indo-pacifiques\/","og_site_name":"MILIEUX DU MONDE","article_modified_time":"2022-07-29T14:51:56+00:00","og_image":[{"width":1237,"height":973,"url":"https:\/\/milieuxdumonde.com\/wp-content\/uploads\/2021\/06\/Carte-des-espaces-maritimes-indo-pacifiques.jpeg","type":"image\/jpeg"}],"twitter_card":"summary_large_image","schema":{"@context":"https:\/\/schema.org","@graph":[{"@type":"WebPage","@id":"https:\/\/milieuxdumonde.com\/produit\/carte-des-espaces-maritimes-indo-pacifiques\/","url":"https:\/\/milieuxdumonde.com\/produit\/carte-des-espaces-maritimes-indo-pacifiques\/","name":"Carte des espaces maritimes indo-pacifiques - MILIEUX DU MONDE","isPartOf":{"@id":"https:\/\/milieuxdumonde.com\/#website"},"primaryImageOfPage":{"@id":"https:\/\/milieuxdumonde.com\/produit\/carte-des-espaces-maritimes-indo-pacifiques\/#primaryimage"},"image":{"@id":"https:\/\/milieuxdumonde.com\/produit\/carte-des-espaces-maritimes-indo-pacifiques\/#primaryimage"},"thumbnailUrl":"https:\/\/milieuxdumonde.com\/wp-content\/uploads\/2021\/06\/Carte-des-espaces-maritimes-indo-pacifiques.jpeg","datePublished":"2021-06-03T00:28:37+00:00","dateModified":"2022-07-29T14:51:56+00:00","breadcrumb":{"@id":"https:\/\/milieuxdumonde.com\/produit\/carte-des-espaces-maritimes-indo-pacifiques\/#breadcrumb"},"inLanguage":"es","potentialAction":[{"@type":"ReadAction","target":["https:\/\/milieuxdumonde.com\/produit\/carte-des-espaces-maritimes-indo-pacifiques\/"]}]},{"@type":"ImageObject","inLanguage":"es","@id":"https:\/\/milieuxdumonde.com\/produit\/carte-des-espaces-maritimes-indo-pacifiques\/#primaryimage","url":"https:\/\/milieuxdumonde.com\/wp-content\/uploads\/2021\/06\/Carte-des-espaces-maritimes-indo-pacifiques.jpeg","contentUrl":"https:\/\/milieuxdumonde.com\/wp-content\/uploads\/2021\/06\/Carte-des-espaces-maritimes-indo-pacifiques.jpeg","width":1237,"height":973},{"@type":"BreadcrumbList","@id":"https:\/\/milieuxdumonde.com\/produit\/carte-des-espaces-maritimes-indo-pacifiques\/#breadcrumb","itemListElement":[{"@type":"ListItem","position":1,"name":"Accueil","item":"https:\/\/milieuxdumonde.com\/"},{"@type":"ListItem","position":2,"name":"Shop","item":"https:\/\/milieuxdumonde.com\/en\/shop\/"},{"@type":"ListItem","position":3,"name":"Carte des espaces maritimes indo-pacifiques"}]},{"@type":"WebSite","@id":"https:\/\/milieuxdumonde.com\/#website","url":"https:\/\/milieuxdumonde.com\/","name":"MILIEUX DU MONDE","description":"Maison d\u2019\u00e9dition sp\u00e9cialis\u00e9e sur l\u2019Asie et les espaces maritimes","publisher":{"@id":"https:\/\/milieuxdumonde.com\/#organization"},"potentialAction":[{"@type":"SearchAction","target":{"@type":"EntryPoint","urlTemplate":"https:\/\/milieuxdumonde.com\/?s={search_term_string}"},"query-input":{"@type":"PropertyValueSpecification","valueRequired":true,"valueName":"search_term_string"}}],"inLanguage":"es"},{"@type":"Organization","@id":"https:\/\/milieuxdumonde.com\/#organization","name":"MILIEUX DU MONDE","url":"https:\/\/milieuxdumonde.com\/","logo":{"@type":"ImageObject","inLanguage":"es","@id":"https:\/\/milieuxdumonde.com\/#\/schema\/logo\/image\/","url":"https:\/\/milieuxdumonde.com\/wp-content\/uploads\/2025\/11\/MM-Editions-recadre-linkedin.jpg","contentUrl":"https:\/\/milieuxdumonde.com\/wp-content\/uploads\/2025\/11\/MM-Editions-recadre-linkedin.jpg","width":1664,"height":1664,"caption":"MILIEUX DU MONDE"},"image":{"@id":"https:\/\/milieuxdumonde.com\/#\/schema\/logo\/image\/"}}]}},"_links":{"self":[{"href":"https:\/\/milieuxdumonde.com\/es\/wp-json\/wp\/v2\/product\/517","targetHints":{"allow":["GET"]}}],"collection":[{"href":"https:\/\/milieuxdumonde.com\/es\/wp-json\/wp\/v2\/product"}],"about":[{"href":"https:\/\/milieuxdumonde.com\/es\/wp-json\/wp\/v2\/types\/product"}],"wp:featuredmedia":[{"embeddable":true,"href":"https:\/\/milieuxdumonde.com\/es\/wp-json\/wp\/v2\/media\/726"}],"wp:attachment":[{"href":"https:\/\/milieuxdumonde.com\/es\/wp-json\/wp\/v2\/media?parent=517"}],"wp:term":[{"taxonomy":"product_brand","embeddable":true,"href":"https:\/\/milieuxdumonde.com\/es\/wp-json\/wp\/v2\/product_brand?post=517"},{"taxonomy":"product_cat","embeddable":true,"href":"https:\/\/milieuxdumonde.com\/es\/wp-json\/wp\/v2\/product_cat?post=517"},{"taxonomy":"product_tag","embeddable":true,"href":"https:\/\/milieuxdumonde.com\/es\/wp-json\/wp\/v2\/product_tag?post=517"}],"curies":[{"name":"wp","href":"https:\/\/api.w.org\/{rel}","templated":true}]}}