{"id":494,"date":"2021-06-02T23:48:17","date_gmt":"2021-06-02T23:48:17","guid":{"rendered":"https:\/\/www.cap.partaj.co\/?post_type=product&#038;p=494"},"modified":"2021-09-09T12:19:53","modified_gmt":"2021-09-09T10:19:53","slug":"carte-de-lorganisation-administrative-de-la-chine","status":"publish","type":"product","link":"https:\/\/milieuxdumonde.com\/es\/producto\/carte-de-lorganisation-administrative-de-la-chine\/","title":{"rendered":"Carte de l&rsquo;organisation administrative de la Chine"},"content":{"rendered":"<p>Carte du d\u00e9coupage administratif de la R\u00e9publique populaire de Chine.<\/p>","protected":false},"excerpt":{"rendered":"<p>Carte du d\u00e9coupage administratif de la R\u00e9publique populaire de Chine.<\/p>","protected":false},"featured_media":722,"template":"","meta":[],"product_brand":[],"product_cat":[57,28],"product_tag":[],"class_list":{"0":"post-494","1":"product","2":"type-product","3":"status-publish","4":"has-post-thumbnail","6":"product_cat-asie","7":"product_cat-cartes","8":"product_shipping_class-livraison-gratuite","10":"first","11":"outofstock","12":"taxable","13":"shipping-taxable","14":"purchasable","15":"product-type-variable"},"yoast_head":"<!-- This site is optimized with the Yoast SEO plugin v27.2 - https:\/\/yoast.com\/product\/yoast-seo-wordpress\/ -->\n<title>Carte de l&#039;organisation administrative de la Chine - MILIEUX DU MONDE<\/title>\n<meta name=\"robots\" content=\"index, follow, max-snippet:-1, max-image-preview:large, max-video-preview:-1\" \/>\n<link rel=\"canonical\" href=\"https:\/\/milieuxdumonde.com\/es\/product\/carte-de-lorganisation-administrative-de-la-chine\/\" \/>\n<meta property=\"og:locale\" content=\"es_ES\" \/>\n<meta property=\"og:type\" content=\"article\" \/>\n<meta property=\"og:title\" content=\"Carte de l&#039;organisation administrative de la Chine - MILIEUX DU MONDE\" \/>\n<meta property=\"og:description\" content=\"Carte du d\u00e9coupage administratif de la R\u00e9publique populaire de Chine.\" \/>\n<meta property=\"og:url\" content=\"https:\/\/milieuxdumonde.com\/es\/product\/carte-de-lorganisation-administrative-de-la-chine\/\" \/>\n<meta property=\"og:site_name\" content=\"MILIEUX DU MONDE\" \/>\n<meta property=\"article:modified_time\" content=\"2021-09-09T10:19:53+00:00\" \/>\n<meta property=\"og:image\" content=\"https:\/\/milieuxdumonde.com\/wp-content\/uploads\/2021\/06\/carte-province-region-chine.jpeg\" \/>\n\t<meta property=\"og:image:width\" content=\"1743\" \/>\n\t<meta property=\"og:image:height\" content=\"1218\" \/>\n\t<meta property=\"og:image:type\" content=\"image\/jpeg\" \/>\n<meta name=\"twitter:card\" content=\"summary_large_image\" \/>\n<script type=\"application\/ld+json\" class=\"yoast-schema-graph\">{\"@context\":\"https:\/\/schema.org\",\"@graph\":[{\"@type\":\"WebPage\",\"@id\":\"https:\/\/milieuxdumonde.com\/en\/product\/carte-de-lorganisation-administrative-de-la-chine\/\",\"url\":\"https:\/\/milieuxdumonde.com\/en\/product\/carte-de-lorganisation-administrative-de-la-chine\/\",\"name\":\"Carte de l'organisation administrative de la Chine - MILIEUX DU MONDE\",\"isPartOf\":{\"@id\":\"https:\/\/milieuxdumonde.com\/#website\"},\"primaryImageOfPage\":{\"@id\":\"https:\/\/milieuxdumonde.com\/en\/product\/carte-de-lorganisation-administrative-de-la-chine\/#primaryimage\"},\"image\":{\"@id\":\"https:\/\/milieuxdumonde.com\/en\/product\/carte-de-lorganisation-administrative-de-la-chine\/#primaryimage\"},\"thumbnailUrl\":\"https:\/\/milieuxdumonde.com\/wp-content\/uploads\/2021\/06\/carte-province-region-chine.jpeg\",\"datePublished\":\"2021-06-02T23:48:17+00:00\",\"dateModified\":\"2021-09-09T10:19:53+00:00\",\"breadcrumb\":{\"@id\":\"https:\/\/milieuxdumonde.com\/en\/product\/carte-de-lorganisation-administrative-de-la-chine\/#breadcrumb\"},\"inLanguage\":\"es\",\"potentialAction\":[{\"@type\":\"ReadAction\",\"target\":[\"https:\/\/milieuxdumonde.com\/en\/product\/carte-de-lorganisation-administrative-de-la-chine\/\"]}]},{\"@type\":\"ImageObject\",\"inLanguage\":\"es\",\"@id\":\"https:\/\/milieuxdumonde.com\/en\/product\/carte-de-lorganisation-administrative-de-la-chine\/#primaryimage\",\"url\":\"https:\/\/milieuxdumonde.com\/wp-content\/uploads\/2021\/06\/carte-province-region-chine.jpeg\",\"contentUrl\":\"https:\/\/milieuxdumonde.com\/wp-content\/uploads\/2021\/06\/carte-province-region-chine.jpeg\",\"width\":1743,\"height\":1218},{\"@type\":\"BreadcrumbList\",\"@id\":\"https:\/\/milieuxdumonde.com\/en\/product\/carte-de-lorganisation-administrative-de-la-chine\/#breadcrumb\",\"itemListElement\":[{\"@type\":\"ListItem\",\"position\":1,\"name\":\"Accueil\",\"item\":\"https:\/\/milieuxdumonde.com\/\"},{\"@type\":\"ListItem\",\"position\":2,\"name\":\"Shop\",\"item\":\"https:\/\/milieuxdumonde.com\/en\/shop\/\"},{\"@type\":\"ListItem\",\"position\":3,\"name\":\"Carte de l&rsquo;organisation administrative de la Chine\"}]},{\"@type\":\"WebSite\",\"@id\":\"https:\/\/milieuxdumonde.com\/#website\",\"url\":\"https:\/\/milieuxdumonde.com\/\",\"name\":\"MILIEUX DU MONDE\",\"description\":\"Maison d\u2019\u00e9dition sp\u00e9cialis\u00e9e sur l\u2019Asie et les espaces maritimes\",\"publisher\":{\"@id\":\"https:\/\/milieuxdumonde.com\/#organization\"},\"potentialAction\":[{\"@type\":\"SearchAction\",\"target\":{\"@type\":\"EntryPoint\",\"urlTemplate\":\"https:\/\/milieuxdumonde.com\/?s={search_term_string}\"},\"query-input\":{\"@type\":\"PropertyValueSpecification\",\"valueRequired\":true,\"valueName\":\"search_term_string\"}}],\"inLanguage\":\"es\"},{\"@type\":\"Organization\",\"@id\":\"https:\/\/milieuxdumonde.com\/#organization\",\"name\":\"MILIEUX DU MONDE\",\"url\":\"https:\/\/milieuxdumonde.com\/\",\"logo\":{\"@type\":\"ImageObject\",\"inLanguage\":\"es\",\"@id\":\"https:\/\/milieuxdumonde.com\/#\/schema\/logo\/image\/\",\"url\":\"https:\/\/milieuxdumonde.com\/wp-content\/uploads\/2025\/11\/MM-Editions-recadre-linkedin.jpg\",\"contentUrl\":\"https:\/\/milieuxdumonde.com\/wp-content\/uploads\/2025\/11\/MM-Editions-recadre-linkedin.jpg\",\"width\":1664,\"height\":1664,\"caption\":\"MILIEUX DU MONDE\"},\"image\":{\"@id\":\"https:\/\/milieuxdumonde.com\/#\/schema\/logo\/image\/\"}}]}<\/script>\n<!-- \/ Yoast SEO plugin. -->","yoast_head_json":{"title":"Carte de l'organisation administrative de la Chine - MILIEUX DU MONDE","robots":{"index":"index","follow":"follow","max-snippet":"max-snippet:-1","max-image-preview":"max-image-preview:large","max-video-preview":"max-video-preview:-1"},"canonical":"https:\/\/milieuxdumonde.com\/es\/product\/carte-de-lorganisation-administrative-de-la-chine\/","og_locale":"es_ES","og_type":"article","og_title":"Carte de l'organisation administrative de la Chine - MILIEUX DU MONDE","og_description":"Carte du d\u00e9coupage administratif de la R\u00e9publique populaire de Chine.","og_url":"https:\/\/milieuxdumonde.com\/es\/product\/carte-de-lorganisation-administrative-de-la-chine\/","og_site_name":"MILIEUX DU MONDE","article_modified_time":"2021-09-09T10:19:53+00:00","og_image":[{"width":1743,"height":1218,"url":"https:\/\/milieuxdumonde.com\/wp-content\/uploads\/2021\/06\/carte-province-region-chine.jpeg","type":"image\/jpeg"}],"twitter_card":"summary_large_image","schema":{"@context":"https:\/\/schema.org","@graph":[{"@type":"WebPage","@id":"https:\/\/milieuxdumonde.com\/en\/product\/carte-de-lorganisation-administrative-de-la-chine\/","url":"https:\/\/milieuxdumonde.com\/en\/product\/carte-de-lorganisation-administrative-de-la-chine\/","name":"Carte de l'organisation administrative de la Chine - MILIEUX DU MONDE","isPartOf":{"@id":"https:\/\/milieuxdumonde.com\/#website"},"primaryImageOfPage":{"@id":"https:\/\/milieuxdumonde.com\/en\/product\/carte-de-lorganisation-administrative-de-la-chine\/#primaryimage"},"image":{"@id":"https:\/\/milieuxdumonde.com\/en\/product\/carte-de-lorganisation-administrative-de-la-chine\/#primaryimage"},"thumbnailUrl":"https:\/\/milieuxdumonde.com\/wp-content\/uploads\/2021\/06\/carte-province-region-chine.jpeg","datePublished":"2021-06-02T23:48:17+00:00","dateModified":"2021-09-09T10:19:53+00:00","breadcrumb":{"@id":"https:\/\/milieuxdumonde.com\/en\/product\/carte-de-lorganisation-administrative-de-la-chine\/#breadcrumb"},"inLanguage":"es","potentialAction":[{"@type":"ReadAction","target":["https:\/\/milieuxdumonde.com\/en\/product\/carte-de-lorganisation-administrative-de-la-chine\/"]}]},{"@type":"ImageObject","inLanguage":"es","@id":"https:\/\/milieuxdumonde.com\/en\/product\/carte-de-lorganisation-administrative-de-la-chine\/#primaryimage","url":"https:\/\/milieuxdumonde.com\/wp-content\/uploads\/2021\/06\/carte-province-region-chine.jpeg","contentUrl":"https:\/\/milieuxdumonde.com\/wp-content\/uploads\/2021\/06\/carte-province-region-chine.jpeg","width":1743,"height":1218},{"@type":"BreadcrumbList","@id":"https:\/\/milieuxdumonde.com\/en\/product\/carte-de-lorganisation-administrative-de-la-chine\/#breadcrumb","itemListElement":[{"@type":"ListItem","position":1,"name":"Accueil","item":"https:\/\/milieuxdumonde.com\/"},{"@type":"ListItem","position":2,"name":"Shop","item":"https:\/\/milieuxdumonde.com\/en\/shop\/"},{"@type":"ListItem","position":3,"name":"Carte de l&rsquo;organisation administrative de la Chine"}]},{"@type":"WebSite","@id":"https:\/\/milieuxdumonde.com\/#website","url":"https:\/\/milieuxdumonde.com\/","name":"MILIEUX DU MONDE","description":"Maison d\u2019\u00e9dition sp\u00e9cialis\u00e9e sur l\u2019Asie et les espaces maritimes","publisher":{"@id":"https:\/\/milieuxdumonde.com\/#organization"},"potentialAction":[{"@type":"SearchAction","target":{"@type":"EntryPoint","urlTemplate":"https:\/\/milieuxdumonde.com\/?s={search_term_string}"},"query-input":{"@type":"PropertyValueSpecification","valueRequired":true,"valueName":"search_term_string"}}],"inLanguage":"es"},{"@type":"Organization","@id":"https:\/\/milieuxdumonde.com\/#organization","name":"MILIEUX DU MONDE","url":"https:\/\/milieuxdumonde.com\/","logo":{"@type":"ImageObject","inLanguage":"es","@id":"https:\/\/milieuxdumonde.com\/#\/schema\/logo\/image\/","url":"https:\/\/milieuxdumonde.com\/wp-content\/uploads\/2025\/11\/MM-Editions-recadre-linkedin.jpg","contentUrl":"https:\/\/milieuxdumonde.com\/wp-content\/uploads\/2025\/11\/MM-Editions-recadre-linkedin.jpg","width":1664,"height":1664,"caption":"MILIEUX DU MONDE"},"image":{"@id":"https:\/\/milieuxdumonde.com\/#\/schema\/logo\/image\/"}}]}},"_links":{"self":[{"href":"https:\/\/milieuxdumonde.com\/es\/wp-json\/wp\/v2\/product\/494","targetHints":{"allow":["GET"]}}],"collection":[{"href":"https:\/\/milieuxdumonde.com\/es\/wp-json\/wp\/v2\/product"}],"about":[{"href":"https:\/\/milieuxdumonde.com\/es\/wp-json\/wp\/v2\/types\/product"}],"wp:featuredmedia":[{"embeddable":true,"href":"https:\/\/milieuxdumonde.com\/es\/wp-json\/wp\/v2\/media\/722"}],"wp:attachment":[{"href":"https:\/\/milieuxdumonde.com\/es\/wp-json\/wp\/v2\/media?parent=494"}],"wp:term":[{"taxonomy":"product_brand","embeddable":true,"href":"https:\/\/milieuxdumonde.com\/es\/wp-json\/wp\/v2\/product_brand?post=494"},{"taxonomy":"product_cat","embeddable":true,"href":"https:\/\/milieuxdumonde.com\/es\/wp-json\/wp\/v2\/product_cat?post=494"},{"taxonomy":"product_tag","embeddable":true,"href":"https:\/\/milieuxdumonde.com\/es\/wp-json\/wp\/v2\/product_tag?post=494"}],"curies":[{"name":"wp","href":"https:\/\/api.w.org\/{rel}","templated":true}]}}