{"id":461,"date":"2021-02-26T13:59:21","date_gmt":"2021-02-26T13:59:21","guid":{"rendered":"https:\/\/www.cap.partaj.co\/?post_type=product&#038;p=461"},"modified":"2025-12-09T09:38:59","modified_gmt":"2025-12-09T08:38:59","slug":"la-democratie-assiegee-par-le-peuple-et-desertee-par-les-elites","status":"publish","type":"product","link":"https:\/\/milieuxdumonde.com\/es\/producto\/la-democratie-assiegee-par-le-peuple-et-desertee-par-les-elites\/","title":{"rendered":"La de\u0301mocratie assie\u0301ge\u0301e par le peuple et de\u0301serte\u0301e par les e\u0301lites"},"content":{"rendered":"<p><strong>\u00c0 propos de l&rsquo;ouvrage<\/strong><\/p>\n<p>La chute du mur de Berlin n\u2019a pas rendu les peuples sourds aux sire\u0300nes de la tyrannie. Porte\u0301e par l\u2019esprit de\u0301mocratique, la construction de gouvernements intelligents, consensuels, coope\u0301ratifs et e\u0301galitaires se heurte a\u0300 des opinions plus que re\u0301tives a\u0300 la compre\u0301hension du monde.<br \/>\nPonctue\u0301 de te\u0301moignages de grands Hommes d\u2019E\u0301tat (Antonio Salazar, Pierre Messmer, Robert McNamara, Mansour Moalla), l\u2019ouvrage chemine dans la petite et la grande Histoire de la de\u0301mocratie repre\u0301sentative occidentale.<br \/>\nIl analyse sa crise actuelle a\u0300 l\u2019aune du divorce entre peuples et e\u0301lites malmene\u0301s par les conse\u0301quences de la globalisation nume\u0301rique.<\/p>\n<p><strong>L&rsquo;auteur<\/strong><\/p>\n<p><em><b>Pierre Brousse\u00a0<\/b>est n\u00e9 en 1951, issu d&rsquo;une famille de grands serviteurs de l&rsquo;\u00c9tat. Il choisit en 1975 le service Public en int\u00e9grant le Commissariat de la Marine Nationale et sert comme Haut fonctionnaire au sein de l&rsquo;administration territoriale et centrale. En 1986, il rejoint le comit\u00e9 de direction du groupe Ciments Fran\u00e7ais, dont il dirige les activit\u00e9s en Europe du Sud et en Am\u00e9rique latine ; \u00e0 partir de 1988, il pr\u00e9side le groupe Financiera y Minera c\u00f4t\u00e9 \u00e0 Madrid. En 1991, il fonde la Compagnie Financi\u00e8re dell&rsquo;Aquila qui, apr\u00e8s des investissements en Europe, participa \u00e0 l&rsquo;acquisition du groupe Bonna Sabla et \u00e0 la cr\u00e9ation du groupe Consolis. Il dirige celui-ci pendant 10 ans et en copr\u00e9side le conseil de surveillance depuis 2017. Parall\u00e8lement il a \u00e9t\u00e9 Pr\u00e9sident de l&rsquo;Alliance Fran\u00e7aise d&rsquo;Espagne pendant dix ans et Pr\u00e9sident de f\u00e9d\u00e9rations professionnelles fran\u00e7aises et europ\u00e9ennes (FIB et BIBM). Il est pr\u00e9sident du Fonds de dotation Brousse dell&rsquo;Aquila, dont les activit\u00e9s de m\u00e9c\u00e9nat sont orient\u00e9es vers l&rsquo;Asie et les espaces maritimes.<\/em><\/p>\n<p>&nbsp;<\/p>","protected":false},"excerpt":{"rendered":"<p>Cet ouvrage raconte comment l\u2019ordre vacille, le peuple gronde, les \u00e9lites s\u2019\u00e9loignent. La d\u00e9mocratie, temple d\u00e9sert\u00e9, cherche une \u00e2me dans la tourmente d\u2019un monde d\u00e9senchant\u00e9 et sans guides.<\/p>\n<p>Essai paru en septembre 2019.<\/p>\n<p>Broch\u00e9<br \/>\n224 pages<br \/>\nFormat : 20 x 13<\/p>\n<p>ISBN 978-2-9569838-0-4<\/p>","protected":false},"featured_media":709,"template":"","meta":[],"product_brand":[],"product_cat":[40],"product_tag":[],"class_list":{"0":"post-461","1":"product","2":"type-product","3":"status-publish","4":"has-post-thumbnail","6":"product_cat-livres","7":"product_shipping_class-lettre-verte","9":"first","10":"instock","11":"taxable","12":"shipping-taxable","13":"purchasable","14":"product-type-variable"},"yoast_head":"<!-- This site is optimized with the Yoast SEO plugin v27.2 - https:\/\/yoast.com\/product\/yoast-seo-wordpress\/ -->\n<title>La de\u0301mocratie assie\u0301ge\u0301e par le peuple et de\u0301serte\u0301e par les e\u0301lites - MILIEUX DU MONDE<\/title>\n<meta name=\"robots\" content=\"index, follow, max-snippet:-1, max-image-preview:large, max-video-preview:-1\" \/>\n<link rel=\"canonical\" href=\"https:\/\/milieuxdumonde.com\/es\/producto\/la-democratie-assiegee-par-le-peuple-et-desertee-par-les-elites\/\" \/>\n<meta property=\"og:locale\" content=\"es_ES\" \/>\n<meta property=\"og:type\" content=\"article\" \/>\n<meta property=\"og:title\" content=\"La de\u0301mocratie assie\u0301ge\u0301e par le peuple et de\u0301serte\u0301e par les e\u0301lites - MILIEUX DU MONDE\" \/>\n<meta property=\"og:description\" content=\"Cet ouvrage raconte comment l\u2019ordre vacille, le peuple gronde, les \u00e9lites s\u2019\u00e9loignent. La d\u00e9mocratie, temple d\u00e9sert\u00e9, cherche une \u00e2me dans la tourmente d\u2019un monde d\u00e9senchant\u00e9 et sans guides.  Essai paru en septembre 2019.  Broch\u00e9 224 pages Format : 20 x 13  ISBN 978-2-9569838-0-4\" \/>\n<meta property=\"og:url\" content=\"https:\/\/milieuxdumonde.com\/es\/producto\/la-democratie-assiegee-par-le-peuple-et-desertee-par-les-elites\/\" \/>\n<meta property=\"og:site_name\" content=\"MILIEUX DU MONDE\" \/>\n<meta property=\"article:modified_time\" content=\"2025-12-09T08:38:59+00:00\" \/>\n<meta property=\"og:image\" content=\"https:\/\/milieuxdumonde.com\/wp-content\/uploads\/2021\/02\/couverture-la-democratie.png\" \/>\n\t<meta property=\"og:image:width\" content=\"712\" \/>\n\t<meta property=\"og:image:height\" content=\"1054\" \/>\n\t<meta property=\"og:image:type\" content=\"image\/png\" \/>\n<meta name=\"twitter:card\" content=\"summary_large_image\" \/>\n<meta name=\"twitter:label1\" content=\"Tiempo de lectura\" \/>\n\t<meta name=\"twitter:data1\" content=\"1 minuto\" \/>\n<script type=\"application\/ld+json\" class=\"yoast-schema-graph\">{\"@context\":\"https:\/\/schema.org\",\"@graph\":[{\"@type\":\"WebPage\",\"@id\":\"https:\/\/milieuxdumonde.com\/produit\/la-democratie-assiegee-par-le-peuple-et-desertee-par-les-elites\/\",\"url\":\"https:\/\/milieuxdumonde.com\/produit\/la-democratie-assiegee-par-le-peuple-et-desertee-par-les-elites\/\",\"name\":\"La de\u0301mocratie assie\u0301ge\u0301e par le peuple et de\u0301serte\u0301e par les e\u0301lites - MILIEUX DU MONDE\",\"isPartOf\":{\"@id\":\"https:\/\/milieuxdumonde.com\/#website\"},\"primaryImageOfPage\":{\"@id\":\"https:\/\/milieuxdumonde.com\/produit\/la-democratie-assiegee-par-le-peuple-et-desertee-par-les-elites\/#primaryimage\"},\"image\":{\"@id\":\"https:\/\/milieuxdumonde.com\/produit\/la-democratie-assiegee-par-le-peuple-et-desertee-par-les-elites\/#primaryimage\"},\"thumbnailUrl\":\"https:\/\/milieuxdumonde.com\/wp-content\/uploads\/2021\/02\/couverture-la-democratie.png\",\"datePublished\":\"2021-02-26T13:59:21+00:00\",\"dateModified\":\"2025-12-09T08:38:59+00:00\",\"breadcrumb\":{\"@id\":\"https:\/\/milieuxdumonde.com\/produit\/la-democratie-assiegee-par-le-peuple-et-desertee-par-les-elites\/#breadcrumb\"},\"inLanguage\":\"es\",\"potentialAction\":[{\"@type\":\"ReadAction\",\"target\":[\"https:\/\/milieuxdumonde.com\/produit\/la-democratie-assiegee-par-le-peuple-et-desertee-par-les-elites\/\"]}]},{\"@type\":\"ImageObject\",\"inLanguage\":\"es\",\"@id\":\"https:\/\/milieuxdumonde.com\/produit\/la-democratie-assiegee-par-le-peuple-et-desertee-par-les-elites\/#primaryimage\",\"url\":\"https:\/\/milieuxdumonde.com\/wp-content\/uploads\/2021\/02\/couverture-la-democratie.png\",\"contentUrl\":\"https:\/\/milieuxdumonde.com\/wp-content\/uploads\/2021\/02\/couverture-la-democratie.png\",\"width\":712,\"height\":1054},{\"@type\":\"BreadcrumbList\",\"@id\":\"https:\/\/milieuxdumonde.com\/produit\/la-democratie-assiegee-par-le-peuple-et-desertee-par-les-elites\/#breadcrumb\",\"itemListElement\":[{\"@type\":\"ListItem\",\"position\":1,\"name\":\"Accueil\",\"item\":\"https:\/\/milieuxdumonde.com\/\"},{\"@type\":\"ListItem\",\"position\":2,\"name\":\"Shop\",\"item\":\"https:\/\/milieuxdumonde.com\/en\/shop\/\"},{\"@type\":\"ListItem\",\"position\":3,\"name\":\"La de\u0301mocratie assie\u0301ge\u0301e par le peuple et de\u0301serte\u0301e par les e\u0301lites\"}]},{\"@type\":\"WebSite\",\"@id\":\"https:\/\/milieuxdumonde.com\/#website\",\"url\":\"https:\/\/milieuxdumonde.com\/\",\"name\":\"MILIEUX DU MONDE\",\"description\":\"Maison d\u2019\u00e9dition sp\u00e9cialis\u00e9e sur l\u2019Asie et les espaces maritimes\",\"publisher\":{\"@id\":\"https:\/\/milieuxdumonde.com\/#organization\"},\"potentialAction\":[{\"@type\":\"SearchAction\",\"target\":{\"@type\":\"EntryPoint\",\"urlTemplate\":\"https:\/\/milieuxdumonde.com\/?s={search_term_string}\"},\"query-input\":{\"@type\":\"PropertyValueSpecification\",\"valueRequired\":true,\"valueName\":\"search_term_string\"}}],\"inLanguage\":\"es\"},{\"@type\":\"Organization\",\"@id\":\"https:\/\/milieuxdumonde.com\/#organization\",\"name\":\"MILIEUX DU MONDE\",\"url\":\"https:\/\/milieuxdumonde.com\/\",\"logo\":{\"@type\":\"ImageObject\",\"inLanguage\":\"es\",\"@id\":\"https:\/\/milieuxdumonde.com\/#\/schema\/logo\/image\/\",\"url\":\"https:\/\/milieuxdumonde.com\/wp-content\/uploads\/2025\/11\/MM-Editions-recadre-linkedin.jpg\",\"contentUrl\":\"https:\/\/milieuxdumonde.com\/wp-content\/uploads\/2025\/11\/MM-Editions-recadre-linkedin.jpg\",\"width\":1664,\"height\":1664,\"caption\":\"MILIEUX DU MONDE\"},\"image\":{\"@id\":\"https:\/\/milieuxdumonde.com\/#\/schema\/logo\/image\/\"}}]}<\/script>\n<!-- \/ Yoast SEO plugin. -->","yoast_head_json":{"title":"La de\u0301mocratie assie\u0301ge\u0301e par le peuple et de\u0301serte\u0301e par les e\u0301lites - MILIEUX DU MONDE","robots":{"index":"index","follow":"follow","max-snippet":"max-snippet:-1","max-image-preview":"max-image-preview:large","max-video-preview":"max-video-preview:-1"},"canonical":"https:\/\/milieuxdumonde.com\/es\/producto\/la-democratie-assiegee-par-le-peuple-et-desertee-par-les-elites\/","og_locale":"es_ES","og_type":"article","og_title":"La de\u0301mocratie assie\u0301ge\u0301e par le peuple et de\u0301serte\u0301e par les e\u0301lites - MILIEUX DU MONDE","og_description":"Cet ouvrage raconte comment l\u2019ordre vacille, le peuple gronde, les \u00e9lites s\u2019\u00e9loignent. La d\u00e9mocratie, temple d\u00e9sert\u00e9, cherche une \u00e2me dans la tourmente d\u2019un monde d\u00e9senchant\u00e9 et sans guides.  Essai paru en septembre 2019.  Broch\u00e9 224 pages Format : 20 x 13  ISBN 978-2-9569838-0-4","og_url":"https:\/\/milieuxdumonde.com\/es\/producto\/la-democratie-assiegee-par-le-peuple-et-desertee-par-les-elites\/","og_site_name":"MILIEUX DU MONDE","article_modified_time":"2025-12-09T08:38:59+00:00","og_image":[{"width":712,"height":1054,"url":"https:\/\/milieuxdumonde.com\/wp-content\/uploads\/2021\/02\/couverture-la-democratie.png","type":"image\/png"}],"twitter_card":"summary_large_image","twitter_misc":{"Tiempo de lectura":"1 minuto"},"schema":{"@context":"https:\/\/schema.org","@graph":[{"@type":"WebPage","@id":"https:\/\/milieuxdumonde.com\/produit\/la-democratie-assiegee-par-le-peuple-et-desertee-par-les-elites\/","url":"https:\/\/milieuxdumonde.com\/produit\/la-democratie-assiegee-par-le-peuple-et-desertee-par-les-elites\/","name":"La de\u0301mocratie assie\u0301ge\u0301e par le peuple et de\u0301serte\u0301e par les e\u0301lites - MILIEUX DU MONDE","isPartOf":{"@id":"https:\/\/milieuxdumonde.com\/#website"},"primaryImageOfPage":{"@id":"https:\/\/milieuxdumonde.com\/produit\/la-democratie-assiegee-par-le-peuple-et-desertee-par-les-elites\/#primaryimage"},"image":{"@id":"https:\/\/milieuxdumonde.com\/produit\/la-democratie-assiegee-par-le-peuple-et-desertee-par-les-elites\/#primaryimage"},"thumbnailUrl":"https:\/\/milieuxdumonde.com\/wp-content\/uploads\/2021\/02\/couverture-la-democratie.png","datePublished":"2021-02-26T13:59:21+00:00","dateModified":"2025-12-09T08:38:59+00:00","breadcrumb":{"@id":"https:\/\/milieuxdumonde.com\/produit\/la-democratie-assiegee-par-le-peuple-et-desertee-par-les-elites\/#breadcrumb"},"inLanguage":"es","potentialAction":[{"@type":"ReadAction","target":["https:\/\/milieuxdumonde.com\/produit\/la-democratie-assiegee-par-le-peuple-et-desertee-par-les-elites\/"]}]},{"@type":"ImageObject","inLanguage":"es","@id":"https:\/\/milieuxdumonde.com\/produit\/la-democratie-assiegee-par-le-peuple-et-desertee-par-les-elites\/#primaryimage","url":"https:\/\/milieuxdumonde.com\/wp-content\/uploads\/2021\/02\/couverture-la-democratie.png","contentUrl":"https:\/\/milieuxdumonde.com\/wp-content\/uploads\/2021\/02\/couverture-la-democratie.png","width":712,"height":1054},{"@type":"BreadcrumbList","@id":"https:\/\/milieuxdumonde.com\/produit\/la-democratie-assiegee-par-le-peuple-et-desertee-par-les-elites\/#breadcrumb","itemListElement":[{"@type":"ListItem","position":1,"name":"Accueil","item":"https:\/\/milieuxdumonde.com\/"},{"@type":"ListItem","position":2,"name":"Shop","item":"https:\/\/milieuxdumonde.com\/en\/shop\/"},{"@type":"ListItem","position":3,"name":"La de\u0301mocratie assie\u0301ge\u0301e par le peuple et de\u0301serte\u0301e par les e\u0301lites"}]},{"@type":"WebSite","@id":"https:\/\/milieuxdumonde.com\/#website","url":"https:\/\/milieuxdumonde.com\/","name":"MILIEUX DU MONDE","description":"Maison d\u2019\u00e9dition sp\u00e9cialis\u00e9e sur l\u2019Asie et les espaces maritimes","publisher":{"@id":"https:\/\/milieuxdumonde.com\/#organization"},"potentialAction":[{"@type":"SearchAction","target":{"@type":"EntryPoint","urlTemplate":"https:\/\/milieuxdumonde.com\/?s={search_term_string}"},"query-input":{"@type":"PropertyValueSpecification","valueRequired":true,"valueName":"search_term_string"}}],"inLanguage":"es"},{"@type":"Organization","@id":"https:\/\/milieuxdumonde.com\/#organization","name":"MILIEUX DU MONDE","url":"https:\/\/milieuxdumonde.com\/","logo":{"@type":"ImageObject","inLanguage":"es","@id":"https:\/\/milieuxdumonde.com\/#\/schema\/logo\/image\/","url":"https:\/\/milieuxdumonde.com\/wp-content\/uploads\/2025\/11\/MM-Editions-recadre-linkedin.jpg","contentUrl":"https:\/\/milieuxdumonde.com\/wp-content\/uploads\/2025\/11\/MM-Editions-recadre-linkedin.jpg","width":1664,"height":1664,"caption":"MILIEUX DU MONDE"},"image":{"@id":"https:\/\/milieuxdumonde.com\/#\/schema\/logo\/image\/"}}]}},"_links":{"self":[{"href":"https:\/\/milieuxdumonde.com\/es\/wp-json\/wp\/v2\/product\/461","targetHints":{"allow":["GET"]}}],"collection":[{"href":"https:\/\/milieuxdumonde.com\/es\/wp-json\/wp\/v2\/product"}],"about":[{"href":"https:\/\/milieuxdumonde.com\/es\/wp-json\/wp\/v2\/types\/product"}],"wp:featuredmedia":[{"embeddable":true,"href":"https:\/\/milieuxdumonde.com\/es\/wp-json\/wp\/v2\/media\/709"}],"wp:attachment":[{"href":"https:\/\/milieuxdumonde.com\/es\/wp-json\/wp\/v2\/media?parent=461"}],"wp:term":[{"taxonomy":"product_brand","embeddable":true,"href":"https:\/\/milieuxdumonde.com\/es\/wp-json\/wp\/v2\/product_brand?post=461"},{"taxonomy":"product_cat","embeddable":true,"href":"https:\/\/milieuxdumonde.com\/es\/wp-json\/wp\/v2\/product_cat?post=461"},{"taxonomy":"product_tag","embeddable":true,"href":"https:\/\/milieuxdumonde.com\/es\/wp-json\/wp\/v2\/product_tag?post=461"}],"curies":[{"name":"wp","href":"https:\/\/api.w.org\/{rel}","templated":true}]}}