{"id":1756,"date":"2025-04-02T12:35:41","date_gmt":"2025-04-02T10:35:41","guid":{"rendered":"https:\/\/milieuxdumonde.com\/?page_id=1756"},"modified":"2025-10-01T18:32:46","modified_gmt":"2025-10-01T16:32:46","slug":"la-revue-n7-printemps-2025","status":"publish","type":"page","link":"https:\/\/milieuxdumonde.com\/es\/la-revue-n7-printemps-2025\/","title":{"rendered":"La Revue &#8211; N\u00b07 printemps 2025"},"content":{"rendered":"<div class=\"row row-full-width align-middle align-center\"  id=\"row-1005507693\">\n\n\t<div id=\"col-1015635004\" class=\"col small-12 large-12\"  >\n\t\t\t\t<div class=\"col-inner text-center\"  >\n\t\t\t\n\t\t\t\n\t<div id=\"stack-197053263\" class=\"stack stack-row justify-center items-center\">\n\t\t\n\t<div id=\"text-401944952\" class=\"text\">\n\t\t\n<h1 class=\"alt-font\">La Revue<\/h1>\n\t\t\n<style>\n#text-401944952 {\n  font-size: 1.05rem;\n  text-align: center;\n  color: #1e3061;\n}\n#text-401944952 > * {\n  color: #1e3061;\n}\n@media (min-width:550px) {\n  #text-401944952 {\n    font-size: 1.7rem;\n  }\n}\n<\/style>\n\t<\/div>\n\t\n\t\t\n<style>\n#stack-197053263 > * {\n  --stack-gap: 1rem;\n}\n<\/style>\n\t<\/div>\n\t\n<div class=\"text-center\"><div class=\"is-divider divider clearfix\" style=\"max-width:400px;height:2px;background-color:rgba(164, 134, 2, 0.366);\"><\/div><\/div>\n\t\t<\/div>\n\t\t\t\t\n<style>\n#col-1015635004 > .col-inner {\n  margin: 0px 0px -20px 0px;\n}\n<\/style>\n\t<\/div>\n\n\t\n<\/div>\n<div class=\"row row-full-width align-equal align-center hide-for-small\"  id=\"row-1452157184\">\n\n\t<div id=\"col-1416299253\" class=\"col small-12 large-12\"  >\n\t\t\t\t<div class=\"col-inner\"  >\n\t\t\t\n\t\t\t\n\t<div id=\"text-2053275171\" class=\"text\">\n\t\t\n<p><strong>Chaque trimestre, MILIEUX DU MONDE rassemble au sein de sa revue des publications qui ont marqu\u00e9 l\u2019actualit\u00e9. Analyses, portraits, billets et perspectives illustrent les sujets majeurs et notre vision du monde.<\/strong><br \/>\n\t\t\n<style>\n#text-2053275171 {\n  text-align: center;\n}\n<\/style>\n\t<\/div>\n\t\n\t\t<\/div>\n\t\t\t\t\t<\/div>\n\n\t\n\n<style>\n#row-1452157184 > .col > .col-inner {\n  padding: 0px 100px 0px 100px;\n}\n<\/style>\n<\/div>\n<div class=\"row row-full-width align-equal align-center show-for-small\"  id=\"row-1457416039\">\n\n\t<div id=\"col-986298643\" class=\"col small-12 large-12\"  >\n\t\t\t\t<div class=\"col-inner\"  >\n\t\t\t\n\t\t\t\n\t<div id=\"text-4069238784\" class=\"text\">\n\t\t\n<p><strong>Chaque trimestre, MILIEUX DU MONDE rassemble au sein de sa revue des publications qui ont marqu\u00e9 l\u2019actualit\u00e9. Analyses, portraits, billets et perspectives illustrent les sujets majeurs et notre vision du monde.<\/strong><br \/>\n\t\t\n<style>\n#text-4069238784 {\n  text-align: center;\n}\n<\/style>\n\t<\/div>\n\t\n\t\t<\/div>\n\t\t\t\t\t<\/div>\n\n\t\n<\/div>\n\t<div id=\"gap-2062401418\" class=\"gap-element clearfix\" style=\"display:block; height:auto;\">\n\t\t\n<style>\n#gap-2062401418 {\n  padding-top: 15px;\n}\n<\/style>\n\t<\/div>\n\t\n<div class=\"row\"  id=\"row-661080805\">\n\n\t<div id=\"col-442135091\" class=\"col medium-7 small-12 large-7\"  >\n\t\t\t\t<div class=\"col-inner\"  >\n\t\t\t\n\t\t\t\n\t<div id=\"stack-540796267\" class=\"stack stack-row justify-start items-start\">\n\t\t\n\t<div class=\"img has-hover x md-x lg-x y md-y lg-y\" id=\"image_2010336761\">\n\t\t\t\t\t\t\t\t<div class=\"img-inner dark\" >\n\t\t\t<img loading=\"lazy\" decoding=\"async\" width=\"400\" height=\"400\" src=\"https:\/\/milieuxdumonde.com\/wp-content\/uploads\/2025\/09\/editorial-dore-2-400x400.png\" class=\"attachment-medium size-medium\" alt=\"\" srcset=\"https:\/\/milieuxdumonde.com\/wp-content\/uploads\/2025\/09\/editorial-dore-2-400x400.png 400w, https:\/\/milieuxdumonde.com\/wp-content\/uploads\/2025\/09\/editorial-dore-2-280x280.png 280w, https:\/\/milieuxdumonde.com\/wp-content\/uploads\/2025\/09\/editorial-dore-2-300x300.png 300w, https:\/\/milieuxdumonde.com\/wp-content\/uploads\/2025\/09\/editorial-dore-2-100x100.png 100w, https:\/\/milieuxdumonde.com\/wp-content\/uploads\/2025\/09\/editorial-dore-2.png 526w\" sizes=\"auto, (max-width: 400px) 100vw, 400px\" \/>\t\t\t\t\t\t\n\t\t\t\t\t<\/div>\n\t\t\t\t\t\t\t\t\n<style>\n#image_2010336761 {\n  width: 3.5%;\n}\n<\/style>\n\t<\/div>\n\t\n\t<div id=\"text-2625753836\" class=\"text\">\n\t\t\n<h4><strong>\u00c9DITORIAL N\u00b07 &#8211; PRINTEMPS 2025<\/strong><\/h4>\n\t\t\n<style>\n#text-2625753836 {\n  line-height: 1.25;\n  color: rgb(148, 124, 34);\n}\n#text-2625753836 > * {\n  color: rgb(148, 124, 34);\n}\n<\/style>\n\t<\/div>\n\t\n\t\t\n<style>\n#stack-540796267 > * {\n  --stack-gap: 0.4rem;\n}\n<\/style>\n\t<\/div>\n\t\n<h1 class=\"thin-font\"><strong>HILLYBILLIES\u2019 Scories<\/strong><\/h1>\n<p>Depuis le cadeau de No\u00ebl offert au monde par Michel Gorbatchev en 1991, les probl\u00e8mes du concert des nations ont \u00e9t\u00e9 presque routiniers.<br \/>Ici et l\u00e0, on a observ\u00e9 de profondes crises \u00e9conomiques, des catastrophes majeures, des pand\u00e9mies mortif\u00e8res, des guerres r\u00e9gionales.<br \/>Au fond, ce fut le trottinement de l\u2019Histoire.<br \/>Business as usual.<\/p>\n<a href=\"https:\/\/milieuxdumonde.com\/es\/2025\/03\/25\/hillybillies-scories\/\" class=\"button primary is-bevel hp-cta hide-for-small\"  style=\"border-radius:10px;\">\n\t<i class=\"icon-angle-right\" aria-hidden=\"true\" ><\/i>\t<span>Lire l'\u00e9ditorial de Pierre Brousse<\/span>\n\t<\/a>\n\n<a href=\"https:\/\/milieuxdumonde.com\/es\/2025\/03\/25\/hillybillies-scories\/\" class=\"button primary is-bevel is-smaller hp-cta show-for-small\"  style=\"border-radius:10px;\">\n\t<i class=\"icon-angle-right\" aria-hidden=\"true\" ><\/i>\t<span>Lire l'\u00e9ditorial de Pierre Brousse<\/span>\n\t<\/a>\n\n\t\t<\/div>\n\t\t\t\t\t<\/div>\n\n\t\n\n\t<div id=\"col-1379498662\" class=\"col medium-5 small-12 large-5\"  >\n\t\t\t\t<div class=\"col-inner\"  >\n\t\t\t\n\t\t\t\n\t<div class=\"img has-hover x md-x lg-x y md-y lg-y\" id=\"image_1898348086\">\n\t\t<a class=\"\" href=\"https:\/\/milieuxdumonde.com\/es\/2025\/03\/25\/hillybillies-scories\/\" >\t\t\t\t\t\t<div class=\"img-inner image-overlay-add image-cover dark\" style=\"padding-top:56.25%;\">\n\t\t\t<img loading=\"lazy\" decoding=\"async\" width=\"1000\" height=\"563\" src=\"https:\/\/milieuxdumonde.com\/wp-content\/uploads\/2025\/10\/editorial-mars-2025-cover.jpg\" class=\"attachment-large size-large\" alt=\"\" srcset=\"https:\/\/milieuxdumonde.com\/wp-content\/uploads\/2025\/10\/editorial-mars-2025-cover.jpg 1000w, https:\/\/milieuxdumonde.com\/wp-content\/uploads\/2025\/10\/editorial-mars-2025-cover-710x400.jpg 710w, https:\/\/milieuxdumonde.com\/wp-content\/uploads\/2025\/10\/editorial-mars-2025-cover-768x432.jpg 768w, https:\/\/milieuxdumonde.com\/wp-content\/uploads\/2025\/10\/editorial-mars-2025-cover-18x10.jpg 18w, https:\/\/milieuxdumonde.com\/wp-content\/uploads\/2025\/10\/editorial-mars-2025-cover-300x169.jpg 300w, https:\/\/milieuxdumonde.com\/wp-content\/uploads\/2025\/10\/editorial-mars-2025-cover-600x338.jpg 600w\" sizes=\"auto, (max-width: 1000px) 100vw, 1000px\" \/>\t\t\t\t\t\t\t<div class=\"overlay\" style=\"background-color: rgba(148, 124, 34, 0.262)\"><\/div>\n\t\t\t\t\t\t\n\t\t\t\t\t<\/div>\n\t\t\t\t\t\t<\/a>\t\t\n<style>\n#image_1898348086 {\n  width: 100%;\n}\n<\/style>\n\t<\/div>\n\t\n\t\t<\/div>\n\t\t\t\t\t<\/div>\n\n\t\n<\/div>\n<div class=\"text-center\"><div class=\"is-divider divider clearfix\" style=\"max-width:400px;height:0px;background-color:rgba(30, 48, 97, 0.436);\"><\/div><\/div>\n\n\n\n\n\t<div id=\"gap-138784607\" class=\"gap-element clearfix\" style=\"display:block; height:auto;\">\n\t\t\n<style>\n#gap-138784607 {\n  padding-top: 10px;\n}\n<\/style>\n\t<\/div>\n\t\n\t<div id=\"gap-2079656740\" class=\"gap-element clearfix\" style=\"display:block; height:auto;\">\n\t\t\n<style>\n#gap-2079656740 {\n  padding-top: 40px;\n}\n<\/style>\n\t<\/div>\n\t\n<div class=\"text-center\"><div class=\"is-divider divider clearfix\" style=\"max-width:500px;background-color:#1e3061;\"><\/div><\/div>\n<div class=\"row\"  id=\"row-974590263\">\n\n\t<div id=\"col-1355758047\" class=\"col small-12 large-12\"  >\n\t\t\t\t<div class=\"col-inner\"  >\n\t\t\t\n\t\t\t\n<div class=\"row\"  id=\"row-292395376\">\n\n\t<div id=\"col-1866090674\" class=\"col small-12 large-12\"  >\n\t\t\t\t<div class=\"col-inner text-left\"  >\n\t\t\t\n\t\t\t\n\t<div id=\"text-4268489822\" class=\"text\">\n\t\t\n<h4><strong>PR\u00c9C\u00c9DENTS NUM\u00c9ROS<\/strong><\/h4>\n\t\t\n<style>\n#text-4268489822 {\n  line-height: 1.25;\n  text-align: left;\n  color: rgb(148, 124, 34);\n}\n#text-4268489822 > * {\n  color: rgb(148, 124, 34);\n}\n<\/style>\n\t<\/div>\n\t\n\t<div id=\"text-3508439817\" class=\"text\">\n\t\t\n<p>Pour recevoir d\u00e8s sa parution chaque nouveau num\u00e9ro de cette revue, nous proposons \u00e0 nos lecteurs de s\u2019inscrire \u00e0 notre lettre d\u2019actualit\u00e9. La revue MILIEUX DU MONDE vous sera adress\u00e9e en version num\u00e9rique tous les 3 mois.<br \/>\n\t\t\n<style>\n#text-3508439817 {\n  font-size: 0.85rem;\n  line-height: 1.2;\n  text-align: left;\n}\n<\/style>\n\t<\/div>\n\t\n<a href=\"https:\/\/milieuxdumonde.com\/es\/infolettre\/\" target=\"_blank\" class=\"button primary is-bevel is-xsmall hp-cta\" rel=\"noopener\"  style=\"border-radius:10px;\">\n\t<i class=\"icon-angle-right\" aria-hidden=\"true\" ><\/i>\t<span>S'inscrire<\/span>\n\t<\/a>\n\n\t<div id=\"stack-153239087\" class=\"stack stack-row justify-start items-center\">\n\t\t\n\t<div id=\"gap-303928392\" class=\"gap-element clearfix\" style=\"display:block; height:auto;\">\n\t\t\n<style>\n#gap-303928392 {\n  padding-top: 10px;\n}\n<\/style>\n\t<\/div>\n\t\n\t\t\n<style>\n#stack-153239087 > * {\n  --stack-gap: 1.75rem;\n}\n<\/style>\n\t<\/div>\n\t\n\t<div id=\"gap-871509178\" class=\"gap-element clearfix\" style=\"display:block; height:auto;\">\n\t\t\n<style>\n#gap-871509178 {\n  padding-top: 30px;\n}\n<\/style>\n\t<\/div>\n\t\n\t<div id=\"stack-2555835793\" class=\"stack stack-row justify-start items-stretch\">\n\t\t\n\t<div class=\"img has-hover x md-x lg-x y md-y lg-y\" id=\"image_1939787116\">\n\t\t<a class=\"\" href=\"https:\/\/milieuxdumonde.com\/es\/la-revue\/\" >\t\t\t\t\t\t<div class=\"img-inner dark\" >\n\t\t\t<img loading=\"lazy\" decoding=\"async\" width=\"585\" height=\"800\" src=\"https:\/\/milieuxdumonde.com\/wp-content\/uploads\/2025\/10\/Couverture-N9-Automne-2025-585x800.jpg\" class=\"attachment-large size-large\" alt=\"\" srcset=\"https:\/\/milieuxdumonde.com\/wp-content\/uploads\/2025\/10\/Couverture-N9-Automne-2025-585x800.jpg 585w, https:\/\/milieuxdumonde.com\/wp-content\/uploads\/2025\/10\/Couverture-N9-Automne-2025-293x400.jpg 293w, https:\/\/milieuxdumonde.com\/wp-content\/uploads\/2025\/10\/Couverture-N9-Automne-2025-768x1050.jpg 768w, https:\/\/milieuxdumonde.com\/wp-content\/uploads\/2025\/10\/Couverture-N9-Automne-2025-1124x1536.jpg 1124w, https:\/\/milieuxdumonde.com\/wp-content\/uploads\/2025\/10\/Couverture-N9-Automne-2025-1498x2048.jpg 1498w, https:\/\/milieuxdumonde.com\/wp-content\/uploads\/2025\/10\/Couverture-N9-Automne-2025-9x12.jpg 9w, https:\/\/milieuxdumonde.com\/wp-content\/uploads\/2025\/10\/Couverture-N9-Automne-2025-300x410.jpg 300w, https:\/\/milieuxdumonde.com\/wp-content\/uploads\/2025\/10\/Couverture-N9-Automne-2025-600x820.jpg 600w, https:\/\/milieuxdumonde.com\/wp-content\/uploads\/2025\/10\/Couverture-N9-Automne-2025-scaled.jpg 1873w\" sizes=\"auto, (max-width: 585px) 100vw, 585px\" \/>\t\t\t\t\t\t\n\t\t\t\t\t<\/div>\n\t\t\t\t\t\t<\/a>\t\t\n<style>\n#image_1939787116 {\n  width: 100%;\n}\n<\/style>\n\t<\/div>\n\t\n\t<div class=\"img has-hover x md-x lg-x y md-y lg-y\" id=\"image_655679423\">\n\t\t<a class=\"\" href=\"https:\/\/milieuxdumonde.com\/es\/la-revue\/la-revue-n8-ete-2025\/\" >\t\t\t\t\t\t<div class=\"img-inner dark\" >\n\t\t\t<img loading=\"lazy\" decoding=\"async\" width=\"585\" height=\"800\" src=\"https:\/\/milieuxdumonde.com\/wp-content\/uploads\/2025\/09\/Couverture-N8-Ete-2025-585x800.jpg\" class=\"attachment-large size-large\" alt=\"\" srcset=\"https:\/\/milieuxdumonde.com\/wp-content\/uploads\/2025\/09\/Couverture-N8-Ete-2025-585x800.jpg 585w, https:\/\/milieuxdumonde.com\/wp-content\/uploads\/2025\/09\/Couverture-N8-Ete-2025-293x400.jpg 293w, https:\/\/milieuxdumonde.com\/wp-content\/uploads\/2025\/09\/Couverture-N8-Ete-2025-768x1050.jpg 768w, https:\/\/milieuxdumonde.com\/wp-content\/uploads\/2025\/09\/Couverture-N8-Ete-2025-1124x1536.jpg 1124w, https:\/\/milieuxdumonde.com\/wp-content\/uploads\/2025\/09\/Couverture-N8-Ete-2025-1498x2048.jpg 1498w, https:\/\/milieuxdumonde.com\/wp-content\/uploads\/2025\/09\/Couverture-N8-Ete-2025-9x12.jpg 9w, https:\/\/milieuxdumonde.com\/wp-content\/uploads\/2025\/09\/Couverture-N8-Ete-2025-300x410.jpg 300w, https:\/\/milieuxdumonde.com\/wp-content\/uploads\/2025\/09\/Couverture-N8-Ete-2025-600x820.jpg 600w, https:\/\/milieuxdumonde.com\/wp-content\/uploads\/2025\/09\/Couverture-N8-Ete-2025-scaled.jpg 1873w\" sizes=\"auto, (max-width: 585px) 100vw, 585px\" \/>\t\t\t\t\t\t\n\t\t\t\t\t<\/div>\n\t\t\t\t\t\t<\/a>\t\t\n<style>\n#image_655679423 {\n  width: 100%;\n}\n<\/style>\n\t<\/div>\n\t\n\t<div class=\"img has-hover x md-x lg-x y md-y lg-y\" id=\"image_2076079919\">\n\t\t<a class=\"\" href=\"https:\/\/milieuxdumonde.com\/es\/la-revue\/la-revue-n7-printemps-2025\/\" >\t\t\t\t\t\t<div class=\"img-inner dark\" >\n\t\t\t<img loading=\"lazy\" decoding=\"async\" width=\"585\" height=\"800\" src=\"https:\/\/milieuxdumonde.com\/wp-content\/uploads\/2025\/09\/Couverture-N7-Printemps-2025-scaled.jpg\" class=\"attachment-large size-large\" alt=\"\" srcset=\"https:\/\/milieuxdumonde.com\/wp-content\/uploads\/2025\/09\/Couverture-N7-Printemps-2025-scaled.jpg 1873w, https:\/\/milieuxdumonde.com\/wp-content\/uploads\/2025\/09\/Couverture-N7-Printemps-2025-293x400.jpg 293w\" sizes=\"auto, (max-width: 585px) 100vw, 585px\" \/>\t\t\t\t\t\t\n\t\t\t\t\t<\/div>\n\t\t\t\t\t\t<\/a>\t\t\n<style>\n#image_2076079919 {\n  width: 100%;\n}\n<\/style>\n\t<\/div>\n\t\n\t<div class=\"img has-hover x md-x lg-x y md-y lg-y\" id=\"image_1485431923\">\n\t\t<a class=\"\" href=\"https:\/\/milieuxdumonde.com\/es\/la-revue\/la-revue-n6-hiver-2025\/\" >\t\t\t\t\t\t<div class=\"img-inner dark\" >\n\t\t\t<img loading=\"lazy\" decoding=\"async\" width=\"585\" height=\"800\" src=\"https:\/\/milieuxdumonde.com\/wp-content\/uploads\/2025\/09\/Couverture-N6-Hiver-2025-585x800.jpg\" class=\"attachment-large size-large\" alt=\"\" srcset=\"https:\/\/milieuxdumonde.com\/wp-content\/uploads\/2025\/09\/Couverture-N6-Hiver-2025-585x800.jpg 585w, https:\/\/milieuxdumonde.com\/wp-content\/uploads\/2025\/09\/Couverture-N6-Hiver-2025-293x400.jpg 293w, https:\/\/milieuxdumonde.com\/wp-content\/uploads\/2025\/09\/Couverture-N6-Hiver-2025-768x1050.jpg 768w, https:\/\/milieuxdumonde.com\/wp-content\/uploads\/2025\/09\/Couverture-N6-Hiver-2025-1124x1536.jpg 1124w, https:\/\/milieuxdumonde.com\/wp-content\/uploads\/2025\/09\/Couverture-N6-Hiver-2025-1498x2048.jpg 1498w, https:\/\/milieuxdumonde.com\/wp-content\/uploads\/2025\/09\/Couverture-N6-Hiver-2025-9x12.jpg 9w, https:\/\/milieuxdumonde.com\/wp-content\/uploads\/2025\/09\/Couverture-N6-Hiver-2025-300x410.jpg 300w, https:\/\/milieuxdumonde.com\/wp-content\/uploads\/2025\/09\/Couverture-N6-Hiver-2025-600x820.jpg 600w, https:\/\/milieuxdumonde.com\/wp-content\/uploads\/2025\/09\/Couverture-N6-Hiver-2025-scaled.jpg 1873w\" sizes=\"auto, (max-width: 585px) 100vw, 585px\" \/>\t\t\t\t\t\t\n\t\t\t\t\t<\/div>\n\t\t\t\t\t\t<\/a>\t\t\n<style>\n#image_1485431923 {\n  width: 100%;\n}\n<\/style>\n\t<\/div>\n\t\n\t\t\n<style>\n#stack-2555835793 > * {\n  --stack-gap: 1.5rem;\n}\n<\/style>\n\t<\/div>\n\t\n\t\t<\/div>\n\t\t\t\t\t<\/div>\n\n\t\n<\/div>\n\t\t<\/div>\n\t\t\t\t\t<\/div>\n\n\t\n<\/div>","protected":false},"excerpt":{"rendered":"","protected":false},"author":3,"featured_media":0,"parent":0,"menu_order":0,"comment_status":"closed","ping_status":"closed","template":"","meta":{"footnotes":""},"class_list":["post-1756","page","type-page","status-publish","hentry"],"yoast_head":"<!-- This site is optimized with the Yoast SEO plugin v27.2 - https:\/\/yoast.com\/product\/yoast-seo-wordpress\/ -->\n<title>La Revue - N\u00b07 printemps 2025 - MILIEUX DU MONDE<\/title>\n<meta name=\"robots\" content=\"index, follow, max-snippet:-1, max-image-preview:large, max-video-preview:-1\" \/>\n<link rel=\"canonical\" href=\"https:\/\/milieuxdumonde.com\/es\/la-revue__trashed\/la-revue-n7-printemps-2025\/\" \/>\n<meta property=\"og:locale\" content=\"es_ES\" \/>\n<meta property=\"og:type\" content=\"article\" \/>\n<meta property=\"og:title\" content=\"La Revue - N\u00b07 printemps 2025 - MILIEUX DU MONDE\" \/>\n<meta property=\"og:url\" content=\"https:\/\/milieuxdumonde.com\/es\/la-revue__trashed\/la-revue-n7-printemps-2025\/\" \/>\n<meta property=\"og:site_name\" content=\"MILIEUX DU MONDE\" \/>\n<meta property=\"article:modified_time\" content=\"2025-10-01T16:32:46+00:00\" \/>\n<meta property=\"og:image\" content=\"https:\/\/milieuxdumonde.com\/wp-content\/uploads\/2025\/11\/MM-Editions-recadre-linkedin.jpg\" \/>\n\t<meta property=\"og:image:width\" content=\"1664\" \/>\n\t<meta property=\"og:image:height\" content=\"1664\" \/>\n\t<meta property=\"og:image:type\" content=\"image\/jpeg\" \/>\n<meta name=\"twitter:card\" content=\"summary_large_image\" \/>\n<meta name=\"twitter:label1\" content=\"Tiempo de lectura\" \/>\n\t<meta name=\"twitter:data1\" content=\"9 minutos\" \/>\n<script type=\"application\/ld+json\" class=\"yoast-schema-graph\">{\"@context\":\"https:\/\/schema.org\",\"@graph\":[{\"@type\":\"WebPage\",\"@id\":\"https:\/\/milieuxdumonde.com\/la-revue__trashed\/la-revue-n7-printemps-2025\/\",\"url\":\"https:\/\/milieuxdumonde.com\/la-revue__trashed\/la-revue-n7-printemps-2025\/\",\"name\":\"La Revue - N\u00b07 printemps 2025 - MILIEUX DU MONDE\",\"isPartOf\":{\"@id\":\"https:\/\/milieuxdumonde.com\/#website\"},\"datePublished\":\"2025-04-02T10:35:41+00:00\",\"dateModified\":\"2025-10-01T16:32:46+00:00\",\"breadcrumb\":{\"@id\":\"https:\/\/milieuxdumonde.com\/la-revue__trashed\/la-revue-n7-printemps-2025\/#breadcrumb\"},\"inLanguage\":\"es\",\"potentialAction\":[{\"@type\":\"ReadAction\",\"target\":[\"https:\/\/milieuxdumonde.com\/la-revue__trashed\/la-revue-n7-printemps-2025\/\"]}]},{\"@type\":\"BreadcrumbList\",\"@id\":\"https:\/\/milieuxdumonde.com\/la-revue__trashed\/la-revue-n7-printemps-2025\/#breadcrumb\",\"itemListElement\":[{\"@type\":\"ListItem\",\"position\":1,\"name\":\"Accueil\",\"item\":\"https:\/\/milieuxdumonde.com\/\"},{\"@type\":\"ListItem\",\"position\":2,\"name\":\"La Revue &#8211; N\u00b07 printemps 2025\"}]},{\"@type\":\"WebSite\",\"@id\":\"https:\/\/milieuxdumonde.com\/#website\",\"url\":\"https:\/\/milieuxdumonde.com\/\",\"name\":\"MILIEUX DU MONDE\",\"description\":\"Maison d\u2019\u00e9dition sp\u00e9cialis\u00e9e sur l\u2019Asie et les espaces maritimes\",\"publisher\":{\"@id\":\"https:\/\/milieuxdumonde.com\/#organization\"},\"potentialAction\":[{\"@type\":\"SearchAction\",\"target\":{\"@type\":\"EntryPoint\",\"urlTemplate\":\"https:\/\/milieuxdumonde.com\/?s={search_term_string}\"},\"query-input\":{\"@type\":\"PropertyValueSpecification\",\"valueRequired\":true,\"valueName\":\"search_term_string\"}}],\"inLanguage\":\"es\"},{\"@type\":\"Organization\",\"@id\":\"https:\/\/milieuxdumonde.com\/#organization\",\"name\":\"MILIEUX DU MONDE\",\"url\":\"https:\/\/milieuxdumonde.com\/\",\"logo\":{\"@type\":\"ImageObject\",\"inLanguage\":\"es\",\"@id\":\"https:\/\/milieuxdumonde.com\/#\/schema\/logo\/image\/\",\"url\":\"https:\/\/milieuxdumonde.com\/wp-content\/uploads\/2025\/11\/MM-Editions-recadre-linkedin.jpg\",\"contentUrl\":\"https:\/\/milieuxdumonde.com\/wp-content\/uploads\/2025\/11\/MM-Editions-recadre-linkedin.jpg\",\"width\":1664,\"height\":1664,\"caption\":\"MILIEUX DU MONDE\"},\"image\":{\"@id\":\"https:\/\/milieuxdumonde.com\/#\/schema\/logo\/image\/\"}}]}<\/script>\n<!-- \/ Yoast SEO plugin. -->","yoast_head_json":{"title":"La Revue - N\u00b07 printemps 2025 - MILIEUX DU MONDE","robots":{"index":"index","follow":"follow","max-snippet":"max-snippet:-1","max-image-preview":"max-image-preview:large","max-video-preview":"max-video-preview:-1"},"canonical":"https:\/\/milieuxdumonde.com\/es\/la-revue__trashed\/la-revue-n7-printemps-2025\/","og_locale":"es_ES","og_type":"article","og_title":"La Revue - N\u00b07 printemps 2025 - MILIEUX DU MONDE","og_url":"https:\/\/milieuxdumonde.com\/es\/la-revue__trashed\/la-revue-n7-printemps-2025\/","og_site_name":"MILIEUX DU MONDE","article_modified_time":"2025-10-01T16:32:46+00:00","og_image":[{"width":1664,"height":1664,"url":"https:\/\/milieuxdumonde.com\/wp-content\/uploads\/2025\/11\/MM-Editions-recadre-linkedin.jpg","type":"image\/jpeg"}],"twitter_card":"summary_large_image","twitter_misc":{"Tiempo de lectura":"9 minutos"},"schema":{"@context":"https:\/\/schema.org","@graph":[{"@type":"WebPage","@id":"https:\/\/milieuxdumonde.com\/la-revue__trashed\/la-revue-n7-printemps-2025\/","url":"https:\/\/milieuxdumonde.com\/la-revue__trashed\/la-revue-n7-printemps-2025\/","name":"La Revue - N\u00b07 printemps 2025 - MILIEUX DU MONDE","isPartOf":{"@id":"https:\/\/milieuxdumonde.com\/#website"},"datePublished":"2025-04-02T10:35:41+00:00","dateModified":"2025-10-01T16:32:46+00:00","breadcrumb":{"@id":"https:\/\/milieuxdumonde.com\/la-revue__trashed\/la-revue-n7-printemps-2025\/#breadcrumb"},"inLanguage":"es","potentialAction":[{"@type":"ReadAction","target":["https:\/\/milieuxdumonde.com\/la-revue__trashed\/la-revue-n7-printemps-2025\/"]}]},{"@type":"BreadcrumbList","@id":"https:\/\/milieuxdumonde.com\/la-revue__trashed\/la-revue-n7-printemps-2025\/#breadcrumb","itemListElement":[{"@type":"ListItem","position":1,"name":"Accueil","item":"https:\/\/milieuxdumonde.com\/"},{"@type":"ListItem","position":2,"name":"La Revue &#8211; N\u00b07 printemps 2025"}]},{"@type":"WebSite","@id":"https:\/\/milieuxdumonde.com\/#website","url":"https:\/\/milieuxdumonde.com\/","name":"MILIEUX DU MONDE","description":"Maison d\u2019\u00e9dition sp\u00e9cialis\u00e9e sur l\u2019Asie et les espaces maritimes","publisher":{"@id":"https:\/\/milieuxdumonde.com\/#organization"},"potentialAction":[{"@type":"SearchAction","target":{"@type":"EntryPoint","urlTemplate":"https:\/\/milieuxdumonde.com\/?s={search_term_string}"},"query-input":{"@type":"PropertyValueSpecification","valueRequired":true,"valueName":"search_term_string"}}],"inLanguage":"es"},{"@type":"Organization","@id":"https:\/\/milieuxdumonde.com\/#organization","name":"MILIEUX DU MONDE","url":"https:\/\/milieuxdumonde.com\/","logo":{"@type":"ImageObject","inLanguage":"es","@id":"https:\/\/milieuxdumonde.com\/#\/schema\/logo\/image\/","url":"https:\/\/milieuxdumonde.com\/wp-content\/uploads\/2025\/11\/MM-Editions-recadre-linkedin.jpg","contentUrl":"https:\/\/milieuxdumonde.com\/wp-content\/uploads\/2025\/11\/MM-Editions-recadre-linkedin.jpg","width":1664,"height":1664,"caption":"MILIEUX DU MONDE"},"image":{"@id":"https:\/\/milieuxdumonde.com\/#\/schema\/logo\/image\/"}}]}},"_links":{"self":[{"href":"https:\/\/milieuxdumonde.com\/es\/wp-json\/wp\/v2\/pages\/1756","targetHints":{"allow":["GET"]}}],"collection":[{"href":"https:\/\/milieuxdumonde.com\/es\/wp-json\/wp\/v2\/pages"}],"about":[{"href":"https:\/\/milieuxdumonde.com\/es\/wp-json\/wp\/v2\/types\/page"}],"author":[{"embeddable":true,"href":"https:\/\/milieuxdumonde.com\/es\/wp-json\/wp\/v2\/users\/3"}],"replies":[{"embeddable":true,"href":"https:\/\/milieuxdumonde.com\/es\/wp-json\/wp\/v2\/comments?post=1756"}],"version-history":[{"count":5,"href":"https:\/\/milieuxdumonde.com\/es\/wp-json\/wp\/v2\/pages\/1756\/revisions"}],"predecessor-version":[{"id":1796,"href":"https:\/\/milieuxdumonde.com\/es\/wp-json\/wp\/v2\/pages\/1756\/revisions\/1796"}],"wp:attachment":[{"href":"https:\/\/milieuxdumonde.com\/es\/wp-json\/wp\/v2\/media?parent=1756"}],"curies":[{"name":"wp","href":"https:\/\/api.w.org\/{rel}","templated":true}]}}