{"id":1257,"date":"2025-08-01T13:47:46","date_gmt":"2025-08-01T11:47:46","guid":{"rendered":"https:\/\/milieuxdumonde.com\/?page_id=1257"},"modified":"2025-10-01T15:24:35","modified_gmt":"2025-10-01T13:24:35","slug":"cgv","status":"publish","type":"page","link":"https:\/\/milieuxdumonde.com\/es\/cgv\/","title":{"rendered":"CGV"},"content":{"rendered":"<h1>Conditions g\u00e9n\u00e9rales de vente<\/h1>\n<div class=\"description\">\n<p>Les pr\u00e9sentes conditions g\u00e9n\u00e9rales de vente s&rsquo;appliquent \u00e0 toutes les ventes conclues par le biais du site internet www.milieuxdumonde.com(ci-apr\u00e8s d\u00e9nomm\u00e9 le \u00ab Site \u00bb).<br \/>MILIEUX DU MONDE \u00c9ditions se r\u00e9servent le droit de modifier \u00e0 tout moment ces conditions g\u00e9n\u00e9rales de ventes en publiant une nouvelle version sur le Site. Les conditions g\u00e9n\u00e9rales de vente s&rsquo;appliquant \u00e0 une vente sont celles publi\u00e9es \u00e0 la date de la passation de la commande.<\/p>\n<h2><strong>1. Prix<\/strong><\/h2>\n<p>Les prix affich\u00e9s sur ce site s&rsquo;entendent nets toutes taxes comprises (TTC), hors frais de port. Ils sont modifiables \u00e0 tout moment sans pr\u00e9avis, sachant que les articles seront factur\u00e9s sur la base en vigueur \u00e0 l&rsquo;enregistrement de la commande. Les livres sont vendus dans le respect des dispositions applicables et plus particuli\u00e8rement de la loi Lang sur le prix unique du livre, ce dernier, hors frais de port, \u00e9tant fix\u00e9 par l&rsquo;\u00e9diteur.<\/p>\n<p>Les clients hors de France, membres de l&rsquo;Union europ\u00e9enne, d\u00e9tenteurs d&rsquo;un num\u00e9ro de TVA intracommunautaire et souhaitant une facturation hors taxe sont pri\u00e9s de bien vouloir contacter contact@milieuxdumonde.com pour \u00e9tablissement d&rsquo;une facture proforma.<\/p>\n<h2><strong>2. Commandes<\/strong><\/h2>\n<p>Pour passer commande sur le Site, tout nouveau Client doit renseigner les champs qui lui sont propos\u00e9s pour permettre le traitement, la facturation, le paiement et l&rsquo;exp\u00e9dition de sa commande, et pour permettre \u00e0 nos \u00e9quipes de l&rsquo;informer de l&rsquo;avancement de celle-ci. Son adresse \u00e9lectronique et un mot de passe de son choix lui serviront d&rsquo;identifiant pour se connecter ult\u00e9rieurement sur le site.<\/p>\n<p>Le Client d\u00e9j\u00e0 titulaire d&rsquo;un compte doit s&rsquo;identifier au moyen de son adresse \u00e9lectronique et de son mot de passe personnel. Il accepte que la saisie de ces deux \u00e9l\u00e9ments vaille preuve de son identit\u00e9.<\/p>\n<p>Le choix du produit et les options de livraison permettent le calcul du montant total de la commande.<\/p>\n<p>Pour valider sa commande et proc\u00e9der au r\u00e8glement, le Client doit prendre connaissance et accepter les pr\u00e9sentes conditions g\u00e9n\u00e9rales de vente.<\/p>\n<h2><strong>3. Frais de port<\/strong><\/h2>\n<p>Les frais de port comprennent une participation aux frais de pr\u00e9paration, d&#8217;emballage et d&rsquo;affranchissement.<\/p>\n<p>Les frais de port des commandes envoy\u00e9es par colis postal sont forfaitaires, compos\u00e9s d&rsquo;une partie fixe et d&rsquo;une partie d\u00e9pendant du nombre d&rsquo;articles command\u00e9s. Ils d\u00e9pendent de la destination de l&rsquo;envoi. Livraison sous 7 jours en France m\u00e9tropolitaine, en fonction des d\u00e9lais de livraison de l\u2019exp\u00e9diteur.<\/p>\n<p>Les frais de port font l&rsquo;objet d&rsquo;un r\u00e9capitulatif en bas de la page \u00ab\u00a0Panier\u00a0\u00bb, avant validation de la commande.<\/p>\n<p>Pour toute livraison ext\u00e9rieure \u00e0 la France m\u00e9tropolitaine, les \u00e9ventuels frais de douanes ou taxes locales restent \u00e0 la charge du destinataire et rel\u00e8vent de sa responsabilit\u00e9. Nous conseillons aux clients concern\u00e9s de se renseigner aupr\u00e8s des autorit\u00e9s comp\u00e9tentes de leurs pays.<\/p>\n<h2><strong>4. Paiement<\/strong><\/h2>\n<p>Les commandes sont payables en totalit\u00e9 et en un seul versement \u00e0 la commande.<\/p>\n<p>Le r\u00e8glement peut s&rsquo;effectuer par carte bancaire (Visa, Mastercard) ou Stripe.<br \/>Ces diff\u00e9rents moyens de paiement sont confi\u00e9s \u00e0 la plateforme de paiement s\u00e9curis\u00e9 Stripe qui crypte puis transmet les donn\u00e9es de paiement \u00e0 la banque. La page recueillant les donn\u00e9es de paiement (num\u00e9ro de carte, date d&rsquo;expiration et cryptogramme) est hautement s\u00e9curis\u00e9e et \u00e0 aucun moment ces donn\u00e9es ne sont collect\u00e9es par le Site.<br \/>Le Site vous propose \u00e9galement d&rsquo;enregistrer vos donn\u00e9es de paiement pour un prochain achat. De la m\u00eame mani\u00e8re, ces donn\u00e9es sont crypt\u00e9es et conserv\u00e9es par la plateforme Stripe et ne transitent aucunement par le syst\u00e8me informatique de MILIEUX DU MONDE \u00c9ditions.<\/p>\n<p>Par ailleurs, le serveur et les pages du Site font l&rsquo;objet d&rsquo;une s\u00e9curisation S.S.L. (Secure Socket Layer). Les paiements sont s\u00e9curis\u00e9s par une identification 3D-secure (Visa, MasterCard) ou Stripe.<\/p>\n<h2><strong>5. Facturation<\/strong><\/h2>\n<p>Toutes les commandes sont factur\u00e9es et payables en euros.<\/p>\n<p>La facture d&rsquo;achat est envoy\u00e9e par mail au client d\u00e8s r\u00e9ception de son r\u00e8glement.<br \/>Pour les paiements par Stripe, il arrive que la validation du paiement soit un peu longue, retardant d&rsquo;autant l&rsquo;envoi de la facture et le traitement de la commande.<\/p>\n<p>Il est possible de faire \u00e9tablir une facture \u00e0 une adresse diff\u00e9rente de l&rsquo;adresse de livraison. Le Client devra pour cela cocher la case \u00ab\u00a0Coordonn\u00e9es de facturation diff\u00e9rente\u00a0\u00bb et renseigner son adresse de facturation.<\/p>\n<h2><strong>6. Livraison<\/strong><\/h2>\n<p>\u00c0 r\u00e9ception du paiement, le Client recevra une confirmation de commande par email suivie, sous trois jours ouvr\u00e9s, d&rsquo;un avis d&rsquo;exp\u00e9dition.<\/p>\n<p>Le Client est inform\u00e9 qu&rsquo;il lui appartient de fournir exactement toutes les pr\u00e9cisions n\u00e9cessaires au bon acheminement de sa commande et \u00e0 la parfaite livraison (digicode, \u00e9tage, sp\u00e9cifications d&rsquo;acc\u00e8s&#8230;). Si l&rsquo;adresse de livraison renseign\u00e9e par le Client n&rsquo;est pas valide et induit un retour du colis pour non r\u00e9ception \u00e0 l&rsquo;adresse indiqu\u00e9e, les frais de r\u00e9exp\u00e9dition du colis \u00e0 la nouvelle adresse transmise seront \u00e0 la charge du Client. Le Client assume enti\u00e8rement et exclusivement les risques relatifs aux articles \u00e0 compter de leur livraison.<\/p>\n<p>En cas de probl\u00e8me \u00e0 r\u00e9ception de la commande (produit non conforme \u00e0 la commande, produit manquant ou ab\u00eem\u00e9), le Client notifiera cette anomalie \u00e0 contact@milieuxdumonde.com dans un d\u00e9lai de 14 jours.<\/p>\n<h2><strong>7. Cas des livres num\u00e9riques<\/strong><\/h2>\n<p>Lors de l\u2019achat d\u2019un livre num\u00e9rique par le client, l\u2019\u00e9diteur lui conc\u00e8de une licence d\u2019utilisation du livre pour un usage strictement personnel, priv\u00e9 et gratuit. Hors des cas pr\u00e9vus par la l\u00e9gislation en vigueur, toute reproduction, adaptation ou repr\u00e9sentation sous quelque forme et par quelque moyen que ce soit, et particuli\u00e8rement la revente, l\u2019\u00e9change, le louage et le transfert \u00e0 un tiers, sont interdits.<\/p>\n<p>Les livres num\u00e9riques ne pourront donc pas \u00eatre transf\u00e9r\u00e9s librement sur des appareils \u00e9lectroniques diff\u00e9rents de celui qui a \u00e9t\u00e9 utilis\u00e9 pour le premier t\u00e9l\u00e9chargement ou la premi\u00e8re consultation, en dehors des limites des transferts autoris\u00e9s pour l\u2019exercice de la copie priv\u00e9e num\u00e9rique.<\/p>\n<p>Toute utilisation des livres num\u00e9riques hors du cadre d\u00e9fini dans les pr\u00e9sentes conditions g\u00e9n\u00e9rales de vente constitue un acte de contrefa\u00e7on, qui expose l\u2019utilisateur final \u00e0 des poursuites judiciaires dans le cadre des dispositions l\u00e9gales et r\u00e9glementaires en vigueur.<\/p>\n<h2><strong>8. Disponibilit\u00e9 des articles<\/strong><\/h2>\n<p>En cas d&rsquo;indisponibilit\u00e9 d&rsquo;un article, le Client en est inform\u00e9 dans les meilleurs d\u00e9lais par email. Il a le choix de maintenir sa commande, en cas de retour en stock pr\u00e9vue rapidement, ou de l&rsquo;annuler. Il sera alors rembours\u00e9 en totalit\u00e9.<\/p>\n<h2><strong>9. Droit de r\u00e9tractation<\/strong><\/h2>\n<p>Le Client a un droit de r\u00e9tractation de 14 jours \u00e0 partir du lendemain du jour o\u00f9 il entre en possession du bien, sauf si, dans le cas d&rsquo;un achat de livre num\u00e9rique, il a renonc\u00e9 express\u00e9ment \u00e0 son droit de r\u00e9tractation.<br \/>Afin d&rsquo;exercer ce droit, le Client doit envoyer un courrier \u00e0 contact@milieuxdumonde.com dans les 14 jours suivant la r\u00e9ception de sa commande. Notre service client indiquera l&rsquo;adresse \u00e0 laquelle le produit doit \u00eatre retourn\u00e9 (en France m\u00e9tropolitaine). Les frais de retour seront \u00e0 la charge du Client.<\/p>\n<h2><strong>10. Garantie l\u00e9gale de conformit\u00e9<\/strong><\/h2>\n<p>Nos produits b\u00e9n\u00e9ficient du r\u00e9gime l\u00e9gal de garantie de conformit\u00e9.<\/p>\n<h3>Article L217-4 du Code de la consommation<\/h3>\n<p>Le vendeur livre un bien conforme au contrat et r\u00e9pond des d\u00e9fauts de conformit\u00e9 existant lors de la d\u00e9livrance.<br \/>Il r\u00e9pond \u00e9galement des d\u00e9fauts de conformit\u00e9 r\u00e9sultant de l&#8217;emballage, des instructions de montage ou de l&rsquo;installation lorsque celle-ci a \u00e9t\u00e9 mise \u00e0 sa charge par le contrat ou a \u00e9t\u00e9 r\u00e9alis\u00e9e sous sa responsabilit\u00e9.<\/p>\n<h3>Article L217-5 du Code de la consommation<\/h3>\n<p>Le bien est conforme au contrat\u00a0:<br \/>1\u00b0 S&rsquo;il est propre \u00e0 l&rsquo;usage habituellement attendu d&rsquo;un bien semblable et, le cas \u00e9ch\u00e9ant :<br \/>&#8211; s&rsquo;il correspond \u00e0 la description donn\u00e9e par le vendeur et poss\u00e8de les qualit\u00e9s que celui-ci a pr\u00e9sent\u00e9es \u00e0 l&rsquo;acheteur\u00a0;<br \/>&#8211; s&rsquo;il pr\u00e9sente les qualit\u00e9s qu&rsquo;un acheteur peut l\u00e9gitimement attendre eu \u00e9gard aux d\u00e9clarations publiques faites par le vendeur, notamment dans la publicit\u00e9 ou l&rsquo;\u00e9tiquetage\u00a0;<br \/>2\u00b0 Ou s&rsquo;il pr\u00e9sente les caract\u00e9ristiques d\u00e9finies d&rsquo;un commun accord par les parties ou est propre \u00e0 tout usage sp\u00e9cial recherch\u00e9 par l&rsquo;acheteur, port\u00e9 \u00e0 la connaissance du vendeur et que ce dernier a accept\u00e9.<\/p>\n<h3>Article L217-12 du Code de la consommation<\/h3>\n<p>L&rsquo;action r\u00e9sultant du d\u00e9faut de conformit\u00e9 se prescrit par deux ans \u00e0 compter de la d\u00e9livrance du bien.<\/p>\n<h3>Article 1641 du Code civil<\/h3>\n<p>Le vendeur est tenu de la garantie \u00e0 raison des d\u00e9fauts cach\u00e9s de la chose vendue qui la rende impropre \u00e0 l&rsquo;usage auquel on la destine, ou qui diminuent tellement cet usage, que l&rsquo;acheteur ne l&rsquo;aurait pas acquise, ou n&rsquo;en aurait donn\u00e9 qu&rsquo;un moindre prix, s&rsquo;il les avait connus.<\/p>\n<h3>Article 1644 du Code civil<\/h3>\n<p>Dans le cas des articles 1641 et 1643, l&rsquo;acheteur a le choix de rendre la chose et de se faire restituer le prix, ou de garder la chose et de se faire rendre une partie du prix.<\/p>\n<h3>Article 1648 alin\u00e9a 1er du Code civil<\/h3>\n<p>L&rsquo;action r\u00e9sultant des vices r\u00e9dhibitoires doit \u00eatre intent\u00e9e par l&rsquo;acqu\u00e9reur dans un d\u00e9lai de deux ans \u00e0 compter de la d\u00e9couverte du vice.<\/p>\n<h2><strong>11. Acceptation de l&rsquo;acqu\u00e9reur<\/strong><\/h2>\n<p>Les pr\u00e9sentes conditions g\u00e9n\u00e9rales de vente ainsi que les tarifs sont express\u00e9ment agr\u00e9\u00e9s et accept\u00e9s par le Client, qui d\u00e9clare et reconna\u00eet en avoir une parfaite connaissance, et renonce, de ce fait, \u00e0 se pr\u00e9valoir de tout document contradictoire et, notamment, ses propres conditions g\u00e9n\u00e9rales d&rsquo;achat, l&rsquo;acte d&rsquo;achat entra\u00eenant acceptation des pr\u00e9sentes conditions g\u00e9n\u00e9rales de vente.<\/p>\n<h2><strong>11. Propri\u00e9t\u00e9 intellectuelle<\/strong><\/h2>\n<p>La structure du Site ainsi que l\u2019ensemble des contenus diffus\u00e9s sur le Site sont prot\u00e9g\u00e9s par la l\u00e9gislation relative \u00e0 la propri\u00e9t\u00e9 intellectuelle.<\/p>\n<p>Les photographies, illustrations, dessins ou tout autre graphique, documents, les signes, signaux, \u00e9crits, images, sons ou messages de toute nature figurant sur le Site (ci-apr\u00e8s \u00ab les Contenus \u00bb) ne peuvent faire l\u2019objet d\u2019aucune reproduction ou repr\u00e9sentation sans l\u2019autorisation pr\u00e9alable expresse et \u00e9crite de la soci\u00e9t\u00e9 MILIEUX DU MONDE \u00c9ditions.<\/p>\n<h2><strong>12. Politique fouille de textes et de donn\u00e9es &lt;TDM-RESERVATION: 1&gt;<\/strong><\/h2>\n<p>La Soci\u00e9t\u00e9 MILIEUX DU MONDE \u00c9ditions s\u2019oppose \u00e0 toutes op\u00e9rations de moissonnage et de fouille de textes et de donn\u00e9es au sens de l\u2019article L. 122-5-3 du code de la propri\u00e9t\u00e9 intellectuelle.<\/p>\n<p>Cette opposition couvre l\u2019ensemble du Site et des Contenus auxquels il donne acc\u00e8s.<\/p>\n<p>Toutes op\u00e9rations de moissonnage et de fouille de textes et de donn\u00e9es visant le Site et ses Contenus, y compris par des dispositifs de collecte automatis\u00e9e de donn\u00e9es constituent donc des actes de contrefa\u00e7on sauf obtention d\u2019un accord sp\u00e9cifique formellement exprim\u00e9 de MILIEUX DU MONDE \u00c9ditions.<\/p>\n<p>L\u2019article R. 122-28 du code de la propri\u00e9t\u00e9 intellectuelle pr\u00e9cisant que l&rsquo;opposition mentionn\u00e9e au III de l&rsquo;article L. 122-5-3 peut \u00eatre exprim\u00e9e par tout moyen, y compris par le recours \u00e0 des conditions g\u00e9n\u00e9rales d&rsquo;utilisation d&rsquo;un site internet ou d&rsquo;un service, l\u2019absence de metadonn\u00e9es associ\u00e9es au Site, r\u00e9pertoires du Site, Contenus du Site est sans incidence sur l\u2019exercice du droit d\u2019opposition exprim\u00e9 par les pr\u00e9sentes conditions g\u00e9n\u00e9rales d\u2019utilisation.<\/p>\n<p>Pour faciliter la lecture de ce droit d\u2019opposition par tout dispositif de collecte automatis\u00e9e de donn\u00e9es, cette opposition est \u00e9galement exprim\u00e9e ainsi &lt;TDM-RESERVATION: 1&gt;.<a href=\"#_ftnref1\" name=\"_ftn1\"><\/a><\/p>\n<\/div>","protected":false},"excerpt":{"rendered":"<p>Conditions g\u00e9n\u00e9rales de vente Les pr\u00e9sentes conditions g\u00e9n\u00e9rales de vente s&rsquo;appliquent \u00e0 toutes les ventes conclues par le biais du site internet www.milieuxdumonde.com(ci-apr\u00e8s d\u00e9nomm\u00e9 le \u00ab Site \u00bb).MILIEUX DU MONDE \u00c9ditions se r\u00e9servent le droit de modifier \u00e0 tout moment ces conditions g\u00e9n\u00e9rales de ventes en publiant une nouvelle version sur le Site. Les conditions [&#8230;]","protected":false},"author":3,"featured_media":0,"parent":0,"menu_order":0,"comment_status":"closed","ping_status":"closed","template":"","meta":{"footnotes":""},"class_list":["post-1257","page","type-page","status-publish","hentry"],"yoast_head":"<!-- This site is optimized with the Yoast SEO plugin v27.2 - https:\/\/yoast.com\/product\/yoast-seo-wordpress\/ -->\n<title>CGV - MILIEUX DU MONDE<\/title>\n<meta name=\"robots\" content=\"index, follow, max-snippet:-1, max-image-preview:large, max-video-preview:-1\" \/>\n<link rel=\"canonical\" href=\"https:\/\/milieuxdumonde.com\/es\/cgv\/\" \/>\n<meta property=\"og:locale\" content=\"es_ES\" \/>\n<meta property=\"og:type\" content=\"article\" \/>\n<meta property=\"og:title\" content=\"CGV - MILIEUX DU MONDE\" \/>\n<meta property=\"og:description\" content=\"Conditions g\u00e9n\u00e9rales de vente Les pr\u00e9sentes conditions g\u00e9n\u00e9rales de vente s&rsquo;appliquent \u00e0 toutes les ventes conclues par le biais du site internet www.milieuxdumonde.com(ci-apr\u00e8s d\u00e9nomm\u00e9 le \u00ab Site \u00bb).MILIEUX DU MONDE \u00c9ditions se r\u00e9servent le droit de modifier \u00e0 tout moment ces conditions g\u00e9n\u00e9rales de ventes en publiant une nouvelle version sur le Site. Les conditions [...]\" \/>\n<meta property=\"og:url\" content=\"https:\/\/milieuxdumonde.com\/es\/cgv\/\" \/>\n<meta property=\"og:site_name\" content=\"MILIEUX DU MONDE\" \/>\n<meta property=\"article:modified_time\" content=\"2025-10-01T13:24:35+00:00\" \/>\n<meta property=\"og:image\" content=\"https:\/\/milieuxdumonde.com\/wp-content\/uploads\/2025\/11\/MM-Editions-recadre-linkedin.jpg\" \/>\n\t<meta property=\"og:image:width\" content=\"1664\" \/>\n\t<meta property=\"og:image:height\" content=\"1664\" \/>\n\t<meta property=\"og:image:type\" content=\"image\/jpeg\" \/>\n<meta name=\"twitter:card\" content=\"summary_large_image\" \/>\n<meta name=\"twitter:label1\" content=\"Tiempo de lectura\" \/>\n\t<meta name=\"twitter:data1\" content=\"10 minutos\" \/>\n<script type=\"application\/ld+json\" class=\"yoast-schema-graph\">{\"@context\":\"https:\/\/schema.org\",\"@graph\":[{\"@type\":\"WebPage\",\"@id\":\"https:\/\/milieuxdumonde.com\/cgv\/\",\"url\":\"https:\/\/milieuxdumonde.com\/cgv\/\",\"name\":\"CGV - MILIEUX DU MONDE\",\"isPartOf\":{\"@id\":\"https:\/\/milieuxdumonde.com\/#website\"},\"datePublished\":\"2025-08-01T11:47:46+00:00\",\"dateModified\":\"2025-10-01T13:24:35+00:00\",\"breadcrumb\":{\"@id\":\"https:\/\/milieuxdumonde.com\/cgv\/#breadcrumb\"},\"inLanguage\":\"es\",\"potentialAction\":[{\"@type\":\"ReadAction\",\"target\":[\"https:\/\/milieuxdumonde.com\/cgv\/\"]}]},{\"@type\":\"BreadcrumbList\",\"@id\":\"https:\/\/milieuxdumonde.com\/cgv\/#breadcrumb\",\"itemListElement\":[{\"@type\":\"ListItem\",\"position\":1,\"name\":\"Accueil\",\"item\":\"https:\/\/milieuxdumonde.com\/\"},{\"@type\":\"ListItem\",\"position\":2,\"name\":\"CGV\"}]},{\"@type\":\"WebSite\",\"@id\":\"https:\/\/milieuxdumonde.com\/#website\",\"url\":\"https:\/\/milieuxdumonde.com\/\",\"name\":\"MILIEUX DU MONDE\",\"description\":\"Maison d\u2019\u00e9dition sp\u00e9cialis\u00e9e sur l\u2019Asie et les espaces maritimes\",\"publisher\":{\"@id\":\"https:\/\/milieuxdumonde.com\/#organization\"},\"potentialAction\":[{\"@type\":\"SearchAction\",\"target\":{\"@type\":\"EntryPoint\",\"urlTemplate\":\"https:\/\/milieuxdumonde.com\/?s={search_term_string}\"},\"query-input\":{\"@type\":\"PropertyValueSpecification\",\"valueRequired\":true,\"valueName\":\"search_term_string\"}}],\"inLanguage\":\"es\"},{\"@type\":\"Organization\",\"@id\":\"https:\/\/milieuxdumonde.com\/#organization\",\"name\":\"MILIEUX DU MONDE\",\"url\":\"https:\/\/milieuxdumonde.com\/\",\"logo\":{\"@type\":\"ImageObject\",\"inLanguage\":\"es\",\"@id\":\"https:\/\/milieuxdumonde.com\/#\/schema\/logo\/image\/\",\"url\":\"https:\/\/milieuxdumonde.com\/wp-content\/uploads\/2025\/11\/MM-Editions-recadre-linkedin.jpg\",\"contentUrl\":\"https:\/\/milieuxdumonde.com\/wp-content\/uploads\/2025\/11\/MM-Editions-recadre-linkedin.jpg\",\"width\":1664,\"height\":1664,\"caption\":\"MILIEUX DU MONDE\"},\"image\":{\"@id\":\"https:\/\/milieuxdumonde.com\/#\/schema\/logo\/image\/\"}}]}<\/script>\n<!-- \/ Yoast SEO plugin. -->","yoast_head_json":{"title":"CGV - MILIEUX DU MONDE","robots":{"index":"index","follow":"follow","max-snippet":"max-snippet:-1","max-image-preview":"max-image-preview:large","max-video-preview":"max-video-preview:-1"},"canonical":"https:\/\/milieuxdumonde.com\/es\/cgv\/","og_locale":"es_ES","og_type":"article","og_title":"CGV - MILIEUX DU MONDE","og_description":"Conditions g\u00e9n\u00e9rales de vente Les pr\u00e9sentes conditions g\u00e9n\u00e9rales de vente s&rsquo;appliquent \u00e0 toutes les ventes conclues par le biais du site internet www.milieuxdumonde.com(ci-apr\u00e8s d\u00e9nomm\u00e9 le \u00ab Site \u00bb).MILIEUX DU MONDE \u00c9ditions se r\u00e9servent le droit de modifier \u00e0 tout moment ces conditions g\u00e9n\u00e9rales de ventes en publiant une nouvelle version sur le Site. Les conditions [...]","og_url":"https:\/\/milieuxdumonde.com\/es\/cgv\/","og_site_name":"MILIEUX DU MONDE","article_modified_time":"2025-10-01T13:24:35+00:00","og_image":[{"width":1664,"height":1664,"url":"https:\/\/milieuxdumonde.com\/wp-content\/uploads\/2025\/11\/MM-Editions-recadre-linkedin.jpg","type":"image\/jpeg"}],"twitter_card":"summary_large_image","twitter_misc":{"Tiempo de lectura":"10 minutos"},"schema":{"@context":"https:\/\/schema.org","@graph":[{"@type":"WebPage","@id":"https:\/\/milieuxdumonde.com\/cgv\/","url":"https:\/\/milieuxdumonde.com\/cgv\/","name":"CGV - MILIEUX DU MONDE","isPartOf":{"@id":"https:\/\/milieuxdumonde.com\/#website"},"datePublished":"2025-08-01T11:47:46+00:00","dateModified":"2025-10-01T13:24:35+00:00","breadcrumb":{"@id":"https:\/\/milieuxdumonde.com\/cgv\/#breadcrumb"},"inLanguage":"es","potentialAction":[{"@type":"ReadAction","target":["https:\/\/milieuxdumonde.com\/cgv\/"]}]},{"@type":"BreadcrumbList","@id":"https:\/\/milieuxdumonde.com\/cgv\/#breadcrumb","itemListElement":[{"@type":"ListItem","position":1,"name":"Accueil","item":"https:\/\/milieuxdumonde.com\/"},{"@type":"ListItem","position":2,"name":"CGV"}]},{"@type":"WebSite","@id":"https:\/\/milieuxdumonde.com\/#website","url":"https:\/\/milieuxdumonde.com\/","name":"MILIEUX DU MONDE","description":"Maison d\u2019\u00e9dition sp\u00e9cialis\u00e9e sur l\u2019Asie et les espaces maritimes","publisher":{"@id":"https:\/\/milieuxdumonde.com\/#organization"},"potentialAction":[{"@type":"SearchAction","target":{"@type":"EntryPoint","urlTemplate":"https:\/\/milieuxdumonde.com\/?s={search_term_string}"},"query-input":{"@type":"PropertyValueSpecification","valueRequired":true,"valueName":"search_term_string"}}],"inLanguage":"es"},{"@type":"Organization","@id":"https:\/\/milieuxdumonde.com\/#organization","name":"MILIEUX DU MONDE","url":"https:\/\/milieuxdumonde.com\/","logo":{"@type":"ImageObject","inLanguage":"es","@id":"https:\/\/milieuxdumonde.com\/#\/schema\/logo\/image\/","url":"https:\/\/milieuxdumonde.com\/wp-content\/uploads\/2025\/11\/MM-Editions-recadre-linkedin.jpg","contentUrl":"https:\/\/milieuxdumonde.com\/wp-content\/uploads\/2025\/11\/MM-Editions-recadre-linkedin.jpg","width":1664,"height":1664,"caption":"MILIEUX DU MONDE"},"image":{"@id":"https:\/\/milieuxdumonde.com\/#\/schema\/logo\/image\/"}}]}},"_links":{"self":[{"href":"https:\/\/milieuxdumonde.com\/es\/wp-json\/wp\/v2\/pages\/1257","targetHints":{"allow":["GET"]}}],"collection":[{"href":"https:\/\/milieuxdumonde.com\/es\/wp-json\/wp\/v2\/pages"}],"about":[{"href":"https:\/\/milieuxdumonde.com\/es\/wp-json\/wp\/v2\/types\/page"}],"author":[{"embeddable":true,"href":"https:\/\/milieuxdumonde.com\/es\/wp-json\/wp\/v2\/users\/3"}],"replies":[{"embeddable":true,"href":"https:\/\/milieuxdumonde.com\/es\/wp-json\/wp\/v2\/comments?post=1257"}],"version-history":[{"count":2,"href":"https:\/\/milieuxdumonde.com\/es\/wp-json\/wp\/v2\/pages\/1257\/revisions"}],"predecessor-version":[{"id":1788,"href":"https:\/\/milieuxdumonde.com\/es\/wp-json\/wp\/v2\/pages\/1257\/revisions\/1788"}],"wp:attachment":[{"href":"https:\/\/milieuxdumonde.com\/es\/wp-json\/wp\/v2\/media?parent=1257"}],"curies":[{"name":"wp","href":"https:\/\/api.w.org\/{rel}","templated":true}]}}