{"id":947,"date":"2023-07-09T18:55:24","date_gmt":"2023-07-09T16:55:24","guid":{"rendered":"https:\/\/milieuxdumonde.com\/?post_type=product&#038;p=947"},"modified":"2025-12-19T13:51:28","modified_gmt":"2025-12-19T12:51:28","slug":"toulon-au-fil-des-textes","status":"publish","type":"product","link":"https:\/\/milieuxdumonde.com\/en\/product\/toulon-au-fil-des-textes\/","title":{"rendered":"Toulon through the texts"},"content":{"rendered":"<div class=\"page\" title=\"Page 1\">\n<div class=\"section\">\n<div class=\"layoutArea\">\n<div class=\"column\">\n<p>Its naval port, the \u201cRoyale\u201d, the sailors, the harbour, Mont-Faron, the Cours Lafayette, the Mayol stadium, the Toulon Rugby club\u2026 and this is Toulon, a unique city of its kind. City of contrasts. City entirely dedicated to the State, to its navy, royal then republican. But also a city of early politicization, of social criticism. City of charms too! Wherever you look at it, from the top of Mont-Faron, the wall of the city full of &quot;military sounds&quot;, to its vast harbor, from Cap Sici\u00e9 to the peninsula of Giens, this harbor often praised as &quot;the wonder of the world&quot;, the scene of so many naval battles in the past, and the fleet&#039;s &quot;Port Royal&quot; since always, one feels the emotion of seeing there a national destiny, not very provincial in the end. But Toulon is also a city of the sweetness of life, with a pleasant climate, proven sociability, conducive to strolling, the discreet charms of its neighborhoods, unpretentious and snobbish, and overcoming its traumatic past, enhancing itself to become now attractive. . Walk in this singular city in the company of Vauban, Schopenhauer, Victor Hugo, Stendhal, Jules Michelet, Pierre Loti, Paul Morand, L\u00e9on V\u00e9rane, Django Reinhardt, Georges Bernanos, Gilbert B\u00e9caud, and many others.<\/p>\n<div class=\"page\" title=\"Page 1\">\n<div class=\"layoutArea\">\n<div class=\"column\">\n<p><strong>The author:<br \/>\n<\/strong><em>Honorary Prefect, former Commissioner of the Navy, <strong>Marc Bayle<\/strong> is a graduate of Science-Po Paris, doctor of public law and doctor of letters and human sciences. He was General Councilor of Toulon from 1994 to 2001.<\/em><\/p>\n<\/div>\n<\/div>\n<\/div>\n<\/div>\n<\/div>\n<\/div>\n<\/div>","protected":false},"excerpt":{"rendered":"<p>Paperback 11 x 18 cm<\/p>\n<p>264 B&amp;W pages (printed in France)<\/p>\n<p>ISBN 978-2-9569838-4-2<\/p>","protected":false},"featured_media":1069,"template":"","meta":[],"product_brand":[],"product_cat":[40],"product_tag":[],"class_list":{"0":"post-947","1":"product","2":"type-product","3":"status-publish","4":"has-post-thumbnail","6":"product_cat-livres","7":"product_shipping_class-lettre-verte","9":"first","10":"instock","11":"taxable","12":"shipping-taxable","13":"purchasable","14":"product-type-variable"},"yoast_head":"<!-- This site is optimized with the Yoast SEO plugin v27.2 - https:\/\/yoast.com\/product\/yoast-seo-wordpress\/ -->\n<title>Toulon au fil des textes - MILIEUX DU MONDE<\/title>\n<meta name=\"robots\" content=\"index, follow, max-snippet:-1, max-image-preview:large, max-video-preview:-1\" \/>\n<link rel=\"canonical\" href=\"https:\/\/milieuxdumonde.com\/en\/product\/toulon-au-fil-des-textes\/\" \/>\n<meta property=\"og:locale\" content=\"en_US\" \/>\n<meta property=\"og:type\" content=\"article\" \/>\n<meta property=\"og:title\" content=\"Toulon au fil des textes - MILIEUX DU MONDE\" \/>\n<meta property=\"og:description\" content=\"Broch\u00e9 11 x 18 cm  264 pages N&amp;B (imprim\u00e9 en France)  ISBN 978-2-9569838-4-2\" \/>\n<meta property=\"og:url\" content=\"https:\/\/milieuxdumonde.com\/en\/product\/toulon-au-fil-des-textes\/\" \/>\n<meta property=\"og:site_name\" content=\"MILIEUX DU MONDE\" \/>\n<meta property=\"article:modified_time\" content=\"2025-12-19T12:51:28+00:00\" \/>\n<meta property=\"og:image\" content=\"https:\/\/milieuxdumonde.com\/wp-content\/uploads\/2022\/05\/couverture-toulonaufildestextes-prix-bravo-zulu.jpg\" \/>\n\t<meta property=\"og:image:width\" content=\"1418\" \/>\n\t<meta property=\"og:image:height\" content=\"2239\" \/>\n\t<meta property=\"og:image:type\" content=\"image\/jpeg\" \/>\n<meta name=\"twitter:card\" content=\"summary_large_image\" \/>\n<meta name=\"twitter:label1\" content=\"Est. reading time\" \/>\n\t<meta name=\"twitter:data1\" content=\"1 minute\" \/>\n<script type=\"application\/ld+json\" class=\"yoast-schema-graph\">{\"@context\":\"https:\/\/schema.org\",\"@graph\":[{\"@type\":\"WebPage\",\"@id\":\"https:\/\/milieuxdumonde.com\/en\/product\/toulon-au-fil-des-textes\/\",\"url\":\"https:\/\/milieuxdumonde.com\/en\/product\/toulon-au-fil-des-textes\/\",\"name\":\"Toulon au fil des textes - MILIEUX DU MONDE\",\"isPartOf\":{\"@id\":\"https:\/\/milieuxdumonde.com\/#website\"},\"primaryImageOfPage\":{\"@id\":\"https:\/\/milieuxdumonde.com\/en\/product\/toulon-au-fil-des-textes\/#primaryimage\"},\"image\":{\"@id\":\"https:\/\/milieuxdumonde.com\/en\/product\/toulon-au-fil-des-textes\/#primaryimage\"},\"thumbnailUrl\":\"https:\/\/milieuxdumonde.com\/wp-content\/uploads\/2022\/05\/couverture-toulonaufildestextes-prix-bravo-zulu.jpg\",\"datePublished\":\"2023-07-09T16:55:24+00:00\",\"dateModified\":\"2025-12-19T12:51:28+00:00\",\"breadcrumb\":{\"@id\":\"https:\/\/milieuxdumonde.com\/en\/product\/toulon-au-fil-des-textes\/#breadcrumb\"},\"inLanguage\":\"en-US\",\"potentialAction\":[{\"@type\":\"ReadAction\",\"target\":[\"https:\/\/milieuxdumonde.com\/en\/product\/toulon-au-fil-des-textes\/\"]}]},{\"@type\":\"ImageObject\",\"inLanguage\":\"en-US\",\"@id\":\"https:\/\/milieuxdumonde.com\/en\/product\/toulon-au-fil-des-textes\/#primaryimage\",\"url\":\"https:\/\/milieuxdumonde.com\/wp-content\/uploads\/2022\/05\/couverture-toulonaufildestextes-prix-bravo-zulu.jpg\",\"contentUrl\":\"https:\/\/milieuxdumonde.com\/wp-content\/uploads\/2022\/05\/couverture-toulonaufildestextes-prix-bravo-zulu.jpg\",\"width\":1418,\"height\":2239},{\"@type\":\"BreadcrumbList\",\"@id\":\"https:\/\/milieuxdumonde.com\/en\/product\/toulon-au-fil-des-textes\/#breadcrumb\",\"itemListElement\":[{\"@type\":\"ListItem\",\"position\":1,\"name\":\"Accueil\",\"item\":\"https:\/\/milieuxdumonde.com\/\"},{\"@type\":\"ListItem\",\"position\":2,\"name\":\"Shop\",\"item\":\"https:\/\/milieuxdumonde.com\/en\/shop\/\"},{\"@type\":\"ListItem\",\"position\":3,\"name\":\"Toulon au fil des textes\"}]},{\"@type\":\"WebSite\",\"@id\":\"https:\/\/milieuxdumonde.com\/#website\",\"url\":\"https:\/\/milieuxdumonde.com\/\",\"name\":\"MILIEUX DU MONDE\",\"description\":\"Maison d\u2019\u00e9dition sp\u00e9cialis\u00e9e sur l\u2019Asie et les espaces maritimes\",\"publisher\":{\"@id\":\"https:\/\/milieuxdumonde.com\/#organization\"},\"potentialAction\":[{\"@type\":\"SearchAction\",\"target\":{\"@type\":\"EntryPoint\",\"urlTemplate\":\"https:\/\/milieuxdumonde.com\/?s={search_term_string}\"},\"query-input\":{\"@type\":\"PropertyValueSpecification\",\"valueRequired\":true,\"valueName\":\"search_term_string\"}}],\"inLanguage\":\"en-US\"},{\"@type\":\"Organization\",\"@id\":\"https:\/\/milieuxdumonde.com\/#organization\",\"name\":\"MILIEUX DU MONDE\",\"url\":\"https:\/\/milieuxdumonde.com\/\",\"logo\":{\"@type\":\"ImageObject\",\"inLanguage\":\"en-US\",\"@id\":\"https:\/\/milieuxdumonde.com\/#\/schema\/logo\/image\/\",\"url\":\"https:\/\/milieuxdumonde.com\/wp-content\/uploads\/2025\/11\/MM-Editions-recadre-linkedin.jpg\",\"contentUrl\":\"https:\/\/milieuxdumonde.com\/wp-content\/uploads\/2025\/11\/MM-Editions-recadre-linkedin.jpg\",\"width\":1664,\"height\":1664,\"caption\":\"MILIEUX DU MONDE\"},\"image\":{\"@id\":\"https:\/\/milieuxdumonde.com\/#\/schema\/logo\/image\/\"}}]}<\/script>\n<!-- \/ Yoast SEO plugin. -->","yoast_head_json":{"title":"Toulon au fil des textes - MILIEUX DU MONDE","robots":{"index":"index","follow":"follow","max-snippet":"max-snippet:-1","max-image-preview":"max-image-preview:large","max-video-preview":"max-video-preview:-1"},"canonical":"https:\/\/milieuxdumonde.com\/en\/product\/toulon-au-fil-des-textes\/","og_locale":"en_US","og_type":"article","og_title":"Toulon au fil des textes - MILIEUX DU MONDE","og_description":"Broch\u00e9 11 x 18 cm  264 pages N&amp;B (imprim\u00e9 en France)  ISBN 978-2-9569838-4-2","og_url":"https:\/\/milieuxdumonde.com\/en\/product\/toulon-au-fil-des-textes\/","og_site_name":"MILIEUX DU MONDE","article_modified_time":"2025-12-19T12:51:28+00:00","og_image":[{"width":1418,"height":2239,"url":"https:\/\/milieuxdumonde.com\/wp-content\/uploads\/2022\/05\/couverture-toulonaufildestextes-prix-bravo-zulu.jpg","type":"image\/jpeg"}],"twitter_card":"summary_large_image","twitter_misc":{"Est. reading time":"1 minute"},"schema":{"@context":"https:\/\/schema.org","@graph":[{"@type":"WebPage","@id":"https:\/\/milieuxdumonde.com\/en\/product\/toulon-au-fil-des-textes\/","url":"https:\/\/milieuxdumonde.com\/en\/product\/toulon-au-fil-des-textes\/","name":"Toulon au fil des textes - MILIEUX DU MONDE","isPartOf":{"@id":"https:\/\/milieuxdumonde.com\/#website"},"primaryImageOfPage":{"@id":"https:\/\/milieuxdumonde.com\/en\/product\/toulon-au-fil-des-textes\/#primaryimage"},"image":{"@id":"https:\/\/milieuxdumonde.com\/en\/product\/toulon-au-fil-des-textes\/#primaryimage"},"thumbnailUrl":"https:\/\/milieuxdumonde.com\/wp-content\/uploads\/2022\/05\/couverture-toulonaufildestextes-prix-bravo-zulu.jpg","datePublished":"2023-07-09T16:55:24+00:00","dateModified":"2025-12-19T12:51:28+00:00","breadcrumb":{"@id":"https:\/\/milieuxdumonde.com\/en\/product\/toulon-au-fil-des-textes\/#breadcrumb"},"inLanguage":"en-US","potentialAction":[{"@type":"ReadAction","target":["https:\/\/milieuxdumonde.com\/en\/product\/toulon-au-fil-des-textes\/"]}]},{"@type":"ImageObject","inLanguage":"en-US","@id":"https:\/\/milieuxdumonde.com\/en\/product\/toulon-au-fil-des-textes\/#primaryimage","url":"https:\/\/milieuxdumonde.com\/wp-content\/uploads\/2022\/05\/couverture-toulonaufildestextes-prix-bravo-zulu.jpg","contentUrl":"https:\/\/milieuxdumonde.com\/wp-content\/uploads\/2022\/05\/couverture-toulonaufildestextes-prix-bravo-zulu.jpg","width":1418,"height":2239},{"@type":"BreadcrumbList","@id":"https:\/\/milieuxdumonde.com\/en\/product\/toulon-au-fil-des-textes\/#breadcrumb","itemListElement":[{"@type":"ListItem","position":1,"name":"Accueil","item":"https:\/\/milieuxdumonde.com\/"},{"@type":"ListItem","position":2,"name":"Shop","item":"https:\/\/milieuxdumonde.com\/en\/shop\/"},{"@type":"ListItem","position":3,"name":"Toulon au fil des textes"}]},{"@type":"WebSite","@id":"https:\/\/milieuxdumonde.com\/#website","url":"https:\/\/milieuxdumonde.com\/","name":"MILIEUX DU MONDE","description":"Publishing house specializing in Asia and maritime areas","publisher":{"@id":"https:\/\/milieuxdumonde.com\/#organization"},"potentialAction":[{"@type":"SearchAction","target":{"@type":"EntryPoint","urlTemplate":"https:\/\/milieuxdumonde.com\/?s={search_term_string}"},"query-input":{"@type":"PropertyValueSpecification","valueRequired":true,"valueName":"search_term_string"}}],"inLanguage":"en-US"},{"@type":"Organization","@id":"https:\/\/milieuxdumonde.com\/#organization","name":"MILIEUX DU MONDE","url":"https:\/\/milieuxdumonde.com\/","logo":{"@type":"ImageObject","inLanguage":"en-US","@id":"https:\/\/milieuxdumonde.com\/#\/schema\/logo\/image\/","url":"https:\/\/milieuxdumonde.com\/wp-content\/uploads\/2025\/11\/MM-Editions-recadre-linkedin.jpg","contentUrl":"https:\/\/milieuxdumonde.com\/wp-content\/uploads\/2025\/11\/MM-Editions-recadre-linkedin.jpg","width":1664,"height":1664,"caption":"MILIEUX DU MONDE"},"image":{"@id":"https:\/\/milieuxdumonde.com\/#\/schema\/logo\/image\/"}}]}},"_links":{"self":[{"href":"https:\/\/milieuxdumonde.com\/en\/wp-json\/wp\/v2\/product\/947","targetHints":{"allow":["GET"]}}],"collection":[{"href":"https:\/\/milieuxdumonde.com\/en\/wp-json\/wp\/v2\/product"}],"about":[{"href":"https:\/\/milieuxdumonde.com\/en\/wp-json\/wp\/v2\/types\/product"}],"wp:featuredmedia":[{"embeddable":true,"href":"https:\/\/milieuxdumonde.com\/en\/wp-json\/wp\/v2\/media\/1069"}],"wp:attachment":[{"href":"https:\/\/milieuxdumonde.com\/en\/wp-json\/wp\/v2\/media?parent=947"}],"wp:term":[{"taxonomy":"product_brand","embeddable":true,"href":"https:\/\/milieuxdumonde.com\/en\/wp-json\/wp\/v2\/product_brand?post=947"},{"taxonomy":"product_cat","embeddable":true,"href":"https:\/\/milieuxdumonde.com\/en\/wp-json\/wp\/v2\/product_cat?post=947"},{"taxonomy":"product_tag","embeddable":true,"href":"https:\/\/milieuxdumonde.com\/en\/wp-json\/wp\/v2\/product_tag?post=947"}],"curies":[{"name":"wp","href":"https:\/\/api.w.org\/{rel}","templated":true}]}}