{"id":936,"date":"2022-04-22T16:11:03","date_gmt":"2022-04-22T14:11:03","guid":{"rendered":"https:\/\/milieuxdumonde.com\/?post_type=product&#038;p=936"},"modified":"2022-07-29T16:49:11","modified_gmt":"2022-07-29T14:49:11","slug":"carte-la-chine-imperiale-deux-millenaires-dextension-221-1911","status":"publish","type":"product","link":"https:\/\/milieuxdumonde.com\/en\/product\/carte-la-chine-imperiale-deux-millenaires-dextension-221-1911\/","title":{"rendered":"Map Imperial China: Two Millennia of Extension (-221 \u2013 1911)"},"content":{"rendered":"<p>Imperial China existed for more than two millennia. According to the various dynasties, the controlled territory grew under the successive impulses of the emperors. From the \u201chistoric China\u201d of the Qin, to the borders of the Himalayas or Mongolia, via Korea, China has thus been able to assert its territorial and cultural domination over a large part of Asia.<\/p>","protected":false},"excerpt":{"rendered":"<p>Map of the territorial evolution of the Empire of China<\/p>","protected":false},"featured_media":937,"template":"","meta":[],"product_brand":[],"product_cat":[57,28],"product_tag":[],"class_list":{"0":"post-936","1":"product","2":"type-product","3":"status-publish","4":"has-post-thumbnail","6":"product_cat-asie","7":"product_cat-cartes","8":"product_shipping_class-livraison-gratuite","10":"first","11":"instock","12":"taxable","13":"shipping-taxable","14":"purchasable","15":"product-type-variable"},"yoast_head":"<!-- This site is optimized with the Yoast SEO plugin v27.2 - https:\/\/yoast.com\/product\/yoast-seo-wordpress\/ -->\n<title>Carte La Chine imp\u00e9riale : Deux Mill\u00e9naires d&#039;extension (-221 - 1911) - MILIEUX DU MONDE<\/title>\n<meta name=\"robots\" content=\"index, follow, max-snippet:-1, max-image-preview:large, max-video-preview:-1\" \/>\n<link rel=\"canonical\" href=\"https:\/\/milieuxdumonde.com\/en\/product\/carte-la-chine-imperiale-deux-millenaires-dextension-221-1911\/\" \/>\n<meta property=\"og:locale\" content=\"en_US\" \/>\n<meta property=\"og:type\" content=\"article\" \/>\n<meta property=\"og:title\" content=\"Carte La Chine imp\u00e9riale : Deux Mill\u00e9naires d&#039;extension (-221 - 1911) - MILIEUX DU MONDE\" \/>\n<meta property=\"og:description\" content=\"Carte de l&#039;\u00e9volution territoriale de l&#039;Empire de Chine\" \/>\n<meta property=\"og:url\" content=\"https:\/\/milieuxdumonde.com\/en\/product\/carte-la-chine-imperiale-deux-millenaires-dextension-221-1911\/\" \/>\n<meta property=\"og:site_name\" content=\"MILIEUX DU MONDE\" \/>\n<meta property=\"article:modified_time\" content=\"2022-07-29T14:49:11+00:00\" \/>\n<meta property=\"og:image\" content=\"https:\/\/milieuxdumonde.com\/wp-content\/uploads\/2022\/04\/Carte_Chine_2_watermark.png\" \/>\n\t<meta property=\"og:image:width\" content=\"1191\" \/>\n\t<meta property=\"og:image:height\" content=\"840\" \/>\n\t<meta property=\"og:image:type\" content=\"image\/png\" \/>\n<meta name=\"twitter:card\" content=\"summary_large_image\" \/>\n<script type=\"application\/ld+json\" class=\"yoast-schema-graph\">{\"@context\":\"https:\/\/schema.org\",\"@graph\":[{\"@type\":\"WebPage\",\"@id\":\"https:\/\/milieuxdumonde.com\/produit\/carte-la-chine-imperiale-deux-millenaires-dextension-221-1911\/\",\"url\":\"https:\/\/milieuxdumonde.com\/produit\/carte-la-chine-imperiale-deux-millenaires-dextension-221-1911\/\",\"name\":\"Carte La Chine imp\u00e9riale : Deux Mill\u00e9naires d'extension (-221 - 1911) - MILIEUX DU MONDE\",\"isPartOf\":{\"@id\":\"https:\/\/milieuxdumonde.com\/#website\"},\"primaryImageOfPage\":{\"@id\":\"https:\/\/milieuxdumonde.com\/produit\/carte-la-chine-imperiale-deux-millenaires-dextension-221-1911\/#primaryimage\"},\"image\":{\"@id\":\"https:\/\/milieuxdumonde.com\/produit\/carte-la-chine-imperiale-deux-millenaires-dextension-221-1911\/#primaryimage\"},\"thumbnailUrl\":\"https:\/\/milieuxdumonde.com\/wp-content\/uploads\/2022\/04\/Carte_Chine_2_watermark.png\",\"datePublished\":\"2022-04-22T14:11:03+00:00\",\"dateModified\":\"2022-07-29T14:49:11+00:00\",\"breadcrumb\":{\"@id\":\"https:\/\/milieuxdumonde.com\/produit\/carte-la-chine-imperiale-deux-millenaires-dextension-221-1911\/#breadcrumb\"},\"inLanguage\":\"en-US\",\"potentialAction\":[{\"@type\":\"ReadAction\",\"target\":[\"https:\/\/milieuxdumonde.com\/produit\/carte-la-chine-imperiale-deux-millenaires-dextension-221-1911\/\"]}]},{\"@type\":\"ImageObject\",\"inLanguage\":\"en-US\",\"@id\":\"https:\/\/milieuxdumonde.com\/produit\/carte-la-chine-imperiale-deux-millenaires-dextension-221-1911\/#primaryimage\",\"url\":\"https:\/\/milieuxdumonde.com\/wp-content\/uploads\/2022\/04\/Carte_Chine_2_watermark.png\",\"contentUrl\":\"https:\/\/milieuxdumonde.com\/wp-content\/uploads\/2022\/04\/Carte_Chine_2_watermark.png\",\"width\":1191,\"height\":840},{\"@type\":\"BreadcrumbList\",\"@id\":\"https:\/\/milieuxdumonde.com\/produit\/carte-la-chine-imperiale-deux-millenaires-dextension-221-1911\/#breadcrumb\",\"itemListElement\":[{\"@type\":\"ListItem\",\"position\":1,\"name\":\"Accueil\",\"item\":\"https:\/\/milieuxdumonde.com\/\"},{\"@type\":\"ListItem\",\"position\":2,\"name\":\"Shop\",\"item\":\"https:\/\/milieuxdumonde.com\/en\/shop\/\"},{\"@type\":\"ListItem\",\"position\":3,\"name\":\"Carte La Chine imp\u00e9riale : Deux Mill\u00e9naires d&rsquo;extension (-221 &#8211; 1911)\"}]},{\"@type\":\"WebSite\",\"@id\":\"https:\/\/milieuxdumonde.com\/#website\",\"url\":\"https:\/\/milieuxdumonde.com\/\",\"name\":\"MILIEUX DU MONDE\",\"description\":\"Maison d\u2019\u00e9dition sp\u00e9cialis\u00e9e sur l\u2019Asie et les espaces maritimes\",\"publisher\":{\"@id\":\"https:\/\/milieuxdumonde.com\/#organization\"},\"potentialAction\":[{\"@type\":\"SearchAction\",\"target\":{\"@type\":\"EntryPoint\",\"urlTemplate\":\"https:\/\/milieuxdumonde.com\/?s={search_term_string}\"},\"query-input\":{\"@type\":\"PropertyValueSpecification\",\"valueRequired\":true,\"valueName\":\"search_term_string\"}}],\"inLanguage\":\"en-US\"},{\"@type\":\"Organization\",\"@id\":\"https:\/\/milieuxdumonde.com\/#organization\",\"name\":\"MILIEUX DU MONDE\",\"url\":\"https:\/\/milieuxdumonde.com\/\",\"logo\":{\"@type\":\"ImageObject\",\"inLanguage\":\"en-US\",\"@id\":\"https:\/\/milieuxdumonde.com\/#\/schema\/logo\/image\/\",\"url\":\"https:\/\/milieuxdumonde.com\/wp-content\/uploads\/2025\/11\/MM-Editions-recadre-linkedin.jpg\",\"contentUrl\":\"https:\/\/milieuxdumonde.com\/wp-content\/uploads\/2025\/11\/MM-Editions-recadre-linkedin.jpg\",\"width\":1664,\"height\":1664,\"caption\":\"MILIEUX DU MONDE\"},\"image\":{\"@id\":\"https:\/\/milieuxdumonde.com\/#\/schema\/logo\/image\/\"}}]}<\/script>\n<!-- \/ Yoast SEO plugin. -->","yoast_head_json":{"title":"Carte La Chine imp\u00e9riale : Deux Mill\u00e9naires d'extension (-221 - 1911) - MILIEUX DU MONDE","robots":{"index":"index","follow":"follow","max-snippet":"max-snippet:-1","max-image-preview":"max-image-preview:large","max-video-preview":"max-video-preview:-1"},"canonical":"https:\/\/milieuxdumonde.com\/en\/product\/carte-la-chine-imperiale-deux-millenaires-dextension-221-1911\/","og_locale":"en_US","og_type":"article","og_title":"Carte La Chine imp\u00e9riale : Deux Mill\u00e9naires d'extension (-221 - 1911) - MILIEUX DU MONDE","og_description":"Carte de l'\u00e9volution territoriale de l'Empire de Chine","og_url":"https:\/\/milieuxdumonde.com\/en\/product\/carte-la-chine-imperiale-deux-millenaires-dextension-221-1911\/","og_site_name":"MILIEUX DU MONDE","article_modified_time":"2022-07-29T14:49:11+00:00","og_image":[{"width":1191,"height":840,"url":"https:\/\/milieuxdumonde.com\/wp-content\/uploads\/2022\/04\/Carte_Chine_2_watermark.png","type":"image\/png"}],"twitter_card":"summary_large_image","schema":{"@context":"https:\/\/schema.org","@graph":[{"@type":"WebPage","@id":"https:\/\/milieuxdumonde.com\/produit\/carte-la-chine-imperiale-deux-millenaires-dextension-221-1911\/","url":"https:\/\/milieuxdumonde.com\/produit\/carte-la-chine-imperiale-deux-millenaires-dextension-221-1911\/","name":"Carte La Chine imp\u00e9riale : Deux Mill\u00e9naires d'extension (-221 - 1911) - MILIEUX DU MONDE","isPartOf":{"@id":"https:\/\/milieuxdumonde.com\/#website"},"primaryImageOfPage":{"@id":"https:\/\/milieuxdumonde.com\/produit\/carte-la-chine-imperiale-deux-millenaires-dextension-221-1911\/#primaryimage"},"image":{"@id":"https:\/\/milieuxdumonde.com\/produit\/carte-la-chine-imperiale-deux-millenaires-dextension-221-1911\/#primaryimage"},"thumbnailUrl":"https:\/\/milieuxdumonde.com\/wp-content\/uploads\/2022\/04\/Carte_Chine_2_watermark.png","datePublished":"2022-04-22T14:11:03+00:00","dateModified":"2022-07-29T14:49:11+00:00","breadcrumb":{"@id":"https:\/\/milieuxdumonde.com\/produit\/carte-la-chine-imperiale-deux-millenaires-dextension-221-1911\/#breadcrumb"},"inLanguage":"en-US","potentialAction":[{"@type":"ReadAction","target":["https:\/\/milieuxdumonde.com\/produit\/carte-la-chine-imperiale-deux-millenaires-dextension-221-1911\/"]}]},{"@type":"ImageObject","inLanguage":"en-US","@id":"https:\/\/milieuxdumonde.com\/produit\/carte-la-chine-imperiale-deux-millenaires-dextension-221-1911\/#primaryimage","url":"https:\/\/milieuxdumonde.com\/wp-content\/uploads\/2022\/04\/Carte_Chine_2_watermark.png","contentUrl":"https:\/\/milieuxdumonde.com\/wp-content\/uploads\/2022\/04\/Carte_Chine_2_watermark.png","width":1191,"height":840},{"@type":"BreadcrumbList","@id":"https:\/\/milieuxdumonde.com\/produit\/carte-la-chine-imperiale-deux-millenaires-dextension-221-1911\/#breadcrumb","itemListElement":[{"@type":"ListItem","position":1,"name":"Accueil","item":"https:\/\/milieuxdumonde.com\/"},{"@type":"ListItem","position":2,"name":"Shop","item":"https:\/\/milieuxdumonde.com\/en\/shop\/"},{"@type":"ListItem","position":3,"name":"Carte La Chine imp\u00e9riale : Deux Mill\u00e9naires d&rsquo;extension (-221 &#8211; 1911)"}]},{"@type":"WebSite","@id":"https:\/\/milieuxdumonde.com\/#website","url":"https:\/\/milieuxdumonde.com\/","name":"MILIEUX DU MONDE","description":"Publishing house specializing in Asia and maritime areas","publisher":{"@id":"https:\/\/milieuxdumonde.com\/#organization"},"potentialAction":[{"@type":"SearchAction","target":{"@type":"EntryPoint","urlTemplate":"https:\/\/milieuxdumonde.com\/?s={search_term_string}"},"query-input":{"@type":"PropertyValueSpecification","valueRequired":true,"valueName":"search_term_string"}}],"inLanguage":"en-US"},{"@type":"Organization","@id":"https:\/\/milieuxdumonde.com\/#organization","name":"MILIEUX DU MONDE","url":"https:\/\/milieuxdumonde.com\/","logo":{"@type":"ImageObject","inLanguage":"en-US","@id":"https:\/\/milieuxdumonde.com\/#\/schema\/logo\/image\/","url":"https:\/\/milieuxdumonde.com\/wp-content\/uploads\/2025\/11\/MM-Editions-recadre-linkedin.jpg","contentUrl":"https:\/\/milieuxdumonde.com\/wp-content\/uploads\/2025\/11\/MM-Editions-recadre-linkedin.jpg","width":1664,"height":1664,"caption":"MILIEUX DU MONDE"},"image":{"@id":"https:\/\/milieuxdumonde.com\/#\/schema\/logo\/image\/"}}]}},"_links":{"self":[{"href":"https:\/\/milieuxdumonde.com\/en\/wp-json\/wp\/v2\/product\/936","targetHints":{"allow":["GET"]}}],"collection":[{"href":"https:\/\/milieuxdumonde.com\/en\/wp-json\/wp\/v2\/product"}],"about":[{"href":"https:\/\/milieuxdumonde.com\/en\/wp-json\/wp\/v2\/types\/product"}],"wp:featuredmedia":[{"embeddable":true,"href":"https:\/\/milieuxdumonde.com\/en\/wp-json\/wp\/v2\/media\/937"}],"wp:attachment":[{"href":"https:\/\/milieuxdumonde.com\/en\/wp-json\/wp\/v2\/media?parent=936"}],"wp:term":[{"taxonomy":"product_brand","embeddable":true,"href":"https:\/\/milieuxdumonde.com\/en\/wp-json\/wp\/v2\/product_brand?post=936"},{"taxonomy":"product_cat","embeddable":true,"href":"https:\/\/milieuxdumonde.com\/en\/wp-json\/wp\/v2\/product_cat?post=936"},{"taxonomy":"product_tag","embeddable":true,"href":"https:\/\/milieuxdumonde.com\/en\/wp-json\/wp\/v2\/product_tag?post=936"}],"curies":[{"name":"wp","href":"https:\/\/api.w.org\/{rel}","templated":true}]}}