{"id":908,"date":"2022-03-21T16:43:31","date_gmt":"2022-03-21T15:43:31","guid":{"rendered":"https:\/\/milieuxdumonde.com\/?post_type=product&#038;p=908"},"modified":"2022-07-29T16:46:11","modified_gmt":"2022-07-29T14:46:11","slug":"carte-yemen-un-conflit-a-plusieurs-echelles-de-la-guerre-civile-a-lintervention-des-puissances-regionales","status":"publish","type":"product","link":"https:\/\/milieuxdumonde.com\/en\/product\/carte-yemen-un-conflit-a-plusieurs-echelles-de-la-guerre-civile-a-lintervention-des-puissances-regionales\/","title":{"rendered":"Map of Yemen: a multi-scale conflict, from civil war to the intervention of regional powers"},"content":{"rendered":"<p>Since its independence, Yemen has been an area of geopolitical tensions: within the state between various factions, but also on a global scale where economic interests and power struggles make Yemen a breeding ground for conflict. The war in the country has seen the death of more than 350,000 people since 2015.<\/p>","protected":false},"excerpt":{"rendered":"<p>Map on military and geopolitical conflicts in Yemen<\/p>","protected":false},"featured_media":1033,"template":"","meta":[],"product_brand":[],"product_cat":[57,28],"product_tag":[],"class_list":{"0":"post-908","1":"product","2":"type-product","3":"status-publish","4":"has-post-thumbnail","6":"product_cat-asie","7":"product_cat-cartes","8":"product_shipping_class-livraison-gratuite","10":"first","11":"instock","12":"taxable","13":"shipping-taxable","14":"purchasable","15":"product-type-variable"},"yoast_head":"<!-- This site is optimized with the Yoast SEO plugin v27.2 - https:\/\/yoast.com\/product\/yoast-seo-wordpress\/ -->\n<title>Carte Yemen : un conflit \u00e0 plusieurs \u00e9chelles, de la guerre civile \u00e0 l&#039;intervention des puissances r\u00e9gionales - MILIEUX DU MONDE<\/title>\n<meta name=\"robots\" content=\"index, follow, max-snippet:-1, max-image-preview:large, max-video-preview:-1\" \/>\n<link rel=\"canonical\" href=\"https:\/\/milieuxdumonde.com\/en\/product\/carte-yemen-un-conflit-a-plusieurs-echelles-de-la-guerre-civile-a-lintervention-des-puissances-regionales\/\" \/>\n<meta property=\"og:locale\" content=\"en_US\" \/>\n<meta property=\"og:type\" content=\"article\" \/>\n<meta property=\"og:title\" content=\"Carte Yemen : un conflit \u00e0 plusieurs \u00e9chelles, de la guerre civile \u00e0 l&#039;intervention des puissances r\u00e9gionales - MILIEUX DU MONDE\" \/>\n<meta property=\"og:description\" content=\"Carte sur les conflits militaires et g\u00e9opolitiques au Yemen\" \/>\n<meta property=\"og:url\" content=\"https:\/\/milieuxdumonde.com\/en\/product\/carte-yemen-un-conflit-a-plusieurs-echelles-de-la-guerre-civile-a-lintervention-des-puissances-regionales\/\" \/>\n<meta property=\"og:site_name\" content=\"MILIEUX DU MONDE\" \/>\n<meta property=\"article:modified_time\" content=\"2022-07-29T14:46:11+00:00\" \/>\n<meta property=\"og:image\" content=\"https:\/\/milieuxdumonde.com\/wp-content\/uploads\/2022\/03\/Yemen-2.0-watermark.png\" \/>\n\t<meta property=\"og:image:width\" content=\"842\" \/>\n\t<meta property=\"og:image:height\" content=\"596\" \/>\n\t<meta property=\"og:image:type\" content=\"image\/png\" \/>\n<meta name=\"twitter:card\" content=\"summary_large_image\" \/>\n<script type=\"application\/ld+json\" class=\"yoast-schema-graph\">{\"@context\":\"https:\/\/schema.org\",\"@graph\":[{\"@type\":\"WebPage\",\"@id\":\"https:\/\/milieuxdumonde.com\/produit\/carte-yemen-un-conflit-a-plusieurs-echelles-de-la-guerre-civile-a-lintervention-des-puissances-regionales\/\",\"url\":\"https:\/\/milieuxdumonde.com\/produit\/carte-yemen-un-conflit-a-plusieurs-echelles-de-la-guerre-civile-a-lintervention-des-puissances-regionales\/\",\"name\":\"Carte Yemen : un conflit \u00e0 plusieurs \u00e9chelles, de la guerre civile \u00e0 l'intervention des puissances r\u00e9gionales - MILIEUX DU MONDE\",\"isPartOf\":{\"@id\":\"https:\/\/milieuxdumonde.com\/#website\"},\"primaryImageOfPage\":{\"@id\":\"https:\/\/milieuxdumonde.com\/produit\/carte-yemen-un-conflit-a-plusieurs-echelles-de-la-guerre-civile-a-lintervention-des-puissances-regionales\/#primaryimage\"},\"image\":{\"@id\":\"https:\/\/milieuxdumonde.com\/produit\/carte-yemen-un-conflit-a-plusieurs-echelles-de-la-guerre-civile-a-lintervention-des-puissances-regionales\/#primaryimage\"},\"thumbnailUrl\":\"https:\/\/milieuxdumonde.com\/wp-content\/uploads\/2022\/03\/Yemen-2.0-watermark.png\",\"datePublished\":\"2022-03-21T15:43:31+00:00\",\"dateModified\":\"2022-07-29T14:46:11+00:00\",\"breadcrumb\":{\"@id\":\"https:\/\/milieuxdumonde.com\/produit\/carte-yemen-un-conflit-a-plusieurs-echelles-de-la-guerre-civile-a-lintervention-des-puissances-regionales\/#breadcrumb\"},\"inLanguage\":\"en-US\",\"potentialAction\":[{\"@type\":\"ReadAction\",\"target\":[\"https:\/\/milieuxdumonde.com\/produit\/carte-yemen-un-conflit-a-plusieurs-echelles-de-la-guerre-civile-a-lintervention-des-puissances-regionales\/\"]}]},{\"@type\":\"ImageObject\",\"inLanguage\":\"en-US\",\"@id\":\"https:\/\/milieuxdumonde.com\/produit\/carte-yemen-un-conflit-a-plusieurs-echelles-de-la-guerre-civile-a-lintervention-des-puissances-regionales\/#primaryimage\",\"url\":\"https:\/\/milieuxdumonde.com\/wp-content\/uploads\/2022\/03\/Yemen-2.0-watermark.png\",\"contentUrl\":\"https:\/\/milieuxdumonde.com\/wp-content\/uploads\/2022\/03\/Yemen-2.0-watermark.png\",\"width\":842,\"height\":596},{\"@type\":\"BreadcrumbList\",\"@id\":\"https:\/\/milieuxdumonde.com\/produit\/carte-yemen-un-conflit-a-plusieurs-echelles-de-la-guerre-civile-a-lintervention-des-puissances-regionales\/#breadcrumb\",\"itemListElement\":[{\"@type\":\"ListItem\",\"position\":1,\"name\":\"Accueil\",\"item\":\"https:\/\/milieuxdumonde.com\/\"},{\"@type\":\"ListItem\",\"position\":2,\"name\":\"Shop\",\"item\":\"https:\/\/milieuxdumonde.com\/en\/shop\/\"},{\"@type\":\"ListItem\",\"position\":3,\"name\":\"Carte Yemen : un conflit \u00e0 plusieurs \u00e9chelles, de la guerre civile \u00e0 l&rsquo;intervention des puissances r\u00e9gionales\"}]},{\"@type\":\"WebSite\",\"@id\":\"https:\/\/milieuxdumonde.com\/#website\",\"url\":\"https:\/\/milieuxdumonde.com\/\",\"name\":\"MILIEUX DU MONDE\",\"description\":\"Maison d\u2019\u00e9dition sp\u00e9cialis\u00e9e sur l\u2019Asie et les espaces maritimes\",\"publisher\":{\"@id\":\"https:\/\/milieuxdumonde.com\/#organization\"},\"potentialAction\":[{\"@type\":\"SearchAction\",\"target\":{\"@type\":\"EntryPoint\",\"urlTemplate\":\"https:\/\/milieuxdumonde.com\/?s={search_term_string}\"},\"query-input\":{\"@type\":\"PropertyValueSpecification\",\"valueRequired\":true,\"valueName\":\"search_term_string\"}}],\"inLanguage\":\"en-US\"},{\"@type\":\"Organization\",\"@id\":\"https:\/\/milieuxdumonde.com\/#organization\",\"name\":\"MILIEUX DU MONDE\",\"url\":\"https:\/\/milieuxdumonde.com\/\",\"logo\":{\"@type\":\"ImageObject\",\"inLanguage\":\"en-US\",\"@id\":\"https:\/\/milieuxdumonde.com\/#\/schema\/logo\/image\/\",\"url\":\"https:\/\/milieuxdumonde.com\/wp-content\/uploads\/2025\/11\/MM-Editions-recadre-linkedin.jpg\",\"contentUrl\":\"https:\/\/milieuxdumonde.com\/wp-content\/uploads\/2025\/11\/MM-Editions-recadre-linkedin.jpg\",\"width\":1664,\"height\":1664,\"caption\":\"MILIEUX DU MONDE\"},\"image\":{\"@id\":\"https:\/\/milieuxdumonde.com\/#\/schema\/logo\/image\/\"}}]}<\/script>\n<!-- \/ Yoast SEO plugin. -->","yoast_head_json":{"title":"Carte Yemen : un conflit \u00e0 plusieurs \u00e9chelles, de la guerre civile \u00e0 l'intervention des puissances r\u00e9gionales - MILIEUX DU MONDE","robots":{"index":"index","follow":"follow","max-snippet":"max-snippet:-1","max-image-preview":"max-image-preview:large","max-video-preview":"max-video-preview:-1"},"canonical":"https:\/\/milieuxdumonde.com\/en\/product\/carte-yemen-un-conflit-a-plusieurs-echelles-de-la-guerre-civile-a-lintervention-des-puissances-regionales\/","og_locale":"en_US","og_type":"article","og_title":"Carte Yemen : un conflit \u00e0 plusieurs \u00e9chelles, de la guerre civile \u00e0 l'intervention des puissances r\u00e9gionales - MILIEUX DU MONDE","og_description":"Carte sur les conflits militaires et g\u00e9opolitiques au Yemen","og_url":"https:\/\/milieuxdumonde.com\/en\/product\/carte-yemen-un-conflit-a-plusieurs-echelles-de-la-guerre-civile-a-lintervention-des-puissances-regionales\/","og_site_name":"MILIEUX DU MONDE","article_modified_time":"2022-07-29T14:46:11+00:00","og_image":[{"width":842,"height":596,"url":"https:\/\/milieuxdumonde.com\/wp-content\/uploads\/2022\/03\/Yemen-2.0-watermark.png","type":"image\/png"}],"twitter_card":"summary_large_image","schema":{"@context":"https:\/\/schema.org","@graph":[{"@type":"WebPage","@id":"https:\/\/milieuxdumonde.com\/produit\/carte-yemen-un-conflit-a-plusieurs-echelles-de-la-guerre-civile-a-lintervention-des-puissances-regionales\/","url":"https:\/\/milieuxdumonde.com\/produit\/carte-yemen-un-conflit-a-plusieurs-echelles-de-la-guerre-civile-a-lintervention-des-puissances-regionales\/","name":"Carte Yemen : un conflit \u00e0 plusieurs \u00e9chelles, de la guerre civile \u00e0 l'intervention des puissances r\u00e9gionales - MILIEUX DU MONDE","isPartOf":{"@id":"https:\/\/milieuxdumonde.com\/#website"},"primaryImageOfPage":{"@id":"https:\/\/milieuxdumonde.com\/produit\/carte-yemen-un-conflit-a-plusieurs-echelles-de-la-guerre-civile-a-lintervention-des-puissances-regionales\/#primaryimage"},"image":{"@id":"https:\/\/milieuxdumonde.com\/produit\/carte-yemen-un-conflit-a-plusieurs-echelles-de-la-guerre-civile-a-lintervention-des-puissances-regionales\/#primaryimage"},"thumbnailUrl":"https:\/\/milieuxdumonde.com\/wp-content\/uploads\/2022\/03\/Yemen-2.0-watermark.png","datePublished":"2022-03-21T15:43:31+00:00","dateModified":"2022-07-29T14:46:11+00:00","breadcrumb":{"@id":"https:\/\/milieuxdumonde.com\/produit\/carte-yemen-un-conflit-a-plusieurs-echelles-de-la-guerre-civile-a-lintervention-des-puissances-regionales\/#breadcrumb"},"inLanguage":"en-US","potentialAction":[{"@type":"ReadAction","target":["https:\/\/milieuxdumonde.com\/produit\/carte-yemen-un-conflit-a-plusieurs-echelles-de-la-guerre-civile-a-lintervention-des-puissances-regionales\/"]}]},{"@type":"ImageObject","inLanguage":"en-US","@id":"https:\/\/milieuxdumonde.com\/produit\/carte-yemen-un-conflit-a-plusieurs-echelles-de-la-guerre-civile-a-lintervention-des-puissances-regionales\/#primaryimage","url":"https:\/\/milieuxdumonde.com\/wp-content\/uploads\/2022\/03\/Yemen-2.0-watermark.png","contentUrl":"https:\/\/milieuxdumonde.com\/wp-content\/uploads\/2022\/03\/Yemen-2.0-watermark.png","width":842,"height":596},{"@type":"BreadcrumbList","@id":"https:\/\/milieuxdumonde.com\/produit\/carte-yemen-un-conflit-a-plusieurs-echelles-de-la-guerre-civile-a-lintervention-des-puissances-regionales\/#breadcrumb","itemListElement":[{"@type":"ListItem","position":1,"name":"Accueil","item":"https:\/\/milieuxdumonde.com\/"},{"@type":"ListItem","position":2,"name":"Shop","item":"https:\/\/milieuxdumonde.com\/en\/shop\/"},{"@type":"ListItem","position":3,"name":"Carte Yemen : un conflit \u00e0 plusieurs \u00e9chelles, de la guerre civile \u00e0 l&rsquo;intervention des puissances r\u00e9gionales"}]},{"@type":"WebSite","@id":"https:\/\/milieuxdumonde.com\/#website","url":"https:\/\/milieuxdumonde.com\/","name":"MILIEUX DU MONDE","description":"Publishing house specializing in Asia and maritime areas","publisher":{"@id":"https:\/\/milieuxdumonde.com\/#organization"},"potentialAction":[{"@type":"SearchAction","target":{"@type":"EntryPoint","urlTemplate":"https:\/\/milieuxdumonde.com\/?s={search_term_string}"},"query-input":{"@type":"PropertyValueSpecification","valueRequired":true,"valueName":"search_term_string"}}],"inLanguage":"en-US"},{"@type":"Organization","@id":"https:\/\/milieuxdumonde.com\/#organization","name":"MILIEUX DU MONDE","url":"https:\/\/milieuxdumonde.com\/","logo":{"@type":"ImageObject","inLanguage":"en-US","@id":"https:\/\/milieuxdumonde.com\/#\/schema\/logo\/image\/","url":"https:\/\/milieuxdumonde.com\/wp-content\/uploads\/2025\/11\/MM-Editions-recadre-linkedin.jpg","contentUrl":"https:\/\/milieuxdumonde.com\/wp-content\/uploads\/2025\/11\/MM-Editions-recadre-linkedin.jpg","width":1664,"height":1664,"caption":"MILIEUX DU MONDE"},"image":{"@id":"https:\/\/milieuxdumonde.com\/#\/schema\/logo\/image\/"}}]}},"_links":{"self":[{"href":"https:\/\/milieuxdumonde.com\/en\/wp-json\/wp\/v2\/product\/908","targetHints":{"allow":["GET"]}}],"collection":[{"href":"https:\/\/milieuxdumonde.com\/en\/wp-json\/wp\/v2\/product"}],"about":[{"href":"https:\/\/milieuxdumonde.com\/en\/wp-json\/wp\/v2\/types\/product"}],"wp:featuredmedia":[{"embeddable":true,"href":"https:\/\/milieuxdumonde.com\/en\/wp-json\/wp\/v2\/media\/1033"}],"wp:attachment":[{"href":"https:\/\/milieuxdumonde.com\/en\/wp-json\/wp\/v2\/media?parent=908"}],"wp:term":[{"taxonomy":"product_brand","embeddable":true,"href":"https:\/\/milieuxdumonde.com\/en\/wp-json\/wp\/v2\/product_brand?post=908"},{"taxonomy":"product_cat","embeddable":true,"href":"https:\/\/milieuxdumonde.com\/en\/wp-json\/wp\/v2\/product_cat?post=908"},{"taxonomy":"product_tag","embeddable":true,"href":"https:\/\/milieuxdumonde.com\/en\/wp-json\/wp\/v2\/product_tag?post=908"}],"curies":[{"name":"wp","href":"https:\/\/api.w.org\/{rel}","templated":true}]}}