{"id":901,"date":"2022-03-16T09:47:00","date_gmt":"2022-03-16T08:47:00","guid":{"rendered":"https:\/\/milieuxdumonde.com\/?post_type=product&#038;p=901"},"modified":"2022-07-29T17:06:39","modified_gmt":"2022-07-29T15:06:39","slug":"carte-la-situation-du-conflit-russo-ukrainien-au-14-mars-2022","status":"publish","type":"product","link":"https:\/\/milieuxdumonde.com\/en\/product\/carte-la-situation-du-conflit-russo-ukrainien-au-14-mars-2022\/","title":{"rendered":"Map The situation of the Russian-Ukrainian conflict as of March 14, 2022"},"content":{"rendered":"<p>Since 2013, relations between Russia and Ukraine have gone from tense to confrontational. The annexation of Crimea in 2014, as well as the pro-Russian movements internal to the country mark the beginning of a war between the two States. In 2022, Vladimir Putin takes action again in an even more direct and deadly conflict, and aims for the total annexation of Ukraine. This map represents the situation of the armies on March 14, 2022, as well as the context in which this war takes place.<\/p>","protected":false},"excerpt":{"rendered":"<p>Map of the military and geopolitical situation of the Russian-Ukrainian conflict, as of March 14, 2022.<\/p>","protected":false},"featured_media":1037,"template":"","meta":[],"product_brand":[],"product_cat":[28,60],"product_tag":[],"class_list":{"0":"post-901","1":"product","2":"type-product","3":"status-publish","4":"has-post-thumbnail","6":"product_cat-cartes","7":"product_cat-europe","8":"product_shipping_class-livraison-gratuite","10":"first","11":"instock","12":"taxable","13":"shipping-taxable","14":"purchasable","15":"product-type-variable"},"yoast_head":"<!-- This site is optimized with the Yoast SEO plugin v27.2 - https:\/\/yoast.com\/product\/yoast-seo-wordpress\/ -->\n<title>Carte La situation du conflit russo-ukrainien au 14 mars 2022 - MILIEUX DU MONDE<\/title>\n<meta name=\"robots\" content=\"index, follow, max-snippet:-1, max-image-preview:large, max-video-preview:-1\" \/>\n<link rel=\"canonical\" href=\"https:\/\/milieuxdumonde.com\/en\/product\/carte-la-situation-du-conflit-russo-ukrainien-au-14-mars-2022\/\" \/>\n<meta property=\"og:locale\" content=\"en_US\" \/>\n<meta property=\"og:type\" content=\"article\" \/>\n<meta property=\"og:title\" content=\"Carte La situation du conflit russo-ukrainien au 14 mars 2022 - MILIEUX DU MONDE\" \/>\n<meta property=\"og:description\" content=\"Carte de la situation militaire et g\u00e9opolitique du conflit russo-ukrainien, au 14 mars 2022.\" \/>\n<meta property=\"og:url\" content=\"https:\/\/milieuxdumonde.com\/en\/product\/carte-la-situation-du-conflit-russo-ukrainien-au-14-mars-2022\/\" \/>\n<meta property=\"og:site_name\" content=\"MILIEUX DU MONDE\" \/>\n<meta property=\"article:modified_time\" content=\"2022-07-29T15:06:39+00:00\" \/>\n<meta property=\"og:image\" content=\"https:\/\/milieuxdumonde.com\/wp-content\/uploads\/2022\/03\/Ukraine-2.0-watermark-1.png\" \/>\n\t<meta property=\"og:image:width\" content=\"1191\" \/>\n\t<meta property=\"og:image:height\" content=\"842\" \/>\n\t<meta property=\"og:image:type\" content=\"image\/png\" \/>\n<meta name=\"twitter:card\" content=\"summary_large_image\" \/>\n<script type=\"application\/ld+json\" class=\"yoast-schema-graph\">{\"@context\":\"https:\/\/schema.org\",\"@graph\":[{\"@type\":\"WebPage\",\"@id\":\"https:\/\/milieuxdumonde.com\/produit\/carte-la-situation-du-conflit-russo-ukrainien-au-14-mars-2022\/\",\"url\":\"https:\/\/milieuxdumonde.com\/produit\/carte-la-situation-du-conflit-russo-ukrainien-au-14-mars-2022\/\",\"name\":\"Carte La situation du conflit russo-ukrainien au 14 mars 2022 - MILIEUX DU MONDE\",\"isPartOf\":{\"@id\":\"https:\/\/milieuxdumonde.com\/#website\"},\"primaryImageOfPage\":{\"@id\":\"https:\/\/milieuxdumonde.com\/produit\/carte-la-situation-du-conflit-russo-ukrainien-au-14-mars-2022\/#primaryimage\"},\"image\":{\"@id\":\"https:\/\/milieuxdumonde.com\/produit\/carte-la-situation-du-conflit-russo-ukrainien-au-14-mars-2022\/#primaryimage\"},\"thumbnailUrl\":\"https:\/\/milieuxdumonde.com\/wp-content\/uploads\/2022\/03\/Ukraine-2.0-watermark-1.png\",\"datePublished\":\"2022-03-16T08:47:00+00:00\",\"dateModified\":\"2022-07-29T15:06:39+00:00\",\"breadcrumb\":{\"@id\":\"https:\/\/milieuxdumonde.com\/produit\/carte-la-situation-du-conflit-russo-ukrainien-au-14-mars-2022\/#breadcrumb\"},\"inLanguage\":\"en-US\",\"potentialAction\":[{\"@type\":\"ReadAction\",\"target\":[\"https:\/\/milieuxdumonde.com\/produit\/carte-la-situation-du-conflit-russo-ukrainien-au-14-mars-2022\/\"]}]},{\"@type\":\"ImageObject\",\"inLanguage\":\"en-US\",\"@id\":\"https:\/\/milieuxdumonde.com\/produit\/carte-la-situation-du-conflit-russo-ukrainien-au-14-mars-2022\/#primaryimage\",\"url\":\"https:\/\/milieuxdumonde.com\/wp-content\/uploads\/2022\/03\/Ukraine-2.0-watermark-1.png\",\"contentUrl\":\"https:\/\/milieuxdumonde.com\/wp-content\/uploads\/2022\/03\/Ukraine-2.0-watermark-1.png\",\"width\":1191,\"height\":842},{\"@type\":\"BreadcrumbList\",\"@id\":\"https:\/\/milieuxdumonde.com\/produit\/carte-la-situation-du-conflit-russo-ukrainien-au-14-mars-2022\/#breadcrumb\",\"itemListElement\":[{\"@type\":\"ListItem\",\"position\":1,\"name\":\"Accueil\",\"item\":\"https:\/\/milieuxdumonde.com\/\"},{\"@type\":\"ListItem\",\"position\":2,\"name\":\"Shop\",\"item\":\"https:\/\/milieuxdumonde.com\/en\/shop\/\"},{\"@type\":\"ListItem\",\"position\":3,\"name\":\"Carte La situation du conflit russo-ukrainien au 14 mars 2022\"}]},{\"@type\":\"WebSite\",\"@id\":\"https:\/\/milieuxdumonde.com\/#website\",\"url\":\"https:\/\/milieuxdumonde.com\/\",\"name\":\"MILIEUX DU MONDE\",\"description\":\"Maison d\u2019\u00e9dition sp\u00e9cialis\u00e9e sur l\u2019Asie et les espaces maritimes\",\"publisher\":{\"@id\":\"https:\/\/milieuxdumonde.com\/#organization\"},\"potentialAction\":[{\"@type\":\"SearchAction\",\"target\":{\"@type\":\"EntryPoint\",\"urlTemplate\":\"https:\/\/milieuxdumonde.com\/?s={search_term_string}\"},\"query-input\":{\"@type\":\"PropertyValueSpecification\",\"valueRequired\":true,\"valueName\":\"search_term_string\"}}],\"inLanguage\":\"en-US\"},{\"@type\":\"Organization\",\"@id\":\"https:\/\/milieuxdumonde.com\/#organization\",\"name\":\"MILIEUX DU MONDE\",\"url\":\"https:\/\/milieuxdumonde.com\/\",\"logo\":{\"@type\":\"ImageObject\",\"inLanguage\":\"en-US\",\"@id\":\"https:\/\/milieuxdumonde.com\/#\/schema\/logo\/image\/\",\"url\":\"https:\/\/milieuxdumonde.com\/wp-content\/uploads\/2025\/11\/MM-Editions-recadre-linkedin.jpg\",\"contentUrl\":\"https:\/\/milieuxdumonde.com\/wp-content\/uploads\/2025\/11\/MM-Editions-recadre-linkedin.jpg\",\"width\":1664,\"height\":1664,\"caption\":\"MILIEUX DU MONDE\"},\"image\":{\"@id\":\"https:\/\/milieuxdumonde.com\/#\/schema\/logo\/image\/\"}}]}<\/script>\n<!-- \/ Yoast SEO plugin. -->","yoast_head_json":{"title":"Carte La situation du conflit russo-ukrainien au 14 mars 2022 - MILIEUX DU MONDE","robots":{"index":"index","follow":"follow","max-snippet":"max-snippet:-1","max-image-preview":"max-image-preview:large","max-video-preview":"max-video-preview:-1"},"canonical":"https:\/\/milieuxdumonde.com\/en\/product\/carte-la-situation-du-conflit-russo-ukrainien-au-14-mars-2022\/","og_locale":"en_US","og_type":"article","og_title":"Carte La situation du conflit russo-ukrainien au 14 mars 2022 - MILIEUX DU MONDE","og_description":"Carte de la situation militaire et g\u00e9opolitique du conflit russo-ukrainien, au 14 mars 2022.","og_url":"https:\/\/milieuxdumonde.com\/en\/product\/carte-la-situation-du-conflit-russo-ukrainien-au-14-mars-2022\/","og_site_name":"MILIEUX DU MONDE","article_modified_time":"2022-07-29T15:06:39+00:00","og_image":[{"width":1191,"height":842,"url":"https:\/\/milieuxdumonde.com\/wp-content\/uploads\/2022\/03\/Ukraine-2.0-watermark-1.png","type":"image\/png"}],"twitter_card":"summary_large_image","schema":{"@context":"https:\/\/schema.org","@graph":[{"@type":"WebPage","@id":"https:\/\/milieuxdumonde.com\/produit\/carte-la-situation-du-conflit-russo-ukrainien-au-14-mars-2022\/","url":"https:\/\/milieuxdumonde.com\/produit\/carte-la-situation-du-conflit-russo-ukrainien-au-14-mars-2022\/","name":"Carte La situation du conflit russo-ukrainien au 14 mars 2022 - MILIEUX DU MONDE","isPartOf":{"@id":"https:\/\/milieuxdumonde.com\/#website"},"primaryImageOfPage":{"@id":"https:\/\/milieuxdumonde.com\/produit\/carte-la-situation-du-conflit-russo-ukrainien-au-14-mars-2022\/#primaryimage"},"image":{"@id":"https:\/\/milieuxdumonde.com\/produit\/carte-la-situation-du-conflit-russo-ukrainien-au-14-mars-2022\/#primaryimage"},"thumbnailUrl":"https:\/\/milieuxdumonde.com\/wp-content\/uploads\/2022\/03\/Ukraine-2.0-watermark-1.png","datePublished":"2022-03-16T08:47:00+00:00","dateModified":"2022-07-29T15:06:39+00:00","breadcrumb":{"@id":"https:\/\/milieuxdumonde.com\/produit\/carte-la-situation-du-conflit-russo-ukrainien-au-14-mars-2022\/#breadcrumb"},"inLanguage":"en-US","potentialAction":[{"@type":"ReadAction","target":["https:\/\/milieuxdumonde.com\/produit\/carte-la-situation-du-conflit-russo-ukrainien-au-14-mars-2022\/"]}]},{"@type":"ImageObject","inLanguage":"en-US","@id":"https:\/\/milieuxdumonde.com\/produit\/carte-la-situation-du-conflit-russo-ukrainien-au-14-mars-2022\/#primaryimage","url":"https:\/\/milieuxdumonde.com\/wp-content\/uploads\/2022\/03\/Ukraine-2.0-watermark-1.png","contentUrl":"https:\/\/milieuxdumonde.com\/wp-content\/uploads\/2022\/03\/Ukraine-2.0-watermark-1.png","width":1191,"height":842},{"@type":"BreadcrumbList","@id":"https:\/\/milieuxdumonde.com\/produit\/carte-la-situation-du-conflit-russo-ukrainien-au-14-mars-2022\/#breadcrumb","itemListElement":[{"@type":"ListItem","position":1,"name":"Accueil","item":"https:\/\/milieuxdumonde.com\/"},{"@type":"ListItem","position":2,"name":"Shop","item":"https:\/\/milieuxdumonde.com\/en\/shop\/"},{"@type":"ListItem","position":3,"name":"Carte La situation du conflit russo-ukrainien au 14 mars 2022"}]},{"@type":"WebSite","@id":"https:\/\/milieuxdumonde.com\/#website","url":"https:\/\/milieuxdumonde.com\/","name":"MILIEUX DU MONDE","description":"Publishing house specializing in Asia and maritime areas","publisher":{"@id":"https:\/\/milieuxdumonde.com\/#organization"},"potentialAction":[{"@type":"SearchAction","target":{"@type":"EntryPoint","urlTemplate":"https:\/\/milieuxdumonde.com\/?s={search_term_string}"},"query-input":{"@type":"PropertyValueSpecification","valueRequired":true,"valueName":"search_term_string"}}],"inLanguage":"en-US"},{"@type":"Organization","@id":"https:\/\/milieuxdumonde.com\/#organization","name":"MILIEUX DU MONDE","url":"https:\/\/milieuxdumonde.com\/","logo":{"@type":"ImageObject","inLanguage":"en-US","@id":"https:\/\/milieuxdumonde.com\/#\/schema\/logo\/image\/","url":"https:\/\/milieuxdumonde.com\/wp-content\/uploads\/2025\/11\/MM-Editions-recadre-linkedin.jpg","contentUrl":"https:\/\/milieuxdumonde.com\/wp-content\/uploads\/2025\/11\/MM-Editions-recadre-linkedin.jpg","width":1664,"height":1664,"caption":"MILIEUX DU MONDE"},"image":{"@id":"https:\/\/milieuxdumonde.com\/#\/schema\/logo\/image\/"}}]}},"_links":{"self":[{"href":"https:\/\/milieuxdumonde.com\/en\/wp-json\/wp\/v2\/product\/901","targetHints":{"allow":["GET"]}}],"collection":[{"href":"https:\/\/milieuxdumonde.com\/en\/wp-json\/wp\/v2\/product"}],"about":[{"href":"https:\/\/milieuxdumonde.com\/en\/wp-json\/wp\/v2\/types\/product"}],"wp:featuredmedia":[{"embeddable":true,"href":"https:\/\/milieuxdumonde.com\/en\/wp-json\/wp\/v2\/media\/1037"}],"wp:attachment":[{"href":"https:\/\/milieuxdumonde.com\/en\/wp-json\/wp\/v2\/media?parent=901"}],"wp:term":[{"taxonomy":"product_brand","embeddable":true,"href":"https:\/\/milieuxdumonde.com\/en\/wp-json\/wp\/v2\/product_brand?post=901"},{"taxonomy":"product_cat","embeddable":true,"href":"https:\/\/milieuxdumonde.com\/en\/wp-json\/wp\/v2\/product_cat?post=901"},{"taxonomy":"product_tag","embeddable":true,"href":"https:\/\/milieuxdumonde.com\/en\/wp-json\/wp\/v2\/product_tag?post=901"}],"curies":[{"name":"wp","href":"https:\/\/api.w.org\/{rel}","templated":true}]}}