{"id":896,"date":"2022-03-16T07:47:00","date_gmt":"2022-03-16T06:47:00","guid":{"rendered":"https:\/\/milieuxdumonde.com\/?post_type=product&#038;p=896"},"modified":"2025-11-25T20:18:40","modified_gmt":"2025-11-25T19:18:40","slug":"carte-le-caucase-une-marge-de-la-russie-entre-conflictualites-et-hydrocarbures","status":"publish","type":"product","link":"https:\/\/milieuxdumonde.com\/en\/product\/carte-le-caucase-une-marge-de-la-russie-entre-conflictualites-et-hydrocarbures\/","title":{"rendered":"Map The Caucasus, a margin of Russia, between conflicts and hydrocarbons"},"content":{"rendered":"<p>Since the fall of the Soviet Union, the nationalisms of the former Soviet republics have increased while retaining a partly pro-Russian population. This situation leads to many tensions, particularly in the Caucasus region, where three of them (Georgia, Azerbaijan and Armenia) coexist with Russia in a conflictual way, all in an economically strategic space.<\/p>","protected":false},"excerpt":{"rendered":"<p>Map of issues in the Caucasus.<\/p>","protected":false},"featured_media":1035,"template":"","meta":[],"product_brand":[],"product_cat":[57,28,60],"product_tag":[],"class_list":{"0":"post-896","1":"product","2":"type-product","3":"status-publish","4":"has-post-thumbnail","6":"product_cat-asie","7":"product_cat-cartes","8":"product_cat-europe","9":"product_shipping_class-livraison-gratuite","11":"first","12":"instock","13":"taxable","14":"shipping-taxable","15":"purchasable","16":"product-type-variable"},"yoast_head":"<!-- This site is optimized with the Yoast SEO plugin v27.2 - https:\/\/yoast.com\/product\/yoast-seo-wordpress\/ -->\n<title>Carte Le Caucase, une marge de la Russie, entre conflictualit\u00e9s et hydrocarbures - MILIEUX DU MONDE<\/title>\n<meta name=\"robots\" content=\"index, follow, max-snippet:-1, max-image-preview:large, max-video-preview:-1\" \/>\n<link rel=\"canonical\" href=\"https:\/\/milieuxdumonde.com\/en\/product\/carte-le-caucase-une-marge-de-la-russie-entre-conflictualites-et-hydrocarbures\/\" \/>\n<meta property=\"og:locale\" content=\"en_US\" \/>\n<meta property=\"og:type\" content=\"article\" \/>\n<meta property=\"og:title\" content=\"Carte Le Caucase, une marge de la Russie, entre conflictualit\u00e9s et hydrocarbures - MILIEUX DU MONDE\" \/>\n<meta property=\"og:description\" content=\"Carte des enjeux au Caucase.\" \/>\n<meta property=\"og:url\" content=\"https:\/\/milieuxdumonde.com\/en\/product\/carte-le-caucase-une-marge-de-la-russie-entre-conflictualites-et-hydrocarbures\/\" \/>\n<meta property=\"og:site_name\" content=\"MILIEUX DU MONDE\" \/>\n<meta property=\"article:modified_time\" content=\"2025-11-25T19:18:40+00:00\" \/>\n<meta property=\"og:image\" content=\"https:\/\/milieuxdumonde.com\/wp-content\/uploads\/2022\/03\/Caucase-2.0-watermark-2.png\" \/>\n\t<meta property=\"og:image:width\" content=\"1191\" \/>\n\t<meta property=\"og:image:height\" content=\"842\" \/>\n\t<meta property=\"og:image:type\" content=\"image\/png\" \/>\n<meta name=\"twitter:card\" content=\"summary_large_image\" \/>\n<script type=\"application\/ld+json\" class=\"yoast-schema-graph\">{\"@context\":\"https:\/\/schema.org\",\"@graph\":[{\"@type\":\"WebPage\",\"@id\":\"https:\/\/milieuxdumonde.com\/produit\/carte-le-caucase-une-marge-de-la-russie-entre-conflictualites-et-hydrocarbures\/\",\"url\":\"https:\/\/milieuxdumonde.com\/produit\/carte-le-caucase-une-marge-de-la-russie-entre-conflictualites-et-hydrocarbures\/\",\"name\":\"Carte Le Caucase, une marge de la Russie, entre conflictualit\u00e9s et hydrocarbures - MILIEUX DU MONDE\",\"isPartOf\":{\"@id\":\"https:\/\/milieuxdumonde.com\/#website\"},\"primaryImageOfPage\":{\"@id\":\"https:\/\/milieuxdumonde.com\/produit\/carte-le-caucase-une-marge-de-la-russie-entre-conflictualites-et-hydrocarbures\/#primaryimage\"},\"image\":{\"@id\":\"https:\/\/milieuxdumonde.com\/produit\/carte-le-caucase-une-marge-de-la-russie-entre-conflictualites-et-hydrocarbures\/#primaryimage\"},\"thumbnailUrl\":\"https:\/\/milieuxdumonde.com\/wp-content\/uploads\/2022\/03\/Caucase-2.0-watermark-2.png\",\"datePublished\":\"2022-03-16T06:47:00+00:00\",\"dateModified\":\"2025-11-25T19:18:40+00:00\",\"breadcrumb\":{\"@id\":\"https:\/\/milieuxdumonde.com\/produit\/carte-le-caucase-une-marge-de-la-russie-entre-conflictualites-et-hydrocarbures\/#breadcrumb\"},\"inLanguage\":\"en-US\",\"potentialAction\":[{\"@type\":\"ReadAction\",\"target\":[\"https:\/\/milieuxdumonde.com\/produit\/carte-le-caucase-une-marge-de-la-russie-entre-conflictualites-et-hydrocarbures\/\"]}]},{\"@type\":\"ImageObject\",\"inLanguage\":\"en-US\",\"@id\":\"https:\/\/milieuxdumonde.com\/produit\/carte-le-caucase-une-marge-de-la-russie-entre-conflictualites-et-hydrocarbures\/#primaryimage\",\"url\":\"https:\/\/milieuxdumonde.com\/wp-content\/uploads\/2022\/03\/Caucase-2.0-watermark-2.png\",\"contentUrl\":\"https:\/\/milieuxdumonde.com\/wp-content\/uploads\/2022\/03\/Caucase-2.0-watermark-2.png\",\"width\":1191,\"height\":842},{\"@type\":\"BreadcrumbList\",\"@id\":\"https:\/\/milieuxdumonde.com\/produit\/carte-le-caucase-une-marge-de-la-russie-entre-conflictualites-et-hydrocarbures\/#breadcrumb\",\"itemListElement\":[{\"@type\":\"ListItem\",\"position\":1,\"name\":\"Accueil\",\"item\":\"https:\/\/milieuxdumonde.com\/\"},{\"@type\":\"ListItem\",\"position\":2,\"name\":\"Shop\",\"item\":\"https:\/\/milieuxdumonde.com\/en\/shop\/\"},{\"@type\":\"ListItem\",\"position\":3,\"name\":\"Carte Le Caucase, une marge de la Russie, entre conflictualit\u00e9s et hydrocarbures\"}]},{\"@type\":\"WebSite\",\"@id\":\"https:\/\/milieuxdumonde.com\/#website\",\"url\":\"https:\/\/milieuxdumonde.com\/\",\"name\":\"MILIEUX DU MONDE\",\"description\":\"Maison d\u2019\u00e9dition sp\u00e9cialis\u00e9e sur l\u2019Asie et les espaces maritimes\",\"publisher\":{\"@id\":\"https:\/\/milieuxdumonde.com\/#organization\"},\"potentialAction\":[{\"@type\":\"SearchAction\",\"target\":{\"@type\":\"EntryPoint\",\"urlTemplate\":\"https:\/\/milieuxdumonde.com\/?s={search_term_string}\"},\"query-input\":{\"@type\":\"PropertyValueSpecification\",\"valueRequired\":true,\"valueName\":\"search_term_string\"}}],\"inLanguage\":\"en-US\"},{\"@type\":\"Organization\",\"@id\":\"https:\/\/milieuxdumonde.com\/#organization\",\"name\":\"MILIEUX DU MONDE\",\"url\":\"https:\/\/milieuxdumonde.com\/\",\"logo\":{\"@type\":\"ImageObject\",\"inLanguage\":\"en-US\",\"@id\":\"https:\/\/milieuxdumonde.com\/#\/schema\/logo\/image\/\",\"url\":\"https:\/\/milieuxdumonde.com\/wp-content\/uploads\/2025\/11\/MM-Editions-recadre-linkedin.jpg\",\"contentUrl\":\"https:\/\/milieuxdumonde.com\/wp-content\/uploads\/2025\/11\/MM-Editions-recadre-linkedin.jpg\",\"width\":1664,\"height\":1664,\"caption\":\"MILIEUX DU MONDE\"},\"image\":{\"@id\":\"https:\/\/milieuxdumonde.com\/#\/schema\/logo\/image\/\"}}]}<\/script>\n<!-- \/ Yoast SEO plugin. -->","yoast_head_json":{"title":"Carte Le Caucase, une marge de la Russie, entre conflictualit\u00e9s et hydrocarbures - MILIEUX DU MONDE","robots":{"index":"index","follow":"follow","max-snippet":"max-snippet:-1","max-image-preview":"max-image-preview:large","max-video-preview":"max-video-preview:-1"},"canonical":"https:\/\/milieuxdumonde.com\/en\/product\/carte-le-caucase-une-marge-de-la-russie-entre-conflictualites-et-hydrocarbures\/","og_locale":"en_US","og_type":"article","og_title":"Carte Le Caucase, une marge de la Russie, entre conflictualit\u00e9s et hydrocarbures - MILIEUX DU MONDE","og_description":"Carte des enjeux au Caucase.","og_url":"https:\/\/milieuxdumonde.com\/en\/product\/carte-le-caucase-une-marge-de-la-russie-entre-conflictualites-et-hydrocarbures\/","og_site_name":"MILIEUX DU MONDE","article_modified_time":"2025-11-25T19:18:40+00:00","og_image":[{"width":1191,"height":842,"url":"https:\/\/milieuxdumonde.com\/wp-content\/uploads\/2022\/03\/Caucase-2.0-watermark-2.png","type":"image\/png"}],"twitter_card":"summary_large_image","schema":{"@context":"https:\/\/schema.org","@graph":[{"@type":"WebPage","@id":"https:\/\/milieuxdumonde.com\/produit\/carte-le-caucase-une-marge-de-la-russie-entre-conflictualites-et-hydrocarbures\/","url":"https:\/\/milieuxdumonde.com\/produit\/carte-le-caucase-une-marge-de-la-russie-entre-conflictualites-et-hydrocarbures\/","name":"Carte Le Caucase, une marge de la Russie, entre conflictualit\u00e9s et hydrocarbures - MILIEUX DU MONDE","isPartOf":{"@id":"https:\/\/milieuxdumonde.com\/#website"},"primaryImageOfPage":{"@id":"https:\/\/milieuxdumonde.com\/produit\/carte-le-caucase-une-marge-de-la-russie-entre-conflictualites-et-hydrocarbures\/#primaryimage"},"image":{"@id":"https:\/\/milieuxdumonde.com\/produit\/carte-le-caucase-une-marge-de-la-russie-entre-conflictualites-et-hydrocarbures\/#primaryimage"},"thumbnailUrl":"https:\/\/milieuxdumonde.com\/wp-content\/uploads\/2022\/03\/Caucase-2.0-watermark-2.png","datePublished":"2022-03-16T06:47:00+00:00","dateModified":"2025-11-25T19:18:40+00:00","breadcrumb":{"@id":"https:\/\/milieuxdumonde.com\/produit\/carte-le-caucase-une-marge-de-la-russie-entre-conflictualites-et-hydrocarbures\/#breadcrumb"},"inLanguage":"en-US","potentialAction":[{"@type":"ReadAction","target":["https:\/\/milieuxdumonde.com\/produit\/carte-le-caucase-une-marge-de-la-russie-entre-conflictualites-et-hydrocarbures\/"]}]},{"@type":"ImageObject","inLanguage":"en-US","@id":"https:\/\/milieuxdumonde.com\/produit\/carte-le-caucase-une-marge-de-la-russie-entre-conflictualites-et-hydrocarbures\/#primaryimage","url":"https:\/\/milieuxdumonde.com\/wp-content\/uploads\/2022\/03\/Caucase-2.0-watermark-2.png","contentUrl":"https:\/\/milieuxdumonde.com\/wp-content\/uploads\/2022\/03\/Caucase-2.0-watermark-2.png","width":1191,"height":842},{"@type":"BreadcrumbList","@id":"https:\/\/milieuxdumonde.com\/produit\/carte-le-caucase-une-marge-de-la-russie-entre-conflictualites-et-hydrocarbures\/#breadcrumb","itemListElement":[{"@type":"ListItem","position":1,"name":"Accueil","item":"https:\/\/milieuxdumonde.com\/"},{"@type":"ListItem","position":2,"name":"Shop","item":"https:\/\/milieuxdumonde.com\/en\/shop\/"},{"@type":"ListItem","position":3,"name":"Carte Le Caucase, une marge de la Russie, entre conflictualit\u00e9s et hydrocarbures"}]},{"@type":"WebSite","@id":"https:\/\/milieuxdumonde.com\/#website","url":"https:\/\/milieuxdumonde.com\/","name":"MILIEUX DU MONDE","description":"Publishing house specializing in Asia and maritime areas","publisher":{"@id":"https:\/\/milieuxdumonde.com\/#organization"},"potentialAction":[{"@type":"SearchAction","target":{"@type":"EntryPoint","urlTemplate":"https:\/\/milieuxdumonde.com\/?s={search_term_string}"},"query-input":{"@type":"PropertyValueSpecification","valueRequired":true,"valueName":"search_term_string"}}],"inLanguage":"en-US"},{"@type":"Organization","@id":"https:\/\/milieuxdumonde.com\/#organization","name":"MILIEUX DU MONDE","url":"https:\/\/milieuxdumonde.com\/","logo":{"@type":"ImageObject","inLanguage":"en-US","@id":"https:\/\/milieuxdumonde.com\/#\/schema\/logo\/image\/","url":"https:\/\/milieuxdumonde.com\/wp-content\/uploads\/2025\/11\/MM-Editions-recadre-linkedin.jpg","contentUrl":"https:\/\/milieuxdumonde.com\/wp-content\/uploads\/2025\/11\/MM-Editions-recadre-linkedin.jpg","width":1664,"height":1664,"caption":"MILIEUX DU MONDE"},"image":{"@id":"https:\/\/milieuxdumonde.com\/#\/schema\/logo\/image\/"}}]}},"_links":{"self":[{"href":"https:\/\/milieuxdumonde.com\/en\/wp-json\/wp\/v2\/product\/896","targetHints":{"allow":["GET"]}}],"collection":[{"href":"https:\/\/milieuxdumonde.com\/en\/wp-json\/wp\/v2\/product"}],"about":[{"href":"https:\/\/milieuxdumonde.com\/en\/wp-json\/wp\/v2\/types\/product"}],"wp:featuredmedia":[{"embeddable":true,"href":"https:\/\/milieuxdumonde.com\/en\/wp-json\/wp\/v2\/media\/1035"}],"wp:attachment":[{"href":"https:\/\/milieuxdumonde.com\/en\/wp-json\/wp\/v2\/media?parent=896"}],"wp:term":[{"taxonomy":"product_brand","embeddable":true,"href":"https:\/\/milieuxdumonde.com\/en\/wp-json\/wp\/v2\/product_brand?post=896"},{"taxonomy":"product_cat","embeddable":true,"href":"https:\/\/milieuxdumonde.com\/en\/wp-json\/wp\/v2\/product_cat?post=896"},{"taxonomy":"product_tag","embeddable":true,"href":"https:\/\/milieuxdumonde.com\/en\/wp-json\/wp\/v2\/product_tag?post=896"}],"curies":[{"name":"wp","href":"https:\/\/api.w.org\/{rel}","templated":true}]}}