{"id":543,"date":"2021-09-01T19:28:15","date_gmt":"2021-09-01T19:28:15","guid":{"rendered":"https:\/\/www.cap.partaj.co\/?post_type=product&#038;p=543"},"modified":"2025-12-09T09:39:40","modified_gmt":"2025-12-09T08:39:40","slug":"la-chine-face-au-monde-une-puissance-resistible","status":"publish","type":"product","link":"https:\/\/milieuxdumonde.com\/en\/product\/la-chine-face-au-monde-une-puissance-resistible\/","title":{"rendered":"China facing the world: a resilient power"},"content":{"rendered":"<p><strong>\u00c0 propos de l&rsquo;ouvrage<\/strong><\/p>\n<p>An extraordinary power, China has thwarted all Western forecasts. Its economic development has not been accompanied by democratization and its diplomatic isolation must be put into perspective. More and more opposed to the West, which it challenges, it finds, on the other hand, important relays in the southern countries that it has long won over. For how much longer ? India has chosen a rapprochement with Washington and its allies in a strategy of containment, the Indo-Pacific, the viability of which remains uncertain. The world economic state, the environmental crisis or terrorism show that China remains more of a force of proposal and much less a reliable partner. Indispensable, it does not less engage our future and this <em>vade-mecum <\/em>will accompany decision-makers and opinions of all generations in their own reflections.<\/p>\n<p><strong>Les auteurs<\/strong><\/p>\n<p><strong><em>Emmanuel Lincot <\/em><\/strong><em>is Professor at the Faculty of Letters of the Catholic Institute (ICP). Historian, sinologist, he is also an associate researcher at the Institute of International and Strategic Relations (IRIS) where he directs the journal <\/em>Asia Focus<em>. He created the Master <\/em>Museum strategies and project management - Asia <em>and carried out the first MOOC on the geopolitics of China, in partnership with France Universit\u00e9 Num\u00e9rique.<\/em><\/p>\n<p><strong><em>Emmanuel Veron <\/em><\/strong><em>holds a doctorate in geography and specializes in contemporary China and international relations. He taught geography and geopolitics of China at INALCO. He is an associate professor-researcher at UMR IFRAE (Inalco) and at the Naval School. He is the general delegate of the Brousse dell&#039;Aquila Endowment Fund (FDBDA).<\/em><\/p>","protected":false},"excerpt":{"rendered":"<p>Empire ancien, puissance nouvelle : la Chine avance masqu\u00e9e, entre traditions mill\u00e9naires et ambitions globales. Le monde observe, inquiet, fascin\u00e9, ce retour d\u2019un g\u00e9ant au centre du jeu.<\/p>\n<p>Release on September 8, 2021<\/p>\n<p>Paperback 11 x 18 cm<br \/>\n144 B&amp;W pages (printed in France)<\/p>\n<p>ISBN 978-2-95698-383-5<\/p>","protected":false},"featured_media":707,"template":"","meta":[],"product_brand":[],"product_cat":[40],"product_tag":[],"class_list":{"0":"post-543","1":"product","2":"type-product","3":"status-publish","4":"has-post-thumbnail","6":"product_cat-livres","7":"product_shipping_class-lettre-verte","9":"first","10":"instock","11":"taxable","12":"shipping-taxable","13":"purchasable","14":"product-type-variable"},"yoast_head":"<!-- This site is optimized with the Yoast SEO plugin v27.2 - https:\/\/yoast.com\/product\/yoast-seo-wordpress\/ -->\n<title>La Chine face au monde : une puissance r\u00e9sistible - MILIEUX DU MONDE<\/title>\n<meta name=\"robots\" content=\"index, follow, max-snippet:-1, max-image-preview:large, max-video-preview:-1\" \/>\n<link rel=\"canonical\" href=\"https:\/\/milieuxdumonde.com\/en\/product\/la-chine-face-au-monde-une-puissance-resistible\/\" \/>\n<meta property=\"og:locale\" content=\"en_US\" \/>\n<meta property=\"og:type\" content=\"article\" \/>\n<meta property=\"og:title\" content=\"La Chine face au monde : une puissance r\u00e9sistible - MILIEUX DU MONDE\" \/>\n<meta property=\"og:description\" content=\"Empire ancien, puissance nouvelle : la Chine avance masqu\u00e9e, entre traditions mill\u00e9naires et ambitions globales. Le monde observe, inquiet, fascin\u00e9, ce retour d\u2019un g\u00e9ant au centre du jeu.  Parution le 8 septembre 2021  Broch\u00e9 11 x 18 cm 144 pages N&amp;B (imprim\u00e9 en France)  ISBN 978-2-95698-383-5\" \/>\n<meta property=\"og:url\" content=\"https:\/\/milieuxdumonde.com\/en\/product\/la-chine-face-au-monde-une-puissance-resistible\/\" \/>\n<meta property=\"og:site_name\" content=\"MILIEUX DU MONDE\" \/>\n<meta property=\"article:modified_time\" content=\"2025-12-09T08:39:40+00:00\" \/>\n<meta property=\"og:image\" content=\"https:\/\/milieuxdumonde.com\/wp-content\/uploads\/2021\/09\/LaChineFaceAuMonde-couverture.jpg\" \/>\n\t<meta property=\"og:image:width\" content=\"709\" \/>\n\t<meta property=\"og:image:height\" content=\"1135\" \/>\n\t<meta property=\"og:image:type\" content=\"image\/jpeg\" \/>\n<meta name=\"twitter:card\" content=\"summary_large_image\" \/>\n<meta name=\"twitter:label1\" content=\"Est. reading time\" \/>\n\t<meta name=\"twitter:data1\" content=\"1 minute\" \/>\n<script type=\"application\/ld+json\" class=\"yoast-schema-graph\">{\"@context\":\"https:\/\/schema.org\",\"@graph\":[{\"@type\":\"WebPage\",\"@id\":\"https:\/\/milieuxdumonde.com\/produit\/la-chine-face-au-monde-une-puissance-resistible\/\",\"url\":\"https:\/\/milieuxdumonde.com\/produit\/la-chine-face-au-monde-une-puissance-resistible\/\",\"name\":\"La Chine face au monde : une puissance r\u00e9sistible - MILIEUX DU MONDE\",\"isPartOf\":{\"@id\":\"https:\/\/milieuxdumonde.com\/#website\"},\"primaryImageOfPage\":{\"@id\":\"https:\/\/milieuxdumonde.com\/produit\/la-chine-face-au-monde-une-puissance-resistible\/#primaryimage\"},\"image\":{\"@id\":\"https:\/\/milieuxdumonde.com\/produit\/la-chine-face-au-monde-une-puissance-resistible\/#primaryimage\"},\"thumbnailUrl\":\"https:\/\/milieuxdumonde.com\/wp-content\/uploads\/2021\/09\/LaChineFaceAuMonde-couverture.jpg\",\"datePublished\":\"2021-09-01T19:28:15+00:00\",\"dateModified\":\"2025-12-09T08:39:40+00:00\",\"breadcrumb\":{\"@id\":\"https:\/\/milieuxdumonde.com\/produit\/la-chine-face-au-monde-une-puissance-resistible\/#breadcrumb\"},\"inLanguage\":\"en-US\",\"potentialAction\":[{\"@type\":\"ReadAction\",\"target\":[\"https:\/\/milieuxdumonde.com\/produit\/la-chine-face-au-monde-une-puissance-resistible\/\"]}]},{\"@type\":\"ImageObject\",\"inLanguage\":\"en-US\",\"@id\":\"https:\/\/milieuxdumonde.com\/produit\/la-chine-face-au-monde-une-puissance-resistible\/#primaryimage\",\"url\":\"https:\/\/milieuxdumonde.com\/wp-content\/uploads\/2021\/09\/LaChineFaceAuMonde-couverture.jpg\",\"contentUrl\":\"https:\/\/milieuxdumonde.com\/wp-content\/uploads\/2021\/09\/LaChineFaceAuMonde-couverture.jpg\",\"width\":709,\"height\":1135},{\"@type\":\"BreadcrumbList\",\"@id\":\"https:\/\/milieuxdumonde.com\/produit\/la-chine-face-au-monde-une-puissance-resistible\/#breadcrumb\",\"itemListElement\":[{\"@type\":\"ListItem\",\"position\":1,\"name\":\"Accueil\",\"item\":\"https:\/\/milieuxdumonde.com\/\"},{\"@type\":\"ListItem\",\"position\":2,\"name\":\"Shop\",\"item\":\"https:\/\/milieuxdumonde.com\/en\/shop\/\"},{\"@type\":\"ListItem\",\"position\":3,\"name\":\"La Chine face au monde : une puissance r\u00e9sistible\"}]},{\"@type\":\"WebSite\",\"@id\":\"https:\/\/milieuxdumonde.com\/#website\",\"url\":\"https:\/\/milieuxdumonde.com\/\",\"name\":\"MILIEUX DU MONDE\",\"description\":\"Maison d\u2019\u00e9dition sp\u00e9cialis\u00e9e sur l\u2019Asie et les espaces maritimes\",\"publisher\":{\"@id\":\"https:\/\/milieuxdumonde.com\/#organization\"},\"potentialAction\":[{\"@type\":\"SearchAction\",\"target\":{\"@type\":\"EntryPoint\",\"urlTemplate\":\"https:\/\/milieuxdumonde.com\/?s={search_term_string}\"},\"query-input\":{\"@type\":\"PropertyValueSpecification\",\"valueRequired\":true,\"valueName\":\"search_term_string\"}}],\"inLanguage\":\"en-US\"},{\"@type\":\"Organization\",\"@id\":\"https:\/\/milieuxdumonde.com\/#organization\",\"name\":\"MILIEUX DU MONDE\",\"url\":\"https:\/\/milieuxdumonde.com\/\",\"logo\":{\"@type\":\"ImageObject\",\"inLanguage\":\"en-US\",\"@id\":\"https:\/\/milieuxdumonde.com\/#\/schema\/logo\/image\/\",\"url\":\"https:\/\/milieuxdumonde.com\/wp-content\/uploads\/2025\/11\/MM-Editions-recadre-linkedin.jpg\",\"contentUrl\":\"https:\/\/milieuxdumonde.com\/wp-content\/uploads\/2025\/11\/MM-Editions-recadre-linkedin.jpg\",\"width\":1664,\"height\":1664,\"caption\":\"MILIEUX DU MONDE\"},\"image\":{\"@id\":\"https:\/\/milieuxdumonde.com\/#\/schema\/logo\/image\/\"}}]}<\/script>\n<!-- \/ Yoast SEO plugin. -->","yoast_head_json":{"title":"La Chine face au monde : une puissance r\u00e9sistible - MILIEUX DU MONDE","robots":{"index":"index","follow":"follow","max-snippet":"max-snippet:-1","max-image-preview":"max-image-preview:large","max-video-preview":"max-video-preview:-1"},"canonical":"https:\/\/milieuxdumonde.com\/en\/product\/la-chine-face-au-monde-une-puissance-resistible\/","og_locale":"en_US","og_type":"article","og_title":"La Chine face au monde : une puissance r\u00e9sistible - MILIEUX DU MONDE","og_description":"Empire ancien, puissance nouvelle : la Chine avance masqu\u00e9e, entre traditions mill\u00e9naires et ambitions globales. Le monde observe, inquiet, fascin\u00e9, ce retour d\u2019un g\u00e9ant au centre du jeu.  Parution le 8 septembre 2021  Broch\u00e9 11 x 18 cm 144 pages N&amp;B (imprim\u00e9 en France)  ISBN 978-2-95698-383-5","og_url":"https:\/\/milieuxdumonde.com\/en\/product\/la-chine-face-au-monde-une-puissance-resistible\/","og_site_name":"MILIEUX DU MONDE","article_modified_time":"2025-12-09T08:39:40+00:00","og_image":[{"width":709,"height":1135,"url":"https:\/\/milieuxdumonde.com\/wp-content\/uploads\/2021\/09\/LaChineFaceAuMonde-couverture.jpg","type":"image\/jpeg"}],"twitter_card":"summary_large_image","twitter_misc":{"Est. reading time":"1 minute"},"schema":{"@context":"https:\/\/schema.org","@graph":[{"@type":"WebPage","@id":"https:\/\/milieuxdumonde.com\/produit\/la-chine-face-au-monde-une-puissance-resistible\/","url":"https:\/\/milieuxdumonde.com\/produit\/la-chine-face-au-monde-une-puissance-resistible\/","name":"La Chine face au monde : une puissance r\u00e9sistible - MILIEUX DU MONDE","isPartOf":{"@id":"https:\/\/milieuxdumonde.com\/#website"},"primaryImageOfPage":{"@id":"https:\/\/milieuxdumonde.com\/produit\/la-chine-face-au-monde-une-puissance-resistible\/#primaryimage"},"image":{"@id":"https:\/\/milieuxdumonde.com\/produit\/la-chine-face-au-monde-une-puissance-resistible\/#primaryimage"},"thumbnailUrl":"https:\/\/milieuxdumonde.com\/wp-content\/uploads\/2021\/09\/LaChineFaceAuMonde-couverture.jpg","datePublished":"2021-09-01T19:28:15+00:00","dateModified":"2025-12-09T08:39:40+00:00","breadcrumb":{"@id":"https:\/\/milieuxdumonde.com\/produit\/la-chine-face-au-monde-une-puissance-resistible\/#breadcrumb"},"inLanguage":"en-US","potentialAction":[{"@type":"ReadAction","target":["https:\/\/milieuxdumonde.com\/produit\/la-chine-face-au-monde-une-puissance-resistible\/"]}]},{"@type":"ImageObject","inLanguage":"en-US","@id":"https:\/\/milieuxdumonde.com\/produit\/la-chine-face-au-monde-une-puissance-resistible\/#primaryimage","url":"https:\/\/milieuxdumonde.com\/wp-content\/uploads\/2021\/09\/LaChineFaceAuMonde-couverture.jpg","contentUrl":"https:\/\/milieuxdumonde.com\/wp-content\/uploads\/2021\/09\/LaChineFaceAuMonde-couverture.jpg","width":709,"height":1135},{"@type":"BreadcrumbList","@id":"https:\/\/milieuxdumonde.com\/produit\/la-chine-face-au-monde-une-puissance-resistible\/#breadcrumb","itemListElement":[{"@type":"ListItem","position":1,"name":"Accueil","item":"https:\/\/milieuxdumonde.com\/"},{"@type":"ListItem","position":2,"name":"Shop","item":"https:\/\/milieuxdumonde.com\/en\/shop\/"},{"@type":"ListItem","position":3,"name":"La Chine face au monde : une puissance r\u00e9sistible"}]},{"@type":"WebSite","@id":"https:\/\/milieuxdumonde.com\/#website","url":"https:\/\/milieuxdumonde.com\/","name":"MILIEUX DU MONDE","description":"Publishing house specializing in Asia and maritime areas","publisher":{"@id":"https:\/\/milieuxdumonde.com\/#organization"},"potentialAction":[{"@type":"SearchAction","target":{"@type":"EntryPoint","urlTemplate":"https:\/\/milieuxdumonde.com\/?s={search_term_string}"},"query-input":{"@type":"PropertyValueSpecification","valueRequired":true,"valueName":"search_term_string"}}],"inLanguage":"en-US"},{"@type":"Organization","@id":"https:\/\/milieuxdumonde.com\/#organization","name":"MILIEUX DU MONDE","url":"https:\/\/milieuxdumonde.com\/","logo":{"@type":"ImageObject","inLanguage":"en-US","@id":"https:\/\/milieuxdumonde.com\/#\/schema\/logo\/image\/","url":"https:\/\/milieuxdumonde.com\/wp-content\/uploads\/2025\/11\/MM-Editions-recadre-linkedin.jpg","contentUrl":"https:\/\/milieuxdumonde.com\/wp-content\/uploads\/2025\/11\/MM-Editions-recadre-linkedin.jpg","width":1664,"height":1664,"caption":"MILIEUX DU MONDE"},"image":{"@id":"https:\/\/milieuxdumonde.com\/#\/schema\/logo\/image\/"}}]}},"_links":{"self":[{"href":"https:\/\/milieuxdumonde.com\/en\/wp-json\/wp\/v2\/product\/543","targetHints":{"allow":["GET"]}}],"collection":[{"href":"https:\/\/milieuxdumonde.com\/en\/wp-json\/wp\/v2\/product"}],"about":[{"href":"https:\/\/milieuxdumonde.com\/en\/wp-json\/wp\/v2\/types\/product"}],"wp:featuredmedia":[{"embeddable":true,"href":"https:\/\/milieuxdumonde.com\/en\/wp-json\/wp\/v2\/media\/707"}],"wp:attachment":[{"href":"https:\/\/milieuxdumonde.com\/en\/wp-json\/wp\/v2\/media?parent=543"}],"wp:term":[{"taxonomy":"product_brand","embeddable":true,"href":"https:\/\/milieuxdumonde.com\/en\/wp-json\/wp\/v2\/product_brand?post=543"},{"taxonomy":"product_cat","embeddable":true,"href":"https:\/\/milieuxdumonde.com\/en\/wp-json\/wp\/v2\/product_cat?post=543"},{"taxonomy":"product_tag","embeddable":true,"href":"https:\/\/milieuxdumonde.com\/en\/wp-json\/wp\/v2\/product_tag?post=543"}],"curies":[{"name":"wp","href":"https:\/\/api.w.org\/{rel}","templated":true}]}}