{"id":1849,"date":"2025-11-14T00:38:14","date_gmt":"2025-11-13T23:38:14","guid":{"rendered":"https:\/\/milieuxdumonde.com\/?post_type=product&#038;p=1849"},"modified":"2025-12-09T09:33:59","modified_gmt":"2025-12-09T08:33:59","slug":"toulon-devergondee-la-basse-ville","status":"publish","type":"product","link":"https:\/\/milieuxdumonde.com\/en\/product\/toulon-devergondee-la-basse-ville\/","title":{"rendered":"Toulon d\u00e9vergond\u00e9e, la Basse-Ville (ann\u00e9es 1880-1980)"},"content":{"rendered":"<p class=\"s25\"><strong><span class=\"s2\">A propos de l\u2019ouvrage<\/span><\/strong><\/p>\n<p class=\"s5\"><span class=\"s9\">Lieu mythique de la volupt\u00e9 portuaire, la Basse-Ville toulonnaise e\u00fbt, pendant un si\u00e8cle (1850-1946), son \u00ab\u00a0Quartier R\u00e9serv\u00e9\u00a0\u00bb, surnomm\u00e9 \u00ab <\/span><em><span class=\"s14\">Le Chapeau Rouge <\/span><\/em><span class=\"s9\">\u00bb ou son \u00ab\u00a0Pav\u00e9 d\u2019amour \u00bb. <\/span><\/p>\n<p class=\"s22\"><span class=\"s9\">Il s\u2019entendait de la zone limit\u00e9e par le cours Lafayette, la rue des Remparts, la rue de Lorgues et la rue Vincent <\/span><span class=\"s9\">Courdouan<\/span><span class=\"s9\">. Ce fut la seule zone de la ville o\u00f9 la prostitution \u00e9tait libre et autoris\u00e9e. <\/span><\/p>\n<p class=\"s26\"><span class=\"s9\">Les \u00e9crits de Farr\u00e8re, Loti, plus tard ceux de Cocteau, V\u00e9rane, Morand, Carco, forg\u00e8rent l\u2019imaginaire de la Basse-Ville, empreint de sensualit\u00e9. Toulon \u00e9tait bien alors une f\u00eate ! Celle des matelots qui descendaient dans la Basse-Ville, avides de compenser la rudesse de la vie \u00e0 bord dans ce Toulon de Pierre Loti \u00ab <\/span><em><span class=\"s14\">ivre de soleil, de chaleur, d\u2019alcool, de cris et de chants<\/span><\/em><span class=\"s9\"> \u00bb. <\/span><\/p>\n<p class=\"s5\"><span class=\"s9\">\u00ab\u00a0Capitale de la prostitution et de l\u2019opium \u00bb, Toulon devint, dans l\u2019entre-deux-guerres, celle de \u00ab\u00a0l\u2019homosexualit\u00e9\u00a0\u00bb, au grand dam des autorit\u00e9s, notamment de la Marine nationale. Dans le registre de la \u00ab\u00a0m\u00e9moire urbaine\u00a0\u00bb l\u2019ouvrage \u00e9voque les traces de ce quartier dans sa toponymie, ses murs, ses places. Il propose aussi un r\u00e9cit vibrant de la Basse-Ville telle qu\u2019une jeune fille toulonnaise pouvait se la repr\u00e9senter.<\/span><\/p>\n<p class=\"s5\"><em><span class=\"s14\">Toulon d\u00e9vergond\u00e9e. La Basse-Ville (ann\u00e9es 1880-1980)<\/span><\/em><span class=\"s9\"> est le premier ouvrage consacr\u00e9 \u00e0 ce quartier, aujourd&rsquo;hui occult\u00e9. R\u00e9dig\u00e9 par des natifs de Toulon, fins connaisseurs de l&rsquo;histoire de sa Marine et des facettes multiples et complexes de la Cit\u00e9, il offre une plong\u00e9e in\u00e9dite dans le pass\u00e9 sensible de ce lieu <\/span><span class=\"s9\">\u00e0 part. Riche d&rsquo;une iconographie d&rsquo;archives, ce livre l\u00e8ve ainsi le voile sur un pan m\u00e9connu de l&rsquo;identit\u00e9 toulonnaise. <\/span><\/p>\n<p class=\"s18\"><strong><span class=\"s2\">Les auteurs<\/span><\/strong><\/p>\n<p class=\"s27\"><span class=\"s9\">Ouvrage collectif dirig\u00e9 par Marc Bayle. Pr\u00e9fet honoraire, ancien commissaire de la Marine. Il a \u00e9t\u00e9 conseiller g\u00e9n\u00e9ral de Toulon de 1994 \u00e0 2001. Auteur des <\/span><span class=\"s14\"><em>Droites \u00e0 Toulon (1958-1994)<\/em>, <em>De l\u2019Alg\u00e9rie fran\u00e7aise au Front National<\/em><\/span><em><span class=\"s9\"> (Les Presses du Midi, 2014)<\/span><\/em><span class=\"s9\">, <\/span><span class=\"s9\">de <\/span><a href=\"https:\/\/milieuxdumonde.com\/en\/product\/toulon-au-fil-des-textes\/\"><em><span class=\"s14\">Toulon through the texts<\/span><\/em><\/a><span class=\"s9\"> (<\/span><em><span class=\"s9\">Capit<\/span> <span class=\"s9\">Muscas<\/span><span class=\"s9\">Editions<\/span><span class=\"s9\">, 2022)<\/span><\/em><span class=\"s9\"> et de <\/span><a href=\"https:\/\/milieuxdumonde.com\/en\/product\/toulon-portraits-d-une-ville\/\"><em><span class=\"s14\">Toulon. Portraits d\u2019une ville<\/span><\/em><\/a><span class=\"s9\"> (<\/span><span class=\"s9\">Capit<\/span> <span class=\"s9\">Muscas<\/span><span class=\"s9\"> \u00c9ditions, 2023).<\/span><\/p>\n<p class=\"s29\"><span class=\"s9\">Avec les contribution<\/span><span class=\"s9\">s<\/span><span class=\"s9\"> de\u00a0: <\/span><span class=\"s28\">Andr\u00e9 Four\u00e8s, <\/span><span class=\"s28\">LEA Andr\u00e9ani, <\/span><span class=\"s28\">Colette<\/span> <span class=\"s28\">Servi\u00e8res.<\/span><\/p>","protected":false},"excerpt":{"rendered":"<p>Premier ouvrage consacr\u00e9 \u00e0 la Basse-Ville toulonnaise, lieu mythique de la volupt\u00e9 portuaire, ce livre, riche d\u2019une iconographie d\u2019archives, nous offre une plong\u00e9e in\u00e9dite dans le pass\u00e9 sensible de ce quartier \u00e0 part, aujourd\u2019hui occult\u00e9.<\/p>\n<p><strong>Ouvrage collectif dirig\u00e9 par Marc Bayle<\/strong><em><strong>. Avec les contributions de\u00a0: <\/strong><\/em><strong>Andr\u00e9 Four\u00e8s, LEA Andr\u00e9ani, Colette<\/strong><strong> Servi\u00e8res.<\/strong><\/p>\n<p>&#8212;&#8212;<\/p>\n<p>Parution\u00a0: Novembre 2025<\/p>\n<p>Broch\u00e9 110 x 180 cm \u2013 Illustrations quadri<\/p>\n<p>208 pages (imprim\u00e9 en France)<\/p>\n<p>Ce livre existe \u00e9galement en version num\u00e9rique (ePub)<\/p>\n<p>ISBN\u00a0: 978-2-38416-001-3<\/p>","protected":false},"featured_media":1853,"template":"","meta":[],"product_brand":[],"product_cat":[40],"product_tag":[],"class_list":{"0":"post-1849","1":"product","2":"type-product","3":"status-publish","4":"has-post-thumbnail","6":"product_cat-livres","7":"product_shipping_class-lettre-verte","9":"first","10":"instock","11":"taxable","12":"shipping-taxable","13":"purchasable","14":"product-type-variable"},"yoast_head":"<!-- This site is optimized with the Yoast SEO plugin v27.2 - https:\/\/yoast.com\/product\/yoast-seo-wordpress\/ -->\n<title>Toulon d\u00e9vergond\u00e9e, la Basse-Ville (ann\u00e9es 1880-1980) - MILIEUX DU MONDE<\/title>\n<meta name=\"robots\" content=\"index, follow, max-snippet:-1, max-image-preview:large, max-video-preview:-1\" \/>\n<link rel=\"canonical\" href=\"https:\/\/milieuxdumonde.com\/en\/product\/toulon-devergondee-la-basse-ville\/\" \/>\n<meta property=\"og:locale\" content=\"en_US\" \/>\n<meta property=\"og:type\" content=\"article\" \/>\n<meta property=\"og:title\" content=\"Toulon d\u00e9vergond\u00e9e, la Basse-Ville (ann\u00e9es 1880-1980) - MILIEUX DU MONDE\" \/>\n<meta property=\"og:description\" content=\"Premier ouvrage consacr\u00e9 \u00e0 la Basse-Ville toulonnaise, lieu mythique de la volupt\u00e9 portuaire, ce livre, riche d\u2019une iconographie d\u2019archives, nous offre une plong\u00e9e in\u00e9dite dans le pass\u00e9 sensible de ce quartier \u00e0 part, aujourd\u2019hui occult\u00e9.  Ouvrage collectif dirig\u00e9 par Marc Bayle. Avec les contributions de\u00a0: Andr\u00e9 Four\u00e8s, LEA Andr\u00e9ani, Colette Servi\u00e8res.  ------  Parution\u00a0: Novembre 2025  Broch\u00e9 110 x 180 cm \u2013 Illustrations quadri  208 pages (imprim\u00e9 en France)  Ce livre existe \u00e9galement en version num\u00e9rique (ePub)  ISBN\u00a0: 978-2-38416-001-3\" \/>\n<meta property=\"og:url\" content=\"https:\/\/milieuxdumonde.com\/en\/product\/toulon-devergondee-la-basse-ville\/\" \/>\n<meta property=\"og:site_name\" content=\"MILIEUX DU MONDE\" \/>\n<meta property=\"article:modified_time\" content=\"2025-12-09T08:33:59+00:00\" \/>\n<meta property=\"og:image\" content=\"https:\/\/milieuxdumonde.com\/wp-content\/uploads\/2025\/11\/Toulon-devergondee-2025-10-26-Couv-1.jpg\" \/>\n\t<meta property=\"og:image:width\" content=\"1299\" \/>\n\t<meta property=\"og:image:height\" content=\"2126\" \/>\n\t<meta property=\"og:image:type\" content=\"image\/jpeg\" \/>\n<meta name=\"twitter:card\" content=\"summary_large_image\" \/>\n<meta name=\"twitter:label1\" content=\"Est. reading time\" \/>\n\t<meta name=\"twitter:data1\" content=\"2 minutes\" \/>\n<script type=\"application\/ld+json\" class=\"yoast-schema-graph\">{\"@context\":\"https:\/\/schema.org\",\"@graph\":[{\"@type\":\"WebPage\",\"@id\":\"https:\/\/milieuxdumonde.com\/produit\/toulon-devergondee-la-basse-ville\/\",\"url\":\"https:\/\/milieuxdumonde.com\/produit\/toulon-devergondee-la-basse-ville\/\",\"name\":\"Toulon d\u00e9vergond\u00e9e, la Basse-Ville (ann\u00e9es 1880-1980) - MILIEUX DU MONDE\",\"isPartOf\":{\"@id\":\"https:\/\/milieuxdumonde.com\/#website\"},\"primaryImageOfPage\":{\"@id\":\"https:\/\/milieuxdumonde.com\/produit\/toulon-devergondee-la-basse-ville\/#primaryimage\"},\"image\":{\"@id\":\"https:\/\/milieuxdumonde.com\/produit\/toulon-devergondee-la-basse-ville\/#primaryimage\"},\"thumbnailUrl\":\"https:\/\/milieuxdumonde.com\/wp-content\/uploads\/2025\/11\/Toulon-devergondee-2025-10-26-Couv-1.jpg\",\"datePublished\":\"2025-11-13T23:38:14+00:00\",\"dateModified\":\"2025-12-09T08:33:59+00:00\",\"breadcrumb\":{\"@id\":\"https:\/\/milieuxdumonde.com\/produit\/toulon-devergondee-la-basse-ville\/#breadcrumb\"},\"inLanguage\":\"en-US\",\"potentialAction\":[{\"@type\":\"ReadAction\",\"target\":[\"https:\/\/milieuxdumonde.com\/produit\/toulon-devergondee-la-basse-ville\/\"]}]},{\"@type\":\"ImageObject\",\"inLanguage\":\"en-US\",\"@id\":\"https:\/\/milieuxdumonde.com\/produit\/toulon-devergondee-la-basse-ville\/#primaryimage\",\"url\":\"https:\/\/milieuxdumonde.com\/wp-content\/uploads\/2025\/11\/Toulon-devergondee-2025-10-26-Couv-1.jpg\",\"contentUrl\":\"https:\/\/milieuxdumonde.com\/wp-content\/uploads\/2025\/11\/Toulon-devergondee-2025-10-26-Couv-1.jpg\",\"width\":1299,\"height\":2126},{\"@type\":\"BreadcrumbList\",\"@id\":\"https:\/\/milieuxdumonde.com\/produit\/toulon-devergondee-la-basse-ville\/#breadcrumb\",\"itemListElement\":[{\"@type\":\"ListItem\",\"position\":1,\"name\":\"Accueil\",\"item\":\"https:\/\/milieuxdumonde.com\/\"},{\"@type\":\"ListItem\",\"position\":2,\"name\":\"Shop\",\"item\":\"https:\/\/milieuxdumonde.com\/en\/shop\/\"},{\"@type\":\"ListItem\",\"position\":3,\"name\":\"Toulon d\u00e9vergond\u00e9e, la Basse-Ville (ann\u00e9es 1880-1980)\"}]},{\"@type\":\"WebSite\",\"@id\":\"https:\/\/milieuxdumonde.com\/#website\",\"url\":\"https:\/\/milieuxdumonde.com\/\",\"name\":\"MILIEUX DU MONDE\",\"description\":\"Maison d\u2019\u00e9dition sp\u00e9cialis\u00e9e sur l\u2019Asie et les espaces maritimes\",\"publisher\":{\"@id\":\"https:\/\/milieuxdumonde.com\/#organization\"},\"potentialAction\":[{\"@type\":\"SearchAction\",\"target\":{\"@type\":\"EntryPoint\",\"urlTemplate\":\"https:\/\/milieuxdumonde.com\/?s={search_term_string}\"},\"query-input\":{\"@type\":\"PropertyValueSpecification\",\"valueRequired\":true,\"valueName\":\"search_term_string\"}}],\"inLanguage\":\"en-US\"},{\"@type\":\"Organization\",\"@id\":\"https:\/\/milieuxdumonde.com\/#organization\",\"name\":\"MILIEUX DU MONDE\",\"url\":\"https:\/\/milieuxdumonde.com\/\",\"logo\":{\"@type\":\"ImageObject\",\"inLanguage\":\"en-US\",\"@id\":\"https:\/\/milieuxdumonde.com\/#\/schema\/logo\/image\/\",\"url\":\"https:\/\/milieuxdumonde.com\/wp-content\/uploads\/2025\/11\/MM-Editions-recadre-linkedin.jpg\",\"contentUrl\":\"https:\/\/milieuxdumonde.com\/wp-content\/uploads\/2025\/11\/MM-Editions-recadre-linkedin.jpg\",\"width\":1664,\"height\":1664,\"caption\":\"MILIEUX DU MONDE\"},\"image\":{\"@id\":\"https:\/\/milieuxdumonde.com\/#\/schema\/logo\/image\/\"}}]}<\/script>\n<!-- \/ Yoast SEO plugin. -->","yoast_head_json":{"title":"Toulon d\u00e9vergond\u00e9e, la Basse-Ville (ann\u00e9es 1880-1980) - MILIEUX DU MONDE","robots":{"index":"index","follow":"follow","max-snippet":"max-snippet:-1","max-image-preview":"max-image-preview:large","max-video-preview":"max-video-preview:-1"},"canonical":"https:\/\/milieuxdumonde.com\/en\/product\/toulon-devergondee-la-basse-ville\/","og_locale":"en_US","og_type":"article","og_title":"Toulon d\u00e9vergond\u00e9e, la Basse-Ville (ann\u00e9es 1880-1980) - MILIEUX DU MONDE","og_description":"Premier ouvrage consacr\u00e9 \u00e0 la Basse-Ville toulonnaise, lieu mythique de la volupt\u00e9 portuaire, ce livre, riche d\u2019une iconographie d\u2019archives, nous offre une plong\u00e9e in\u00e9dite dans le pass\u00e9 sensible de ce quartier \u00e0 part, aujourd\u2019hui occult\u00e9.  Ouvrage collectif dirig\u00e9 par Marc Bayle. Avec les contributions de\u00a0: Andr\u00e9 Four\u00e8s, LEA Andr\u00e9ani, Colette Servi\u00e8res.  ------  Parution\u00a0: Novembre 2025  Broch\u00e9 110 x 180 cm \u2013 Illustrations quadri  208 pages (imprim\u00e9 en France)  Ce livre existe \u00e9galement en version num\u00e9rique (ePub)  ISBN\u00a0: 978-2-38416-001-3","og_url":"https:\/\/milieuxdumonde.com\/en\/product\/toulon-devergondee-la-basse-ville\/","og_site_name":"MILIEUX DU MONDE","article_modified_time":"2025-12-09T08:33:59+00:00","og_image":[{"width":1299,"height":2126,"url":"https:\/\/milieuxdumonde.com\/wp-content\/uploads\/2025\/11\/Toulon-devergondee-2025-10-26-Couv-1.jpg","type":"image\/jpeg"}],"twitter_card":"summary_large_image","twitter_misc":{"Est. reading time":"2 minutes"},"schema":{"@context":"https:\/\/schema.org","@graph":[{"@type":"WebPage","@id":"https:\/\/milieuxdumonde.com\/produit\/toulon-devergondee-la-basse-ville\/","url":"https:\/\/milieuxdumonde.com\/produit\/toulon-devergondee-la-basse-ville\/","name":"Toulon d\u00e9vergond\u00e9e, la Basse-Ville (ann\u00e9es 1880-1980) - MILIEUX DU MONDE","isPartOf":{"@id":"https:\/\/milieuxdumonde.com\/#website"},"primaryImageOfPage":{"@id":"https:\/\/milieuxdumonde.com\/produit\/toulon-devergondee-la-basse-ville\/#primaryimage"},"image":{"@id":"https:\/\/milieuxdumonde.com\/produit\/toulon-devergondee-la-basse-ville\/#primaryimage"},"thumbnailUrl":"https:\/\/milieuxdumonde.com\/wp-content\/uploads\/2025\/11\/Toulon-devergondee-2025-10-26-Couv-1.jpg","datePublished":"2025-11-13T23:38:14+00:00","dateModified":"2025-12-09T08:33:59+00:00","breadcrumb":{"@id":"https:\/\/milieuxdumonde.com\/produit\/toulon-devergondee-la-basse-ville\/#breadcrumb"},"inLanguage":"en-US","potentialAction":[{"@type":"ReadAction","target":["https:\/\/milieuxdumonde.com\/produit\/toulon-devergondee-la-basse-ville\/"]}]},{"@type":"ImageObject","inLanguage":"en-US","@id":"https:\/\/milieuxdumonde.com\/produit\/toulon-devergondee-la-basse-ville\/#primaryimage","url":"https:\/\/milieuxdumonde.com\/wp-content\/uploads\/2025\/11\/Toulon-devergondee-2025-10-26-Couv-1.jpg","contentUrl":"https:\/\/milieuxdumonde.com\/wp-content\/uploads\/2025\/11\/Toulon-devergondee-2025-10-26-Couv-1.jpg","width":1299,"height":2126},{"@type":"BreadcrumbList","@id":"https:\/\/milieuxdumonde.com\/produit\/toulon-devergondee-la-basse-ville\/#breadcrumb","itemListElement":[{"@type":"ListItem","position":1,"name":"Accueil","item":"https:\/\/milieuxdumonde.com\/"},{"@type":"ListItem","position":2,"name":"Shop","item":"https:\/\/milieuxdumonde.com\/en\/shop\/"},{"@type":"ListItem","position":3,"name":"Toulon d\u00e9vergond\u00e9e, la Basse-Ville (ann\u00e9es 1880-1980)"}]},{"@type":"WebSite","@id":"https:\/\/milieuxdumonde.com\/#website","url":"https:\/\/milieuxdumonde.com\/","name":"MILIEUX DU MONDE","description":"Publishing house specializing in Asia and maritime areas","publisher":{"@id":"https:\/\/milieuxdumonde.com\/#organization"},"potentialAction":[{"@type":"SearchAction","target":{"@type":"EntryPoint","urlTemplate":"https:\/\/milieuxdumonde.com\/?s={search_term_string}"},"query-input":{"@type":"PropertyValueSpecification","valueRequired":true,"valueName":"search_term_string"}}],"inLanguage":"en-US"},{"@type":"Organization","@id":"https:\/\/milieuxdumonde.com\/#organization","name":"MILIEUX DU MONDE","url":"https:\/\/milieuxdumonde.com\/","logo":{"@type":"ImageObject","inLanguage":"en-US","@id":"https:\/\/milieuxdumonde.com\/#\/schema\/logo\/image\/","url":"https:\/\/milieuxdumonde.com\/wp-content\/uploads\/2025\/11\/MM-Editions-recadre-linkedin.jpg","contentUrl":"https:\/\/milieuxdumonde.com\/wp-content\/uploads\/2025\/11\/MM-Editions-recadre-linkedin.jpg","width":1664,"height":1664,"caption":"MILIEUX DU MONDE"},"image":{"@id":"https:\/\/milieuxdumonde.com\/#\/schema\/logo\/image\/"}}]}},"_links":{"self":[{"href":"https:\/\/milieuxdumonde.com\/en\/wp-json\/wp\/v2\/product\/1849","targetHints":{"allow":["GET"]}}],"collection":[{"href":"https:\/\/milieuxdumonde.com\/en\/wp-json\/wp\/v2\/product"}],"about":[{"href":"https:\/\/milieuxdumonde.com\/en\/wp-json\/wp\/v2\/types\/product"}],"wp:featuredmedia":[{"embeddable":true,"href":"https:\/\/milieuxdumonde.com\/en\/wp-json\/wp\/v2\/media\/1853"}],"wp:attachment":[{"href":"https:\/\/milieuxdumonde.com\/en\/wp-json\/wp\/v2\/media?parent=1849"}],"wp:term":[{"taxonomy":"product_brand","embeddable":true,"href":"https:\/\/milieuxdumonde.com\/en\/wp-json\/wp\/v2\/product_brand?post=1849"},{"taxonomy":"product_cat","embeddable":true,"href":"https:\/\/milieuxdumonde.com\/en\/wp-json\/wp\/v2\/product_cat?post=1849"},{"taxonomy":"product_tag","embeddable":true,"href":"https:\/\/milieuxdumonde.com\/en\/wp-json\/wp\/v2\/product_tag?post=1849"}],"curies":[{"name":"wp","href":"https:\/\/api.w.org\/{rel}","templated":true}]}}