{"id":1112,"date":"2023-07-10T22:16:20","date_gmt":"2023-07-10T20:16:20","guid":{"rendered":"https:\/\/milieuxdumonde.com\/?post_type=product&#038;p=1112"},"modified":"2025-12-09T09:37:43","modified_gmt":"2025-12-09T08:37:43","slug":"agreables-et-inutiles-tribulations-autour-de-l-atlantique-de-vieillards-presque-cacochymes","status":"publish","type":"product","link":"https:\/\/milieuxdumonde.com\/en\/product\/agreables-et-inutiles-tribulations-autour-de-l-atlantique-de-vieillards-presque-cacochymes\/","title":{"rendered":"Agr\u00e9ables et inutiles tribulations autour de l\u2019Atlantique de vieillards presque cacochymes"},"content":{"rendered":"<p><strong>\u00c0 propos de l&rsquo;ouvrage<\/strong><\/p>\n<p>Au c\u0153ur de l&rsquo;immensit\u00e9 des mers, l&rsquo;homme se confronte \u00e0 lui-m\u00eame, cherchant sa place entre la M\u00e9diterran\u00e9e \u00e9ternelle et l&rsquo;Atlantique indompt\u00e9. Dans cet ouvrage, l&rsquo;auteur, tel un explorateur des temps modernes, nous livre ses r\u00e9flexions, mettant en parall\u00e8le l&rsquo;art de la navigation d&rsquo;aujourd&rsquo;hui et les \u00e9chos du pass\u00e9. C&rsquo;est un hymne \u00e0 la mer, \u00e0 ses d\u00e9fis, \u00e0 l&rsquo;\u00e9volution incessante de l&rsquo;homme face \u00e0 elle. Une qu\u00eate profonde, o\u00f9 la passion se m\u00eale \u00e0 la m\u00e9lancolie du temps qui passe.<\/p>\n<p><strong>Les auteurs<\/strong><\/p>\n<p><em>Pierre Brousse et Philippe Milliet sont deux entrepreneurs industriels, associ\u00e9s depuis plus trente ans. Ils vous racontent ici deux petites histoires \u00e0 travers l\u2019Atlantique.<\/em><\/p>","protected":false},"excerpt":{"rendered":"<p>Au c\u0153ur de l&rsquo;immensit\u00e9 des mers, l&rsquo;homme se confronte \u00e0 lui-m\u00eame, cherchant sa place entre la M\u00e9diterran\u00e9e \u00e9ternelle et l&rsquo;Atlantique indompt\u00e9.<\/p>\n<p>Parution le 10 juillet 2023<\/p>\n<p>Paperback 11 x 18 cm<br \/>\n144 B&amp;W pages (printed in France)<\/p>\n<p>ISBN 978-2-9569838-6-6<\/p>","protected":false},"featured_media":1116,"template":"","meta":[],"product_brand":[],"product_cat":[40],"product_tag":[],"class_list":{"0":"post-1112","1":"product","2":"type-product","3":"status-publish","4":"has-post-thumbnail","6":"product_cat-livres","7":"product_shipping_class-lettre-verte","9":"first","10":"instock","11":"taxable","12":"shipping-taxable","13":"purchasable","14":"product-type-variable"},"yoast_head":"<!-- This site is optimized with the Yoast SEO plugin v27.2 - https:\/\/yoast.com\/product\/yoast-seo-wordpress\/ -->\n<title>Agr\u00e9ables et inutiles tribulations autour de l\u2019Atlantique de vieillards presque cacochymes - MILIEUX DU MONDE<\/title>\n<meta name=\"robots\" content=\"index, follow, max-snippet:-1, max-image-preview:large, max-video-preview:-1\" \/>\n<link rel=\"canonical\" href=\"https:\/\/milieuxdumonde.com\/en\/product\/agreables-et-inutiles-tribulations-autour-de-l-atlantique-de-vieillards-presque-cacochymes\/\" \/>\n<meta property=\"og:locale\" content=\"en_US\" \/>\n<meta property=\"og:type\" content=\"article\" \/>\n<meta property=\"og:title\" content=\"Agr\u00e9ables et inutiles tribulations autour de l\u2019Atlantique de vieillards presque cacochymes - MILIEUX DU MONDE\" \/>\n<meta property=\"og:description\" content=\"Au c\u0153ur de l&#039;immensit\u00e9 des mers, l&#039;homme se confronte \u00e0 lui-m\u00eame, cherchant sa place entre la M\u00e9diterran\u00e9e \u00e9ternelle et l&#039;Atlantique indompt\u00e9.  Parution le 10 juillet 2023  Broch\u00e9 11 x 18 cm 144 pages N&amp;B (imprim\u00e9 en France)  ISBN 978-2-9569838-6-6\" \/>\n<meta property=\"og:url\" content=\"https:\/\/milieuxdumonde.com\/en\/product\/agreables-et-inutiles-tribulations-autour-de-l-atlantique-de-vieillards-presque-cacochymes\/\" \/>\n<meta property=\"og:site_name\" content=\"MILIEUX DU MONDE\" \/>\n<meta property=\"article:modified_time\" content=\"2025-12-09T08:37:43+00:00\" \/>\n<meta property=\"og:image\" content=\"https:\/\/milieuxdumonde.com\/wp-content\/uploads\/2023\/09\/Capit_MUSCAS_Atlantique_Pierre-Brousse-et-Philippe-Milliet_2023.jpg\" \/>\n\t<meta property=\"og:image:width\" content=\"1348\" \/>\n\t<meta property=\"og:image:height\" content=\"2233\" \/>\n\t<meta property=\"og:image:type\" content=\"image\/jpeg\" \/>\n<meta name=\"twitter:card\" content=\"summary_large_image\" \/>\n<meta name=\"twitter:label1\" content=\"Est. reading time\" \/>\n\t<meta name=\"twitter:data1\" content=\"1 minute\" \/>\n<script type=\"application\/ld+json\" class=\"yoast-schema-graph\">{\"@context\":\"https:\/\/schema.org\",\"@graph\":[{\"@type\":\"WebPage\",\"@id\":\"https:\/\/milieuxdumonde.com\/produit\/agreables-et-inutiles-tribulations-autour-de-l-atlantique-de-vieillards-presque-cacochymes\/\",\"url\":\"https:\/\/milieuxdumonde.com\/produit\/agreables-et-inutiles-tribulations-autour-de-l-atlantique-de-vieillards-presque-cacochymes\/\",\"name\":\"Agr\u00e9ables et inutiles tribulations autour de l\u2019Atlantique de vieillards presque cacochymes - MILIEUX DU MONDE\",\"isPartOf\":{\"@id\":\"https:\/\/milieuxdumonde.com\/#website\"},\"primaryImageOfPage\":{\"@id\":\"https:\/\/milieuxdumonde.com\/produit\/agreables-et-inutiles-tribulations-autour-de-l-atlantique-de-vieillards-presque-cacochymes\/#primaryimage\"},\"image\":{\"@id\":\"https:\/\/milieuxdumonde.com\/produit\/agreables-et-inutiles-tribulations-autour-de-l-atlantique-de-vieillards-presque-cacochymes\/#primaryimage\"},\"thumbnailUrl\":\"https:\/\/milieuxdumonde.com\/wp-content\/uploads\/2023\/09\/Capit_MUSCAS_Atlantique_Pierre-Brousse-et-Philippe-Milliet_2023.jpg\",\"datePublished\":\"2023-07-10T20:16:20+00:00\",\"dateModified\":\"2025-12-09T08:37:43+00:00\",\"breadcrumb\":{\"@id\":\"https:\/\/milieuxdumonde.com\/produit\/agreables-et-inutiles-tribulations-autour-de-l-atlantique-de-vieillards-presque-cacochymes\/#breadcrumb\"},\"inLanguage\":\"en-US\",\"potentialAction\":[{\"@type\":\"ReadAction\",\"target\":[\"https:\/\/milieuxdumonde.com\/produit\/agreables-et-inutiles-tribulations-autour-de-l-atlantique-de-vieillards-presque-cacochymes\/\"]}]},{\"@type\":\"ImageObject\",\"inLanguage\":\"en-US\",\"@id\":\"https:\/\/milieuxdumonde.com\/produit\/agreables-et-inutiles-tribulations-autour-de-l-atlantique-de-vieillards-presque-cacochymes\/#primaryimage\",\"url\":\"https:\/\/milieuxdumonde.com\/wp-content\/uploads\/2023\/09\/Capit_MUSCAS_Atlantique_Pierre-Brousse-et-Philippe-Milliet_2023.jpg\",\"contentUrl\":\"https:\/\/milieuxdumonde.com\/wp-content\/uploads\/2023\/09\/Capit_MUSCAS_Atlantique_Pierre-Brousse-et-Philippe-Milliet_2023.jpg\",\"width\":1348,\"height\":2233},{\"@type\":\"BreadcrumbList\",\"@id\":\"https:\/\/milieuxdumonde.com\/produit\/agreables-et-inutiles-tribulations-autour-de-l-atlantique-de-vieillards-presque-cacochymes\/#breadcrumb\",\"itemListElement\":[{\"@type\":\"ListItem\",\"position\":1,\"name\":\"Accueil\",\"item\":\"https:\/\/milieuxdumonde.com\/\"},{\"@type\":\"ListItem\",\"position\":2,\"name\":\"Shop\",\"item\":\"https:\/\/milieuxdumonde.com\/en\/shop\/\"},{\"@type\":\"ListItem\",\"position\":3,\"name\":\"Agr\u00e9ables et inutiles tribulations autour de l\u2019Atlantique de vieillards presque cacochymes\"}]},{\"@type\":\"WebSite\",\"@id\":\"https:\/\/milieuxdumonde.com\/#website\",\"url\":\"https:\/\/milieuxdumonde.com\/\",\"name\":\"MILIEUX DU MONDE\",\"description\":\"Maison d\u2019\u00e9dition sp\u00e9cialis\u00e9e sur l\u2019Asie et les espaces maritimes\",\"publisher\":{\"@id\":\"https:\/\/milieuxdumonde.com\/#organization\"},\"potentialAction\":[{\"@type\":\"SearchAction\",\"target\":{\"@type\":\"EntryPoint\",\"urlTemplate\":\"https:\/\/milieuxdumonde.com\/?s={search_term_string}\"},\"query-input\":{\"@type\":\"PropertyValueSpecification\",\"valueRequired\":true,\"valueName\":\"search_term_string\"}}],\"inLanguage\":\"en-US\"},{\"@type\":\"Organization\",\"@id\":\"https:\/\/milieuxdumonde.com\/#organization\",\"name\":\"MILIEUX DU MONDE\",\"url\":\"https:\/\/milieuxdumonde.com\/\",\"logo\":{\"@type\":\"ImageObject\",\"inLanguage\":\"en-US\",\"@id\":\"https:\/\/milieuxdumonde.com\/#\/schema\/logo\/image\/\",\"url\":\"https:\/\/milieuxdumonde.com\/wp-content\/uploads\/2025\/11\/MM-Editions-recadre-linkedin.jpg\",\"contentUrl\":\"https:\/\/milieuxdumonde.com\/wp-content\/uploads\/2025\/11\/MM-Editions-recadre-linkedin.jpg\",\"width\":1664,\"height\":1664,\"caption\":\"MILIEUX DU MONDE\"},\"image\":{\"@id\":\"https:\/\/milieuxdumonde.com\/#\/schema\/logo\/image\/\"}}]}<\/script>\n<!-- \/ Yoast SEO plugin. -->","yoast_head_json":{"title":"Agr\u00e9ables et inutiles tribulations autour de l\u2019Atlantique de vieillards presque cacochymes - MILIEUX DU MONDE","robots":{"index":"index","follow":"follow","max-snippet":"max-snippet:-1","max-image-preview":"max-image-preview:large","max-video-preview":"max-video-preview:-1"},"canonical":"https:\/\/milieuxdumonde.com\/en\/product\/agreables-et-inutiles-tribulations-autour-de-l-atlantique-de-vieillards-presque-cacochymes\/","og_locale":"en_US","og_type":"article","og_title":"Agr\u00e9ables et inutiles tribulations autour de l\u2019Atlantique de vieillards presque cacochymes - MILIEUX DU MONDE","og_description":"Au c\u0153ur de l'immensit\u00e9 des mers, l'homme se confronte \u00e0 lui-m\u00eame, cherchant sa place entre la M\u00e9diterran\u00e9e \u00e9ternelle et l'Atlantique indompt\u00e9.  Parution le 10 juillet 2023  Broch\u00e9 11 x 18 cm 144 pages N&amp;B (imprim\u00e9 en France)  ISBN 978-2-9569838-6-6","og_url":"https:\/\/milieuxdumonde.com\/en\/product\/agreables-et-inutiles-tribulations-autour-de-l-atlantique-de-vieillards-presque-cacochymes\/","og_site_name":"MILIEUX DU MONDE","article_modified_time":"2025-12-09T08:37:43+00:00","og_image":[{"width":1348,"height":2233,"url":"https:\/\/milieuxdumonde.com\/wp-content\/uploads\/2023\/09\/Capit_MUSCAS_Atlantique_Pierre-Brousse-et-Philippe-Milliet_2023.jpg","type":"image\/jpeg"}],"twitter_card":"summary_large_image","twitter_misc":{"Est. reading time":"1 minute"},"schema":{"@context":"https:\/\/schema.org","@graph":[{"@type":"WebPage","@id":"https:\/\/milieuxdumonde.com\/produit\/agreables-et-inutiles-tribulations-autour-de-l-atlantique-de-vieillards-presque-cacochymes\/","url":"https:\/\/milieuxdumonde.com\/produit\/agreables-et-inutiles-tribulations-autour-de-l-atlantique-de-vieillards-presque-cacochymes\/","name":"Agr\u00e9ables et inutiles tribulations autour de l\u2019Atlantique de vieillards presque cacochymes - MILIEUX DU MONDE","isPartOf":{"@id":"https:\/\/milieuxdumonde.com\/#website"},"primaryImageOfPage":{"@id":"https:\/\/milieuxdumonde.com\/produit\/agreables-et-inutiles-tribulations-autour-de-l-atlantique-de-vieillards-presque-cacochymes\/#primaryimage"},"image":{"@id":"https:\/\/milieuxdumonde.com\/produit\/agreables-et-inutiles-tribulations-autour-de-l-atlantique-de-vieillards-presque-cacochymes\/#primaryimage"},"thumbnailUrl":"https:\/\/milieuxdumonde.com\/wp-content\/uploads\/2023\/09\/Capit_MUSCAS_Atlantique_Pierre-Brousse-et-Philippe-Milliet_2023.jpg","datePublished":"2023-07-10T20:16:20+00:00","dateModified":"2025-12-09T08:37:43+00:00","breadcrumb":{"@id":"https:\/\/milieuxdumonde.com\/produit\/agreables-et-inutiles-tribulations-autour-de-l-atlantique-de-vieillards-presque-cacochymes\/#breadcrumb"},"inLanguage":"en-US","potentialAction":[{"@type":"ReadAction","target":["https:\/\/milieuxdumonde.com\/produit\/agreables-et-inutiles-tribulations-autour-de-l-atlantique-de-vieillards-presque-cacochymes\/"]}]},{"@type":"ImageObject","inLanguage":"en-US","@id":"https:\/\/milieuxdumonde.com\/produit\/agreables-et-inutiles-tribulations-autour-de-l-atlantique-de-vieillards-presque-cacochymes\/#primaryimage","url":"https:\/\/milieuxdumonde.com\/wp-content\/uploads\/2023\/09\/Capit_MUSCAS_Atlantique_Pierre-Brousse-et-Philippe-Milliet_2023.jpg","contentUrl":"https:\/\/milieuxdumonde.com\/wp-content\/uploads\/2023\/09\/Capit_MUSCAS_Atlantique_Pierre-Brousse-et-Philippe-Milliet_2023.jpg","width":1348,"height":2233},{"@type":"BreadcrumbList","@id":"https:\/\/milieuxdumonde.com\/produit\/agreables-et-inutiles-tribulations-autour-de-l-atlantique-de-vieillards-presque-cacochymes\/#breadcrumb","itemListElement":[{"@type":"ListItem","position":1,"name":"Accueil","item":"https:\/\/milieuxdumonde.com\/"},{"@type":"ListItem","position":2,"name":"Shop","item":"https:\/\/milieuxdumonde.com\/en\/shop\/"},{"@type":"ListItem","position":3,"name":"Agr\u00e9ables et inutiles tribulations autour de l\u2019Atlantique de vieillards presque cacochymes"}]},{"@type":"WebSite","@id":"https:\/\/milieuxdumonde.com\/#website","url":"https:\/\/milieuxdumonde.com\/","name":"MILIEUX DU MONDE","description":"Publishing house specializing in Asia and maritime areas","publisher":{"@id":"https:\/\/milieuxdumonde.com\/#organization"},"potentialAction":[{"@type":"SearchAction","target":{"@type":"EntryPoint","urlTemplate":"https:\/\/milieuxdumonde.com\/?s={search_term_string}"},"query-input":{"@type":"PropertyValueSpecification","valueRequired":true,"valueName":"search_term_string"}}],"inLanguage":"en-US"},{"@type":"Organization","@id":"https:\/\/milieuxdumonde.com\/#organization","name":"MILIEUX DU MONDE","url":"https:\/\/milieuxdumonde.com\/","logo":{"@type":"ImageObject","inLanguage":"en-US","@id":"https:\/\/milieuxdumonde.com\/#\/schema\/logo\/image\/","url":"https:\/\/milieuxdumonde.com\/wp-content\/uploads\/2025\/11\/MM-Editions-recadre-linkedin.jpg","contentUrl":"https:\/\/milieuxdumonde.com\/wp-content\/uploads\/2025\/11\/MM-Editions-recadre-linkedin.jpg","width":1664,"height":1664,"caption":"MILIEUX DU MONDE"},"image":{"@id":"https:\/\/milieuxdumonde.com\/#\/schema\/logo\/image\/"}}]}},"_links":{"self":[{"href":"https:\/\/milieuxdumonde.com\/en\/wp-json\/wp\/v2\/product\/1112","targetHints":{"allow":["GET"]}}],"collection":[{"href":"https:\/\/milieuxdumonde.com\/en\/wp-json\/wp\/v2\/product"}],"about":[{"href":"https:\/\/milieuxdumonde.com\/en\/wp-json\/wp\/v2\/types\/product"}],"wp:featuredmedia":[{"embeddable":true,"href":"https:\/\/milieuxdumonde.com\/en\/wp-json\/wp\/v2\/media\/1116"}],"wp:attachment":[{"href":"https:\/\/milieuxdumonde.com\/en\/wp-json\/wp\/v2\/media?parent=1112"}],"wp:term":[{"taxonomy":"product_brand","embeddable":true,"href":"https:\/\/milieuxdumonde.com\/en\/wp-json\/wp\/v2\/product_brand?post=1112"},{"taxonomy":"product_cat","embeddable":true,"href":"https:\/\/milieuxdumonde.com\/en\/wp-json\/wp\/v2\/product_cat?post=1112"},{"taxonomy":"product_tag","embeddable":true,"href":"https:\/\/milieuxdumonde.com\/en\/wp-json\/wp\/v2\/product_tag?post=1112"}],"curies":[{"name":"wp","href":"https:\/\/api.w.org\/{rel}","templated":true}]}}