{"id":1106,"date":"2023-09-25T00:04:07","date_gmt":"2023-09-24T22:04:07","guid":{"rendered":"https:\/\/milieuxdumonde.com\/?post_type=product&#038;p=1106"},"modified":"2025-12-09T09:35:58","modified_gmt":"2025-12-09T08:35:58","slug":"toulon-portraits-d-une-ville","status":"publish","type":"product","link":"https:\/\/milieuxdumonde.com\/en\/product\/toulon-portraits-d-une-ville\/","title":{"rendered":"Toulon. Portraits d\u2019une ville"},"content":{"rendered":"<p><b>\u00c0 propos de l&rsquo;ouvrage<\/b><\/p>\n<p>Brosser les portraits du Toulon contemporain, de ses personnalit\u00e9s marquantes connues ou moins connues, \u00ab figures retrouv\u00e9es \u00bb, de ses \u00e9pisodes glorieux ou sombres, ainsi que de la vitalit\u00e9 de ses quartiers. Ecrire sans id\u00e9aliser, ni radoter. Distinguer ses h\u00e9ros : Raimu, les Mousquemers, Tailliez, Cousteau et Dumas, pionniers de la recherche sous-marine, ses belles personnes, Esther Poggio, cette jeune h\u00e9ro\u00efne de la R\u00e9sistance, l\u2019abb\u00e9 Buisson, cet \u00ab abb\u00e9 Pierre \u00bb toulonnais, les \u00ab \u00e9toiles de Saint-Germain-sur mer \u00bb, tels L\u00e9on V\u00e9rane, Olive Tamari, Carco, Cocteau, Django Reinhardt, les refondateurs du port militaire, l\u2019amiral Lambert et l\u2019ing\u00e9nieur des travaux maritimes Monsenergue. Capter aussi ses ressorts politiques intimes, autour du jeu de ses anciens maires, Escartefigue, Arreckx, ses soubresauts politiques : le poids de la culture politique \u00ab Alg\u00e9rie fran\u00e7aise \u00bb, le moment de l\u2019extr\u00eame-droite. Telles sont ces promenades dans cette ville singuli\u00e8re en compagnie de journalistes-\u00e9crivains, LEA Laurence-Edwige Andr\u00e9ani, Jos\u00e9 Lenzini, Patrick Lorenzini, d\u2019un officier g\u00e9n\u00e9ral de la marine, Andr\u00e9 Four\u00e8s, d\u2019un nouveau et d\u2019un ancien haut fonctionnaire, Cyriaque et Marc Bayle. Avec des parcours dissemblables, ils ont un point commun : ils sont passionn\u00e9s par cette ville complexe, son histoire tourment\u00e9e, son avenir ambigu. Ce petit livre n\u2019est ni un essai, ni un guide. C\u2019est un d\u00e9codeur. Ces contributions nous plongent au c\u0153ur de Toulon, ses ombres, mais aussi ses lumi\u00e8res.<\/p>\n<p><strong>Les auteurs<\/strong><\/p>\n<p><em>Ouvrage collectif dirig\u00e9 par Marc Bayle. Pr\u00e9fet honoraire, ancien commissaire de la Marine. Il a \u00e9t\u00e9 conseiller g\u00e9n\u00e9ral de Toulon de 1994 \u00e0 2001. Auteur des Droites \u00e0 Toulon (1958-1994), De l\u2019Alg\u00e9rie fran\u00e7aise au Front National (Les Presses du Midi, 2014) et de Toulon au fil des textes (Capit Muscas Editions, 2022).<\/em><\/p>\n<p><em>Avec L\u00e9a Laurence-Edwige Andr\u00e9ani, Cyriaque Bayle, Andr\u00e9 Four\u00e8s, Jos\u00e9 Lenzini, Patrick Lorenzini. <\/em><\/p>","protected":false},"excerpt":{"rendered":"<p>Le livre explore le Toulon contemporain, entre ombre et lumi\u00e8re, r\u00e9v\u00e8le ses \u00e2mes oubli\u00e9es : marins, artistes, r\u00e9sistants : une cit\u00e9 secr\u00e8te, bless\u00e9e mais noble, renaissant au souffle \u00e9ternel de la M\u00e9diterran\u00e9e.<\/p>\n<p>Parution le 25 septembre 2023<\/p>\n<p>Paperback 11 x 18 cm<br \/>\n264 pages (imprim\u00e9 en France)<\/p>\n<p>ISBN 978-2-9569838-9-7<\/p>","protected":false},"featured_media":1109,"template":"","meta":[],"product_brand":[],"product_cat":[40],"product_tag":[],"class_list":{"0":"post-1106","1":"product","2":"type-product","3":"status-publish","4":"has-post-thumbnail","6":"product_cat-livres","7":"product_shipping_class-lettre-verte","9":"first","10":"instock","11":"taxable","12":"shipping-taxable","13":"purchasable","14":"product-type-variable"},"yoast_head":"<!-- This site is optimized with the Yoast SEO plugin v27.2 - https:\/\/yoast.com\/product\/yoast-seo-wordpress\/ -->\n<title>Toulon. Portraits d\u2019une ville - MILIEUX DU MONDE<\/title>\n<meta name=\"robots\" content=\"index, follow, max-snippet:-1, max-image-preview:large, max-video-preview:-1\" \/>\n<link rel=\"canonical\" href=\"https:\/\/milieuxdumonde.com\/en\/product\/toulon-portraits-d-une-ville\/\" \/>\n<meta property=\"og:locale\" content=\"en_US\" \/>\n<meta property=\"og:type\" content=\"article\" \/>\n<meta property=\"og:title\" content=\"Toulon. Portraits d\u2019une ville - MILIEUX DU MONDE\" \/>\n<meta property=\"og:description\" content=\"Le livre explore le Toulon contemporain, entre ombre et lumi\u00e8re, r\u00e9v\u00e8le ses \u00e2mes oubli\u00e9es : marins, artistes, r\u00e9sistants : une cit\u00e9 secr\u00e8te, bless\u00e9e mais noble, renaissant au souffle \u00e9ternel de la M\u00e9diterran\u00e9e.  Parution le 25 septembre 2023  Broch\u00e9 11 x 18 cm 264 pages (imprim\u00e9 en France)  ISBN 978-2-9569838-9-7\" \/>\n<meta property=\"og:url\" content=\"https:\/\/milieuxdumonde.com\/en\/product\/toulon-portraits-d-une-ville\/\" \/>\n<meta property=\"og:site_name\" content=\"MILIEUX DU MONDE\" \/>\n<meta property=\"article:modified_time\" content=\"2025-12-09T08:35:58+00:00\" \/>\n<meta property=\"og:image\" content=\"https:\/\/milieuxdumonde.com\/wp-content\/uploads\/2023\/09\/Capit_MUSCAS_TOULON_C1_RVB.jpg\" \/>\n\t<meta property=\"og:image:width\" content=\"1299\" \/>\n\t<meta property=\"og:image:height\" content=\"2126\" \/>\n\t<meta property=\"og:image:type\" content=\"image\/jpeg\" \/>\n<meta name=\"twitter:card\" content=\"summary_large_image\" \/>\n<meta name=\"twitter:label1\" content=\"Est. reading time\" \/>\n\t<meta name=\"twitter:data1\" content=\"2 minutes\" \/>\n<script type=\"application\/ld+json\" class=\"yoast-schema-graph\">{\"@context\":\"https:\/\/schema.org\",\"@graph\":[{\"@type\":\"WebPage\",\"@id\":\"https:\/\/milieuxdumonde.com\/produit\/toulon-portraits-d-une-ville\/\",\"url\":\"https:\/\/milieuxdumonde.com\/produit\/toulon-portraits-d-une-ville\/\",\"name\":\"Toulon. Portraits d\u2019une ville - MILIEUX DU MONDE\",\"isPartOf\":{\"@id\":\"https:\/\/milieuxdumonde.com\/#website\"},\"primaryImageOfPage\":{\"@id\":\"https:\/\/milieuxdumonde.com\/produit\/toulon-portraits-d-une-ville\/#primaryimage\"},\"image\":{\"@id\":\"https:\/\/milieuxdumonde.com\/produit\/toulon-portraits-d-une-ville\/#primaryimage\"},\"thumbnailUrl\":\"https:\/\/milieuxdumonde.com\/wp-content\/uploads\/2023\/09\/Capit_MUSCAS_TOULON_C1_RVB.jpg\",\"datePublished\":\"2023-09-24T22:04:07+00:00\",\"dateModified\":\"2025-12-09T08:35:58+00:00\",\"breadcrumb\":{\"@id\":\"https:\/\/milieuxdumonde.com\/produit\/toulon-portraits-d-une-ville\/#breadcrumb\"},\"inLanguage\":\"en-US\",\"potentialAction\":[{\"@type\":\"ReadAction\",\"target\":[\"https:\/\/milieuxdumonde.com\/produit\/toulon-portraits-d-une-ville\/\"]}]},{\"@type\":\"ImageObject\",\"inLanguage\":\"en-US\",\"@id\":\"https:\/\/milieuxdumonde.com\/produit\/toulon-portraits-d-une-ville\/#primaryimage\",\"url\":\"https:\/\/milieuxdumonde.com\/wp-content\/uploads\/2023\/09\/Capit_MUSCAS_TOULON_C1_RVB.jpg\",\"contentUrl\":\"https:\/\/milieuxdumonde.com\/wp-content\/uploads\/2023\/09\/Capit_MUSCAS_TOULON_C1_RVB.jpg\",\"width\":1299,\"height\":2126},{\"@type\":\"BreadcrumbList\",\"@id\":\"https:\/\/milieuxdumonde.com\/produit\/toulon-portraits-d-une-ville\/#breadcrumb\",\"itemListElement\":[{\"@type\":\"ListItem\",\"position\":1,\"name\":\"Accueil\",\"item\":\"https:\/\/milieuxdumonde.com\/\"},{\"@type\":\"ListItem\",\"position\":2,\"name\":\"Shop\",\"item\":\"https:\/\/milieuxdumonde.com\/en\/shop\/\"},{\"@type\":\"ListItem\",\"position\":3,\"name\":\"Toulon. Portraits d\u2019une ville\"}]},{\"@type\":\"WebSite\",\"@id\":\"https:\/\/milieuxdumonde.com\/#website\",\"url\":\"https:\/\/milieuxdumonde.com\/\",\"name\":\"MILIEUX DU MONDE\",\"description\":\"Maison d\u2019\u00e9dition sp\u00e9cialis\u00e9e sur l\u2019Asie et les espaces maritimes\",\"publisher\":{\"@id\":\"https:\/\/milieuxdumonde.com\/#organization\"},\"potentialAction\":[{\"@type\":\"SearchAction\",\"target\":{\"@type\":\"EntryPoint\",\"urlTemplate\":\"https:\/\/milieuxdumonde.com\/?s={search_term_string}\"},\"query-input\":{\"@type\":\"PropertyValueSpecification\",\"valueRequired\":true,\"valueName\":\"search_term_string\"}}],\"inLanguage\":\"en-US\"},{\"@type\":\"Organization\",\"@id\":\"https:\/\/milieuxdumonde.com\/#organization\",\"name\":\"MILIEUX DU MONDE\",\"url\":\"https:\/\/milieuxdumonde.com\/\",\"logo\":{\"@type\":\"ImageObject\",\"inLanguage\":\"en-US\",\"@id\":\"https:\/\/milieuxdumonde.com\/#\/schema\/logo\/image\/\",\"url\":\"https:\/\/milieuxdumonde.com\/wp-content\/uploads\/2025\/11\/MM-Editions-recadre-linkedin.jpg\",\"contentUrl\":\"https:\/\/milieuxdumonde.com\/wp-content\/uploads\/2025\/11\/MM-Editions-recadre-linkedin.jpg\",\"width\":1664,\"height\":1664,\"caption\":\"MILIEUX DU MONDE\"},\"image\":{\"@id\":\"https:\/\/milieuxdumonde.com\/#\/schema\/logo\/image\/\"}}]}<\/script>\n<!-- \/ Yoast SEO plugin. -->","yoast_head_json":{"title":"Toulon. Portraits d\u2019une ville - MILIEUX DU MONDE","robots":{"index":"index","follow":"follow","max-snippet":"max-snippet:-1","max-image-preview":"max-image-preview:large","max-video-preview":"max-video-preview:-1"},"canonical":"https:\/\/milieuxdumonde.com\/en\/product\/toulon-portraits-d-une-ville\/","og_locale":"en_US","og_type":"article","og_title":"Toulon. Portraits d\u2019une ville - MILIEUX DU MONDE","og_description":"Le livre explore le Toulon contemporain, entre ombre et lumi\u00e8re, r\u00e9v\u00e8le ses \u00e2mes oubli\u00e9es : marins, artistes, r\u00e9sistants : une cit\u00e9 secr\u00e8te, bless\u00e9e mais noble, renaissant au souffle \u00e9ternel de la M\u00e9diterran\u00e9e.  Parution le 25 septembre 2023  Broch\u00e9 11 x 18 cm 264 pages (imprim\u00e9 en France)  ISBN 978-2-9569838-9-7","og_url":"https:\/\/milieuxdumonde.com\/en\/product\/toulon-portraits-d-une-ville\/","og_site_name":"MILIEUX DU MONDE","article_modified_time":"2025-12-09T08:35:58+00:00","og_image":[{"width":1299,"height":2126,"url":"https:\/\/milieuxdumonde.com\/wp-content\/uploads\/2023\/09\/Capit_MUSCAS_TOULON_C1_RVB.jpg","type":"image\/jpeg"}],"twitter_card":"summary_large_image","twitter_misc":{"Est. reading time":"2 minutes"},"schema":{"@context":"https:\/\/schema.org","@graph":[{"@type":"WebPage","@id":"https:\/\/milieuxdumonde.com\/produit\/toulon-portraits-d-une-ville\/","url":"https:\/\/milieuxdumonde.com\/produit\/toulon-portraits-d-une-ville\/","name":"Toulon. Portraits d\u2019une ville - MILIEUX DU MONDE","isPartOf":{"@id":"https:\/\/milieuxdumonde.com\/#website"},"primaryImageOfPage":{"@id":"https:\/\/milieuxdumonde.com\/produit\/toulon-portraits-d-une-ville\/#primaryimage"},"image":{"@id":"https:\/\/milieuxdumonde.com\/produit\/toulon-portraits-d-une-ville\/#primaryimage"},"thumbnailUrl":"https:\/\/milieuxdumonde.com\/wp-content\/uploads\/2023\/09\/Capit_MUSCAS_TOULON_C1_RVB.jpg","datePublished":"2023-09-24T22:04:07+00:00","dateModified":"2025-12-09T08:35:58+00:00","breadcrumb":{"@id":"https:\/\/milieuxdumonde.com\/produit\/toulon-portraits-d-une-ville\/#breadcrumb"},"inLanguage":"en-US","potentialAction":[{"@type":"ReadAction","target":["https:\/\/milieuxdumonde.com\/produit\/toulon-portraits-d-une-ville\/"]}]},{"@type":"ImageObject","inLanguage":"en-US","@id":"https:\/\/milieuxdumonde.com\/produit\/toulon-portraits-d-une-ville\/#primaryimage","url":"https:\/\/milieuxdumonde.com\/wp-content\/uploads\/2023\/09\/Capit_MUSCAS_TOULON_C1_RVB.jpg","contentUrl":"https:\/\/milieuxdumonde.com\/wp-content\/uploads\/2023\/09\/Capit_MUSCAS_TOULON_C1_RVB.jpg","width":1299,"height":2126},{"@type":"BreadcrumbList","@id":"https:\/\/milieuxdumonde.com\/produit\/toulon-portraits-d-une-ville\/#breadcrumb","itemListElement":[{"@type":"ListItem","position":1,"name":"Accueil","item":"https:\/\/milieuxdumonde.com\/"},{"@type":"ListItem","position":2,"name":"Shop","item":"https:\/\/milieuxdumonde.com\/en\/shop\/"},{"@type":"ListItem","position":3,"name":"Toulon. Portraits d\u2019une ville"}]},{"@type":"WebSite","@id":"https:\/\/milieuxdumonde.com\/#website","url":"https:\/\/milieuxdumonde.com\/","name":"MILIEUX DU MONDE","description":"Publishing house specializing in Asia and maritime areas","publisher":{"@id":"https:\/\/milieuxdumonde.com\/#organization"},"potentialAction":[{"@type":"SearchAction","target":{"@type":"EntryPoint","urlTemplate":"https:\/\/milieuxdumonde.com\/?s={search_term_string}"},"query-input":{"@type":"PropertyValueSpecification","valueRequired":true,"valueName":"search_term_string"}}],"inLanguage":"en-US"},{"@type":"Organization","@id":"https:\/\/milieuxdumonde.com\/#organization","name":"MILIEUX DU MONDE","url":"https:\/\/milieuxdumonde.com\/","logo":{"@type":"ImageObject","inLanguage":"en-US","@id":"https:\/\/milieuxdumonde.com\/#\/schema\/logo\/image\/","url":"https:\/\/milieuxdumonde.com\/wp-content\/uploads\/2025\/11\/MM-Editions-recadre-linkedin.jpg","contentUrl":"https:\/\/milieuxdumonde.com\/wp-content\/uploads\/2025\/11\/MM-Editions-recadre-linkedin.jpg","width":1664,"height":1664,"caption":"MILIEUX DU MONDE"},"image":{"@id":"https:\/\/milieuxdumonde.com\/#\/schema\/logo\/image\/"}}]}},"_links":{"self":[{"href":"https:\/\/milieuxdumonde.com\/en\/wp-json\/wp\/v2\/product\/1106","targetHints":{"allow":["GET"]}}],"collection":[{"href":"https:\/\/milieuxdumonde.com\/en\/wp-json\/wp\/v2\/product"}],"about":[{"href":"https:\/\/milieuxdumonde.com\/en\/wp-json\/wp\/v2\/types\/product"}],"wp:featuredmedia":[{"embeddable":true,"href":"https:\/\/milieuxdumonde.com\/en\/wp-json\/wp\/v2\/media\/1109"}],"wp:attachment":[{"href":"https:\/\/milieuxdumonde.com\/en\/wp-json\/wp\/v2\/media?parent=1106"}],"wp:term":[{"taxonomy":"product_brand","embeddable":true,"href":"https:\/\/milieuxdumonde.com\/en\/wp-json\/wp\/v2\/product_brand?post=1106"},{"taxonomy":"product_cat","embeddable":true,"href":"https:\/\/milieuxdumonde.com\/en\/wp-json\/wp\/v2\/product_cat?post=1106"},{"taxonomy":"product_tag","embeddable":true,"href":"https:\/\/milieuxdumonde.com\/en\/wp-json\/wp\/v2\/product_tag?post=1106"}],"curies":[{"name":"wp","href":"https:\/\/api.w.org\/{rel}","templated":true}]}}