{"id":1015,"date":"2022-06-16T10:50:50","date_gmt":"2022-06-16T08:50:50","guid":{"rendered":"https:\/\/milieuxdumonde.com\/?post_type=product&#038;p=1015"},"modified":"2022-07-29T16:46:45","modified_gmt":"2022-07-29T14:46:45","slug":"carte-lamerique-latine-et-les-caraibes-nouveau-lieu-strategique-de-la-politique-chinoise","status":"publish","type":"product","link":"https:\/\/milieuxdumonde.com\/en\/product\/carte-lamerique-latine-et-les-caraibes-nouveau-lieu-strategique-de-la-politique-chinoise\/","title":{"rendered":"Map Latin America and the Caribbean, a new strategic location for Chinese politics"},"content":{"rendered":"<p>South and Central America and the Caribbean have long been regions economically close to the United States. Since the 1980s, China has been trying to increase its economic and even political influence, to the point of overtaking the United States as its main economic partner. For politics, the majority of states recognize China in place of Taiwan, with many diplomatic recognition changes.<\/p>","protected":false},"excerpt":{"rendered":"<p>Map representing China&#039;s political and economic influence in Latin America and the Caribbean.<\/p>","protected":false},"featured_media":1021,"template":"","meta":[],"product_brand":[],"product_cat":[28],"product_tag":[],"class_list":{"0":"post-1015","1":"product","2":"type-product","3":"status-publish","4":"has-post-thumbnail","6":"product_cat-cartes","7":"product_shipping_class-livraison-gratuite","9":"first","10":"instock","11":"taxable","12":"shipping-taxable","13":"purchasable","14":"product-type-variable"},"yoast_head":"<!-- This site is optimized with the Yoast SEO plugin v27.2 - https:\/\/yoast.com\/product\/yoast-seo-wordpress\/ -->\n<title>Carte L&#039;Am\u00e9rique latine et les Cara\u00efbes, nouveau lieu strat\u00e9gique de la politique chinoise - MILIEUX DU MONDE<\/title>\n<meta name=\"robots\" content=\"index, follow, max-snippet:-1, max-image-preview:large, max-video-preview:-1\" \/>\n<link rel=\"canonical\" href=\"https:\/\/milieuxdumonde.com\/en\/product\/carte-lamerique-latine-et-les-caraibes-nouveau-lieu-strategique-de-la-politique-chinoise\/\" \/>\n<meta property=\"og:locale\" content=\"en_US\" \/>\n<meta property=\"og:type\" content=\"article\" \/>\n<meta property=\"og:title\" content=\"Carte L&#039;Am\u00e9rique latine et les Cara\u00efbes, nouveau lieu strat\u00e9gique de la politique chinoise - MILIEUX DU MONDE\" \/>\n<meta property=\"og:description\" content=\"Carte repr\u00e9sentant l&#039;influence politique et \u00e9conomique de la Chine en Am\u00e9rique latine et aux Cara\u00efbes.\" \/>\n<meta property=\"og:url\" content=\"https:\/\/milieuxdumonde.com\/en\/product\/carte-lamerique-latine-et-les-caraibes-nouveau-lieu-strategique-de-la-politique-chinoise\/\" \/>\n<meta property=\"og:site_name\" content=\"MILIEUX DU MONDE\" \/>\n<meta property=\"article:modified_time\" content=\"2022-07-29T14:46:45+00:00\" \/>\n<meta property=\"og:image\" content=\"https:\/\/milieuxdumonde.com\/wp-content\/uploads\/2022\/06\/Carte-avec-watermark-2.png\" \/>\n\t<meta property=\"og:image:width\" content=\"843\" \/>\n\t<meta property=\"og:image:height\" content=\"1182\" \/>\n\t<meta property=\"og:image:type\" content=\"image\/png\" \/>\n<meta name=\"twitter:card\" content=\"summary_large_image\" \/>\n<script type=\"application\/ld+json\" class=\"yoast-schema-graph\">{\"@context\":\"https:\/\/schema.org\",\"@graph\":[{\"@type\":\"WebPage\",\"@id\":\"https:\/\/milieuxdumonde.com\/produit\/carte-lamerique-latine-et-les-caraibes-nouveau-lieu-strategique-de-la-politique-chinoise\/\",\"url\":\"https:\/\/milieuxdumonde.com\/produit\/carte-lamerique-latine-et-les-caraibes-nouveau-lieu-strategique-de-la-politique-chinoise\/\",\"name\":\"Carte L'Am\u00e9rique latine et les Cara\u00efbes, nouveau lieu strat\u00e9gique de la politique chinoise - MILIEUX DU MONDE\",\"isPartOf\":{\"@id\":\"https:\/\/milieuxdumonde.com\/#website\"},\"primaryImageOfPage\":{\"@id\":\"https:\/\/milieuxdumonde.com\/produit\/carte-lamerique-latine-et-les-caraibes-nouveau-lieu-strategique-de-la-politique-chinoise\/#primaryimage\"},\"image\":{\"@id\":\"https:\/\/milieuxdumonde.com\/produit\/carte-lamerique-latine-et-les-caraibes-nouveau-lieu-strategique-de-la-politique-chinoise\/#primaryimage\"},\"thumbnailUrl\":\"https:\/\/milieuxdumonde.com\/wp-content\/uploads\/2022\/06\/Carte-avec-watermark-2.png\",\"datePublished\":\"2022-06-16T08:50:50+00:00\",\"dateModified\":\"2022-07-29T14:46:45+00:00\",\"breadcrumb\":{\"@id\":\"https:\/\/milieuxdumonde.com\/produit\/carte-lamerique-latine-et-les-caraibes-nouveau-lieu-strategique-de-la-politique-chinoise\/#breadcrumb\"},\"inLanguage\":\"en-US\",\"potentialAction\":[{\"@type\":\"ReadAction\",\"target\":[\"https:\/\/milieuxdumonde.com\/produit\/carte-lamerique-latine-et-les-caraibes-nouveau-lieu-strategique-de-la-politique-chinoise\/\"]}]},{\"@type\":\"ImageObject\",\"inLanguage\":\"en-US\",\"@id\":\"https:\/\/milieuxdumonde.com\/produit\/carte-lamerique-latine-et-les-caraibes-nouveau-lieu-strategique-de-la-politique-chinoise\/#primaryimage\",\"url\":\"https:\/\/milieuxdumonde.com\/wp-content\/uploads\/2022\/06\/Carte-avec-watermark-2.png\",\"contentUrl\":\"https:\/\/milieuxdumonde.com\/wp-content\/uploads\/2022\/06\/Carte-avec-watermark-2.png\",\"width\":843,\"height\":1182},{\"@type\":\"BreadcrumbList\",\"@id\":\"https:\/\/milieuxdumonde.com\/produit\/carte-lamerique-latine-et-les-caraibes-nouveau-lieu-strategique-de-la-politique-chinoise\/#breadcrumb\",\"itemListElement\":[{\"@type\":\"ListItem\",\"position\":1,\"name\":\"Accueil\",\"item\":\"https:\/\/milieuxdumonde.com\/\"},{\"@type\":\"ListItem\",\"position\":2,\"name\":\"Shop\",\"item\":\"https:\/\/milieuxdumonde.com\/en\/shop\/\"},{\"@type\":\"ListItem\",\"position\":3,\"name\":\"Carte L&rsquo;Am\u00e9rique latine et les Cara\u00efbes, nouveau lieu strat\u00e9gique de la politique chinoise\"}]},{\"@type\":\"WebSite\",\"@id\":\"https:\/\/milieuxdumonde.com\/#website\",\"url\":\"https:\/\/milieuxdumonde.com\/\",\"name\":\"MILIEUX DU MONDE\",\"description\":\"Maison d\u2019\u00e9dition sp\u00e9cialis\u00e9e sur l\u2019Asie et les espaces maritimes\",\"publisher\":{\"@id\":\"https:\/\/milieuxdumonde.com\/#organization\"},\"potentialAction\":[{\"@type\":\"SearchAction\",\"target\":{\"@type\":\"EntryPoint\",\"urlTemplate\":\"https:\/\/milieuxdumonde.com\/?s={search_term_string}\"},\"query-input\":{\"@type\":\"PropertyValueSpecification\",\"valueRequired\":true,\"valueName\":\"search_term_string\"}}],\"inLanguage\":\"en-US\"},{\"@type\":\"Organization\",\"@id\":\"https:\/\/milieuxdumonde.com\/#organization\",\"name\":\"MILIEUX DU MONDE\",\"url\":\"https:\/\/milieuxdumonde.com\/\",\"logo\":{\"@type\":\"ImageObject\",\"inLanguage\":\"en-US\",\"@id\":\"https:\/\/milieuxdumonde.com\/#\/schema\/logo\/image\/\",\"url\":\"https:\/\/milieuxdumonde.com\/wp-content\/uploads\/2025\/11\/MM-Editions-recadre-linkedin.jpg\",\"contentUrl\":\"https:\/\/milieuxdumonde.com\/wp-content\/uploads\/2025\/11\/MM-Editions-recadre-linkedin.jpg\",\"width\":1664,\"height\":1664,\"caption\":\"MILIEUX DU MONDE\"},\"image\":{\"@id\":\"https:\/\/milieuxdumonde.com\/#\/schema\/logo\/image\/\"}}]}<\/script>\n<!-- \/ Yoast SEO plugin. -->","yoast_head_json":{"title":"Carte L'Am\u00e9rique latine et les Cara\u00efbes, nouveau lieu strat\u00e9gique de la politique chinoise - MILIEUX DU MONDE","robots":{"index":"index","follow":"follow","max-snippet":"max-snippet:-1","max-image-preview":"max-image-preview:large","max-video-preview":"max-video-preview:-1"},"canonical":"https:\/\/milieuxdumonde.com\/en\/product\/carte-lamerique-latine-et-les-caraibes-nouveau-lieu-strategique-de-la-politique-chinoise\/","og_locale":"en_US","og_type":"article","og_title":"Carte L'Am\u00e9rique latine et les Cara\u00efbes, nouveau lieu strat\u00e9gique de la politique chinoise - MILIEUX DU MONDE","og_description":"Carte repr\u00e9sentant l'influence politique et \u00e9conomique de la Chine en Am\u00e9rique latine et aux Cara\u00efbes.","og_url":"https:\/\/milieuxdumonde.com\/en\/product\/carte-lamerique-latine-et-les-caraibes-nouveau-lieu-strategique-de-la-politique-chinoise\/","og_site_name":"MILIEUX DU MONDE","article_modified_time":"2022-07-29T14:46:45+00:00","og_image":[{"width":843,"height":1182,"url":"https:\/\/milieuxdumonde.com\/wp-content\/uploads\/2022\/06\/Carte-avec-watermark-2.png","type":"image\/png"}],"twitter_card":"summary_large_image","schema":{"@context":"https:\/\/schema.org","@graph":[{"@type":"WebPage","@id":"https:\/\/milieuxdumonde.com\/produit\/carte-lamerique-latine-et-les-caraibes-nouveau-lieu-strategique-de-la-politique-chinoise\/","url":"https:\/\/milieuxdumonde.com\/produit\/carte-lamerique-latine-et-les-caraibes-nouveau-lieu-strategique-de-la-politique-chinoise\/","name":"Carte L'Am\u00e9rique latine et les Cara\u00efbes, nouveau lieu strat\u00e9gique de la politique chinoise - MILIEUX DU MONDE","isPartOf":{"@id":"https:\/\/milieuxdumonde.com\/#website"},"primaryImageOfPage":{"@id":"https:\/\/milieuxdumonde.com\/produit\/carte-lamerique-latine-et-les-caraibes-nouveau-lieu-strategique-de-la-politique-chinoise\/#primaryimage"},"image":{"@id":"https:\/\/milieuxdumonde.com\/produit\/carte-lamerique-latine-et-les-caraibes-nouveau-lieu-strategique-de-la-politique-chinoise\/#primaryimage"},"thumbnailUrl":"https:\/\/milieuxdumonde.com\/wp-content\/uploads\/2022\/06\/Carte-avec-watermark-2.png","datePublished":"2022-06-16T08:50:50+00:00","dateModified":"2022-07-29T14:46:45+00:00","breadcrumb":{"@id":"https:\/\/milieuxdumonde.com\/produit\/carte-lamerique-latine-et-les-caraibes-nouveau-lieu-strategique-de-la-politique-chinoise\/#breadcrumb"},"inLanguage":"en-US","potentialAction":[{"@type":"ReadAction","target":["https:\/\/milieuxdumonde.com\/produit\/carte-lamerique-latine-et-les-caraibes-nouveau-lieu-strategique-de-la-politique-chinoise\/"]}]},{"@type":"ImageObject","inLanguage":"en-US","@id":"https:\/\/milieuxdumonde.com\/produit\/carte-lamerique-latine-et-les-caraibes-nouveau-lieu-strategique-de-la-politique-chinoise\/#primaryimage","url":"https:\/\/milieuxdumonde.com\/wp-content\/uploads\/2022\/06\/Carte-avec-watermark-2.png","contentUrl":"https:\/\/milieuxdumonde.com\/wp-content\/uploads\/2022\/06\/Carte-avec-watermark-2.png","width":843,"height":1182},{"@type":"BreadcrumbList","@id":"https:\/\/milieuxdumonde.com\/produit\/carte-lamerique-latine-et-les-caraibes-nouveau-lieu-strategique-de-la-politique-chinoise\/#breadcrumb","itemListElement":[{"@type":"ListItem","position":1,"name":"Accueil","item":"https:\/\/milieuxdumonde.com\/"},{"@type":"ListItem","position":2,"name":"Shop","item":"https:\/\/milieuxdumonde.com\/en\/shop\/"},{"@type":"ListItem","position":3,"name":"Carte L&rsquo;Am\u00e9rique latine et les Cara\u00efbes, nouveau lieu strat\u00e9gique de la politique chinoise"}]},{"@type":"WebSite","@id":"https:\/\/milieuxdumonde.com\/#website","url":"https:\/\/milieuxdumonde.com\/","name":"MILIEUX DU MONDE","description":"Publishing house specializing in Asia and maritime areas","publisher":{"@id":"https:\/\/milieuxdumonde.com\/#organization"},"potentialAction":[{"@type":"SearchAction","target":{"@type":"EntryPoint","urlTemplate":"https:\/\/milieuxdumonde.com\/?s={search_term_string}"},"query-input":{"@type":"PropertyValueSpecification","valueRequired":true,"valueName":"search_term_string"}}],"inLanguage":"en-US"},{"@type":"Organization","@id":"https:\/\/milieuxdumonde.com\/#organization","name":"MILIEUX DU MONDE","url":"https:\/\/milieuxdumonde.com\/","logo":{"@type":"ImageObject","inLanguage":"en-US","@id":"https:\/\/milieuxdumonde.com\/#\/schema\/logo\/image\/","url":"https:\/\/milieuxdumonde.com\/wp-content\/uploads\/2025\/11\/MM-Editions-recadre-linkedin.jpg","contentUrl":"https:\/\/milieuxdumonde.com\/wp-content\/uploads\/2025\/11\/MM-Editions-recadre-linkedin.jpg","width":1664,"height":1664,"caption":"MILIEUX DU MONDE"},"image":{"@id":"https:\/\/milieuxdumonde.com\/#\/schema\/logo\/image\/"}}]}},"_links":{"self":[{"href":"https:\/\/milieuxdumonde.com\/en\/wp-json\/wp\/v2\/product\/1015","targetHints":{"allow":["GET"]}}],"collection":[{"href":"https:\/\/milieuxdumonde.com\/en\/wp-json\/wp\/v2\/product"}],"about":[{"href":"https:\/\/milieuxdumonde.com\/en\/wp-json\/wp\/v2\/types\/product"}],"wp:featuredmedia":[{"embeddable":true,"href":"https:\/\/milieuxdumonde.com\/en\/wp-json\/wp\/v2\/media\/1021"}],"wp:attachment":[{"href":"https:\/\/milieuxdumonde.com\/en\/wp-json\/wp\/v2\/media?parent=1015"}],"wp:term":[{"taxonomy":"product_brand","embeddable":true,"href":"https:\/\/milieuxdumonde.com\/en\/wp-json\/wp\/v2\/product_brand?post=1015"},{"taxonomy":"product_cat","embeddable":true,"href":"https:\/\/milieuxdumonde.com\/en\/wp-json\/wp\/v2\/product_cat?post=1015"},{"taxonomy":"product_tag","embeddable":true,"href":"https:\/\/milieuxdumonde.com\/en\/wp-json\/wp\/v2\/product_tag?post=1015"}],"curies":[{"name":"wp","href":"https:\/\/api.w.org\/{rel}","templated":true}]}}