{"id":716,"date":"2021-09-08T00:43:21","date_gmt":"2021-09-07T22:43:21","guid":{"rendered":"https:\/\/capitmuscas.com\/?page_id=716"},"modified":"2025-12-12T16:13:24","modified_gmt":"2025-12-12T15:13:24","slug":"mentions-legales","status":"publish","type":"page","link":"https:\/\/milieuxdumonde.com\/en\/mentions-legales\/","title":{"rendered":"Legal Notice"},"content":{"rendered":"<h1>Legal Notice<\/h1>\n<div class=\"description\">\n<p>En vertu de l\u2019article 6 de la loi n\u00b0 2004-575 du 21 juin 2004 pour la confiance dans l\u2019\u00e9conomie num\u00e9rique, il est pr\u00e9cis\u00e9 aux utilisateurs du site www.milieuxdumonde.com l\u2019identit\u00e9 des diff\u00e9rents intervenants dans le cadre de sa r\u00e9alisation et de son suivi :<\/p>\n<h3>\u00c9diteur \/ Propri\u00e9taire<\/h3>\n<p>\u00c9diteur du site : MILIEUX DU MONDE \u00c9DITIONS<br \/>\nRCS Paris B 895 327 948<br \/>\nAdresse \u00e9diteur : 139 Boulevard Haussmann 75008 Paris<br \/>\nResponsable de la publication : Val\u00e9rie Rouzi\u00e8s<br \/>\nE-mail : contact@milieuxdumonde.com<\/p>\n<h3>Host<\/h3>\n<p>OVH<br \/>\n2 rue Kellermann - 59100 Roubaix - France<\/p>\n<h3>Observations and suggestions<\/h3>\n<p>Il est possible de transmettre des observations et des suggestions au responsable du site \u00e0 l\u2019adresse \u00e9lectronique : contact@milieuxdumonde.com<\/p>\n<h2>PERSONAL INFORMATIONS<\/h2>\n<p>Conform\u00e9ment \u00e0 la loi dite \u00ab Informatique et Libert\u00e9s \u00bb (art. 34 de la loi de la loi n\u00b0 48-87 du 6 janvier 1978), MILIEUX DU MONDE \u00c9DITIONS a effectu\u00e9 aupr\u00e8s de la CNIL une d\u00e9claration du site internet www.milieuxdumonde.com. Cette d\u00e9claration a \u00e9t\u00e9 enregistr\u00e9e sous le num\u00e9ro de r\u00e9c\u00e9piss\u00e9 : <em>en cours.<\/em><\/p>\n<h3>Personal information collected<\/h3>\n<p>In France, personal data is protected in particular by law n \u00b0 78-87 of January 6, 1978, law n \u00b0 2004-801 of August 6, 2004, article L. 226-13 of the Penal Code and the European Directive of 24 October 1995.<\/p>\n<p>Hereafter:<\/p>\n<ul>\n<li>l\u2019utilisateur d\u00e9signe \u00ab l\u2019internaute se connectant, utilisant le site www.milieuxdumonde.com \u00bb.<\/li>\n<li>personal information means &quot;information which allows, in any form whatsoever, directly or indirectly, the identification of the natural persons to whom it applies&quot; (article 4 of law n \u00b0 78-17 of January 6, 1978).<\/li>\n<\/ul>\n<p>Les informations personnelles de l\u2019utilisateur du site www.milieuxdumonde.com :<\/p>\n<ul>\n<li>are neither collected nor published without the user&#039;s knowledge<\/li>\n<li>ne sont pas \u00e9chang\u00e9es, transf\u00e9r\u00e9es, c\u00e9d\u00e9es ou vendues sur un support quelconque \u00e0 des tiers. Seule l\u2019hypoth\u00e8se du rachat de MILIEUX DU MONDE \u00c9DITIONS et de ses droits permettrait la transmission desdites informations \u00e0 l\u2019\u00e9ventuel acqu\u00e9reur qui serait \u00e0 son tour tenu de la m\u00eame obligation de conservation et de modification des donn\u00e9es vis \u00e0 vis de l\u2019utilisateur du site<\/li>\n<\/ul>\n<p>Au demeurant MILIEUX DU MONDE \u00c9DITIONS est autoris\u00e9 \u00e0 effectuer des \u00e9tudes et analyses statistiques sur l\u2019utilisation et la typologie des utilisateurs du site www.milieuxdumonde.com, sous r\u00e9serve de confirmer l\u2019anonymat de ces derniers.<\/p>\n<p>A l\u2019occasion de l\u2019utilisation du site www.milieuxdumonde.com, sont notamment recueillies les donn\u00e9es suivantes :<\/p>\n<ul>\n<li>l\u2019adresse Internet URL des liens par l\u2019interm\u00e9diaire desquels l\u2019utilisateur a acc\u00e9d\u00e9 au site www.milieuxdumonde.com<\/li>\n<li>The user&#039;s access provider<\/li>\n<li>The technical configuration of the browser<\/li>\n<\/ul>\n<p>En tout \u00e9tat de cause MILIEUX DU MONDE \u00c9DITIONS ne collecte des informations personnelles relatives \u00e0 l\u2019utilisateur (nom, adresse \u00e9lectronique, coordonn\u00e9es t\u00e9l\u00e9phoniques) que pour le besoin des services propos\u00e9s par le site www.milieuxdumonde.com. L\u2019utilisateur fournit ces informations en toute connaissance de cause, notamment lorsqu\u2019il proc\u00e8de par lui-m\u00eame \u00e0 leur saisie.<br \/>\nIl est alors pr\u00e9cis\u00e9 \u00e0 l\u2019utilisateur du site www.milieuxdumonde.com le caract\u00e8re obligatoire ou non des informations qu\u2019il serait amen\u00e9 \u00e0 fournir.<\/p>\n<h3>Correction of personal information collected<\/h3>\n<p>Conform\u00e9ment \u00e0 la loi dite \u00ab Informatique et Libert\u00e9s \u00bb (art. 34 de la loi de la loi n\u00b0 48-87\u00a0 du 6 janvier 1978), l\u2019utilisateur dispose d\u2019un droit de modification des donn\u00e9es nominatives collect\u00e9es le concernant. Pour ce faire, l\u2019utilisateur envoie \u00e0 MILIEUX DU MONDE \u00c9DITIONS un courrier \u00e9lectronique \u00e0 l\u2019adresse contact@milieuxdumonde.com.<br \/>\nThe modification will be made within a reasonable period of time from receipt of the user&#039;s request.<\/p>\n<h3>CNIL et gestion des donn\u00e9es personnelles<\/h3>\n<p>Conform\u00e9ment aux dispositions de la loi 78-17 du 6 janvier 1978 modifi\u00e9e, l\u2019utilisateur du site https:\/\/milieuxdumonde.com dispose d\u2019un droit d\u2019acc\u00e8s, de modification et de suppression des informations collect\u00e9es. Pour exercer ce droit, envoyez un message \u00e0 contact@milieuxdumonde.com.<\/p>\n<h3>Using e-mail<\/h3>\n<p>If you wish to use the electronic mail made available to you on this site, you are informed that the secrecy of correspondence transmitted over the Internet is not guaranteed.<\/p>\n<h2>TERMS OF USE<\/h2>\n<p>Toute personne qui acc\u00e8de au site www.milieuxdumonde.com s\u2019engage \u00e0 respecter les pr\u00e9sentes conditions d\u2019utilisation, qui pourront pour certains services \u00eatre compl\u00e9t\u00e9es par des conditions particuli\u00e8res. Les donn\u00e9es diffus\u00e9es sur le r\u00e9seau internet et extranet peuvent \u00eatre r\u00e9glement\u00e9es en termes d\u2019usage ou \u00eatre prot\u00e9g\u00e9es par un droit de propri\u00e9t\u00e9.<br \/>\nEveryone is responsible for the data that they disseminate, use and \/ or transfer and as such undertakes to comply with the French regulations in force, in particular those relating to clearly illegal content (pedophilia, incitement to racial hatred, etc.) or the protection of the rights of third parties (intellectual property rights, etc.). The publisher is not responsible for the use of data, content broadcast or services of another person and which, in particular, does not comply with the regulations in force.<\/p>\n<h3>Access to the site<\/h3>\n<p>Le site www.milieuxdumonde.com est accessible \u00e0 l\u2019utilisateur 24h\/ 24, 7j\/7 sauf pr\u00e9cisions contraires. La responsabilit\u00e9 de MILIEUX DU MONDE \u00c9DITIONS ne peut \u00eatre engag\u00e9e en raison d\u2019une indisponibilit\u00e9 technique de la connexion, qu\u2019elle soit due notamment \u00e0 un cas de force majeure, \u00e0 une maintenance, \u00e0 une mise \u00e0 jour, \u00e0 une modification du site, \u00e0 une intervention de l\u2019h\u00e9bergeur, \u00e0 une gr\u00e8ve interne ou externe, \u00e0 une panne de r\u00e9seau, \u00e0 une coupure d\u2019alimentation \u00e9lectrique, ou encore \u00e0 une mauvaise configuration ou utilisation de l\u2019ordinateur de l\u2019utilisateur.<\/p>\n<h3>Copyright<\/h3>\n<p>La totalit\u00e9 des \u00e9l\u00e9ments du site www.milieuxdumonde.com, notamment les textes, pr\u00e9sentations, illustrations, photographies, documents t\u00e9l\u00e9chargeables, repr\u00e9sentations iconographiques, marques commerciales (d\u00e9pos\u00e9s par MILIEUX DU MONDE \u00c9DITIONS ou \u00e9ventuellement par un de ses partenaires), arborescences et mises en forme sont, sauf documents publics et pr\u00e9cisions compl\u00e9mentaires, la propri\u00e9t\u00e9 intellectuelle exclusive de MILIEUX DU MONDE \u00c9DITIONS ou de ses partenaires.<br \/>\nAs such, their representations, reproductions, overlaps, broadcasts and reruns, partial or total, are prohibited in accordance with the provisions of Article L. 122-4 of the Intellectual Property Code. Anyone doing so without being able to justify a prior and express authorization from the holder of these rights incurs the penalties relating to the offense of counterfeiting provided for in Articles L. 335-2 et seq. Of the Intellectual Property Code.<br \/>\nEn outre, les repr\u00e9sentations, reproductions, imbrications, diffusions et rediffusions, partielles ou totales, de la base de donn\u00e9es contenue dans le site www.milieuxdumonde.com sont interdites en vertu des dispositions de la loi n\u00b098-536 du 1er juillet 1998 relative \u00e0 la protection juridique des bases de donn\u00e9es.<\/p>\n<h3>Validity of the information provided<\/h3>\n<p>In the event that the user would be required to provide information, he undertakes to:<\/p>\n<ul>\n<li>provide real, exact, up-to-date information when entered in the registration form for the service, and in particular not to use false names or addresses, or names or addresses without being authorized to do so<\/li>\n<li>keep registration data up-to-date in order to guarantee their real, exact and up-to-date character at all times<\/li>\n<li>not to make available or distribute information that is illegal, objectionable (such as defamatory or obscene information) or even harmful (such as viruses)<\/li>\n<\/ul>\n<p>En cas de violation de ces dispositions, MILIEUX DU MONDE \u00c9DITIONS sera en mesure de suspendre ou de r\u00e9silier l\u2019acc\u00e8s de l\u2019utilisateur aux services \u00e0 ses torts exclusifs.<\/p>\n<h3>Limitation of Liability - User Conduct<\/h3>\n<p>L\u2019utilisateur admet express\u00e9ment utiliser le site www.milieuxdumonde.com \u00e0 ses propres risques et sous sa responsabilit\u00e9 exclusive.<br \/>\nLe site www.milieuxdumonde.com fournit \u00e0 l\u2019utilisateur des informations \u00e0 titre indicatif, en l\u2019\u00e9tat, avec toutes leurs imperfections. En outre, ces informations doivent \u00eatre prises en consid\u00e9ration au moment de leur mise en ligne et non au moment de la consultation du site.<br \/>\nEn tout \u00e9tat de cause, MILIEUX DU MONDE \u00c9DITIONS ne pourra en aucun cas \u00eatre tenue responsable :<\/p>\n<ul>\n<li>de tout dommage direct ou indirect, notamment en ce qui concerne les pertes de profits, le manque \u00e0 gagner, les pertes de client\u00e8le, de donn\u00e9es pouvant entre autres r\u00e9sulter de l\u2019utilisation du site www.milieuxdumonde.com, ou au contraire de l\u2019impossibilit\u00e9 de son utilisation<\/li>\n<li>a malfunction, unavailability of access, improper use, improper configuration of the user&#039;s computer, or even the use of a browser little used by the user<\/li>\n<li>du contenu des publicit\u00e9s et autres liens ou sources externes accessibles par l\u2019utilisateur \u00e0 partir du site www.milieuxdumonde.com<\/li>\n<\/ul>\n<p>The user undertakes not to disseminate comments, opinions or information of a defamatory, obscene, violent, racist nature and more generally contravening the French texts in force, the rights of individuals and good morals.<\/p>\n<h3>Hypertext links<\/h3>\n<p>Tout webmaster qui souhaiterait \u00e9tablir un lien \u00e0 partir de son site vers le site www.milieuxdumonde.com est tenu d\u2019obtenir une autorisation expresse pr\u00e9alable en la sollicitant \u00e0 l\u2019adresse \u00e9lectronique. En tout \u00e9tat de cause, le webmaster qui cr\u00e9erait un lien hypertexte s\u2019engage \u00e0 ne pas utiliser la technique du lien profond (\u00ab deep linking \u00bb), technique selon laquelle les pages du site www.milieuxdumonde.com sont imbriqu\u00e9es \u00e0 l\u2019int\u00e9rieur des pages du site du webmaster.<\/p>\n<p>L\u2019utilisateur qui serait redirig\u00e9 vers une tierce page Internet par l\u2019interm\u00e9diaire d\u2019un lien hypertexte figurant sur le site www.milieuxdumonde.com reconna\u00eet que MILIEUX DU MONDE \u00c9DITIONS ne ma\u00eetrise pas le contenu des sites de redirection. En cons\u00e9quence, MILIEUX DU MONDE \u00c9DITIONS ne pourra en aucun cas \u00eatre tenue responsable d\u2019\u00e9ventuels dommages directs ou indirects du fait de \u00a0l\u2019utilisation de sites accessibles via les liens hypertextes contenus sur le site www.milieuxdumonde.com.<\/p>\n<h3>Advertising nature of the content<\/h3>\n<p>En tout \u00e9tat de cause, MILIEUX DU MONDE \u00c9DITIONS informe le cas \u00e9ch\u00e9ant l\u2019internaute de la nature publicitaire des contenus du site www.milieuxdumonde.com.<br \/>\nLe site www.milieuxdumonde.com peut contenir des publicit\u00e9s. MILIEUX DU MONDE \u00c9DITIONS ne pourra en aucun cas \u00eatre tenue responsable ni du contenu des publicit\u00e9s ni des cons\u00e9quences d\u2019une \u00e9ventuelle relation contractuelle entre l\u2019utilisateur du www.milieuxdumonde.com et la personne ayant diffus\u00e9 la publicit\u00e9.<\/p>\n<h3>Use of contact details on the site<\/h3>\n<p>MILIEUX DU MONDE \u00c9DITIONS interdit l\u2019utilisation des coordonn\u00e9es figurant sur le site www.milieuxdumonde.com en vue d\u2019un d\u00e9marchage, d\u2019une sollicitation publicitaire ou \u00e0 toute autre fin commerciale.<\/p>\n<h3>Copyright<\/h3>\n<p>This site respects copyright. All the rights of the authors of protected works reproduced and communicated on this site are reserved. Unless authorized, any use of works other than individual and private reproduction and consultation is prohibited.<\/p>\n<\/div>","protected":false},"excerpt":{"rendered":"<p>Mentions l\u00e9gales En vertu de l\u2019article 6 de la loi n\u00b0 2004-575 du 21 juin 2004 pour la confiance dans l\u2019\u00e9conomie num\u00e9rique, il est pr\u00e9cis\u00e9 aux utilisateurs du site www.milieuxdumonde.com l\u2019identit\u00e9 des diff\u00e9rents intervenants dans le cadre de sa r\u00e9alisation et de son suivi : \u00c9diteur \/ Propri\u00e9taire \u00c9diteur du site : MILIEUX DU MONDE [&#8230;]","protected":false},"author":1,"featured_media":0,"parent":0,"menu_order":0,"comment_status":"closed","ping_status":"closed","template":"","meta":{"footnotes":""},"class_list":["post-716","page","type-page","status-publish","hentry"],"yoast_head":"<!-- This site is optimized with the Yoast SEO plugin v27.2 - https:\/\/yoast.com\/product\/yoast-seo-wordpress\/ -->\n<title>Mentions l\u00e9gales - MILIEUX DU MONDE<\/title>\n<meta name=\"robots\" content=\"index, follow, max-snippet:-1, max-image-preview:large, max-video-preview:-1\" \/>\n<link rel=\"canonical\" href=\"https:\/\/milieuxdumonde.com\/en\/mentions-legales\/\" \/>\n<meta property=\"og:locale\" content=\"en_US\" \/>\n<meta property=\"og:type\" content=\"article\" \/>\n<meta property=\"og:title\" content=\"Mentions l\u00e9gales - MILIEUX DU MONDE\" \/>\n<meta property=\"og:description\" content=\"Mentions l\u00e9gales En vertu de l\u2019article 6 de la loi n\u00b0 2004-575 du 21 juin 2004 pour la confiance dans l\u2019\u00e9conomie num\u00e9rique, il est pr\u00e9cis\u00e9 aux utilisateurs du site www.milieuxdumonde.com l\u2019identit\u00e9 des diff\u00e9rents intervenants dans le cadre de sa r\u00e9alisation et de son suivi : \u00c9diteur \/ Propri\u00e9taire \u00c9diteur du site : MILIEUX DU MONDE [...]\" \/>\n<meta property=\"og:url\" content=\"https:\/\/milieuxdumonde.com\/en\/mentions-legales\/\" \/>\n<meta property=\"og:site_name\" content=\"MILIEUX DU MONDE\" \/>\n<meta property=\"article:modified_time\" content=\"2025-12-12T15:13:24+00:00\" \/>\n<meta property=\"og:image\" content=\"https:\/\/milieuxdumonde.com\/wp-content\/uploads\/2025\/11\/MM-Editions-recadre-linkedin.jpg\" \/>\n\t<meta property=\"og:image:width\" content=\"1664\" \/>\n\t<meta property=\"og:image:height\" content=\"1664\" \/>\n\t<meta property=\"og:image:type\" content=\"image\/jpeg\" \/>\n<meta name=\"twitter:card\" content=\"summary_large_image\" \/>\n<meta name=\"twitter:label1\" content=\"Est. reading time\" \/>\n\t<meta name=\"twitter:data1\" content=\"9 minutes\" \/>\n<script type=\"application\/ld+json\" class=\"yoast-schema-graph\">{\"@context\":\"https:\/\/schema.org\",\"@graph\":[{\"@type\":\"WebPage\",\"@id\":\"https:\/\/milieuxdumonde.com\/mentions-legales\/\",\"url\":\"https:\/\/milieuxdumonde.com\/mentions-legales\/\",\"name\":\"Mentions l\u00e9gales - MILIEUX DU MONDE\",\"isPartOf\":{\"@id\":\"https:\/\/milieuxdumonde.com\/#website\"},\"datePublished\":\"2021-09-07T22:43:21+00:00\",\"dateModified\":\"2025-12-12T15:13:24+00:00\",\"breadcrumb\":{\"@id\":\"https:\/\/milieuxdumonde.com\/mentions-legales\/#breadcrumb\"},\"inLanguage\":\"en-US\",\"potentialAction\":[{\"@type\":\"ReadAction\",\"target\":[\"https:\/\/milieuxdumonde.com\/mentions-legales\/\"]}]},{\"@type\":\"BreadcrumbList\",\"@id\":\"https:\/\/milieuxdumonde.com\/mentions-legales\/#breadcrumb\",\"itemListElement\":[{\"@type\":\"ListItem\",\"position\":1,\"name\":\"Accueil\",\"item\":\"https:\/\/milieuxdumonde.com\/\"},{\"@type\":\"ListItem\",\"position\":2,\"name\":\"Mentions l\u00e9gales\"}]},{\"@type\":\"WebSite\",\"@id\":\"https:\/\/milieuxdumonde.com\/#website\",\"url\":\"https:\/\/milieuxdumonde.com\/\",\"name\":\"MILIEUX DU MONDE\",\"description\":\"Maison d\u2019\u00e9dition sp\u00e9cialis\u00e9e sur l\u2019Asie et les espaces maritimes\",\"publisher\":{\"@id\":\"https:\/\/milieuxdumonde.com\/#organization\"},\"potentialAction\":[{\"@type\":\"SearchAction\",\"target\":{\"@type\":\"EntryPoint\",\"urlTemplate\":\"https:\/\/milieuxdumonde.com\/?s={search_term_string}\"},\"query-input\":{\"@type\":\"PropertyValueSpecification\",\"valueRequired\":true,\"valueName\":\"search_term_string\"}}],\"inLanguage\":\"en-US\"},{\"@type\":\"Organization\",\"@id\":\"https:\/\/milieuxdumonde.com\/#organization\",\"name\":\"MILIEUX DU MONDE\",\"url\":\"https:\/\/milieuxdumonde.com\/\",\"logo\":{\"@type\":\"ImageObject\",\"inLanguage\":\"en-US\",\"@id\":\"https:\/\/milieuxdumonde.com\/#\/schema\/logo\/image\/\",\"url\":\"https:\/\/milieuxdumonde.com\/wp-content\/uploads\/2025\/11\/MM-Editions-recadre-linkedin.jpg\",\"contentUrl\":\"https:\/\/milieuxdumonde.com\/wp-content\/uploads\/2025\/11\/MM-Editions-recadre-linkedin.jpg\",\"width\":1664,\"height\":1664,\"caption\":\"MILIEUX DU MONDE\"},\"image\":{\"@id\":\"https:\/\/milieuxdumonde.com\/#\/schema\/logo\/image\/\"}}]}<\/script>\n<!-- \/ Yoast SEO plugin. -->","yoast_head_json":{"title":"Mentions l\u00e9gales - MILIEUX DU MONDE","robots":{"index":"index","follow":"follow","max-snippet":"max-snippet:-1","max-image-preview":"max-image-preview:large","max-video-preview":"max-video-preview:-1"},"canonical":"https:\/\/milieuxdumonde.com\/en\/mentions-legales\/","og_locale":"en_US","og_type":"article","og_title":"Mentions l\u00e9gales - MILIEUX DU MONDE","og_description":"Mentions l\u00e9gales En vertu de l\u2019article 6 de la loi n\u00b0 2004-575 du 21 juin 2004 pour la confiance dans l\u2019\u00e9conomie num\u00e9rique, il est pr\u00e9cis\u00e9 aux utilisateurs du site www.milieuxdumonde.com l\u2019identit\u00e9 des diff\u00e9rents intervenants dans le cadre de sa r\u00e9alisation et de son suivi : \u00c9diteur \/ Propri\u00e9taire \u00c9diteur du site : MILIEUX DU MONDE [...]","og_url":"https:\/\/milieuxdumonde.com\/en\/mentions-legales\/","og_site_name":"MILIEUX DU MONDE","article_modified_time":"2025-12-12T15:13:24+00:00","og_image":[{"width":1664,"height":1664,"url":"https:\/\/milieuxdumonde.com\/wp-content\/uploads\/2025\/11\/MM-Editions-recadre-linkedin.jpg","type":"image\/jpeg"}],"twitter_card":"summary_large_image","twitter_misc":{"Est. reading time":"9 minutes"},"schema":{"@context":"https:\/\/schema.org","@graph":[{"@type":"WebPage","@id":"https:\/\/milieuxdumonde.com\/mentions-legales\/","url":"https:\/\/milieuxdumonde.com\/mentions-legales\/","name":"Mentions l\u00e9gales - MILIEUX DU MONDE","isPartOf":{"@id":"https:\/\/milieuxdumonde.com\/#website"},"datePublished":"2021-09-07T22:43:21+00:00","dateModified":"2025-12-12T15:13:24+00:00","breadcrumb":{"@id":"https:\/\/milieuxdumonde.com\/mentions-legales\/#breadcrumb"},"inLanguage":"en-US","potentialAction":[{"@type":"ReadAction","target":["https:\/\/milieuxdumonde.com\/mentions-legales\/"]}]},{"@type":"BreadcrumbList","@id":"https:\/\/milieuxdumonde.com\/mentions-legales\/#breadcrumb","itemListElement":[{"@type":"ListItem","position":1,"name":"Accueil","item":"https:\/\/milieuxdumonde.com\/"},{"@type":"ListItem","position":2,"name":"Mentions l\u00e9gales"}]},{"@type":"WebSite","@id":"https:\/\/milieuxdumonde.com\/#website","url":"https:\/\/milieuxdumonde.com\/","name":"MILIEUX DU MONDE","description":"Publishing house specializing in Asia and maritime areas","publisher":{"@id":"https:\/\/milieuxdumonde.com\/#organization"},"potentialAction":[{"@type":"SearchAction","target":{"@type":"EntryPoint","urlTemplate":"https:\/\/milieuxdumonde.com\/?s={search_term_string}"},"query-input":{"@type":"PropertyValueSpecification","valueRequired":true,"valueName":"search_term_string"}}],"inLanguage":"en-US"},{"@type":"Organization","@id":"https:\/\/milieuxdumonde.com\/#organization","name":"MILIEUX DU MONDE","url":"https:\/\/milieuxdumonde.com\/","logo":{"@type":"ImageObject","inLanguage":"en-US","@id":"https:\/\/milieuxdumonde.com\/#\/schema\/logo\/image\/","url":"https:\/\/milieuxdumonde.com\/wp-content\/uploads\/2025\/11\/MM-Editions-recadre-linkedin.jpg","contentUrl":"https:\/\/milieuxdumonde.com\/wp-content\/uploads\/2025\/11\/MM-Editions-recadre-linkedin.jpg","width":1664,"height":1664,"caption":"MILIEUX DU MONDE"},"image":{"@id":"https:\/\/milieuxdumonde.com\/#\/schema\/logo\/image\/"}}]}},"_links":{"self":[{"href":"https:\/\/milieuxdumonde.com\/en\/wp-json\/wp\/v2\/pages\/716","targetHints":{"allow":["GET"]}}],"collection":[{"href":"https:\/\/milieuxdumonde.com\/en\/wp-json\/wp\/v2\/pages"}],"about":[{"href":"https:\/\/milieuxdumonde.com\/en\/wp-json\/wp\/v2\/types\/page"}],"author":[{"embeddable":true,"href":"https:\/\/milieuxdumonde.com\/en\/wp-json\/wp\/v2\/users\/1"}],"replies":[{"embeddable":true,"href":"https:\/\/milieuxdumonde.com\/en\/wp-json\/wp\/v2\/comments?post=716"}],"version-history":[{"count":5,"href":"https:\/\/milieuxdumonde.com\/en\/wp-json\/wp\/v2\/pages\/716\/revisions"}],"predecessor-version":[{"id":1931,"href":"https:\/\/milieuxdumonde.com\/en\/wp-json\/wp\/v2\/pages\/716\/revisions\/1931"}],"wp:attachment":[{"href":"https:\/\/milieuxdumonde.com\/en\/wp-json\/wp\/v2\/media?parent=716"}],"curies":[{"name":"wp","href":"https:\/\/api.w.org\/{rel}","templated":true}]}}