{"id":629,"date":"2021-09-06T11:25:06","date_gmt":"2021-09-06T11:25:06","guid":{"rendered":"https:\/\/www.cap.partaj.co\/?page_id=629"},"modified":"2025-10-01T15:20:22","modified_gmt":"2025-10-01T13:20:22","slug":"qui-sommes-nous","status":"publish","type":"page","link":"https:\/\/milieuxdumonde.com\/en\/qui-sommes-nous\/","title":{"rendered":"Who are we"},"content":{"rendered":"<div class=\"row\"  id=\"row-424390082\">\n\n\t<div id=\"col-330860883\" class=\"col small-12 large-12\"  >\n\t\t\t\t<div class=\"col-inner\"  >\n\t\t\t\n\t\t\t\n<h2 style=\"text-align: center;\"><span style=\"color: #003366;\">Qui-sommes-nous ?<\/span><\/h2>\n<h3>Presentation<\/h3>\n<p>MILIEUX DU MONDE \u00c9ditions <strong>est une maison d\u2019\u00e9dition sp\u00e9cialis\u00e9e sur l\u2019Asie et les espaces maritimes<\/strong>. Elle souhaite contribuer \u00e0 une connaissance enrichie du monde par la diffusion de livres et de cartes.<\/p>\n<h3>Why Asia and the maritime areas?<\/h3>\n<div class=\"is-divider divider clearfix\" style=\"max-width:380px;height:2px;background-color:rgba(164, 134, 2, 0.366);\"><\/div>\n<h4><strong>Asia<\/strong><\/h4>\n<blockquote>\n<p>&quot;\u00a0<em>Everything east of the Aegean<\/em>\u00a0\u00bb, Herodotus<\/p>\n<\/blockquote>\n<p>This broad definition of Herodotus refers to the vastness of the Asian continent and its diversity. Asia is a plural space, marked by both sustained economic and demographic growth and less dynamic spaces. This fragmented continent concentrates development issues and faces political, security and environmental decisions at the heart of international geostrategic concerns. Asia has undoubtedly become the new center of gravity of the world. Its study constitutes an essential subject for our century.<\/p>\n<h4><strong>Maritime spaces<\/strong><\/h4>\n<blockquote>\n<p><em>&quot; <\/em><em>The tears of our sovereigns have the salty taste of the sea that they have ignored \u201d, Cardinal de Richelieu.\u00a0 <\/em><\/p>\n<\/blockquote>\n<p>The sea covers 71 % of the earth&#039;s surface. Privileged support for the circulation of goods, people, ideas but also for the projection of powers since Antiquity, the sea is today a support for globalization. It represents 90 % of total world trade flows as well as 98 % of communications. Finally, seas and oceans are laboratories for science and climate and ecosystem change. Their preservation and better knowledge are all issues of balance for our societies.<\/p>\n<p>Understanding Asia and the maritime areas together, in their extent and complexity, allows us to have a global reflection on the world.<\/p>\n<h3>Goals<\/h3>\n<div class=\"is-divider divider clearfix\" style=\"max-width:120px;height:2px;background-color:rgba(164, 134, 2, 0.366);\"><\/div>\n<p>MILIEUX DU MONDE \u00c9ditions souhaite contribuer \u00e0 l\u2019information du public, \u00e0 sa meilleure compr\u00e9hension du monde et plus particuli\u00e8rement celle de l\u2019Asie et des espaces maritimes. Notre maison d\u2019\u00e9dition d\u00e9sire encourager une pens\u00e9e libre et ouverte sur le monde.<\/p>\n<p>Pour cela, elle propose des essais et des ouvrages d\u2019analyse sur le monde, l\u2019Asie et la mer. Elle \u00e9dite \u00e9galement des cartes g\u00e9ographiques qui \u00e9clairent l\u2019actualit\u00e9 ou expliquent des \u00e9v\u00e8nements marquants pass\u00e9s. De plus, chaque trimestre, la maison partage avec le public une s\u00e9lection des publications notables rassembl\u00e9es au sein de sa revue. Analyses, portraits, billets et perspectives illustrent les sujets majeurs et notre vision du monde.<\/p>\n<h3>Story<\/h3>\n<div class=\"is-divider divider clearfix\" style=\"max-width:100px;height:2px;background-color:rgba(164, 134, 2, 0.366);\"><\/div>\n<p>MILIEUX DU MONDE \u00c9ditions (anciennement Capit Muscas \u00c9ditions) a \u00e9t\u00e9 fond\u00e9e en 2019 par Pierre Brousse \u00e9galement fondateur de la revue \u00e9ponyme port\u00e9e depuis 2023 par le Fonds de dotation Brousse dell\u2019Aquila (FDBDA).<br \/>En rejoignant notre maison en 2025, la revue MILIEUX DU MONDE lui donne aussi son nouveau nom, pleinement r\u00e9v\u00e9lateur de notre mission : contribuer \u00e0 une connaissance enrichie du monde et \u00e0 l\u2019information du grand public sur les enjeux g\u00e9opolitiques contemporains par l\u2019\u00e9dition et la diffusion de livres et de cartes.<\/p>\n<h3>\u00c9quipe<\/h3>\n<div class=\"is-divider divider clearfix\" style=\"max-width:100px;height:2px;background-color:rgba(164, 134, 2, 0.366);\"><\/div>\n<p><strong>Pierre Brousse<\/strong> &#8211; fondateur et pr\u00e9sident de MILIEUX DU MONDE \u00c9ditions.<\/p>\n<p>Apr\u00e8s une carri\u00e8re dans la Marine nationale, l\u2019administration territoriale et l\u2019administration centrale, Pierre Brousse rejoint le groupe Ciments Fran\u00e7ais en 1986. Membre du Comit\u00e9 de direction, il dirige les activit\u00e9s du groupe en Europe du Sud et en Am\u00e9rique Latine. En 1991, il fonde La Compagnie Financi\u00e8re dell\u2019Aquila qui, apr\u00e8s des investissements en Europe, participa \u00e0 l\u2019acquisition du groupe Bonna Sabla et \u00e0 la cr\u00e9ation du groupe Consolis qu\u2019il codirige jusqu&rsquo;en 2016. Il en copr\u00e9side le conseil de surveillance de 2017 \u00e0 2024. Il est par ailleurs pr\u00e9sident du conseil de surveillance de la soci\u00e9t\u00e9 Rocamat de 2018 \u00e0 2023. Pierre Brousse a \u00e9t\u00e9 pr\u00e9sident des Alliances Fran\u00e7aises d\u2019Espagne de 1992 \u00e0 2001, ainsi que pr\u00e9sident de f\u00e9d\u00e9rations professionnelles fran\u00e7aises et europ\u00e9ennes de b\u00e9ton manufactur\u00e9 (BIBM). Il est le pr\u00e9sident du Fonds de dotation Brousse dell\u2019Aquila.<\/p>\n<p><strong>Vale\u0301rie Rouzie\u0300s<\/strong> &#8211; responsable e\u0301ditoriale de MILIEUX DU MONDE \u00c9ditions.<\/p>\n\t\t<\/div>\n\t\t\t\t\t<\/div>\n\n\t\n<\/div>","protected":false},"excerpt":{"rendered":"","protected":false},"author":2,"featured_media":0,"parent":0,"menu_order":0,"comment_status":"closed","ping_status":"closed","template":"","meta":{"footnotes":""},"class_list":["post-629","page","type-page","status-publish","hentry"],"yoast_head":"<!-- This site is optimized with the Yoast SEO plugin v27.2 - https:\/\/yoast.com\/product\/yoast-seo-wordpress\/ -->\n<title>Qui sommes-nous - MILIEUX DU MONDE<\/title>\n<meta name=\"robots\" content=\"index, follow, max-snippet:-1, max-image-preview:large, max-video-preview:-1\" \/>\n<link rel=\"canonical\" href=\"https:\/\/milieuxdumonde.com\/en\/qui-sommes-nous\/\" \/>\n<meta property=\"og:locale\" content=\"en_US\" \/>\n<meta property=\"og:type\" content=\"article\" \/>\n<meta property=\"og:title\" content=\"Qui sommes-nous - MILIEUX DU MONDE\" \/>\n<meta property=\"og:url\" content=\"https:\/\/milieuxdumonde.com\/en\/qui-sommes-nous\/\" \/>\n<meta property=\"og:site_name\" content=\"MILIEUX DU MONDE\" \/>\n<meta property=\"article:modified_time\" content=\"2025-10-01T13:20:22+00:00\" \/>\n<meta property=\"og:image\" content=\"https:\/\/milieuxdumonde.com\/wp-content\/uploads\/2025\/11\/MM-Editions-recadre-linkedin.jpg\" \/>\n\t<meta property=\"og:image:width\" content=\"1664\" \/>\n\t<meta property=\"og:image:height\" content=\"1664\" \/>\n\t<meta property=\"og:image:type\" content=\"image\/jpeg\" \/>\n<meta name=\"twitter:card\" content=\"summary_large_image\" \/>\n<meta name=\"twitter:label1\" content=\"Est. reading time\" \/>\n\t<meta name=\"twitter:data1\" content=\"4 minutes\" \/>\n<script type=\"application\/ld+json\" class=\"yoast-schema-graph\">{\"@context\":\"https:\/\/schema.org\",\"@graph\":[{\"@type\":\"WebPage\",\"@id\":\"https:\/\/milieuxdumonde.com\/qui-sommes-nous\/\",\"url\":\"https:\/\/milieuxdumonde.com\/qui-sommes-nous\/\",\"name\":\"Qui sommes-nous - MILIEUX DU MONDE\",\"isPartOf\":{\"@id\":\"https:\/\/milieuxdumonde.com\/#website\"},\"datePublished\":\"2021-09-06T11:25:06+00:00\",\"dateModified\":\"2025-10-01T13:20:22+00:00\",\"breadcrumb\":{\"@id\":\"https:\/\/milieuxdumonde.com\/qui-sommes-nous\/#breadcrumb\"},\"inLanguage\":\"en-US\",\"potentialAction\":[{\"@type\":\"ReadAction\",\"target\":[\"https:\/\/milieuxdumonde.com\/qui-sommes-nous\/\"]}]},{\"@type\":\"BreadcrumbList\",\"@id\":\"https:\/\/milieuxdumonde.com\/qui-sommes-nous\/#breadcrumb\",\"itemListElement\":[{\"@type\":\"ListItem\",\"position\":1,\"name\":\"Accueil\",\"item\":\"https:\/\/milieuxdumonde.com\/\"},{\"@type\":\"ListItem\",\"position\":2,\"name\":\"Qui sommes-nous\"}]},{\"@type\":\"WebSite\",\"@id\":\"https:\/\/milieuxdumonde.com\/#website\",\"url\":\"https:\/\/milieuxdumonde.com\/\",\"name\":\"MILIEUX DU MONDE\",\"description\":\"Maison d\u2019\u00e9dition sp\u00e9cialis\u00e9e sur l\u2019Asie et les espaces maritimes\",\"publisher\":{\"@id\":\"https:\/\/milieuxdumonde.com\/#organization\"},\"potentialAction\":[{\"@type\":\"SearchAction\",\"target\":{\"@type\":\"EntryPoint\",\"urlTemplate\":\"https:\/\/milieuxdumonde.com\/?s={search_term_string}\"},\"query-input\":{\"@type\":\"PropertyValueSpecification\",\"valueRequired\":true,\"valueName\":\"search_term_string\"}}],\"inLanguage\":\"en-US\"},{\"@type\":\"Organization\",\"@id\":\"https:\/\/milieuxdumonde.com\/#organization\",\"name\":\"MILIEUX DU MONDE\",\"url\":\"https:\/\/milieuxdumonde.com\/\",\"logo\":{\"@type\":\"ImageObject\",\"inLanguage\":\"en-US\",\"@id\":\"https:\/\/milieuxdumonde.com\/#\/schema\/logo\/image\/\",\"url\":\"https:\/\/milieuxdumonde.com\/wp-content\/uploads\/2025\/11\/MM-Editions-recadre-linkedin.jpg\",\"contentUrl\":\"https:\/\/milieuxdumonde.com\/wp-content\/uploads\/2025\/11\/MM-Editions-recadre-linkedin.jpg\",\"width\":1664,\"height\":1664,\"caption\":\"MILIEUX DU MONDE\"},\"image\":{\"@id\":\"https:\/\/milieuxdumonde.com\/#\/schema\/logo\/image\/\"}}]}<\/script>\n<!-- \/ Yoast SEO plugin. -->","yoast_head_json":{"title":"Qui sommes-nous - MILIEUX DU MONDE","robots":{"index":"index","follow":"follow","max-snippet":"max-snippet:-1","max-image-preview":"max-image-preview:large","max-video-preview":"max-video-preview:-1"},"canonical":"https:\/\/milieuxdumonde.com\/en\/qui-sommes-nous\/","og_locale":"en_US","og_type":"article","og_title":"Qui sommes-nous - MILIEUX DU MONDE","og_url":"https:\/\/milieuxdumonde.com\/en\/qui-sommes-nous\/","og_site_name":"MILIEUX DU MONDE","article_modified_time":"2025-10-01T13:20:22+00:00","og_image":[{"width":1664,"height":1664,"url":"https:\/\/milieuxdumonde.com\/wp-content\/uploads\/2025\/11\/MM-Editions-recadre-linkedin.jpg","type":"image\/jpeg"}],"twitter_card":"summary_large_image","twitter_misc":{"Est. reading time":"4 minutes"},"schema":{"@context":"https:\/\/schema.org","@graph":[{"@type":"WebPage","@id":"https:\/\/milieuxdumonde.com\/qui-sommes-nous\/","url":"https:\/\/milieuxdumonde.com\/qui-sommes-nous\/","name":"Qui sommes-nous - MILIEUX DU MONDE","isPartOf":{"@id":"https:\/\/milieuxdumonde.com\/#website"},"datePublished":"2021-09-06T11:25:06+00:00","dateModified":"2025-10-01T13:20:22+00:00","breadcrumb":{"@id":"https:\/\/milieuxdumonde.com\/qui-sommes-nous\/#breadcrumb"},"inLanguage":"en-US","potentialAction":[{"@type":"ReadAction","target":["https:\/\/milieuxdumonde.com\/qui-sommes-nous\/"]}]},{"@type":"BreadcrumbList","@id":"https:\/\/milieuxdumonde.com\/qui-sommes-nous\/#breadcrumb","itemListElement":[{"@type":"ListItem","position":1,"name":"Accueil","item":"https:\/\/milieuxdumonde.com\/"},{"@type":"ListItem","position":2,"name":"Qui sommes-nous"}]},{"@type":"WebSite","@id":"https:\/\/milieuxdumonde.com\/#website","url":"https:\/\/milieuxdumonde.com\/","name":"MILIEUX DU MONDE","description":"Publishing house specializing in Asia and maritime areas","publisher":{"@id":"https:\/\/milieuxdumonde.com\/#organization"},"potentialAction":[{"@type":"SearchAction","target":{"@type":"EntryPoint","urlTemplate":"https:\/\/milieuxdumonde.com\/?s={search_term_string}"},"query-input":{"@type":"PropertyValueSpecification","valueRequired":true,"valueName":"search_term_string"}}],"inLanguage":"en-US"},{"@type":"Organization","@id":"https:\/\/milieuxdumonde.com\/#organization","name":"MILIEUX DU MONDE","url":"https:\/\/milieuxdumonde.com\/","logo":{"@type":"ImageObject","inLanguage":"en-US","@id":"https:\/\/milieuxdumonde.com\/#\/schema\/logo\/image\/","url":"https:\/\/milieuxdumonde.com\/wp-content\/uploads\/2025\/11\/MM-Editions-recadre-linkedin.jpg","contentUrl":"https:\/\/milieuxdumonde.com\/wp-content\/uploads\/2025\/11\/MM-Editions-recadre-linkedin.jpg","width":1664,"height":1664,"caption":"MILIEUX DU MONDE"},"image":{"@id":"https:\/\/milieuxdumonde.com\/#\/schema\/logo\/image\/"}}]}},"_links":{"self":[{"href":"https:\/\/milieuxdumonde.com\/en\/wp-json\/wp\/v2\/pages\/629","targetHints":{"allow":["GET"]}}],"collection":[{"href":"https:\/\/milieuxdumonde.com\/en\/wp-json\/wp\/v2\/pages"}],"about":[{"href":"https:\/\/milieuxdumonde.com\/en\/wp-json\/wp\/v2\/types\/page"}],"author":[{"embeddable":true,"href":"https:\/\/milieuxdumonde.com\/en\/wp-json\/wp\/v2\/users\/2"}],"replies":[{"embeddable":true,"href":"https:\/\/milieuxdumonde.com\/en\/wp-json\/wp\/v2\/comments?post=629"}],"version-history":[{"count":5,"href":"https:\/\/milieuxdumonde.com\/en\/wp-json\/wp\/v2\/pages\/629\/revisions"}],"predecessor-version":[{"id":1786,"href":"https:\/\/milieuxdumonde.com\/en\/wp-json\/wp\/v2\/pages\/629\/revisions\/1786"}],"wp:attachment":[{"href":"https:\/\/milieuxdumonde.com\/en\/wp-json\/wp\/v2\/media?parent=629"}],"curies":[{"name":"wp","href":"https:\/\/api.w.org\/{rel}","templated":true}]}}